{"id":42,"date":"2015-03-13T08:40:47","date_gmt":"2015-03-13T08:40:47","guid":{"rendered":"http:\/\/blogsaverroes.juntadeandalucia.es\/pre\/ceip\/?page_id=42"},"modified":"2024-09-23T11:43:18","modified_gmt":"2024-09-23T11:43:18","slug":"equipo-directivo","status":"publish","type":"page","link":"https:\/\/blogsaverroes.juntadeandalucia.es\/ceeesagradafamilia\/equipo-directivo\/","title":{"rendered":"Equipo directivo"},"content":{"rendered":"<p style=\"text-align: center\"><a href=\"https:\/\/blogsaverroes.juntadeandalucia.es\/ceeesagradafamilia\/files\/2024\/09\/IMG-20240918-WA0052.jpg\"><img loading=\"lazy\" decoding=\"async\" class=\"alignnone size-medium wp-image-21298\" src=\"https:\/\/blogsaverroes.juntadeandalucia.es\/ceeesagradafamilia\/files\/2024\/09\/IMG-20240918-WA0052-300x204.jpg\" alt=\"\" width=\"300\" height=\"204\" srcset=\"https:\/\/blogsaverroes.juntadeandalucia.es\/ceeesagradafamilia\/files\/2024\/09\/IMG-20240918-WA0052-300x204.jpg 300w, https:\/\/blogsaverroes.juntadeandalucia.es\/ceeesagradafamilia\/files\/2024\/09\/IMG-20240918-WA0052-1024x697.jpg 1024w, https:\/\/blogsaverroes.juntadeandalucia.es\/ceeesagradafamilia\/files\/2024\/09\/IMG-20240918-WA0052-768x523.jpg 768w, https:\/\/blogsaverroes.juntadeandalucia.es\/ceeesagradafamilia\/files\/2024\/09\/IMG-20240918-WA0052-1536x1045.jpg 1536w, https:\/\/blogsaverroes.juntadeandalucia.es\/ceeesagradafamilia\/files\/2024\/09\/IMG-20240918-WA0052.jpg 1552w\" sizes=\"(max-width: 300px) 100vw, 300px\" \/><\/a><\/p>\n<p style=\"text-align: center\"><strong>Direcci\u00f3n<\/strong>: &nbsp;M\u00aa del Carmen Cordero G\u00e1mez<\/p>\n<p style=\"text-align: center\"><a href=\"https:\/\/blogsaverroes.juntadeandalucia.es\/ceeesagradafamilia\/files\/2024\/09\/IMG-20240918-WA0051.jpg\"><img loading=\"lazy\" decoding=\"async\" class=\"alignnone size-medium wp-image-21297\" src=\"https:\/\/blogsaverroes.juntadeandalucia.es\/ceeesagradafamilia\/files\/2024\/09\/IMG-20240918-WA0051-300x225.jpg\" alt=\"\" width=\"300\" height=\"225\" srcset=\"https:\/\/blogsaverroes.juntadeandalucia.es\/ceeesagradafamilia\/files\/2024\/09\/IMG-20240918-WA0051-300x225.jpg 300w, https:\/\/blogsaverroes.juntadeandalucia.es\/ceeesagradafamilia\/files\/2024\/09\/IMG-20240918-WA0051-1024x769.jpg 1024w, https:\/\/blogsaverroes.juntadeandalucia.es\/ceeesagradafamilia\/files\/2024\/09\/IMG-20240918-WA0051-768x577.jpg 768w, https:\/\/blogsaverroes.juntadeandalucia.es\/ceeesagradafamilia\/files\/2024\/09\/IMG-20240918-WA0051.jpg 1236w\" sizes=\"(max-width: 300px) 100vw, 300px\" \/><\/a><\/p>\n<p style=\"text-align: center\"><strong>Jefatura de Estudios<\/strong>: Beatriz P\u00e9rez Dom\u00ednguez<\/p>\n<p style=\"text-align: center\"><a href=\"https:\/\/blogsaverroes.juntadeandalucia.es\/ceeesagradafamilia\/files\/2024\/09\/IMG-20240918-WA0053.jpg\"><img loading=\"lazy\" decoding=\"async\" class=\"alignnone size-medium wp-image-21299\" src=\"https:\/\/blogsaverroes.juntadeandalucia.es\/ceeesagradafamilia\/files\/2024\/09\/IMG-20240918-WA0053-300x226.jpg\" alt=\"\" width=\"300\" height=\"226\" srcset=\"https:\/\/blogsaverroes.juntadeandalucia.es\/ceeesagradafamilia\/files\/2024\/09\/IMG-20240918-WA0053-300x226.jpg 300w, https:\/\/blogsaverroes.juntadeandalucia.es\/ceeesagradafamilia\/files\/2024\/09\/IMG-20240918-WA0053-1024x772.jpg 1024w, https:\/\/blogsaverroes.juntadeandalucia.es\/ceeesagradafamilia\/files\/2024\/09\/IMG-20240918-WA0053-768x579.jpg 768w, https:\/\/blogsaverroes.juntadeandalucia.es\/ceeesagradafamilia\/files\/2024\/09\/IMG-20240918-WA0053.jpg 1414w\" sizes=\"(max-width: 300px) 100vw, 300px\" \/><\/a><\/p>\n<p style=\"text-align: center\"><strong>&nbsp;Secretar\u00eda<\/strong>: Virginia Garc\u00eda L\u00f3pez<\/p>\n<p>El Equipo Directivo estar\u00e1 a su entera disposici\u00f3n para cualquier sugerencia, aclaraci\u00f3n y\/o informaci\u00f3n que necesite de nuestro centro.<\/p>\n<p>El <strong><em>correo electr\u00f3nico de contacto<\/em><\/strong> de cada uno de los miembros del Equipo Directivo es el siguiente:<\/p>\n<ul>\n<li><strong><em>Direcci\u00f3n<\/em><\/strong>: M\u00aa del Carmen Cordero G\u00e1mez<\/li>\n<\/ul>\n<p>mariac.cordero.edu@juntadeandalucia.es<\/p>\n<ul>\n<li><strong><em>Jefatura de Estudios:<\/em><\/strong> Beatriz P\u00e9rez Dom\u00ednguez<\/li>\n<\/ul>\n<p>beatriz.perez.edu@juntadeandalucia.es<\/p>\n<ul>\n<li><strong><em>Secretar\u00eda:<\/em><\/strong> Virginia Garc\u00eda L\u00f3pez<\/li>\n<\/ul>\n<p>virginia.garcia.l.edu@juntadeandalucia.es<\/p>\n<p>Correo electr\u00f3nico del centro: <a href=\"mailto:21001545.edu@juntadeandalucia.es\">21001545.edu@juntadeandalucia.es<\/a><\/p>\n<p>Los <strong><em>horarios de dedicaci\u00f3n del Equipo Directivo<\/em><\/strong> ser\u00e1n publicados en la web, en la p\u00e1gina de Horario General del Centro, a comienzos de septiembre una vez est\u00e9n realizados y aprobados los horarios docentes.<\/p>\n","protected":false},"excerpt":{"rendered":"<p>Direcci\u00f3n: &nbsp;M\u00aa del Carmen Cordero G\u00e1mez Jefatura de Estudios: Beatriz P\u00e9rez Dom\u00ednguez &nbsp;Secretar\u00eda: Virginia Garc\u00eda L\u00f3pez El Equipo Directivo estar\u00e1 a su entera disposici\u00f3n para cualquier sugerencia, aclaraci\u00f3n y\/o informaci\u00f3n que necesite de nuestro&#46;&#46;&#46;<\/p>\n","protected":false},"author":1,"featured_media":0,"parent":0,"menu_order":0,"comment_status":"closed","ping_status":"open","template":"","meta":{"ngg_post_thumbnail":0,"footnotes":"","_mc_calendar":[]},"aioseo_notices":[],"_links":{"self":[{"href":"https:\/\/blogsaverroes.juntadeandalucia.es\/ceeesagradafamilia\/wp-json\/wp\/v2\/pages\/42"}],"collection":[{"href":"https:\/\/blogsaverroes.juntadeandalucia.es\/ceeesagradafamilia\/wp-json\/wp\/v2\/pages"}],"about":[{"href":"https:\/\/blogsaverroes.juntadeandalucia.es\/ceeesagradafamilia\/wp-json\/wp\/v2\/types\/page"}],"author":[{"embeddable":true,"href":"https:\/\/blogsaverroes.juntadeandalucia.es\/ceeesagradafamilia\/wp-json\/wp\/v2\/users\/1"}],"replies":[{"embeddable":true,"href":"https:\/\/blogsaverroes.juntadeandalucia.es\/ceeesagradafamilia\/wp-json\/wp\/v2\/comments?post=42"}],"version-history":[{"count":6,"href":"https:\/\/blogsaverroes.juntadeandalucia.es\/ceeesagradafamilia\/wp-json\/wp\/v2\/pages\/42\/revisions"}],"predecessor-version":[{"id":21300,"href":"https:\/\/blogsaverroes.juntadeandalucia.es\/ceeesagradafamilia\/wp-json\/wp\/v2\/pages\/42\/revisions\/21300"}],"wp:attachment":[{"href":"https:\/\/blogsaverroes.juntadeandalucia.es\/ceeesagradafamilia\/wp-json\/wp\/v2\/media?parent=42"}],"curies":[{"name":"wp","href":"https:\/\/api.w.org\/{rel}","templated":true}]}}