{"id":1102,"date":"2016-10-11T16:51:37","date_gmt":"2016-10-11T16:51:37","guid":{"rendered":"http:\/\/blogsaverroes.juntadeandalucia.es\/ceeesantarosadelima\/?page_id=1102"},"modified":"2025-10-05T11:47:16","modified_gmt":"2025-10-05T11:47:16","slug":"programas-para-la-innovacion","status":"publish","type":"page","link":"https:\/\/blogsaverroes.juntadeandalucia.es\/ceeesantarosadelima\/programas-para-la-innovacion\/","title":{"rendered":"Programas para la Innovaci\u00f3n"},"content":{"rendered":"<div>\n<p><a href=\"https:\/\/blogsaverroes.juntadeandalucia.es\/ceeesantarosadelima\/files\/2025\/10\/CABECERA-PROGRAMAS-EDUCATIVOS.jpg\"><img loading=\"lazy\" decoding=\"async\" class=\"aligncenter size-large wp-image-5092\" src=\"https:\/\/blogsaverroes.juntadeandalucia.es\/ceeesantarosadelima\/files\/2025\/10\/CABECERA-PROGRAMAS-EDUCATIVOS-1024x469.jpg\" alt=\"\" width=\"1024\" height=\"469\" srcset=\"https:\/\/blogsaverroes.juntadeandalucia.es\/ceeesantarosadelima\/files\/2025\/10\/CABECERA-PROGRAMAS-EDUCATIVOS-1024x469.jpg 1024w, https:\/\/blogsaverroes.juntadeandalucia.es\/ceeesantarosadelima\/files\/2025\/10\/CABECERA-PROGRAMAS-EDUCATIVOS-300x137.jpg 300w, https:\/\/blogsaverroes.juntadeandalucia.es\/ceeesantarosadelima\/files\/2025\/10\/CABECERA-PROGRAMAS-EDUCATIVOS-768x352.jpg 768w, https:\/\/blogsaverroes.juntadeandalucia.es\/ceeesantarosadelima\/files\/2025\/10\/CABECERA-PROGRAMAS-EDUCATIVOS-980x450.jpg 980w, https:\/\/blogsaverroes.juntadeandalucia.es\/ceeesantarosadelima\/files\/2025\/10\/CABECERA-PROGRAMAS-EDUCATIVOS.jpg 1366w\" sizes=\"(max-width: 1024px) 100vw, 1024px\" \/><\/a><\/p>\n<\/div>\n<p>Los Programas para la Innovaci\u00f3n Educativa constituyen una completa oferta de actuaciones que impulsan la innovaci\u00f3n educativa, la mejora de la calidad de la ense\u00f1anza y el desarrollo integral del alumnado andaluz.<\/p>\n<p>Son una forma de enriquecer los aprendizajes y de potenciar la participaci\u00f3n activa y creativa del alumnado en proyectos de lectura, comunicaci\u00f3n, cultura, ciencia, tecnolog\u00eda, sostenibilidad, salud, ajedrez o emprendimiento, integrando de manera transversal la innovaci\u00f3n educativa y la conexi\u00f3n con el entorno social y cultural de los centros.<\/p>\n<p>&nbsp;<\/p>\n<p><a href=\"https:\/\/blogsaverroes.juntadeandalucia.es\/ceeesantarosadelima\/files\/2025\/10\/4.-Habitos-de-Vida-Saludable.png\"><img loading=\"lazy\" decoding=\"async\" class=\"wp-image-5093 size-thumbnail alignleft\" src=\"https:\/\/blogsaverroes.juntadeandalucia.es\/ceeesantarosadelima\/files\/2025\/10\/4.-Habitos-de-Vida-Saludable-150x150.png\" alt=\"\" width=\"150\" height=\"150\" srcset=\"https:\/\/blogsaverroes.juntadeandalucia.es\/ceeesantarosadelima\/files\/2025\/10\/4.-Habitos-de-Vida-Saludable-150x150.png 150w, https:\/\/blogsaverroes.juntadeandalucia.es\/ceeesantarosadelima\/files\/2025\/10\/4.-Habitos-de-Vida-Saludable-300x300.png 300w, https:\/\/blogsaverroes.juntadeandalucia.es\/ceeesantarosadelima\/files\/2025\/10\/4.-Habitos-de-Vida-Saludable-80x80.png 80w, https:\/\/blogsaverroes.juntadeandalucia.es\/ceeesantarosadelima\/files\/2025\/10\/4.-Habitos-de-Vida-Saludable-320x320.png 320w, https:\/\/blogsaverroes.juntadeandalucia.es\/ceeesantarosadelima\/files\/2025\/10\/4.-Habitos-de-Vida-Saludable.png 450w\" sizes=\"(max-width: 150px) 100vw, 150px\" \/><\/a><\/p>\n<div>\n<p>&nbsp;&nbsp;<\/p>\n<h1>&nbsp; <a href=\"https:\/\/www.juntadeandalucia.es\/educacion\/eaprendizaje\/habitos-de-vida-saludable\/?redirect=\/educacion\/portales\/web\/planes-y-programas\/programas-para-la-innovacion-educativa\/inicio\">&nbsp;H\u00e1bitos de Vida Saludable<\/a><\/h1>\n<\/div>\n<p>&nbsp;<\/p>\n<p>&nbsp;<\/p>\n<p><a href=\"https:\/\/blogsaverroes.juntadeandalucia.es\/ceeesantarosadelima\/files\/2025\/10\/7.-Programa-Escolar-de-consumo-de-frutas-hortalizas-y-leche-y-sus-medidas-de-acompanamiento.png\"><img loading=\"lazy\" decoding=\"async\" class=\"wp-image-5094 size-thumbnail alignleft\" src=\"https:\/\/blogsaverroes.juntadeandalucia.es\/ceeesantarosadelima\/files\/2025\/10\/7.-Programa-Escolar-de-consumo-de-frutas-hortalizas-y-leche-y-sus-medidas-de-acompanamiento-150x150.png\" alt=\"\" width=\"150\" height=\"150\"\/><\/a><\/p>\n<div>\n<p><strong><a href=\"https:\/\/www.juntadeandalucia.es\/educacion\/eaprendizaje\/fruta-leche\/?redirect=\/educacion\/portales\/web\/planes-y-programas\/programas-para-la-innovacion-educativa\/inicio\"><span style=\"font-size: 24pt\">Programa Escolar de Consumo de Frutas, Hortalizas y Leche y sus medidas de acompa\u00f1amiento<\/span><\/a><\/strong><\/p>\n<\/div>\n<p>&nbsp;<\/p>\n<p>&nbsp;<\/p>\n<p>&nbsp;<\/p>\n<p><a href=\"https:\/\/blogsaverroes.juntadeandalucia.es\/ceeesantarosadelima\/files\/2025\/10\/Logo-aldea.png\"><img loading=\"lazy\" decoding=\"async\" class=\"wp-image-5095 size-thumbnail alignleft\" src=\"https:\/\/blogsaverroes.juntadeandalucia.es\/ceeesantarosadelima\/files\/2025\/10\/Logo-aldea-150x150.png\" alt=\"\" width=\"150\" height=\"150\" srcset=\"https:\/\/blogsaverroes.juntadeandalucia.es\/ceeesantarosadelima\/files\/2025\/10\/Logo-aldea-150x150.png 150w, https:\/\/blogsaverroes.juntadeandalucia.es\/ceeesantarosadelima\/files\/2025\/10\/Logo-aldea-300x300.png 300w, https:\/\/blogsaverroes.juntadeandalucia.es\/ceeesantarosadelima\/files\/2025\/10\/Logo-aldea-80x80.png 80w, https:\/\/blogsaverroes.juntadeandalucia.es\/ceeesantarosadelima\/files\/2025\/10\/Logo-aldea-320x320.png 320w, https:\/\/blogsaverroes.juntadeandalucia.es\/ceeesantarosadelima\/files\/2025\/10\/Logo-aldea.png 450w\" sizes=\"(max-width: 150px) 100vw, 150px\" \/><\/a><\/p>\n<div>\n<h1>&nbsp; &nbsp;<a href=\"https:\/\/www.juntadeandalucia.es\/educacion\/eaprendizajealdea\/?redirect=\/educacion\/portales\/web\/planes-y-programas\/programas-para-la-innovacion-educativa\/inicio\">Aldea<\/a><\/h1>\n<p><img decoding=\"async\" src=\"https:\/\/www.juntadeandalucia.es\/educacion\/portales\/documents\/722046\/1150039\/3.+Cabecera+p%C3%A1gina+web.png\/0c0479e2-28ac-40af-4ae4-6014b5f550aa?t=1731483955604&amp;download=true\" alt=\"\"\/><\/p>\n<p style=\"text-align: justify\">El centro participa en el programa CIMA &nbsp;&nbsp;a trav\u00e9s del \u00e1mbito de conocimiento de \u201cPromoci\u00f3n de h\u00e1bitos de vida saludable\u201d cuyo objetivo es &nbsp;desarrollar competencias en materia de promoci\u00f3n de la salud que faciliten la elecci\u00f3n y adopci\u00f3n de estilos de vida saludable. A continuaci\u00f3n, se muestran algunas de las actividades realizadas para desarrollar este programa.<\/p>\n<\/div>\n<ul>\n<li>\n<div dir=\"auto\" style=\"text-align: justify\">Desde el mes de Enero cada martes sonaba a la hora del desayuno la canci\u00f3n de la fruta y el alumnado ese d\u00eda deb\u00eda desayunar una fruta , ya fuera cortada, entera, pasada, en zumo\u2026.<\/div>\n<div dir=\"auto\" style=\"text-align: justify\">En el \u00abfrut\u00f3metro\u00bb de cada aula se ha ido apuntando qu\u00e9 alumno o alumna &nbsp;consum\u00eda m\u00e1s fruta cada martes para coronarse \u201ccomo el m\u00e1s frutero del la clase\u201d . En la \u00faltima semana de colegio se repartieron a los m\u00e1s fruteros y fruteras &nbsp;los diplomas y premios, unas bolsitas para guardar&nbsp;la fruta confeccionados por nuestro taller de tapicer\u00eda.<\/div>\n<div dir=\"auto\" style=\"text-align: justify\">\u00a1ENHORABUENA A NUESTROS CAMPEONES!. \u00a1Nos vemos el a\u00f1o que viene y recuerda comer fruta todo los d\u00edas!<\/div>\n<p>ngg_shortcode_0_placeholder<\/li>\n<li style=\"text-align: justify\"><span style=\"font-size: 12pt\">El pasado 3 de Marzo desde el programa CIMA, se llevo a cabo en el colegio el curso de reanimaci\u00f3n cardiopulmonar impartido por Andr\u00e9s, enfermero de nuestro centro de salud de referencia de Portada Alta. Todo el personal del centro pudo participar y recordar qu\u00e9 actuaciones se deben realizar ante una situaci\u00f3n de emergencia. <\/span><span style=\"font-size: 10pt\"><span style=\"font-size: 10pt\"><span style=\"font-size: 12pt\">\u00a1Seguimos trabajando y aprendiendo!<\/span><\/span><\/span>ngg_shortcode_1_placeholder<span style=\"font-size: 10pt\"><br \/>\n<\/span><\/li>\n<\/ul>\n<div align=\"center\">\n<p>&nbsp;<\/p>\n<div align=\"left\">\n<div align=\"center\">\n<p>&nbsp;<\/p>\n<\/div>\n<\/div>\n<\/div>\n","protected":false},"excerpt":{"rendered":"<p>Los Programas para la Innovaci\u00f3n Educativa constituyen una completa oferta de actuaciones que impulsan la innovaci\u00f3n educativa, la mejora de la calidad de la ense\u00f1anza y el desarrollo integral del alumnado andaluz. Son una&#46;&#46;&#46;<\/p>\n","protected":false},"author":2004,"featured_media":0,"parent":0,"menu_order":0,"comment_status":"closed","ping_status":"open","template":"","meta":{"ngg_post_thumbnail":0,"footnotes":""},"aioseo_notices":[],"_links":{"self":[{"href":"https:\/\/blogsaverroes.juntadeandalucia.es\/ceeesantarosadelima\/wp-json\/wp\/v2\/pages\/1102"}],"collection":[{"href":"https:\/\/blogsaverroes.juntadeandalucia.es\/ceeesantarosadelima\/wp-json\/wp\/v2\/pages"}],"about":[{"href":"https:\/\/blogsaverroes.juntadeandalucia.es\/ceeesantarosadelima\/wp-json\/wp\/v2\/types\/page"}],"author":[{"embeddable":true,"href":"https:\/\/blogsaverroes.juntadeandalucia.es\/ceeesantarosadelima\/wp-json\/wp\/v2\/users\/2004"}],"replies":[{"embeddable":true,"href":"https:\/\/blogsaverroes.juntadeandalucia.es\/ceeesantarosadelima\/wp-json\/wp\/v2\/comments?post=1102"}],"version-history":[{"count":42,"href":"https:\/\/blogsaverroes.juntadeandalucia.es\/ceeesantarosadelima\/wp-json\/wp\/v2\/pages\/1102\/revisions"}],"predecessor-version":[{"id":5102,"href":"https:\/\/blogsaverroes.juntadeandalucia.es\/ceeesantarosadelima\/wp-json\/wp\/v2\/pages\/1102\/revisions\/5102"}],"wp:attachment":[{"href":"https:\/\/blogsaverroes.juntadeandalucia.es\/ceeesantarosadelima\/wp-json\/wp\/v2\/media?parent=1102"}],"curies":[{"name":"wp","href":"https:\/\/api.w.org\/{rel}","templated":true}]}}