{"id":1215,"date":"2016-11-21T16:42:44","date_gmt":"2016-11-21T16:42:44","guid":{"rendered":"http:\/\/blogsaverroes.juntadeandalucia.es\/ceeesantarosadelima\/?page_id=1215"},"modified":"2025-07-09T16:32:29","modified_gmt":"2025-07-09T16:32:29","slug":"raeep","status":"publish","type":"page","link":"https:\/\/blogsaverroes.juntadeandalucia.es\/ceeesantarosadelima\/planes-programas-y-proyectos\/raeep\/","title":{"rendered":"RAEEP"},"content":{"rendered":"<p style=\"text-align: justify\">El CEEE Santa Rosa de Lima participa en la <strong>Red Andaluza Escuela Espacio de Paz (RAEEP)<\/strong> desde el curso 2013-2014.&nbsp; &nbsp;Con nuestra participaci\u00f3n manifestamos nuestro compromiso por fomentar la paz y mejorar de la convivencia, siendo este programa el que vertebra todas las actuaciones de los dem\u00e1s, a trav\u00e9s del desarrollo de valores, actitudes, habilidades y h\u00e1bitos.<br \/>\nMediante esta web&nbsp; y los blogs asociados a ella se muestran las actuaciones que desde el centro se realizan para la implementaci\u00f3n de la cultura de paz, el desarrollo de valores y la promoci\u00f3n de la convivencia.<\/p>\n<table style=\"border-collapse: collapse;width: 100%;height: 326px\">\n<tbody>\n<tr>\n<td style=\"width: 50%\">\n<p style=\"text-align: center\"><a href=\"https:\/\/sites.google.com\/g.educaand.es\/red-andaluza-escuela-espacio-d\/inicio\" target=\"_blank\" rel=\"noopener\"><img loading=\"lazy\" decoding=\"async\" class=\"aligncenter size-full wp-image-4881\" src=\"https:\/\/blogsaverroes.juntadeandalucia.es\/ceeesantarosadelima\/files\/2025\/07\/blog-1.png\" alt=\"\" width=\"362\" height=\"201\" \/>Blog actual de Escuela Espacio de Paz<\/a><\/p>\n<p>&nbsp;<\/td>\n<td style=\"width: 50%\">\n<p style=\"text-align: center\"><a href=\"https:\/\/espaciodepazcpeeerosalima.blogspot.com\/\" target=\"_blank\" rel=\"noopener\"><img loading=\"lazy\" decoding=\"async\" class=\"size-full wp-image-4882 aligncenter\" src=\"https:\/\/blogsaverroes.juntadeandalucia.es\/ceeesantarosadelima\/files\/2025\/07\/blog-2.png\" alt=\"\" width=\"362\" height=\"201\" \/>Antiguo <\/a><a href=\"https:\/\/espaciodepazcpeeerosalima.blogspot.com\/\" target=\"_blank\" rel=\"noopener\">blog&nbsp; de Escuela Espacio de Paz<\/a><\/p>\n<\/td>\n<\/tr>\n<\/tbody>\n<\/table>\n<div class=\"mceTemp\">\n<p><a href=\"https:\/\/blogsaverroes.juntadeandalucia.es\/ceeesantarosadelima\/files\/2022\/03\/infografia.pdf\" target=\"_blank\" rel=\"noopener\"><img loading=\"lazy\" decoding=\"async\" class=\"aligncenter size-full wp-image-3311\" src=\"https:\/\/blogsaverroes.juntadeandalucia.es\/ceeesantarosadelima\/files\/2022\/03\/Enlace-a-infografia.jpg\" alt=\"\" width=\"786\" height=\"116\" \/><\/a>&nbsp;<\/p>\n<p><iframe loading=\"lazy\" title=\"LAZOS CONTRA LA VIOLENCIA DE G\u00c9NERO\" width=\"500\" height=\"281\" src=\"https:\/\/www.youtube.com\/embed\/qj9_qTrkJ6o?start=6&#038;feature=oembed&#038;wmode=opaque\" frameborder=\"0\" allow=\"accelerometer; autoplay; clipboard-write; encrypted-media; gyroscope; picture-in-picture; web-share\" referrerpolicy=\"strict-origin-when-cross-origin\" allowfullscreen><\/iframe><\/p>\n<p>&nbsp;<\/p>\n<p><iframe loading=\"lazy\" title=\"Lipdub bajo el mismo sol\" width=\"500\" height=\"281\" src=\"https:\/\/www.youtube.com\/embed\/yCxLXAkyLio?feature=oembed&#038;wmode=opaque\" frameborder=\"0\" allow=\"accelerometer; autoplay; clipboard-write; encrypted-media; gyroscope; picture-in-picture; web-share\" referrerpolicy=\"strict-origin-when-cross-origin\" allowfullscreen><\/iframe><\/p>\n<p>&nbsp;<\/p>\n<div style=\"width: 640px;\" class=\"wp-video\"><!--[if lt IE 9]><script>document.createElement('video');<\/script><![endif]-->\n<video class=\"wp-video-shortcode\" id=\"video-1215-1\" width=\"640\" height=\"360\" preload=\"metadata\" controls=\"controls\"><source type=\"video\/mp4\" src=\"https:\/\/blogsaverroes.juntadeandalucia.es\/ceeesantarosadelima\/files\/2018\/04\/diaamistad.mp4?_=1\" \/><a href=\"https:\/\/blogsaverroes.juntadeandalucia.es\/ceeesantarosadelima\/files\/2018\/04\/diaamistad.mp4\">https:\/\/blogsaverroes.juntadeandalucia.es\/ceeesantarosadelima\/files\/2018\/04\/diaamistad.mp4<\/a><\/video><\/div>\n<\/div>\n","protected":false},"excerpt":{"rendered":"<p>El CEEE Santa Rosa de Lima participa en la Red Andaluza Escuela Espacio de Paz (RAEEP) desde el curso 2013-2014.&nbsp; &nbsp;Con nuestra participaci\u00f3n manifestamos nuestro compromiso por fomentar la paz y mejorar de la&#46;&#46;&#46;<\/p>\n","protected":false},"author":2004,"featured_media":0,"parent":25,"menu_order":0,"comment_status":"closed","ping_status":"open","template":"","meta":{"ngg_post_thumbnail":0,"footnotes":""},"aioseo_notices":[],"_links":{"self":[{"href":"https:\/\/blogsaverroes.juntadeandalucia.es\/ceeesantarosadelima\/wp-json\/wp\/v2\/pages\/1215"}],"collection":[{"href":"https:\/\/blogsaverroes.juntadeandalucia.es\/ceeesantarosadelima\/wp-json\/wp\/v2\/pages"}],"about":[{"href":"https:\/\/blogsaverroes.juntadeandalucia.es\/ceeesantarosadelima\/wp-json\/wp\/v2\/types\/page"}],"author":[{"embeddable":true,"href":"https:\/\/blogsaverroes.juntadeandalucia.es\/ceeesantarosadelima\/wp-json\/wp\/v2\/users\/2004"}],"replies":[{"embeddable":true,"href":"https:\/\/blogsaverroes.juntadeandalucia.es\/ceeesantarosadelima\/wp-json\/wp\/v2\/comments?post=1215"}],"version-history":[{"count":30,"href":"https:\/\/blogsaverroes.juntadeandalucia.es\/ceeesantarosadelima\/wp-json\/wp\/v2\/pages\/1215\/revisions"}],"predecessor-version":[{"id":2130,"href":"https:\/\/blogsaverroes.juntadeandalucia.es\/ceeesantarosadelima\/wp-json\/wp\/v2\/pages\/1215\/revisions\/2130"}],"up":[{"embeddable":true,"href":"https:\/\/blogsaverroes.juntadeandalucia.es\/ceeesantarosadelima\/wp-json\/wp\/v2\/pages\/25"}],"wp:attachment":[{"href":"https:\/\/blogsaverroes.juntadeandalucia.es\/ceeesantarosadelima\/wp-json\/wp\/v2\/media?parent=1215"}],"curies":[{"name":"wp","href":"https:\/\/api.w.org\/{rel}","templated":true}]}}