{"id":1760,"date":"2018-06-28T15:26:45","date_gmt":"2018-06-28T15:26:45","guid":{"rendered":"https:\/\/blogsaverroes.juntadeandalucia.es\/ceeesantarosadelima\/?page_id=1760"},"modified":"2025-06-20T13:07:22","modified_gmt":"2025-06-20T13:07:22","slug":"erasmus","status":"publish","type":"page","link":"https:\/\/blogsaverroes.juntadeandalucia.es\/ceeesantarosadelima\/planes-programas-y-proyectos\/erasmus\/","title":{"rendered":"Erasmus+"},"content":{"rendered":"<table style=\"border-collapse: collapse;width: 100%;height: 213px\">\n<tbody>\n<tr style=\"height: 213px\">\n<td style=\"width: 50%;height: 213px\">\n<p><div id=\"attachment_3918\" style=\"width: 310px\" class=\"wp-caption aligncenter\"><a href=\"https:\/\/blogsaverroes.juntadeandalucia.es\/ceeesantarosadelima\/planes-programas-y-proyectos\/erasmus\/resumen-del-proyecto-k1\/\" target=\"_blank\" rel=\"noopener noreferrer\"><img loading=\"lazy\" decoding=\"async\" aria-describedby=\"caption-attachment-3918\" class=\"wp-image-3918 size-medium\" src=\"https:\/\/blogsaverroes.juntadeandalucia.es\/ceeesantarosadelima\/files\/2022\/11\/erasmus-k1-300x121.png\" alt=\"\" width=\"300\" height=\"121\" srcset=\"https:\/\/blogsaverroes.juntadeandalucia.es\/ceeesantarosadelima\/files\/2022\/11\/erasmus-k1-300x121.png 300w, https:\/\/blogsaverroes.juntadeandalucia.es\/ceeesantarosadelima\/files\/2022\/11\/erasmus-k1-1024x412.png 1024w, https:\/\/blogsaverroes.juntadeandalucia.es\/ceeesantarosadelima\/files\/2022\/11\/erasmus-k1-768x309.png 768w, https:\/\/blogsaverroes.juntadeandalucia.es\/ceeesantarosadelima\/files\/2022\/11\/erasmus-k1-1536x618.png 1536w, https:\/\/blogsaverroes.juntadeandalucia.es\/ceeesantarosadelima\/files\/2022\/11\/erasmus-k1.png 1550w\" sizes=\"(max-width: 300px) 100vw, 300px\" \/><\/a><p id=\"caption-attachment-3918\" class=\"wp-caption-text\"><a href=\"https:\/\/blogsaverroes.juntadeandalucia.es\/ceeesantarosadelima\/planes-programas-y-proyectos\/erasmus\/resumen-del-proyecto-k1\/\" target=\"_blank\" rel=\"noopener noreferrer\">Resumen del proyecto Erasmus K1 desarrollado en el colegio<\/a><\/p><\/div><\/td>\n<td style=\"width: 50%;height: 213px\">\n<p><div id=\"attachment_3919\" style=\"width: 310px\" class=\"wp-caption aligncenter\"><a href=\"https:\/\/blogsaverroes.juntadeandalucia.es\/ceeesantarosadelima\/planes-programas-y-proyectos\/erasmus\/resumen-del-proyecto-k2\/\" target=\"_blank\" rel=\"noopener noreferrer\"><img loading=\"lazy\" decoding=\"async\" aria-describedby=\"caption-attachment-3919\" class=\"wp-image-3919 size-medium\" style=\"color: #e84c3d;font-family: 'Open Sans', sans-serif\" src=\"https:\/\/blogsaverroes.juntadeandalucia.es\/ceeesantarosadelima\/files\/2022\/11\/erasmus-k2-300x121.png\" alt=\"\" width=\"300\" height=\"121\" srcset=\"https:\/\/blogsaverroes.juntadeandalucia.es\/ceeesantarosadelima\/files\/2022\/11\/erasmus-k2-300x121.png 300w, https:\/\/blogsaverroes.juntadeandalucia.es\/ceeesantarosadelima\/files\/2022\/11\/erasmus-k2-1024x412.png 1024w, https:\/\/blogsaverroes.juntadeandalucia.es\/ceeesantarosadelima\/files\/2022\/11\/erasmus-k2-768x309.png 768w, https:\/\/blogsaverroes.juntadeandalucia.es\/ceeesantarosadelima\/files\/2022\/11\/erasmus-k2-1536x618.png 1536w, https:\/\/blogsaverroes.juntadeandalucia.es\/ceeesantarosadelima\/files\/2022\/11\/erasmus-k2.png 1550w\" sizes=\"(max-width: 300px) 100vw, 300px\" \/><\/a><p id=\"caption-attachment-3919\" class=\"wp-caption-text\"><a href=\"https:\/\/blogsaverroes.juntadeandalucia.es\/ceeesantarosadelima\/planes-programas-y-proyectos\/erasmus\/resumen-del-proyecto-k2\/\" target=\"_blank\" rel=\"noopener noreferrer\">Resumen del proyecto Erasmus K2 desarrollado en el colegio<\/a><\/p><\/div><\/td>\n<\/tr>\n<\/tbody>\n<\/table>\n<table style=\"border-collapse: collapse;width: 100%\">\n<tbody>\n<tr>\n<td style=\"width: 100%\"><a href=\"https:\/\/blogsaverroes.juntadeandalucia.es\/ceeesantarosadelima\/files\/2023\/02\/portada-erasmus.jpg\"><img loading=\"lazy\" decoding=\"async\" class=\"size-full wp-image-4233 alignleft\" src=\"https:\/\/blogsaverroes.juntadeandalucia.es\/ceeesantarosadelima\/files\/2023\/02\/portada-erasmus.jpg\" alt=\"\" width=\"300\" height=\"225\"\/><\/a><\/p>\n<header class=\"entry-header\">\n<p class=\"entry-title\"><span style=\"font-family: arial, helvetica, sans-serif;font-size: 14pt;color: #000000\">Viaje a Metz (Francia) dentro del programa Eramus+.<\/span><\/p>\n<\/header>\n<div class=\"entry-content\">\n<p><span style=\"color: #000000;font-family: arial, helvetica, sans-serif;font-size: 12pt\">Tras meses de preparaci\u00f3n, lleg\u00f3 la hora de vivir nuestra experiencia Erasmus+ en Metz (Francia).&nbsp; &nbsp;Al visitar otro pa\u00eds, otra lengua y otras costumbres, nuestros alumnos y alumnas salen de su zona de confort, por lo que sin duda esta movilidad ha sido una gran experiencia enriquecedora para ellos. <\/span><a href=\"https:\/\/blogsaverroes.juntadeandalucia.es\/ceeesantarosadelima\/viaje-a-metz-francia-dentro-del-programa-eramus\/#more-4228\"><span style=\"color: #00ccff;font-family: arial, helvetica, sans-serif;font-size: 12pt\">Leer m\u00e1s&#8230;<\/span><br \/>\n<\/a><span id=\"more-4228\"><\/span><\/p>\n<\/div>\n<\/td>\n<\/tr>\n<\/tbody>\n<\/table>\n<table style=\"border-collapse: collapse;width: 100%\">\n<tbody>\n<tr>\n<td style=\"width: 100%\"><img loading=\"lazy\" decoding=\"async\" class=\"alignleft wp-image-2336 size-medium\" src=\"https:\/\/blogsaverroes.juntadeandalucia.es\/ceeesantarosadelima\/files\/2019\/06\/docentes-300x225.jpg\" alt=\"\" width=\"300\" height=\"225\" srcset=\"https:\/\/blogsaverroes.juntadeandalucia.es\/ceeesantarosadelima\/files\/2019\/06\/docentes-300x225.jpg 300w, https:\/\/blogsaverroes.juntadeandalucia.es\/ceeesantarosadelima\/files\/2019\/06\/docentes-768x576.jpg 768w, https:\/\/blogsaverroes.juntadeandalucia.es\/ceeesantarosadelima\/files\/2019\/06\/docentes-1024x768.jpg 1024w, https:\/\/blogsaverroes.juntadeandalucia.es\/ceeesantarosadelima\/files\/2019\/06\/docentes-24x18.jpg 24w, https:\/\/blogsaverroes.juntadeandalucia.es\/ceeesantarosadelima\/files\/2019\/06\/docentes-36x27.jpg 36w, https:\/\/blogsaverroes.juntadeandalucia.es\/ceeesantarosadelima\/files\/2019\/06\/docentes-48x36.jpg 48w, https:\/\/blogsaverroes.juntadeandalucia.es\/ceeesantarosadelima\/files\/2019\/06\/docentes.jpg 1599w\" sizes=\"(max-width: 300px) 100vw, 300px\" \/><\/p>\n<p style=\"text-align: justify\"><span style=\"color: #000000;font-family: arial, helvetica, sans-serif;font-size: 14pt\">Docentes del CEEE Santa Rosa de Lima visitan centros de Educaci\u00f3n Especial en Finlandia<\/span><\/p>\n<p style=\"text-align: justify\"><span style=\"color: #000000;font-family: arial, helvetica, sans-serif;font-size: 12pt;text-align: justify\">Un grupo de profesorado del Centro espec\u00edfico de educaci\u00f3n especial Santa Rosa de Lima, de M\u00e1laga, ha realizado una movilidad de Job Shadowing (observaci\u00f3n) en centros p\u00fablicos de educaci\u00f3n especial en el norte de Finlandia, dentro del Programas Erasmus + Intercapacita. <a href=\"https:\/\/blogsaverroes.juntadeandalucia.es\/ceeesantarosadelima\/docentes-del-ceee-santa-rosa-de-lima-visitan-centros-de-educacion-especial-en-finlandia\/\" target=\"_blank\" rel=\"noopener noreferrer\">Leer m\u00e1s&#8230;<\/a><\/span><\/p>\n<\/td>\n<\/tr>\n<\/tbody>\n<\/table>\n<table style=\"border-collapse: collapse;width: 100%\">\n<tbody>\n<tr>\n<td style=\"width: 100%\"><a href=\"https:\/\/blogsaverroes.juntadeandalucia.es\/ceeesantarosadelima\/files\/2022\/11\/1.png\"><img loading=\"lazy\" decoding=\"async\" class=\"alignleft wp-image-3937 size-medium\" src=\"https:\/\/blogsaverroes.juntadeandalucia.es\/ceeesantarosadelima\/files\/2022\/11\/1-300x225.png\" alt=\"\" width=\"300\" height=\"225\" srcset=\"https:\/\/blogsaverroes.juntadeandalucia.es\/ceeesantarosadelima\/files\/2022\/11\/1-300x225.png 300w, https:\/\/blogsaverroes.juntadeandalucia.es\/ceeesantarosadelima\/files\/2022\/11\/1-768x576.png 768w, https:\/\/blogsaverroes.juntadeandalucia.es\/ceeesantarosadelima\/files\/2022\/11\/1.png 1024w\" sizes=\"(max-width: 300px) 100vw, 300px\" \/><\/a><\/p>\n<p class=\"wsite-content-title\" style=\"text-align: justify\"><span style=\"color: #000000;font-family: arial, helvetica, sans-serif;font-size: 14pt\">Recibimos la visita de un centro de Educaci\u00f3n Especial de Finlandia. Marzo-abril<\/span><span style=\"font-family: arial, helvetica, sans-serif;font-size: 14pt;color: #000000\">&nbsp;2019<\/span><\/p>\n<p><span style=\"font-family: arial, helvetica, sans-serif;font-size: 12pt;color: #000000\">Del 24\/03\/19 acogemos durante dos semanas en nuestro centro a 3 profesoras y 4 alumnos finlandeses del centro de educaci\u00f3n especial Kippula. <\/span><span style=\"font-family: arial, helvetica, sans-serif;font-size: 12pt;color: #000000\">Ready for the World es un proyecto de intercambio de estudiantes y personal que permite colocaciones de trabajo para un total de 50 estudiantes especiales en distintos pa\u00edses. El objetivo del proyecto es desarrollar las habilidades profesionales de los estudiantes. <a href=\"https:\/\/blogsaverroes.juntadeandalucia.es\/ceeesantarosadelima\/recibimos-la-visita-de-un-centro-de-educacion-especial-de-finlandia\/\" target=\"_blank\" rel=\"noopener noreferrer\">Leer m\u00e1s&#8230;<\/a><\/span><\/td>\n<\/tr>\n<\/tbody>\n<\/table>\n<table style=\"border-collapse: collapse;width: 100%\">\n<tbody>\n<tr>\n<td style=\"width: 100%\"><img loading=\"lazy\" decoding=\"async\" class=\"alignleft wp-image-2072 size-medium\" src=\"https:\/\/blogsaverroes.juntadeandalucia.es\/ceeesantarosadelima\/files\/2019\/01\/1.-LYCEE-PROFESSIONNEL-JEAN-GUEHENNO-300x225.jpg\" alt=\"\" width=\"300\" height=\"225\" srcset=\"https:\/\/blogsaverroes.juntadeandalucia.es\/ceeesantarosadelima\/files\/2019\/01\/1.-LYCEE-PROFESSIONNEL-JEAN-GUEHENNO-300x225.jpg 300w, https:\/\/blogsaverroes.juntadeandalucia.es\/ceeesantarosadelima\/files\/2019\/01\/1.-LYCEE-PROFESSIONNEL-JEAN-GUEHENNO-768x576.jpg 768w, https:\/\/blogsaverroes.juntadeandalucia.es\/ceeesantarosadelima\/files\/2019\/01\/1.-LYCEE-PROFESSIONNEL-JEAN-GUEHENNO-1024x768.jpg 1024w, https:\/\/blogsaverroes.juntadeandalucia.es\/ceeesantarosadelima\/files\/2019\/01\/1.-LYCEE-PROFESSIONNEL-JEAN-GUEHENNO-24x18.jpg 24w, https:\/\/blogsaverroes.juntadeandalucia.es\/ceeesantarosadelima\/files\/2019\/01\/1.-LYCEE-PROFESSIONNEL-JEAN-GUEHENNO-36x27.jpg 36w, https:\/\/blogsaverroes.juntadeandalucia.es\/ceeesantarosadelima\/files\/2019\/01\/1.-LYCEE-PROFESSIONNEL-JEAN-GUEHENNO-48x36.jpg 48w, https:\/\/blogsaverroes.juntadeandalucia.es\/ceeesantarosadelima\/files\/2019\/01\/1.-LYCEE-PROFESSIONNEL-JEAN-GUEHENNO.jpg 1600w\" sizes=\"(max-width: 300px) 100vw, 300px\" \/><\/p>\n<header class=\"entry-header\">\n<p class=\"entry-title\" style=\"text-align: justify\"><span style=\"font-family: arial, helvetica, sans-serif;font-size: 14pt;color: #000000\">Proyecto Intercapacita:&nbsp; M\u00e1laga-Vannes (Francia). Enero 2019<\/span><\/p>\n<\/header>\n<div class=\"entry-content\">\n<p style=\"text-align: justify\"><span style=\"color: #000000;font-family: arial, helvetica, sans-serif;font-size: 12pt\">Este centro acaba de llevar a cabo su primera experiencia en Programas Erasmus + con la realizaci\u00f3n del Proyecto denominado <strong>Intercapacita<\/strong>. En \u00e9l han participado profesores t\u00e9cnicos de formaci\u00f3n profesional&nbsp; de los Programas de formaci\u00f3n a la vida adulta y laboral que se imparten en el centro (\u00c1mbito de Destreza laboral) junto a&nbsp; dos miembros del Equipo directivo del mismo.&nbsp; <a href=\"https:\/\/blogsaverroes.juntadeandalucia.es\/ceeesantarosadelima\/malaga-vannes-francia\/\">Leer m\u00e1s&#8230;<\/a><\/span><\/p>\n<\/div>\n<\/td>\n<\/tr>\n<\/tbody>\n<\/table>\n<p>&nbsp;<\/p>\n<p>&nbsp;<\/p>\n<p>&nbsp;<\/p>\n","protected":false},"excerpt":{"rendered":"<p>Viaje a Metz (Francia) dentro del programa Eramus+. Tras meses de preparaci\u00f3n, lleg\u00f3 la hora de vivir nuestra experiencia Erasmus+ en Metz (Francia).&nbsp; &nbsp;Al visitar otro pa\u00eds, otra lengua y otras costumbres, nuestros alumnos&#46;&#46;&#46;<\/p>\n","protected":false},"author":2004,"featured_media":0,"parent":25,"menu_order":0,"comment_status":"closed","ping_status":"closed","template":"","meta":{"ngg_post_thumbnail":0,"footnotes":""},"aioseo_notices":[],"_links":{"self":[{"href":"https:\/\/blogsaverroes.juntadeandalucia.es\/ceeesantarosadelima\/wp-json\/wp\/v2\/pages\/1760"}],"collection":[{"href":"https:\/\/blogsaverroes.juntadeandalucia.es\/ceeesantarosadelima\/wp-json\/wp\/v2\/pages"}],"about":[{"href":"https:\/\/blogsaverroes.juntadeandalucia.es\/ceeesantarosadelima\/wp-json\/wp\/v2\/types\/page"}],"author":[{"embeddable":true,"href":"https:\/\/blogsaverroes.juntadeandalucia.es\/ceeesantarosadelima\/wp-json\/wp\/v2\/users\/2004"}],"replies":[{"embeddable":true,"href":"https:\/\/blogsaverroes.juntadeandalucia.es\/ceeesantarosadelima\/wp-json\/wp\/v2\/comments?post=1760"}],"version-history":[{"count":40,"href":"https:\/\/blogsaverroes.juntadeandalucia.es\/ceeesantarosadelima\/wp-json\/wp\/v2\/pages\/1760\/revisions"}],"predecessor-version":[{"id":4860,"href":"https:\/\/blogsaverroes.juntadeandalucia.es\/ceeesantarosadelima\/wp-json\/wp\/v2\/pages\/1760\/revisions\/4860"}],"up":[{"embeddable":true,"href":"https:\/\/blogsaverroes.juntadeandalucia.es\/ceeesantarosadelima\/wp-json\/wp\/v2\/pages\/25"}],"wp:attachment":[{"href":"https:\/\/blogsaverroes.juntadeandalucia.es\/ceeesantarosadelima\/wp-json\/wp\/v2\/media?parent=1760"}],"curies":[{"name":"wp","href":"https:\/\/api.w.org\/{rel}","templated":true}]}}