{"id":2154,"date":"2019-03-22T19:32:02","date_gmt":"2019-03-22T19:32:02","guid":{"rendered":"https:\/\/blogsaverroes.juntadeandalucia.es\/ceeesantarosadelima\/?page_id=2154"},"modified":"2025-07-31T16:50:24","modified_gmt":"2025-07-31T16:50:24","slug":"plan-de-autoproteccion","status":"publish","type":"page","link":"https:\/\/blogsaverroes.juntadeandalucia.es\/ceeesantarosadelima\/nuestro-centro\/documentos\/plan-de-autoproteccion\/","title":{"rendered":"Plan de Autoprotecci\u00f3n"},"content":{"rendered":"<p style=\"text-align: justify\"><img loading=\"lazy\" decoding=\"async\" class=\"alignleft wp-image-3545\" src=\"https:\/\/blogsaverroes.juntadeandalucia.es\/ceeesantarosadelima\/files\/2022\/09\/autoproteccion-133x300.png\" alt=\"\" width=\"115\" height=\"259\" srcset=\"https:\/\/blogsaverroes.juntadeandalucia.es\/ceeesantarosadelima\/files\/2022\/09\/autoproteccion-133x300.png 133w, https:\/\/blogsaverroes.juntadeandalucia.es\/ceeesantarosadelima\/files\/2022\/09\/autoproteccion.png 357w\" sizes=\"(max-width: 115px) 100vw, 115px\" \/><\/p>\n<p style=\"text-align: justify\">El reglamento de organizaci\u00f3n y funcionamiento, teniendo en cuenta las caracter\u00edsticas propias del centro, contemplar\u00e1, entre otros, los aspectos relativos al plan de autoprotecci\u00f3n y las competencias y funciones relativas a la prevenci\u00f3n de riesgos laborales.<\/p>\n<p>&nbsp;<\/p>\n<p><a href=\"https:\/\/blogsaverroes.juntadeandalucia.es\/ceeesantarosadelima\/files\/2019\/03\/EL-PLAN-DE-AUTOPROTECCI\u00d3N.pdf\" target=\"_blank\" rel=\"noopener noreferrer\">Plan de Autoprotecci\u00f3n<\/a><\/p>\n<p><a href=\"https:\/\/blogsaverroes.juntadeandalucia.es\/ceeesantarosadelima\/files\/2019\/03\/ANEXO-1.-SEGURIDAD-CONTRA-INCENDIOS.pdf\" target=\"_blank\" rel=\"noopener noreferrer\">Anexo 1. Seguridad contra incendios<\/a><\/p>\n<p><a href=\"https:\/\/blogsaverroes.juntadeandalucia.es\/ceeesantarosadelima\/files\/2019\/03\/INSTRUCCIONES-ROF.-AUTOPROTECCI\u00d3N.pdf\" target=\"_blank\" rel=\"noopener noreferrer\">Instrucciones Rof. Autoprotecci\u00f3n<\/a><\/p>\n<p>&nbsp;<\/p>\n<p>&nbsp;<\/p>\n<p>&nbsp;<\/p>\n","protected":false},"excerpt":{"rendered":"<p>El reglamento de organizaci\u00f3n y funcionamiento, teniendo en cuenta las caracter\u00edsticas propias del centro, contemplar\u00e1, entre otros, los aspectos relativos al plan de autoprotecci\u00f3n y las competencias y funciones relativas a la prevenci\u00f3n de&#46;&#46;&#46;<\/p>\n","protected":false},"author":2004,"featured_media":2156,"parent":35,"menu_order":0,"comment_status":"closed","ping_status":"closed","template":"","meta":{"ngg_post_thumbnail":0,"footnotes":""},"aioseo_notices":[],"_links":{"self":[{"href":"https:\/\/blogsaverroes.juntadeandalucia.es\/ceeesantarosadelima\/wp-json\/wp\/v2\/pages\/2154"}],"collection":[{"href":"https:\/\/blogsaverroes.juntadeandalucia.es\/ceeesantarosadelima\/wp-json\/wp\/v2\/pages"}],"about":[{"href":"https:\/\/blogsaverroes.juntadeandalucia.es\/ceeesantarosadelima\/wp-json\/wp\/v2\/types\/page"}],"author":[{"embeddable":true,"href":"https:\/\/blogsaverroes.juntadeandalucia.es\/ceeesantarosadelima\/wp-json\/wp\/v2\/users\/2004"}],"replies":[{"embeddable":true,"href":"https:\/\/blogsaverroes.juntadeandalucia.es\/ceeesantarosadelima\/wp-json\/wp\/v2\/comments?post=2154"}],"version-history":[{"count":8,"href":"https:\/\/blogsaverroes.juntadeandalucia.es\/ceeesantarosadelima\/wp-json\/wp\/v2\/pages\/2154\/revisions"}],"predecessor-version":[{"id":5055,"href":"https:\/\/blogsaverroes.juntadeandalucia.es\/ceeesantarosadelima\/wp-json\/wp\/v2\/pages\/2154\/revisions\/5055"}],"up":[{"embeddable":true,"href":"https:\/\/blogsaverroes.juntadeandalucia.es\/ceeesantarosadelima\/wp-json\/wp\/v2\/pages\/35"}],"wp:featuredmedia":[{"embeddable":true,"href":"https:\/\/blogsaverroes.juntadeandalucia.es\/ceeesantarosadelima\/wp-json\/wp\/v2\/media\/2156"}],"wp:attachment":[{"href":"https:\/\/blogsaverroes.juntadeandalucia.es\/ceeesantarosadelima\/wp-json\/wp\/v2\/media?parent=2154"}],"curies":[{"name":"wp","href":"https:\/\/api.w.org\/{rel}","templated":true}]}}