{"id":309,"date":"2015-11-11T13:53:55","date_gmt":"2015-11-11T13:53:55","guid":{"rendered":"http:\/\/blogsaverroes.juntadeandalucia.es\/ceeesantarosadelima\/?page_id=309"},"modified":"2025-10-05T07:37:49","modified_gmt":"2025-10-05T07:37:49","slug":"calendario-escolar","status":"publish","type":"page","link":"https:\/\/blogsaverroes.juntadeandalucia.es\/ceeesantarosadelima\/nuestro-centro\/calendario-escolar\/","title":{"rendered":"Calendario Escolar"},"content":{"rendered":"<h4><strong>Calendario Escolar 2025-2026<\/strong><\/h4>\n<p style=\"text-align: justify\">El C.E.E.E. Santa Rosa de Lima se rige por el calendario lectivo correspondiente a la ciudad de M\u00e1laga. Puesto que los dos d\u00edas fijados como fiestas de \u00e1mbito local de la capital no coinciden con d\u00edas lectivos, y con el objeto de cumplir con la totalidad de d\u00edas lectivos fijados para cada tipo de ense\u00f1anza, tendr\u00e1n la consideraci\u00f3n de d\u00edas no lectivos el 7 de enero de 2026 y el 6 de abril de 2026.<\/p>\n<p><a href=\"https:\/\/blogsaverroes.juntadeandalucia.es\/ceeesantarosadelima\/files\/2025\/10\/calendario-blog.jpg\"><img loading=\"lazy\" decoding=\"async\" class=\"aligncenter size-large wp-image-5081\" src=\"https:\/\/blogsaverroes.juntadeandalucia.es\/ceeesantarosadelima\/files\/2025\/10\/calendario-blog-1024x722.jpg\" alt=\"\" width=\"1024\" height=\"722\" srcset=\"https:\/\/blogsaverroes.juntadeandalucia.es\/ceeesantarosadelima\/files\/2025\/10\/calendario-blog-1024x722.jpg 1024w, https:\/\/blogsaverroes.juntadeandalucia.es\/ceeesantarosadelima\/files\/2025\/10\/calendario-blog-300x212.jpg 300w, https:\/\/blogsaverroes.juntadeandalucia.es\/ceeesantarosadelima\/files\/2025\/10\/calendario-blog-768x542.jpg 768w, https:\/\/blogsaverroes.juntadeandalucia.es\/ceeesantarosadelima\/files\/2025\/10\/calendario-blog.jpg 1089w\" sizes=\"(max-width: 1024px) 100vw, 1024px\" \/><\/a><\/p>\n<p>&nbsp;<\/p>\n<p style=\"text-align: justify\">&nbsp;<\/p>\n<p style=\"text-align: justify\"><a href=\"https:\/\/www.juntadeandalucia.es\/educacion\/portales\/documents\/1197077\/2059093\/Resoluci%C3%B3n%20calendario%20escolar%202025_2026%20y%20gr%C3%A1fico.pdf\/fb67678d-791f-050e-328c-d2ba6b5bf462?version=1.0\">Resoluci\u00f3n de 22 de mayo de 2025 de la Delegaci\u00f3n Territorial de la Consejer\u00eda de desarrollo Educativo y Formaci\u00f3n Profesional de la Junta de Andaluc\u00eda en M\u00e1laga por la que se dictan las normas que han de regir el calendario escolar para el curso escolar 2025\/2026 en todos los centros docentes p\u00fablicos y privados a excepci\u00f3n de los universitarios<\/a><\/p>\n<p>&nbsp;<\/p>\n","protected":false},"excerpt":{"rendered":"<p>Calendario Escolar 2025-2026 El C.E.E.E. Santa Rosa de Lima se rige por el calendario lectivo correspondiente a la ciudad de M\u00e1laga. Puesto que los dos d\u00edas fijados como fiestas de \u00e1mbito local de la&#46;&#46;&#46;<\/p>\n","protected":false},"author":2004,"featured_media":0,"parent":29,"menu_order":0,"comment_status":"closed","ping_status":"closed","template":"","meta":{"ngg_post_thumbnail":0,"footnotes":""},"aioseo_notices":[],"_links":{"self":[{"href":"https:\/\/blogsaverroes.juntadeandalucia.es\/ceeesantarosadelima\/wp-json\/wp\/v2\/pages\/309"}],"collection":[{"href":"https:\/\/blogsaverroes.juntadeandalucia.es\/ceeesantarosadelima\/wp-json\/wp\/v2\/pages"}],"about":[{"href":"https:\/\/blogsaverroes.juntadeandalucia.es\/ceeesantarosadelima\/wp-json\/wp\/v2\/types\/page"}],"author":[{"embeddable":true,"href":"https:\/\/blogsaverroes.juntadeandalucia.es\/ceeesantarosadelima\/wp-json\/wp\/v2\/users\/2004"}],"replies":[{"embeddable":true,"href":"https:\/\/blogsaverroes.juntadeandalucia.es\/ceeesantarosadelima\/wp-json\/wp\/v2\/comments?post=309"}],"version-history":[{"count":34,"href":"https:\/\/blogsaverroes.juntadeandalucia.es\/ceeesantarosadelima\/wp-json\/wp\/v2\/pages\/309\/revisions"}],"predecessor-version":[{"id":5082,"href":"https:\/\/blogsaverroes.juntadeandalucia.es\/ceeesantarosadelima\/wp-json\/wp\/v2\/pages\/309\/revisions\/5082"}],"up":[{"embeddable":true,"href":"https:\/\/blogsaverroes.juntadeandalucia.es\/ceeesantarosadelima\/wp-json\/wp\/v2\/pages\/29"}],"wp:attachment":[{"href":"https:\/\/blogsaverroes.juntadeandalucia.es\/ceeesantarosadelima\/wp-json\/wp\/v2\/media?parent=309"}],"curies":[{"name":"wp","href":"https:\/\/api.w.org\/{rel}","templated":true}]}}