{"id":31,"date":"2015-10-23T12:03:57","date_gmt":"2015-10-23T12:03:57","guid":{"rendered":"http:\/\/blogsaverroes.juntadeandalucia.es\/ceeesantarosadelima\/?page_id=31"},"modified":"2023-02-20T11:19:34","modified_gmt":"2023-02-20T11:19:34","slug":"contacto","status":"publish","type":"page","link":"https:\/\/blogsaverroes.juntadeandalucia.es\/ceeesantarosadelima\/contacto\/","title":{"rendered":"Contacto"},"content":{"rendered":"<div>\n<h4><b>Centro Espec\u00edfico de Educaci\u00f3n Especial Santa Rosa de Lima en M\u00e1laga<\/b><\/h4>\n<p><strong>Tel\u00e9fono: <\/strong>951298417<br \/>\n<strong>Direcci\u00f3n:<\/strong>&nbsp;Corregidor Carlos Garafa n\u00ba 8. CP. 29007. M\u00e1laga<br \/>\n<strong>C\u00f3digo de centro:<\/strong> 29003646<\/p>\n<p>&nbsp;<\/p>\n<\/div>\n<h4><span style=\"text-decoration: underline;color: #000000\">Atenci\u00f3n a familias<\/span><\/h4>\n<p><strong><u>Tutor\u00edas<br \/>\n<\/u><\/strong>Las tutor\u00edas de atenci\u00f3n a las familias se realizar\u00e1n, previa cita, los lunes de 16\u201900 a 17\u201900 horas<\/p>\n<p><strong><u>Atenci\u00f3n telef\u00f3nica<br \/>\n<\/u><\/strong>El horario de secretar\u00eda es de lunes a viernes de&nbsp; 9.30 a 14.30 llamando a los tel\u00e9fonos:&nbsp; 951298417 \/ 951293665<\/p>\n<p><strong><u>Atenci\u00f3n a trav\u00e9s del correo electr\u00f3nico<br \/>\n<\/u><\/strong>Las familias que deseen contactar con el centro mediante el correo electr\u00f3nico lo podr\u00e1n hacer cumplimentando el formulario de contacto incluido en esta p\u00e1gina.<\/p>\n<p><strong><u>Equipo directivo, orientadoras o trabajadora social<br \/>\n<\/u><\/strong>Para ser atendido por el equipo directivo, la trabajadora social o el servicio de orientaci\u00f3n ser\u00e1 necesario concertar una cita llamando a los tel\u00e9fonos 951298417 \/ 951293665<\/p>\n<p>&nbsp;<\/p>\n<div>\n<h4><span style=\"text-decoration: underline\"><span style=\"color: #1c314c;font-family: Raleway, sans-serif;font-size: 18pt;font-weight: 600;text-decoration: underline\">Localizaci\u00f3n<\/span><\/span><\/h4>\n<\/div>\n<p><iframe loading=\"lazy\" src=\"https:\/\/www.google.com\/maps\/embed?pb=!1m18!1m12!1m3!1d3198.197080152049!2d-4.452692785182293!3d36.717827780032735!2m3!1f0!2f0!3f0!3m2!1i1024!2i768!4f13.1!3m3!1m2!1s0xd72f76d0a57234d%3A0x430a8e4ad993c7ad!2sCalle+Corregidor+Carlos+Garafa%2C+8%2C+29007+M%C3%A1laga!5e0!3m2!1ses!2ses!4v1448471011378\" width=\"600\" height=\"450\" frameborder=\"0\"><\/iframe><\/p>\n<p><span style=\"color: #000000\"><strong><span style=\"text-decoration: underline;font-size: 18pt\">Contacto<\/span><\/strong><\/span><\/p>\n<form method=\"post\" id=\"cntctfrm_contact_form\" class=\"cntctfrm_contact_form cntctfrm_one_column cntctfrm_ltr cntctfrm_width_default\" action=\"\/ceeesantarosadelima\/wp-json\/wp\/v2\/pages\/31#cntctfrm_contact_form\" enctype=\"multipart\/form-data\"><div id=\"cntctfrm_first_column\" class=\"cntctfrm_column\"><div class=\"cntctfrm_field_wrap cntctfrm_field_name_wrap\"namecontact><div class=\"cntctfrm_label cntctfrm_label_name\">\n\t\t\t\t\t\t\t\t\t<label for=\"cntctfrm_contact_name\">Nombre: <span class=\"required\">*<\/span><\/label><\/div><div class=\"cntctfrm_input cntctfrm_input_name\">\n\t\t\t\t\t\t\t\t\t<input namecontact class=\"text\" type=\"text\" size=\"40\" pattern=\"^[\\p{L}\\p{M}]{3,}(\\s\\p{M}*\\p{L}+)*\" title=\"Please enter only letters at least 3 characters, words seperated by spaces\" value=\"\" name=\"cntctfrm_contact_name\" id=\"cntctfrm_contact_name\" \/><\/div><\/div><div class=\"cntctfrm_field_wrap cntctfrm_field_email_wrap\"email><div class=\"cntctfrm_label cntctfrm_label_email\">\n\t\t\t\t\t\t\t\t\t<label for=\"cntctfrm_contact_email\">Direcci\u00f3n de correo electr\u00f3nico: <span class=\"required\">*<\/span><\/label>\n\t\t\t\t\t\t\t\t<\/div><div class=\"cntctfrm_input cntctfrm_input_email\">\n\t\t\t\t\t\t\t\t\t<input email class=\"text\" type=\"email\" size=\"40\" value=\"\" name=\"cntctfrm_contact_email\" id=\"cntctfrm_contact_email\" \/><\/div><\/div><div class=\"cntctfrm_field_wrap cntctfrm_field_subject_wrap\"subject><div class=\"cntctfrm_label cntctfrm_label_subject\">\n\t\t\t\t\t\t\t\t\t<label for=\"cntctfrm_contact_subject\">Asunto: <span class=\"required\">*<\/span><\/label>\n\t\t\t\t\t\t\t\t<\/div><div class=\"cntctfrm_input cntctfrm_input_subject\">\n\t\t\t\t\t\t\t\t<input subject pattern=\"^[\\p{M}\\p{L}]{3,}(\\s\\p{M}*\\p{L}+)*\" title=\"Please enter only letters at least 3 characters, words seperated by spaces\" class=\"text\" type=\"text\" size=\"40\" value=\"\" name=\"cntctfrm_contact_subject\" id=\"cntctfrm_contact_subject\" \/><\/div><\/div><div class=\"cntctfrm_field_wrap cntctfrm_field_message_wrap\"message><div class=\"cntctfrm_label cntctfrm_label_message\">\n\t\t\t\t\t\t\t\t<label for=\"cntctfrm_contact_message\">Mensaje: <span class=\"required\">*<\/span><\/label>\n\t\t\t\t\t\t\t<\/div><div class=\"cntctfrm_input cntctfrm_input_message\">\n\t\t\t\t\t\t\t\t<textarea message rows=\"5\" cols=\"30\"name=\"cntctfrm_contact_message\" id=\"cntctfrm_contact_message\"><\/textarea><\/div><\/div><\/div><div class=\"clear\"><\/div><div class=\"cntctfrm_submit_wrap\"><div id=\"cntctfrm_submit_first_column\" class=\"cntctfrm_column\"><div class=\"cntctfrm_input cntctfrm_input_submit\"><input type=\"hidden\" value=\"send\" name=\"cntctfrm_contact_action\">\n\t\t\t\t\t\t\t<input type=\"hidden\" value=\"default\" name=\"cntctfrm_language\">\n\t\t\t\t\t\t\t<input type=\"hidden\" value=\"1\" name=\"cntctfrm_form_submited\">\n\t\t\t\t\t\t\t<input type=\"hidden\" value=\"cntctfrm_options\" name=\"cntctfrm_options_name\">\n\t\t\t\t\t\t\t<input type=\"submit\" value=\"Enviar\" class=\"cntctfrm_contact_submit\" \/>\n\t\t\t\t\t\t<\/div><\/div><div id=\"cntctfrm_submit_second_column\" class=\"cntctfrm_column\"><\/div><div class=\"clear\"><\/div>\n\t\t\t<\/div>\n\t\t\t<\/form>\n<p>&nbsp;<\/p>\n","protected":false},"excerpt":{"rendered":"<p>Centro Espec\u00edfico de Educaci\u00f3n Especial Santa Rosa de Lima en M\u00e1laga Tel\u00e9fono: 951298417 Direcci\u00f3n:&nbsp;Corregidor Carlos Garafa n\u00ba 8. CP. 29007. M\u00e1laga C\u00f3digo de centro: 29003646 &nbsp; Atenci\u00f3n a familias Tutor\u00edas Las tutor\u00edas de atenci\u00f3n&#46;&#46;&#46;<\/p>\n","protected":false},"author":2004,"featured_media":0,"parent":0,"menu_order":0,"comment_status":"closed","ping_status":"closed","template":"","meta":{"ngg_post_thumbnail":0,"footnotes":""},"aioseo_notices":[],"_links":{"self":[{"href":"https:\/\/blogsaverroes.juntadeandalucia.es\/ceeesantarosadelima\/wp-json\/wp\/v2\/pages\/31"}],"collection":[{"href":"https:\/\/blogsaverroes.juntadeandalucia.es\/ceeesantarosadelima\/wp-json\/wp\/v2\/pages"}],"about":[{"href":"https:\/\/blogsaverroes.juntadeandalucia.es\/ceeesantarosadelima\/wp-json\/wp\/v2\/types\/page"}],"author":[{"embeddable":true,"href":"https:\/\/blogsaverroes.juntadeandalucia.es\/ceeesantarosadelima\/wp-json\/wp\/v2\/users\/2004"}],"replies":[{"embeddable":true,"href":"https:\/\/blogsaverroes.juntadeandalucia.es\/ceeesantarosadelima\/wp-json\/wp\/v2\/comments?post=31"}],"version-history":[{"count":38,"href":"https:\/\/blogsaverroes.juntadeandalucia.es\/ceeesantarosadelima\/wp-json\/wp\/v2\/pages\/31\/revisions"}],"predecessor-version":[{"id":4266,"href":"https:\/\/blogsaverroes.juntadeandalucia.es\/ceeesantarosadelima\/wp-json\/wp\/v2\/pages\/31\/revisions\/4266"}],"wp:attachment":[{"href":"https:\/\/blogsaverroes.juntadeandalucia.es\/ceeesantarosadelima\/wp-json\/wp\/v2\/media?parent=31"}],"curies":[{"name":"wp","href":"https:\/\/api.w.org\/{rel}","templated":true}]}}