{"id":35,"date":"2015-10-23T12:04:26","date_gmt":"2015-10-23T12:04:26","guid":{"rendered":"http:\/\/blogsaverroes.juntadeandalucia.es\/ceeesantarosadelima\/?page_id=35"},"modified":"2025-07-18T22:07:18","modified_gmt":"2025-07-18T22:07:18","slug":"documentos","status":"publish","type":"page","link":"https:\/\/blogsaverroes.juntadeandalucia.es\/ceeesantarosadelima\/nuestro-centro\/documentos\/","title":{"rendered":"Documentos"},"content":{"rendered":"<h5>Documentos del Centro.<\/h5>\n<ul>\n<li><span style=\"color: #3366ff\"><a style=\"color: #3366ff\" href=\"https:\/\/blogsaverroes.juntadeandalucia.es\/ceeesantarosadelima\/documentos\/protocolo-de-actuacion-en-casos-graves-de-conductas-disruptivas\/\" target=\"_blank\" rel=\"noopener noreferrer\">Protocolo de actuaci\u00f3n en casos graves de conductas disruptivas.<\/a><a href=\"https:\/\/images.pexels.com\/photos\/357514\/pexels-photo-357514.jpeg?auto=compress&amp;cs=tinysrgb&amp;w=1600\"><img loading=\"lazy\" decoding=\"async\" class=\"alignright size-large\" src=\"https:\/\/images.pexels.com\/photos\/357514\/pexels-photo-357514.jpeg?auto=compress&amp;cs=tinysrgb&amp;w=1600\" width=\"300\" height=\"200\" \/><\/a><\/span><\/li>\n<li><a href=\"https:\/\/blogsaverroes.juntadeandalucia.es\/ceeesantarosadelima\/documentos\/plan-de-centro\/\">PLAN DE CENTRO.<\/a>\n<ul>\n<li><a href=\"https:\/\/blogsaverroes.juntadeandalucia.es\/ceeesantarosadelima\/documentos\/plan-de-centro\/proyecto-educativo\/\" target=\"_blank\" rel=\"noopener noreferrer\"><span style=\"color: #3366ff\">Proyecto educativo.<\/span><\/a><\/li>\n<li><a href=\"https:\/\/blogsaverroes.juntadeandalucia.es\/ceeesantarosadelima\/documentos\/plan-de-centro\/proyecto-de-gestion\/\" target=\"_blank\" rel=\"noopener noreferrer\"><span style=\"color: #3366ff\">Proyecto de Gesti\u00f3n.<\/span><\/a><\/li>\n<li><a href=\"https:\/\/blogsaverroes.juntadeandalucia.es\/ceeesantarosadelima\/documentos\/plan-de-centro\/rof\/\" target=\"_blank\" rel=\"noopener noreferrer\"><span style=\"color: #3366ff\">R.O.F.<\/span><\/a><\/li>\n<li><a href=\"https:\/\/blogsaverroes.juntadeandalucia.es\/ceeesantarosadelima\/revision-plan-de-centro-19-20\/\" target=\"_blank\" rel=\"noopener noreferrer\"><span style=\"color: #3366ff\">Revisi\u00f3n Plan de Centro 19-20<\/span><\/a><\/li>\n<li><a href=\"https:\/\/blogsaverroes.juntadeandalucia.es\/ceeesantarosadelima\/revision-plan-de-centro-curso-20-21\/\" target=\"_blank\" rel=\"noopener noreferrer\"><span style=\"color: #3366ff\">Revisi\u00f3n Plan de Centro 20-21<\/span><\/a><\/li>\n<\/ul>\n<\/li>\n<li><a href=\"https:\/\/blogsaverroes.juntadeandalucia.es\/ceeesantarosadelima\/plan-de-acompanamiento-domiciliario\/\" target=\"_blank\" rel=\"noopener noreferrer\"><span style=\"color: #3366ff\">Plan de acompa\u00f1amiento domiciliario.<\/span><\/a><\/li>\n<li><a href=\"https:\/\/blogsaverroes.juntadeandalucia.es\/ceeesantarosadelima\/documentos\/plan-de-autoproteccion\/\" target=\"_blank\" rel=\"noopener noreferrer\"><span style=\"color: #3366ff\">Plan de autoprotecci\u00f3n.<\/span><\/a><\/li>\n<\/ul>\n<p>&nbsp;<\/p>\n<p>&nbsp;<\/p>\n<p>&nbsp;<\/p>\n<p>&nbsp;<\/p>\n","protected":false},"excerpt":{"rendered":"<p>Documentos del Centro. Protocolo de actuaci\u00f3n en casos graves de conductas disruptivas. PLAN DE CENTRO. Proyecto educativo. Proyecto de Gesti\u00f3n. R.O.F. Revisi\u00f3n Plan de Centro 19-20 Revisi\u00f3n Plan de Centro 20-21 Plan de acompa\u00f1amiento&#46;&#46;&#46;<\/p>\n","protected":false},"author":2004,"featured_media":0,"parent":29,"menu_order":0,"comment_status":"closed","ping_status":"closed","template":"","meta":{"ngg_post_thumbnail":0,"footnotes":""},"aioseo_notices":[],"_links":{"self":[{"href":"https:\/\/blogsaverroes.juntadeandalucia.es\/ceeesantarosadelima\/wp-json\/wp\/v2\/pages\/35"}],"collection":[{"href":"https:\/\/blogsaverroes.juntadeandalucia.es\/ceeesantarosadelima\/wp-json\/wp\/v2\/pages"}],"about":[{"href":"https:\/\/blogsaverroes.juntadeandalucia.es\/ceeesantarosadelima\/wp-json\/wp\/v2\/types\/page"}],"author":[{"embeddable":true,"href":"https:\/\/blogsaverroes.juntadeandalucia.es\/ceeesantarosadelima\/wp-json\/wp\/v2\/users\/2004"}],"replies":[{"embeddable":true,"href":"https:\/\/blogsaverroes.juntadeandalucia.es\/ceeesantarosadelima\/wp-json\/wp\/v2\/comments?post=35"}],"version-history":[{"count":10,"href":"https:\/\/blogsaverroes.juntadeandalucia.es\/ceeesantarosadelima\/wp-json\/wp\/v2\/pages\/35\/revisions"}],"predecessor-version":[{"id":3641,"href":"https:\/\/blogsaverroes.juntadeandalucia.es\/ceeesantarosadelima\/wp-json\/wp\/v2\/pages\/35\/revisions\/3641"}],"up":[{"embeddable":true,"href":"https:\/\/blogsaverroes.juntadeandalucia.es\/ceeesantarosadelima\/wp-json\/wp\/v2\/pages\/29"}],"wp:attachment":[{"href":"https:\/\/blogsaverroes.juntadeandalucia.es\/ceeesantarosadelima\/wp-json\/wp\/v2\/media?parent=35"}],"curies":[{"name":"wp","href":"https:\/\/api.w.org\/{rel}","templated":true}]}}