{"id":4320,"date":"2023-05-16T08:58:31","date_gmt":"2023-05-16T08:58:31","guid":{"rendered":"https:\/\/blogsaverroes.juntadeandalucia.es\/ceeesantarosadelima\/?page_id=4320"},"modified":"2023-05-16T12:15:00","modified_gmt":"2023-05-16T12:15:00","slug":"protocolo-ante-olas-de-calor","status":"publish","type":"page","link":"https:\/\/blogsaverroes.juntadeandalucia.es\/ceeesantarosadelima\/protocolos\/protocolo-ante-olas-de-calor\/","title":{"rendered":"Protocolo ante olas de calor"},"content":{"rendered":"<p><img loading=\"lazy\" decoding=\"async\" class=\"aligncenter wp-image-4350 size-full\" src=\"https:\/\/blogsaverroes.juntadeandalucia.es\/ceeesantarosadelima\/files\/2023\/05\/IMAGEN-CABECERA-CALOR.png\" alt=\"\" width=\"1020\" height=\"413\" srcset=\"https:\/\/blogsaverroes.juntadeandalucia.es\/ceeesantarosadelima\/files\/2023\/05\/IMAGEN-CABECERA-CALOR.png 1020w, https:\/\/blogsaverroes.juntadeandalucia.es\/ceeesantarosadelima\/files\/2023\/05\/IMAGEN-CABECERA-CALOR-300x121.png 300w, https:\/\/blogsaverroes.juntadeandalucia.es\/ceeesantarosadelima\/files\/2023\/05\/IMAGEN-CABECERA-CALOR-768x311.png 768w\" sizes=\"(max-width: 1020px) 100vw, 1020px\" \/><\/p>\n<p style=\"text-align: justify\"><span style=\"font-family: arial, helvetica, sans-serif;font-size: 12pt\">En los \u00faltimos a\u00f1os se vienen repitiendo situaciones clim\u00e1ticas excepcionales por olas de calor o por las altas temperaturas que se pueden llegar a alcanzar. Con objeto de mitigar los efectos de estas adversidades clim\u00e1ticas la Consejer\u00eda de Desarrollo Educativo y Formaci\u00f3n Profesional&nbsp;ha dise\u00f1ado un protoloco en el que se proporcionan medidas destinadas a garantizar la seguridad escolar en situaciones de calor excepcional<\/span><\/p>\n<p><a href=\"https:\/\/blogsaverroes.juntadeandalucia.es\/ceeesantarosadelima\/files\/2023\/05\/INSTRUCCIONES-DE-5-DE-MAYO-DE-2023-DE-LA-VICECONSEJER\u00cdA-OLAS-DE-CALOR-Y-TEMPERATURAS-EXCEPCIONALES.pdf\" target=\"_blank\" rel=\"noopener noreferrer\"><img loading=\"lazy\" decoding=\"async\" class=\" wp-image-4321 alignleft\" src=\"https:\/\/blogsaverroes.juntadeandalucia.es\/ceeesantarosadelima\/files\/2023\/05\/captura-instrucciones.png\" alt=\"\" width=\"122\" height=\"173\" srcset=\"https:\/\/blogsaverroes.juntadeandalucia.es\/ceeesantarosadelima\/files\/2023\/05\/captura-instrucciones.png 642w, https:\/\/blogsaverroes.juntadeandalucia.es\/ceeesantarosadelima\/files\/2023\/05\/captura-instrucciones-212x300.png 212w\" sizes=\"(max-width: 122px) 100vw, 122px\" \/><\/a><\/p>\n<p>&nbsp;<\/p>\n<p>&nbsp;<\/p>\n<p><a href=\"https:\/\/blogsaverroes.juntadeandalucia.es\/ceeesantarosadelima\/files\/2023\/05\/INSTRUCCIONES-DE-5-DE-MAYO-DE-2023-DE-LA-VICECONSEJER\u00cdA-OLAS-DE-CALOR-Y-TEMPERATURAS-EXCEPCIONALES.pdf\" target=\"_blank\" rel=\"noopener noreferrer\"><span style=\"font-family: arial, helvetica, sans-serif;font-size: 12pt\">Instrucciones de 5 de mayo de 2023 de la Viceconsejer\u00eda de Desarrollo Educativo y Formaci\u00f3n Profesional&nbsp; para la adopci\u00f3n de medidas organizativas ante olas de calor o altas temperaturas excepcionales.<\/span><\/a><\/p>\n<p>&nbsp;<\/p>\n<p>&nbsp;<\/p>\n<p><a href=\"https:\/\/blogsaverroes.juntadeandalucia.es\/ceeesantarosadelima\/files\/2023\/05\/PROTOCOLO-ALTAS-TEMPERATURAS-Y-OLAS-DE-CALOR-2023-v4.pdf\" target=\"_blank\" rel=\"noopener noreferrer\"><img loading=\"lazy\" decoding=\"async\" class=\" wp-image-4324 alignleft\" src=\"https:\/\/blogsaverroes.juntadeandalucia.es\/ceeesantarosadelima\/files\/2023\/05\/captura-protocolo-calor-1.png\" alt=\"\" width=\"124\" height=\"175\" srcset=\"https:\/\/blogsaverroes.juntadeandalucia.es\/ceeesantarosadelima\/files\/2023\/05\/captura-protocolo-calor-1.png 302w, https:\/\/blogsaverroes.juntadeandalucia.es\/ceeesantarosadelima\/files\/2023\/05\/captura-protocolo-calor-1-212x300.png 212w\" sizes=\"(max-width: 124px) 100vw, 124px\" \/><\/a><\/p>\n<p>&nbsp;<\/p>\n<p>&nbsp;<\/p>\n<p><a href=\"https:\/\/blogsaverroes.juntadeandalucia.es\/ceeesantarosadelima\/files\/2023\/05\/PROTOCOLO-ALTAS-TEMPERATURAS-Y-OLAS-DE-CALOR-2023-v4.pdf\" target=\"_blank\" rel=\"noopener noreferrer\"><span style=\"font-family: arial, helvetica, sans-serif;font-size: 12pt\">Protocolo general de actuaci\u00f3n en el \u00e1mbito educativo andaluz no universitario ante olas de calor o altas temperaturas excepcionales.<\/span><\/a><\/p>\n<p>&nbsp;<\/p>\n<p>&nbsp;<\/p>\n<p>&nbsp;<\/p>\n<p>&nbsp;<\/p>\n<p>&nbsp;<\/p>\n<p>&nbsp;<\/p>\n<p>&nbsp;<\/p>\n","protected":false},"excerpt":{"rendered":"<p>En los \u00faltimos a\u00f1os se vienen repitiendo situaciones clim\u00e1ticas excepcionales por olas de calor o por las altas temperaturas que se pueden llegar a alcanzar. Con objeto de mitigar los efectos de estas adversidades&#46;&#46;&#46;<\/p>\n","protected":false},"author":2004,"featured_media":0,"parent":4317,"menu_order":0,"comment_status":"closed","ping_status":"closed","template":"","meta":{"ngg_post_thumbnail":0,"footnotes":""},"aioseo_notices":[],"_links":{"self":[{"href":"https:\/\/blogsaverroes.juntadeandalucia.es\/ceeesantarosadelima\/wp-json\/wp\/v2\/pages\/4320"}],"collection":[{"href":"https:\/\/blogsaverroes.juntadeandalucia.es\/ceeesantarosadelima\/wp-json\/wp\/v2\/pages"}],"about":[{"href":"https:\/\/blogsaverroes.juntadeandalucia.es\/ceeesantarosadelima\/wp-json\/wp\/v2\/types\/page"}],"author":[{"embeddable":true,"href":"https:\/\/blogsaverroes.juntadeandalucia.es\/ceeesantarosadelima\/wp-json\/wp\/v2\/users\/2004"}],"replies":[{"embeddable":true,"href":"https:\/\/blogsaverroes.juntadeandalucia.es\/ceeesantarosadelima\/wp-json\/wp\/v2\/comments?post=4320"}],"version-history":[{"count":12,"href":"https:\/\/blogsaverroes.juntadeandalucia.es\/ceeesantarosadelima\/wp-json\/wp\/v2\/pages\/4320\/revisions"}],"predecessor-version":[{"id":4351,"href":"https:\/\/blogsaverroes.juntadeandalucia.es\/ceeesantarosadelima\/wp-json\/wp\/v2\/pages\/4320\/revisions\/4351"}],"up":[{"embeddable":true,"href":"https:\/\/blogsaverroes.juntadeandalucia.es\/ceeesantarosadelima\/wp-json\/wp\/v2\/pages\/4317"}],"wp:attachment":[{"href":"https:\/\/blogsaverroes.juntadeandalucia.es\/ceeesantarosadelima\/wp-json\/wp\/v2\/media?parent=4320"}],"curies":[{"name":"wp","href":"https:\/\/api.w.org\/{rel}","templated":true}]}}