{"id":4764,"date":"2025-05-16T10:00:44","date_gmt":"2025-05-16T10:00:44","guid":{"rendered":"https:\/\/blogsaverroes.juntadeandalucia.es\/ceeesantarosadelima\/?page_id=4764"},"modified":"2025-05-22T12:41:44","modified_gmt":"2025-05-22T12:41:44","slug":"becas-y-ayudas","status":"publish","type":"page","link":"https:\/\/blogsaverroes.juntadeandalucia.es\/ceeesantarosadelima\/becas-y-ayudas\/","title":{"rendered":"Becas y Ayudas"},"content":{"rendered":"<p><a href=\"https:\/\/blogsaverroes.juntadeandalucia.es\/ceeesantarosadelima\/files\/2025\/05\/Cabecera-Becas.png\"><img loading=\"lazy\" decoding=\"async\" class=\"aligncenter size-large wp-image-4763\" src=\"https:\/\/blogsaverroes.juntadeandalucia.es\/ceeesantarosadelima\/files\/2025\/05\/Cabecera-Becas-1024x260.png\" alt=\"\" width=\"1024\" height=\"260\" srcset=\"https:\/\/blogsaverroes.juntadeandalucia.es\/ceeesantarosadelima\/files\/2025\/05\/Cabecera-Becas-1024x260.png 1024w, https:\/\/blogsaverroes.juntadeandalucia.es\/ceeesantarosadelima\/files\/2025\/05\/Cabecera-Becas-300x76.png 300w, https:\/\/blogsaverroes.juntadeandalucia.es\/ceeesantarosadelima\/files\/2025\/05\/Cabecera-Becas-768x195.png 768w, https:\/\/blogsaverroes.juntadeandalucia.es\/ceeesantarosadelima\/files\/2025\/05\/Cabecera-Becas-1536x390.png 1536w, https:\/\/blogsaverroes.juntadeandalucia.es\/ceeesantarosadelima\/files\/2025\/05\/Cabecera-Becas.png 1600w\" sizes=\"(max-width: 1024px) 100vw, 1024px\" \/><\/a><\/p>\n<p>La convocatoria de ayudas para alumnado con necesidades espec\u00edficas de apoyo educativo correspondiente al curso 2025\/2026 se public\u00f3 el 25 de abril de 2025. El plazo de solicitud es del 30 de abril al 11 de septiembre. En el siguiente enlace puede encontrar toda la informaci\u00f3n sobre el procedimiento a seguir para solicitar la beca.&nbsp;<br \/>\n<a href=\"https:\/\/portales.ced.junta-andalucia.es\/educacion\/portales\/web\/educacion\/becas-ayudas\/ayudas\/educacion-especial\" target=\"_blank\" rel=\"noopener\">https:\/\/portales.ced.junta-andalucia.es\/educacion\/portales\/web\/educacion\/becas-ayudas\/ayudas\/educacion-especial<\/a><strong><br \/>\n<\/strong><\/p>\n<p>En el siguiente enlace puede encontrar, en formato PDF, una gu\u00eda para familias que le puede ser \u00fatil para tramitar la beca.<br \/>\n<a href=\"https:\/\/blogsaverroes.juntadeandalucia.es\/ceeesantarosadelima\/files\/2025\/05\/Becas_Neae_250521_125717.pdf\" target=\"_blank\" rel=\"noopener\">https:\/\/blogsaverroes.juntadeandalucia.es\/ceeesantarosadelima\/files\/2025\/05\/Becas_Neae_250521_125717.pdf<\/a><\/p>\n<p>&nbsp;<\/p>\n<p>En el siguiente video se muestra el proceso que debemos seguir para activar nuestra cuenta en la aplicaci\u00f3n&nbsp; iPasen.<br \/>\n<iframe loading=\"lazy\" src=\"https:\/\/www.youtube.com\/embed\/trSjAvxvt5w?si=19ydmWER12Z_gFll\" width=\"560\" height=\"315\" frameborder=\"0\"><\/iframe>&nbsp;<\/p>\n<p>&nbsp;<\/p>\n<p>En el v\u00eddeo que se ofrece a continuaci\u00f3n podemos consultar como encontrar la clave iANDE dentro de la aplicaci\u00f3n iPasen.<br \/>\n<iframe loading=\"lazy\" src=\"https:\/\/www.youtube.com\/embed\/sOmU9mkmL2g?si=xSI1P0gckSXDgrZ-\" width=\"560\" height=\"315\" frameborder=\"0\"><\/iframe><\/p>\n","protected":false},"excerpt":{"rendered":"<p>La convocatoria de ayudas para alumnado con necesidades espec\u00edficas de apoyo educativo correspondiente al curso 2025\/2026 se public\u00f3 el 25 de abril de 2025. El plazo de solicitud es del 30 de abril al&#46;&#46;&#46;<\/p>\n","protected":false},"author":2004,"featured_media":0,"parent":0,"menu_order":0,"comment_status":"closed","ping_status":"closed","template":"","meta":{"ngg_post_thumbnail":0,"footnotes":""},"aioseo_notices":[],"_links":{"self":[{"href":"https:\/\/blogsaverroes.juntadeandalucia.es\/ceeesantarosadelima\/wp-json\/wp\/v2\/pages\/4764"}],"collection":[{"href":"https:\/\/blogsaverroes.juntadeandalucia.es\/ceeesantarosadelima\/wp-json\/wp\/v2\/pages"}],"about":[{"href":"https:\/\/blogsaverroes.juntadeandalucia.es\/ceeesantarosadelima\/wp-json\/wp\/v2\/types\/page"}],"author":[{"embeddable":true,"href":"https:\/\/blogsaverroes.juntadeandalucia.es\/ceeesantarosadelima\/wp-json\/wp\/v2\/users\/2004"}],"replies":[{"embeddable":true,"href":"https:\/\/blogsaverroes.juntadeandalucia.es\/ceeesantarosadelima\/wp-json\/wp\/v2\/comments?post=4764"}],"version-history":[{"count":10,"href":"https:\/\/blogsaverroes.juntadeandalucia.es\/ceeesantarosadelima\/wp-json\/wp\/v2\/pages\/4764\/revisions"}],"predecessor-version":[{"id":4793,"href":"https:\/\/blogsaverroes.juntadeandalucia.es\/ceeesantarosadelima\/wp-json\/wp\/v2\/pages\/4764\/revisions\/4793"}],"wp:attachment":[{"href":"https:\/\/blogsaverroes.juntadeandalucia.es\/ceeesantarosadelima\/wp-json\/wp\/v2\/media?parent=4764"}],"curies":[{"name":"wp","href":"https:\/\/api.w.org\/{rel}","templated":true}]}}