{"id":50,"date":"2015-10-23T12:12:11","date_gmt":"2015-10-23T12:12:11","guid":{"rendered":"http:\/\/blogsaverroes.juntadeandalucia.es\/ceeesantarosadelima\/?page_id=50"},"modified":"2025-10-30T06:56:35","modified_gmt":"2025-10-30T06:56:35","slug":"fisioterapia","status":"publish","type":"page","link":"https:\/\/blogsaverroes.juntadeandalucia.es\/ceeesantarosadelima\/nuestro-centro\/servicios-del-centro\/fisioterapia\/","title":{"rendered":"Fisioterapia"},"content":{"rendered":"<p style=\"text-align: center\"><a href=\"https:\/\/blogsaverroes.juntadeandalucia.es\/ceeesantarosadelima\/files\/2025\/10\/IMG-20251020-WA0011.jpg\"><img loading=\"lazy\" decoding=\"async\" class=\"aligncenter size-large wp-image-5182\" src=\"https:\/\/blogsaverroes.juntadeandalucia.es\/ceeesantarosadelima\/files\/2025\/10\/IMG-20251020-WA0011-695x1024.jpg\" alt=\"\" width=\"695\" height=\"1024\" srcset=\"https:\/\/blogsaverroes.juntadeandalucia.es\/ceeesantarosadelima\/files\/2025\/10\/IMG-20251020-WA0011-695x1024.jpg 695w, https:\/\/blogsaverroes.juntadeandalucia.es\/ceeesantarosadelima\/files\/2025\/10\/IMG-20251020-WA0011-204x300.jpg 204w, https:\/\/blogsaverroes.juntadeandalucia.es\/ceeesantarosadelima\/files\/2025\/10\/IMG-20251020-WA0011-768x1131.jpg 768w, https:\/\/blogsaverroes.juntadeandalucia.es\/ceeesantarosadelima\/files\/2025\/10\/IMG-20251020-WA0011-1043x1536.jpg 1043w, https:\/\/blogsaverroes.juntadeandalucia.es\/ceeesantarosadelima\/files\/2025\/10\/IMG-20251020-WA0011.jpg 1086w\" sizes=\"(max-width: 695px) 100vw, 695px\" \/><\/a><\/p>\n<p style=\"text-align: center\"><strong><span style=\"font-size: 24pt\">Fisioterapia en el cole<\/span><\/strong><\/p>\n<p><a href=\"https:\/\/blogsaverroes.juntadeandalucia.es\/ceeesantarosadelima\/files\/2025\/10\/Beneficios-de-un-programa-de-bipedestacion.jpg\"><img loading=\"lazy\" decoding=\"async\" class=\"aligncenter size-large wp-image-5181\" src=\"https:\/\/blogsaverroes.juntadeandalucia.es\/ceeesantarosadelima\/files\/2025\/10\/Beneficios-de-un-programa-de-bipedestacion-1024x724.jpg\" alt=\"\" width=\"1024\" height=\"724\" srcset=\"https:\/\/blogsaverroes.juntadeandalucia.es\/ceeesantarosadelima\/files\/2025\/10\/Beneficios-de-un-programa-de-bipedestacion-1024x724.jpg 1024w, https:\/\/blogsaverroes.juntadeandalucia.es\/ceeesantarosadelima\/files\/2025\/10\/Beneficios-de-un-programa-de-bipedestacion-300x212.jpg 300w, https:\/\/blogsaverroes.juntadeandalucia.es\/ceeesantarosadelima\/files\/2025\/10\/Beneficios-de-un-programa-de-bipedestacion-768x543.jpg 768w, https:\/\/blogsaverroes.juntadeandalucia.es\/ceeesantarosadelima\/files\/2025\/10\/Beneficios-de-un-programa-de-bipedestacion-1536x1086.jpg 1536w, https:\/\/blogsaverroes.juntadeandalucia.es\/ceeesantarosadelima\/files\/2025\/10\/Beneficios-de-un-programa-de-bipedestacion.jpg 2000w\" sizes=\"(max-width: 1024px) 100vw, 1024px\" \/><\/a><\/p>\n<p>La Fisioterapia en el \u00e1mbito educativo es una disciplina que interviene sobre las necesidades que a nivel motor presentan los alumnos y alumnas con necesidades educativas especiales, con objeto de facilitar el acceso de \u00e9stos a los objetivos establecidos en su curr\u00edculo educativo, fomentando de esta manera su autonom\u00eda, independencia y socializaci\u00f3n.<\/p>\n<p>A diferencia del fisioterapeuta sanitario, el objetivo del fisioterapeuta educativo no es tratar lesiones o trastornos m\u00fasculo-esquel\u00e9ticos espec\u00edficos, sino m\u00e1s bien facilitar la plena adaptaci\u00f3n de sus alumnos y alumnas a las din\u00e1micas que se desarrollan en el contexto escolar, interviniendo bien directamente sobre las propias capacidades y potencialidades del alumnado o bien sobre el entorno f\u00edsico de la escuela en el que el alumno o alumna se desenvuelve en su d\u00eda a d\u00eda.<\/p>\n<p>El perfil del alumnado atendido en el servicio de fisioterapia incluye aquel alumnado &nbsp;con discapacidad f\u00edsica, sensorial y\/o intelectual que presentan alg\u00fan tipo de alteraci\u00f3n motora que limita su desempe\u00f1o y participaci\u00f3n dentro del contexto escolar.<\/p>\n<p>La Fisioterapia realiza aportaciones significativas en relaci\u00f3n al neurodesarrollo, el control postural y el comportamiento motor, la actividad y funcionalidad, as\u00ed como la autonom\u00eda personal de los alumnos. Para ello el fisioterapeuta se vale de diferentes recursos<\/p>\n<p>como: Ayudas T\u00e9cnicas Individuales (bipedestadores, andadores, material de posicionamiento postural, etc.), las adaptaciones significativas del curr\u00edculo en las \u00e1reas que precise y de t\u00e9cnicas propias de la Fisioterapia.<\/p>\n<p>El servicio de Fisioterapia de nuestro colegio est\u00e1 formado por un equipo de cuatro fisioterapeutas que desarrollan su labor a lo largo de todo el curso escolar, atendiendo al alumnado bien de forma directa, mediante la atenci\u00f3n personalizada al alumnado, o de forma indirecta, mediante reuniones con el resto de profesionales, realizaci\u00f3n de valoraciones, adaptaci\u00f3n e implementaci\u00f3n de ayudas t\u00e9cnicas y atenci\u00f3n a las familias.<\/p>\nngg_shortcode_0_placeholder\n<p>&nbsp;<\/p>\n<p>&nbsp;<\/p>\n<p><a href=\"https:\/\/blogsaverroes.juntadeandalucia.es\/ceeesantarosadelima\/files\/2023\/04\/fisio.png\"><img loading=\"lazy\" decoding=\"async\" class=\"aligncenter size-full wp-image-4277\" src=\"https:\/\/blogsaverroes.juntadeandalucia.es\/ceeesantarosadelima\/files\/2023\/04\/fisio.png\" alt=\"\" width=\"627\" height=\"373\" srcset=\"https:\/\/blogsaverroes.juntadeandalucia.es\/ceeesantarosadelima\/files\/2023\/04\/fisio.png 627w, https:\/\/blogsaverroes.juntadeandalucia.es\/ceeesantarosadelima\/files\/2023\/04\/fisio-300x178.png 300w\" sizes=\"(max-width: 627px) 100vw, 627px\" \/><\/a><\/p>\n<p>&nbsp;<\/p>\n<h4>PROGRAMA DE TRABAJO&nbsp;<\/h4>\n<p style=\"text-align: justify\">El Servicio de Fisioterapia del Colegio est\u00e1 compuesto por 4 fisioterapeutas. Cada fisioterapeuta realiza 9 sesiones diarias de tratamiento personalizado e individualizado con el alumno o alumna.&nbsp; No se trata de un servicio de fisioterapia sanitario, en el que se busca la curaci\u00f3n y el alta de su paciente, sino que es un servicio que pretende conseguir la adaptaci\u00f3n plena de sus alumnos al aula y al modelo inclusivo de participaci\u00f3n en la comunidad educativa.<\/p>\n<p style=\"text-align: justify\">Se establecen los siguientes criterios de horarios:<\/p>\n<ul style=\"text-align: justify\">\n<li>&nbsp;Alumnado con par\u00e1lisis cerebral, menor de 6 a\u00f1os: 2-3 sesiones semanales de 30 minutos.<\/li>\n<li>Alumnado de 6 a 21 a\u00f1os, con posibilidades tanto de mejora como de evitar involuci\u00f3n: 2-3 sesiones semanales de 30 minutos.<\/li>\n<li>Alumnado mayor de 16 a\u00f1os, aut\u00f3nomo, con alteraciones de equilibrio, coordinaci\u00f3n, etc.: 2 sesiones semanales de 30 minutos.<\/li>\n<li>El alumnado sin afectaci\u00f3n por Par\u00e1lisis Cerebral pero con otras alteraciones motoras recibir\u00e1n igualmente 2 sesiones semanales, seg\u00fan criterio del servicio, atendiendo a la necesidad reflejada en el Dictamen de Escolarizaci\u00f3n.<\/li>\n<\/ul>\n<p style=\"text-align: justify\">Este curso se sigue manteniendo protocolo de trabajo iniciado con la pandemia por covid19 para minimizar los riesgos de contagios, por lo que un fisioterapeuta sigue asumiendo todos los alumnos de la misma clase al igual que el uso de material EPI.&nbsp; Se solicitar\u00e1 la colaboraci\u00f3n de todos los profesionales que est\u00e9n en contacto directo con los alumnos en las aulas, en cuanto a consejos, h\u00e1bitos posturales y ejercicios de psicomotricidad aportados por parte del servicio de fisioterapia.&nbsp; No obstante, estos criterios est\u00e1n sujetos a modificaciones atendiendo a las necesidades del servicio y a la valoraci\u00f3n espec\u00edfica de cada alumno y alumna, pudiendo existir excepciones, seg\u00fan el caso.<\/p>\n<p>&nbsp;<\/p>\n<h4>OBJETIVOS GENERALES<\/h4>\n<ul>\n<li style=\"text-align: justify\">Realizar historias cl\u00ednicas de fisioterapia a cada uno de los alumnos y alumnas que reciben tratamiento de fisioterapia.<\/li>\n<li style=\"text-align: justify\">Elaborar programas de rehabilitaci\u00f3n espec\u00edficos para cada caso en particular.<\/li>\n<li style=\"text-align: justify\">Mejorar la autonom\u00eda en los desplazamientos as\u00ed como en los cambios posturales.<\/li>\n<li style=\"text-align: justify\">Desarrollar al m\u00e1ximo la motricidad funcional utilizando de la mejor manera posible su potencialidad cerebro-motriz.<\/li>\n<li style=\"text-align: justify\">Prevenir los trastornos psicomotores que suelen asociarse al d\u00e9ficit f\u00edsico y mental y tratar las alteraciones ya existentes.<\/li>\n<li style=\"text-align: justify\">Mantener informadas a las familias sobre los progresos alcanzados por cada ni\u00f1o y ni\u00f1a y asesorarles para que su hijo\/a contin\u00fae utilizando las habilidades motrices que se tratan de instaurar o mejorar en las sesiones de fisioterapia as\u00ed como de los materiales que pueden favorecer su desarrollo motor.<\/li>\n<li style=\"text-align: justify\">Establecer una estrecha colaboraci\u00f3n-coordinaci\u00f3n con el resto de profesionales que atienden al ni\u00f1o o ni\u00f1a de manera que cada miembro del equipo refuerce con su intervenci\u00f3n al de los otros.<\/li>\n<li style=\"text-align: justify\">Buscar alternativas o soluciones ante las situaciones y problemas que vayan surgiendo en la educaci\u00f3n del ni\u00f1o\/a y que puedan estar relacionados con su afectaci\u00f3n motriz.<\/li>\n<li style=\"text-align: justify\">Valorar la necesidad de adaptaci\u00f3n del mobiliario y del material escolar, proporcion\u00e1ndoles los recursos que est\u00e9n en nuestras manos o solicitando al servicio de Mot\u00f3ricos de la Delegaci\u00f3n aquellos m\u00e1s espec\u00edficos que nos puedan facilitar.<\/li>\n<li style=\"text-align: justify\">Participar en las actividades extraescolares en las que soliciten nuestra asistencia para los alumnos con dificultades en los desplazamientos o como apoyo cuando las necesidades organizativas as\u00ed lo requieran.<\/li>\n<\/ul>\n<h4 style=\"text-align: justify\">&nbsp;<\/h4>\n<h4>OBJETIVOS ESPEC\u00cdFICOS<\/h4>\n<p style=\"text-align: justify\">Para establecer estos objetivos tendremos en cuenta la patolog\u00eda, la edad, los trastornos asociados y las caracter\u00edsticas socio-familiares del ni\u00f1o o ni\u00f1a. Estos ser\u00e1n seg\u00fan los casos:<\/p>\n<ul>\n<li style=\"text-align: justify\">Inhibir los reflejos y reacciones patol\u00f3gicas que pueden interferir en el desarrollo de patrones posturales y de movimientos normales.<\/li>\n<li style=\"text-align: justify\">Facilitar la movilidad espont\u00e1nea.<\/li>\n<li style=\"text-align: justify\">Prevenir la aparici\u00f3n de alteraciones m\u00fasculo-esquel\u00e9ticas, manteniendo la m\u00e1xima amplitud articular posible y corrigiendo los desequilibrios biomec\u00e1nicos y posturas viciosas.<\/li>\n<li style=\"text-align: justify\">Potenciar la musculatura debilitada y elongar la acortada para mantener un buen equilibrio agonista-antagonista.<\/li>\n<li style=\"text-align: justify\">Desarrollar y mejorar las reacciones de equilibrio, de enderezamiento y la inestabilidad postural.<\/li>\n<li style=\"text-align: justify\">Mejorar la coordinaci\u00f3n en general.<\/li>\n<li style=\"text-align: justify\">Reeducar patrones de marcha patol\u00f3gicas.<\/li>\n<li style=\"text-align: justify\">Favorecer y mejorar la funci\u00f3n respiratoria.<\/li>\n<li style=\"text-align: justify\">Conseguir una motricidad funcional manual y habilidades gestuales al nivel de evoluci\u00f3n motriz del ni\u00f1o-a, trabajando la prensi\u00f3n, manipulaci\u00f3n y psicomotricidad fina.<\/li>\n<li style=\"text-align: justify\">Abordar las distintas \u00e1reas que integran el desarrollo psicomotor (lateralidad, estructuraci\u00f3n t\u00e9mporo-espacial, esquema corporal, equilibrio est\u00e1tico y din\u00e1mico, coordinaci\u00f3n, relajaci\u00f3n, praxias, gnosias) y en concreto reeducar las conductas alteradas que puedan interferir en los aprendizajes escolares.<\/li>\n<\/ul>\n<h4>&nbsp;<\/h4>\n<h4>METODOLOG\u00cdA<\/h4>\n<p style=\"text-align: justify\">La metodolog\u00eda ser\u00e1 espec\u00edfica para cada ni\u00f1o y ni\u00f1a, dependiendo fundamentalmente del tipo de discapacidad motriz as\u00ed como del grado de madurez y la posible discapacidad intelectual.&nbsp; Realizaremos sesiones individualizadas de 30 minutos cada una, buscando la movilidad activa con est\u00edmulos visuales, sonoros, t\u00e1ctiles y cuando \u00e9sta no sea posible realizaremos movilizaciones pasivas, control postural y nos valdremos de los automatismos para desencadenar los movimientos.&nbsp; Se utilizar\u00e1 el material espec\u00edfico con el que est\u00e1n dotadas cada una de las salas de tratamiento.<\/p>\n<p style=\"text-align: right\">&nbsp;<\/p>\n","protected":false},"excerpt":{"rendered":"<p>Fisioterapia en el cole La Fisioterapia en el \u00e1mbito educativo es una disciplina que interviene sobre las necesidades que a nivel motor presentan los alumnos y alumnas con necesidades educativas especiales, con objeto de&#46;&#46;&#46;<\/p>\n","protected":false},"author":2004,"featured_media":5182,"parent":70,"menu_order":0,"comment_status":"closed","ping_status":"closed","template":"","meta":{"ngg_post_thumbnail":0,"footnotes":""},"aioseo_notices":[],"_links":{"self":[{"href":"https:\/\/blogsaverroes.juntadeandalucia.es\/ceeesantarosadelima\/wp-json\/wp\/v2\/pages\/50"}],"collection":[{"href":"https:\/\/blogsaverroes.juntadeandalucia.es\/ceeesantarosadelima\/wp-json\/wp\/v2\/pages"}],"about":[{"href":"https:\/\/blogsaverroes.juntadeandalucia.es\/ceeesantarosadelima\/wp-json\/wp\/v2\/types\/page"}],"author":[{"embeddable":true,"href":"https:\/\/blogsaverroes.juntadeandalucia.es\/ceeesantarosadelima\/wp-json\/wp\/v2\/users\/2004"}],"replies":[{"embeddable":true,"href":"https:\/\/blogsaverroes.juntadeandalucia.es\/ceeesantarosadelima\/wp-json\/wp\/v2\/comments?post=50"}],"version-history":[{"count":23,"href":"https:\/\/blogsaverroes.juntadeandalucia.es\/ceeesantarosadelima\/wp-json\/wp\/v2\/pages\/50\/revisions"}],"predecessor-version":[{"id":5189,"href":"https:\/\/blogsaverroes.juntadeandalucia.es\/ceeesantarosadelima\/wp-json\/wp\/v2\/pages\/50\/revisions\/5189"}],"up":[{"embeddable":true,"href":"https:\/\/blogsaverroes.juntadeandalucia.es\/ceeesantarosadelima\/wp-json\/wp\/v2\/pages\/70"}],"wp:featuredmedia":[{"embeddable":true,"href":"https:\/\/blogsaverroes.juntadeandalucia.es\/ceeesantarosadelima\/wp-json\/wp\/v2\/media\/5182"}],"wp:attachment":[{"href":"https:\/\/blogsaverroes.juntadeandalucia.es\/ceeesantarosadelima\/wp-json\/wp\/v2\/media?parent=50"}],"curies":[{"name":"wp","href":"https:\/\/api.w.org\/{rel}","templated":true}]}}