{"id":5139,"date":"2025-10-13T12:30:57","date_gmt":"2025-10-13T12:30:57","guid":{"rendered":"https:\/\/blogsaverroes.juntadeandalucia.es\/ceeesantarosadelima\/?page_id=5139"},"modified":"2025-10-13T12:33:00","modified_gmt":"2025-10-13T12:33:00","slug":"ipasen-2","status":"publish","type":"page","link":"https:\/\/blogsaverroes.juntadeandalucia.es\/ceeesantarosadelima\/ipasen-2\/","title":{"rendered":"iPasen"},"content":{"rendered":"<p style=\"text-align: justify\"><span style=\"font-family: 'Arial',sans-serif\">Desde el centro queremos facilitar la comunicaci\u00f3n entre las familias y el profesorado a trav\u00e9s de <strong data-start=\"277\" data-end=\"287\">iPasen<\/strong>, la aplicaci\u00f3n oficial de la Junta de Andaluc\u00eda.<br data-start=\"336\" data-end=\"339\"\/>Con esta herramienta podr\u00e1s consultar las <strong data-start=\"381\" data-end=\"460\">notas, comunicaciones, avisos, faltas de asistencia y el tabl\u00f3n de anuncios<\/strong> del centro de forma r\u00e1pida y segura.<\/span><\/p>\n<p style=\"text-align: justify\" data-start=\"501\" data-end=\"735\"><span style=\"font-family: 'Arial',sans-serif\">Si a\u00fan no la utilizas, te animamos a <strong data-start=\"538\" data-end=\"594\">descargar la aplicaci\u00f3n y seguir los videotutoriales<\/strong> disponibles en nuestra web.<\/span><\/p>\n<p style=\"line-height: 18.0pt;background: white;margin: 0cm 0cm 18.0pt 0cm\"><span style=\"font-family: 'Arial',sans-serif\">Con estos cinco v\u00eddeos aprender\u00e1s tanto a instalar Ipasen como a manejarlo.<\/span><\/p>\n<p style=\"line-height: 18.0pt;background: white;text-align: start;margin: 0cm 0cm 18.0pt 0cm\"><span style=\"font-family: 'Arial',sans-serif\">V\u00eddeo 1 : Instalaci\u00f3n, acceso, ajustes y pantalla de inicio de iPasen<\/span><\/p>\n<p style=\"text-align: center\"><iframe loading=\"lazy\" src=\"https:\/\/www.youtube.com\/embed\/TBImswAkI4c?si=kaV7SepBb12Iost0\" width=\"560\" height=\"315\" frameborder=\"0\"><\/iframe><\/p>\n<p>V\u00eddeo 2: Comunicaci\u00f3n con el centro y con el profesorado<\/p>\n<p style=\"text-align: center\"><iframe loading=\"lazy\" src=\"https:\/\/www.youtube.com\/embed\/33A9Mwfead8?si=pW-uEDzKTvnXlR6K\" width=\"560\" height=\"315\" frameborder=\"0\"><\/iframe><\/p>\n<p>V\u00eddeo 3: Perfil del alumnado<\/p>\n<p style=\"text-align: center\">&nbsp;<iframe loading=\"lazy\" src=\"https:\/\/www.youtube.com\/embed\/OWqEbzmfalM?si=0JmZ8LkwvhO348pA\" width=\"560\" height=\"315\" frameborder=\"0\"><\/iframe><\/p>\n<p>&nbsp;<\/p>\n<p>V\u00eddeo 4: Tr\u00e1mites y gestiones<\/p>\n<p style=\"text-align: center\"><iframe loading=\"lazy\" src=\"https:\/\/www.youtube.com\/embed\/lvz23_lRJG4?si=E40wxaw_D5PvHYpo\" width=\"560\" height=\"315\" frameborder=\"0\"><\/iframe><\/p>\n<p>V\u00eddeo 5: Pasen Web<\/p>\n<p style=\"text-align: center\"><iframe loading=\"lazy\" src=\"https:\/\/www.youtube.com\/embed\/6k1zUEQolh4?si=efxsWGw0gtE8br4w\" width=\"560\" height=\"315\" frameborder=\"0\"><\/iframe><\/p>\n","protected":false},"excerpt":{"rendered":"<p>Desde el centro queremos facilitar la comunicaci\u00f3n entre las familias y el profesorado a trav\u00e9s de iPasen, la aplicaci\u00f3n oficial de la Junta de Andaluc\u00eda.Con esta herramienta podr\u00e1s consultar las notas, comunicaciones, avisos, faltas&#46;&#46;&#46;<\/p>\n","protected":false},"author":2004,"featured_media":0,"parent":0,"menu_order":0,"comment_status":"closed","ping_status":"closed","template":"","meta":{"ngg_post_thumbnail":0,"footnotes":""},"aioseo_notices":[],"_links":{"self":[{"href":"https:\/\/blogsaverroes.juntadeandalucia.es\/ceeesantarosadelima\/wp-json\/wp\/v2\/pages\/5139"}],"collection":[{"href":"https:\/\/blogsaverroes.juntadeandalucia.es\/ceeesantarosadelima\/wp-json\/wp\/v2\/pages"}],"about":[{"href":"https:\/\/blogsaverroes.juntadeandalucia.es\/ceeesantarosadelima\/wp-json\/wp\/v2\/types\/page"}],"author":[{"embeddable":true,"href":"https:\/\/blogsaverroes.juntadeandalucia.es\/ceeesantarosadelima\/wp-json\/wp\/v2\/users\/2004"}],"replies":[{"embeddable":true,"href":"https:\/\/blogsaverroes.juntadeandalucia.es\/ceeesantarosadelima\/wp-json\/wp\/v2\/comments?post=5139"}],"version-history":[{"count":8,"href":"https:\/\/blogsaverroes.juntadeandalucia.es\/ceeesantarosadelima\/wp-json\/wp\/v2\/pages\/5139\/revisions"}],"predecessor-version":[{"id":5148,"href":"https:\/\/blogsaverroes.juntadeandalucia.es\/ceeesantarosadelima\/wp-json\/wp\/v2\/pages\/5139\/revisions\/5148"}],"wp:attachment":[{"href":"https:\/\/blogsaverroes.juntadeandalucia.es\/ceeesantarosadelima\/wp-json\/wp\/v2\/media?parent=5139"}],"curies":[{"name":"wp","href":"https:\/\/api.w.org\/{rel}","templated":true}]}}