{"id":589,"date":"2015-12-09T16:05:27","date_gmt":"2015-12-09T16:05:27","guid":{"rendered":"http:\/\/blogsaverroes.juntadeandalucia.es\/ceeesantarosadelima\/?page_id=589"},"modified":"2026-04-05T10:46:48","modified_gmt":"2026-04-05T10:46:48","slug":"secretaria","status":"publish","type":"page","link":"https:\/\/blogsaverroes.juntadeandalucia.es\/ceeesantarosadelima\/nuestro-centro\/secretaria\/","title":{"rendered":"Admisi\u00f3n \/ matriculaci\u00f3n"},"content":{"rendered":"<p><a href=\"https:\/\/blogsaverroes.juntadeandalucia.es\/ceeesantarosadelima\/files\/2026\/04\/escolarizacion.png\"><img loading=\"lazy\" decoding=\"async\" class=\"aligncenter wp-image-5734 size-large\" src=\"https:\/\/blogsaverroes.juntadeandalucia.es\/ceeesantarosadelima\/files\/2026\/04\/escolarizacion-1024x463.png\" alt=\"\" width=\"1024\" height=\"463\" srcset=\"https:\/\/blogsaverroes.juntadeandalucia.es\/ceeesantarosadelima\/files\/2026\/04\/escolarizacion-1024x463.png 1024w, https:\/\/blogsaverroes.juntadeandalucia.es\/ceeesantarosadelima\/files\/2026\/04\/escolarizacion-300x136.png 300w, https:\/\/blogsaverroes.juntadeandalucia.es\/ceeesantarosadelima\/files\/2026\/04\/escolarizacion-768x348.png 768w, https:\/\/blogsaverroes.juntadeandalucia.es\/ceeesantarosadelima\/files\/2026\/04\/escolarizacion.png 1536w\" sizes=\"(max-width: 1024px) 100vw, 1024px\" \/><\/a><\/p>\n<div class=\"contenido-web-banner contenido-web-banner--np reverse mb-3\">\n<div class=\"container\">\n<div class=\"contenido-web-banner__cont-header-logo\">\n<div class=\"contenido-web-banner__container-header\">\n<header class=\"contenido-web-banner__header\">\n<h2 class=\"contenido-web-banner__no-underline\">Informaci\u00f3n general<\/h2>\n<\/header>\n<\/div>\n<\/div>\n<\/div>\n<\/div>\n<div class=\"detalleContenidoWeb\">\n<div class=\"container\">\n<div class=\"content\">\n<p>La Consejer\u00eda de Desarrollo Educativo y Formaci\u00f3n Profesional convoca el procedimiento de admisi\u00f3n del alumnado en los centros docentes p\u00fablicos y privados concertados para cursar las ense\u00f1anzas de 2\u00ba Ciclo de Educaci\u00f3n Infantil, Educaci\u00f3n Primaria, Educaci\u00f3n Especial, Educaci\u00f3n Secundaria Obligatoria y Bachillerato para el curso escolar&nbsp;<strong>2026\/27<\/strong>.<\/p>\n<p><strong>Del 1 al 31 de marzo<\/strong>, ambos inclusive, permanecer\u00e1 abierto en Andaluc\u00eda el plazo para la presentaci\u00f3n de solicitudes de admisi\u00f3n correspondientes al curso escolar&nbsp;<strong>2026\/27<\/strong>.&nbsp;&nbsp;Se inicia de este modo el proceso de escolarizaci\u00f3n en el que participan todos los ni\u00f1os y ni\u00f1as que se incorporan por primera vez al sistema educativo, tanto en centros p\u00fablicos como privados concertados, as\u00ed como el alumnado que cambie de centro escolar.<br \/>\nContin\u00faa publicada, con nuevas mejoras, la aplicaci\u00f3n para smartphones que permite realizar consultas de centros as\u00ed como de los puntos del baremo por domicilio.<\/p>\n<p>Por su parte, los centros educativos publican la relaci\u00f3n de puestos escolares vacantes as\u00ed como la informaci\u00f3n sobre las direcciones catastrales comprendidas en sus \u00e1reas de influencia y \u00e1reas lim\u00edtrofes. Cuando la oferta de plazas coincida o sea superior a la demanda, los solicitantes ser\u00e1n admitidos. Solo en aquellos casos donde no se pueda atender toda la demanda, se proceder\u00e1 a la baremaci\u00f3n de las solicitudes.<\/p>\n<p>Los centros har\u00e1n p\u00fablica en su tabl\u00f3n de anuncios,&nbsp;<strong>antes del 21 de abril<\/strong>, la relaci\u00f3n de solicitantes con la puntuaci\u00f3n asignada y, a partir de esa fecha, se abrir\u00e1 un plazo de&nbsp;<strong>10 d\u00edas lectivos para la presentaci\u00f3n de alegaciones<\/strong>. Si tras la aplicaci\u00f3n de los criterios de baremaci\u00f3n se producen empates, se aplicar\u00e1 el resultado del&nbsp;<strong>sorteo p\u00fablico<\/strong>&nbsp;que se celebrar\u00e1 el d\u00eda&nbsp;<strong>13 de mayo de 2026<\/strong>. La relaci\u00f3n definitiva de admitidos y no admitidos saldr\u00e1 el&nbsp;<strong>14 de mayo<\/strong>.<\/p>\n<\/div>\n<\/div>\n<\/div>\n<p><img loading=\"lazy\" decoding=\"async\" class=\"alignleft wp-image-4712\" src=\"https:\/\/blogsaverroes.juntadeandalucia.es\/ceeesantarosadelima\/files\/2025\/02\/Telematica.jpg\" alt=\"\" width=\"189\" height=\"207\" srcset=\"https:\/\/blogsaverroes.juntadeandalucia.es\/ceeesantarosadelima\/files\/2025\/02\/Telematica.jpg 328w, https:\/\/blogsaverroes.juntadeandalucia.es\/ceeesantarosadelima\/files\/2025\/02\/Telematica-273x300.jpg 273w\" sizes=\"(max-width: 189px) 100vw, 189px\" \/><\/p>\n<p>&nbsp;<\/p>\n<p><img loading=\"lazy\" decoding=\"async\" class=\"wp-image-4722 alignleft\" src=\"https:\/\/blogsaverroes.juntadeandalucia.es\/ceeesantarosadelima\/files\/2025\/02\/clic.png\" alt=\"\" width=\"36\" height=\"39\"\/><br \/>\n<a href=\"https:\/\/www.juntadeandalucia.es\/educacion\/secretariavirtual\/\" target=\"_blank\" rel=\"noopener\">Presentaci\u00f3n telem\u00e1tica de la solicitud de admisi\u00f3n.<\/a><\/p>\n<p style=\"text-align: justify\">En la Secretar\u00eda Virtual de los Centros Educativos se puede realizar Presentaci\u00f3n telem\u00e1tica de la admisi\u00f3n del alumnado en los centros docentes sostenidos con fondos p\u00fablicos de las ense\u00f1anzas de 2\u00ba Ciclo de Educaci\u00f3n Infantil, Educaci\u00f3n Primaria, Educaci\u00f3n Especial, Educaci\u00f3n Secundaria Obligatoria y Bachillerato.<\/p>\n<p>&nbsp;<\/p>\n<p><a href=\"https:\/\/portales.ced.junta-andalucia.es\/educacion\/portales\/web\/escolarizacion\/infantil-a-bachillerato\/impresos\" target=\"_blank\" rel=\"noopener\"><br \/>\n<\/a><img loading=\"lazy\" decoding=\"async\" class=\"alignleft wp-image-4726\" src=\"https:\/\/blogsaverroes.juntadeandalucia.es\/ceeesantarosadelima\/files\/2025\/02\/impresos.jpg\" alt=\"\" width=\"188\" height=\"267\" srcset=\"https:\/\/blogsaverroes.juntadeandalucia.es\/ceeesantarosadelima\/files\/2025\/02\/impresos.jpg 555w, https:\/\/blogsaverroes.juntadeandalucia.es\/ceeesantarosadelima\/files\/2025\/02\/impresos-211x300.jpg 211w\" sizes=\"(max-width: 188px) 100vw, 188px\" \/><\/p>\n<p style=\"text-align: justify\"><img loading=\"lazy\" decoding=\"async\" class=\" wp-image-4722 alignleft\" src=\"https:\/\/blogsaverroes.juntadeandalucia.es\/ceeesantarosadelima\/files\/2025\/02\/clic.png\" alt=\"\" width=\"36\" height=\"38\"\/><br \/>\n<a href=\"https:\/\/www.juntadeandalucia.es\/educacion\/portales\/web\/escolarizacion\/infantil-a-bachillerato\/impresos\" target=\"_blank\" rel=\"noopener\">Impresos de admisi\u00f3n y matriculaci\u00f3n.<\/a><\/p>\n<p>Anexos de la Orden de 20 de febrero de 2020, por la que se desarrolla el procedimiento de admisi\u00f3n del alumnado en los centros docentes p\u00fablicos y privados concertados para cursar las ense\u00f1anzas de segundo ciclo de educaci\u00f3n infantil, educaci\u00f3n primaria, educaci\u00f3n especial, educaci\u00f3n secundaria obligatoria y bachillerato<\/p>\n<p>&nbsp;<\/p>\n<p>&nbsp;<\/p>\n<p>&nbsp;<\/p>\n<p><img loading=\"lazy\" decoding=\"async\" class=\"wp-image-4795 alignleft\" src=\"https:\/\/blogsaverroes.juntadeandalucia.es\/ceeesantarosadelima\/files\/2025\/05\/complementarios-e1748423092665.png\" alt=\"\" width=\"190\" height=\"272\"\/><img loading=\"lazy\" decoding=\"async\" class=\"wp-image-4722 alignnone\" src=\"https:\/\/blogsaverroes.juntadeandalucia.es\/ceeesantarosadelima\/files\/2025\/02\/clic.png\" alt=\"\" width=\"35\" height=\"35\"\/>&nbsp; &nbsp;SERVICIOS COMPLEMENTARIOS<br \/>\n&nbsp; &nbsp; &nbsp; &nbsp; &nbsp; &nbsp;<a href=\"https:\/\/www.juntadeandalucia.es\/haciendayadministracionpublica\/rpa-icms-doc\/icmsDescargaDoc.do?tipo=4b40ba71bf0bae77c7a9e6765035191a&amp;id=a8887e9809f1acdd46593efdace082bb\" target=\"_blank\" rel=\"noopener\">Impreso&nbsp; de&nbsp; solicitud&nbsp; de gratuidad\/bonificaci\u00f3n&nbsp; &nbsp;del&nbsp; precio por&nbsp; los&nbsp; servicios&nbsp; complementarios<\/a><br \/>\n&nbsp; &nbsp; &nbsp; &nbsp; &nbsp; &nbsp;<a href=\"https:\/\/www.juntadeandalucia.es\/haciendayadministracionpublica\/rpa-icms-doc\/icmsDescargaDoc.do?tipo=4b40ba71bf0bae77c7a9e6765035191a&amp;id=7c5af407ff29a88f5bf204fd72c5dfeb\" target=\"_blank\" rel=\"noopener\">Impreso de solicitud de comedor<\/a><br \/>\n&nbsp; &nbsp; &nbsp; &nbsp; &nbsp; &nbsp;<a href=\"https:\/\/blogsaverroes.juntadeandalucia.es\/ceeesantarosadelima\/files\/2025\/05\/Scan.pdf\" target=\"_blank\" rel=\"noopener\">Solicitud de transporte escola<\/a>r<\/p>\n","protected":false},"excerpt":{"rendered":"<p>Informaci\u00f3n general La Consejer\u00eda de Desarrollo Educativo y Formaci\u00f3n Profesional convoca el procedimiento de admisi\u00f3n del alumnado en los centros docentes p\u00fablicos y privados concertados para cursar las ense\u00f1anzas de 2\u00ba Ciclo de Educaci\u00f3n&#46;&#46;&#46;<\/p>\n","protected":false},"author":2004,"featured_media":972,"parent":29,"menu_order":0,"comment_status":"closed","ping_status":"open","template":"","meta":{"ngg_post_thumbnail":0,"footnotes":""},"aioseo_notices":[],"_links":{"self":[{"href":"https:\/\/blogsaverroes.juntadeandalucia.es\/ceeesantarosadelima\/wp-json\/wp\/v2\/pages\/589"}],"collection":[{"href":"https:\/\/blogsaverroes.juntadeandalucia.es\/ceeesantarosadelima\/wp-json\/wp\/v2\/pages"}],"about":[{"href":"https:\/\/blogsaverroes.juntadeandalucia.es\/ceeesantarosadelima\/wp-json\/wp\/v2\/types\/page"}],"author":[{"embeddable":true,"href":"https:\/\/blogsaverroes.juntadeandalucia.es\/ceeesantarosadelima\/wp-json\/wp\/v2\/users\/2004"}],"replies":[{"embeddable":true,"href":"https:\/\/blogsaverroes.juntadeandalucia.es\/ceeesantarosadelima\/wp-json\/wp\/v2\/comments?post=589"}],"version-history":[{"count":82,"href":"https:\/\/blogsaverroes.juntadeandalucia.es\/ceeesantarosadelima\/wp-json\/wp\/v2\/pages\/589\/revisions"}],"predecessor-version":[{"id":5735,"href":"https:\/\/blogsaverroes.juntadeandalucia.es\/ceeesantarosadelima\/wp-json\/wp\/v2\/pages\/589\/revisions\/5735"}],"up":[{"embeddable":true,"href":"https:\/\/blogsaverroes.juntadeandalucia.es\/ceeesantarosadelima\/wp-json\/wp\/v2\/pages\/29"}],"wp:featuredmedia":[{"embeddable":true,"href":"https:\/\/blogsaverroes.juntadeandalucia.es\/ceeesantarosadelima\/wp-json\/wp\/v2\/media\/972"}],"wp:attachment":[{"href":"https:\/\/blogsaverroes.juntadeandalucia.es\/ceeesantarosadelima\/wp-json\/wp\/v2\/media?parent=589"}],"curies":[{"name":"wp","href":"https:\/\/api.w.org\/{rel}","templated":true}]}}