{"id":16,"date":"2020-01-09T12:31:22","date_gmt":"2020-01-09T11:31:22","guid":{"rendered":"http:\/\/blogsaverroes.juntadeandalucia.es\/pre\/nuevoceip2v2\/?page_id=16"},"modified":"2025-06-13T09:47:47","modified_gmt":"2025-06-13T08:47:47","slug":"fbo","status":"publish","type":"page","link":"https:\/\/blogsaverroes.juntadeandalucia.es\/ceeevirgendelaesperanza\/fbo\/","title":{"rendered":"FBO"},"content":{"rendered":"<p>[et_pb_section fb_built=&#8221;1&#8243; _builder_version=&#8221;4.16&#8243; custom_padding=&#8221;0px||0px|&#8221; z_index_tablet=&#8221;500&#8243; box_shadow_horizontal_tablet=&#8221;0px&#8221; box_shadow_vertical_tablet=&#8221;0px&#8221; box_shadow_blur_tablet=&#8221;40px&#8221; box_shadow_spread_tablet=&#8221;0px&#8221; global_colors_info=&#8221;{}&#8221;][et_pb_row _builder_version=&#8221;4.16&#8243; background_size=&#8221;initial&#8221; background_position=&#8221;top_left&#8221; background_repeat=&#8221;repeat&#8221; global_colors_info=&#8221;{}&#8221;][et_pb_column type=&#8221;4_4&#8243; _builder_version=&#8221;4.16&#8243; custom_padding=&#8221;|||&#8221; global_colors_info=&#8221;{}&#8221; custom_padding__hover=&#8221;|||&#8221;][et_pb_text admin_label=&#8221;Texto descriptivo&#8221; _builder_version=&#8221;4.24.2&#8243; z_index_tablet=&#8221;500&#8243; text_text_shadow_horizontal_length_tablet=&#8221;0px&#8221; text_text_shadow_vertical_length_tablet=&#8221;0px&#8221; text_text_shadow_blur_strength_tablet=&#8221;1px&#8221; link_text_shadow_horizontal_length_tablet=&#8221;0px&#8221; link_text_shadow_vertical_length_tablet=&#8221;0px&#8221; link_text_shadow_blur_strength_tablet=&#8221;1px&#8221; ul_text_shadow_horizontal_length_tablet=&#8221;0px&#8221; ul_text_shadow_vertical_length_tablet=&#8221;0px&#8221; ul_text_shadow_blur_strength_tablet=&#8221;1px&#8221; ol_text_shadow_horizontal_length_tablet=&#8221;0px&#8221; ol_text_shadow_vertical_length_tablet=&#8221;0px&#8221; ol_text_shadow_blur_strength_tablet=&#8221;1px&#8221; quote_text_shadow_horizontal_length_tablet=&#8221;0px&#8221; quote_text_shadow_vertical_length_tablet=&#8221;0px&#8221; quote_text_shadow_blur_strength_tablet=&#8221;1px&#8221; header_text_shadow_horizontal_length_tablet=&#8221;0px&#8221; header_text_shadow_vertical_length_tablet=&#8221;0px&#8221; header_text_shadow_blur_strength_tablet=&#8221;1px&#8221; header_2_text_shadow_horizontal_length_tablet=&#8221;0px&#8221; header_2_text_shadow_vertical_length_tablet=&#8221;0px&#8221; header_2_text_shadow_blur_strength_tablet=&#8221;1px&#8221; header_3_text_shadow_horizontal_length_tablet=&#8221;0px&#8221; header_3_text_shadow_vertical_length_tablet=&#8221;0px&#8221; header_3_text_shadow_blur_strength_tablet=&#8221;1px&#8221; header_4_text_shadow_horizontal_length_tablet=&#8221;0px&#8221; header_4_text_shadow_vertical_length_tablet=&#8221;0px&#8221; header_4_text_shadow_blur_strength_tablet=&#8221;1px&#8221; header_5_text_shadow_horizontal_length_tablet=&#8221;0px&#8221; header_5_text_shadow_vertical_length_tablet=&#8221;0px&#8221; header_5_text_shadow_blur_strength_tablet=&#8221;1px&#8221; header_6_text_shadow_horizontal_length_tablet=&#8221;0px&#8221; header_6_text_shadow_vertical_length_tablet=&#8221;0px&#8221; header_6_text_shadow_blur_strength_tablet=&#8221;1px&#8221; box_shadow_horizontal_tablet=&#8221;0px&#8221; box_shadow_vertical_tablet=&#8221;0px&#8221; box_shadow_blur_tablet=&#8221;40px&#8221; box_shadow_spread_tablet=&#8221;0px&#8221; global_colors_info=&#8221;{}&#8221;]<\/p>\n<h2>Formaci\u00f3n b\u00e1sica obligatoria<\/h2>\n<p>&nbsp;<\/p>\n<p style=\"text-align: justify\">El per\u00edodo de formaci\u00f3n b\u00e1sica de car\u00e1cter obligatorio se organizar\u00e1 en ciclos y el proyecto curricular tomar\u00e1 como referentes las ense\u00f1anzas correspondientes a la Educaci\u00f3n Infantil y a la Educaci\u00f3n Primaria, en sus diferentes \u00e1mbitos y \u00e1reas, pudiendo dar cabida al desarrollo de las capacidades de la Educaci\u00f3n Secundaria Obligatoria, de acuerdo con las posibilidades y las necesidades educativas de cada alumno o alumna.<span>\u00a0<\/span><\/p>\n<p style=\"text-align: justify\">El <strong>primer ciclo<\/strong> escolarizar\u00e1 al alumnado con edades comprendidas entre los 6 y los 10 a\u00f1os de edad.<\/p>\n<p style=\"text-align: justify\">Este ciclo tendr\u00e1 por finalidad b\u00e1sica la estimulaci\u00f3n del desarrollo en sus diferentes \u00e1mbitos y la adquisici\u00f3n de una imagen de s\u00ed mismo y los h\u00e1bitos b\u00e1sicos de comportamiento que permitan al alumno\/a establecer una relaci\u00f3n comunicativa con el entorno. El referente para la elaboraci\u00f3n del proyecto curricular ser\u00e1 el curr\u00edculo correspondiente a la Educaci\u00f3n Infantil, seleccionando y adaptando aquellos objetivos y contenidos que mejor se adecuen a las caracter\u00edsticas y necesidades de este alumnado.<\/p>\n<p style=\"text-align: justify\">El <strong>segundo ciclo<\/strong> escolarizar\u00e1 al alumnado con edades comprendidas entre los 10 y los 13 a\u00f1os de edad.<\/p>\n<p style=\"text-align: justify\">Este ciclo tendr\u00e1 por finalidad b\u00e1sica consolidar las capacidades cognitivas b\u00e1sicas y la capacidad de comunicaci\u00f3n oral o mediante sistemas aumentativos. Asimismo, se dirigir\u00e1 hacia la adquisici\u00f3n de las habilidades sociales y escolares funcionales que permitan su desenvolvimiento aut\u00f3nomo en los contextos familiar, escolar y comunitario. La adquisici\u00f3n de los aprendizajes instrumentales podr\u00e1 ser tambi\u00e9n un objetivo de este ciclo cuando las posibilidades del alumno o alumna lo permitan y se considere que estos aprendizajes ser\u00e1n funcionales para su integraci\u00f3n social y comunitaria.\u00a0El referente para la elaboraci\u00f3n del proyecto curricular ser\u00e1 el curr\u00edculo correspondiente a la Educaci\u00f3n Infantil o al primer ciclo de la Educaci\u00f3n Primaria\u00a0seleccionando y adaptando aquellos objetivos y contenidos que mejor se adecuen a las caracter\u00edsticas y necesidades de este alumnado.<\/p>\n<p style=\"text-align: justify\">El <strong>tercer ciclo<\/strong> escolarizar\u00e1 al alumnado con edades comprendidas entre los 13 y los 16 a\u00f1os de edad.<\/p>\n<p style=\"text-align: justify\">Este ciclo tendr\u00e1 por finalidad consolidar la capacidad de comunicaci\u00f3n, el manejo de las t\u00e9cnicas instrumentales b\u00e1sicas, la adquisici\u00f3n de habilidades y destrezas laborales polivalentes y la autonom\u00eda personal en el \u00e1mbito dom\u00e9stico, as\u00ed como el desenvolvimiento aut\u00f3nomo en la comunidad y el aprovechamiento de los recursos sociales, deportivos y culturales de la comunidad. El referente para la elaboraci\u00f3n del proyecto curricular ser\u00e1 el curr\u00edculo correspondiente a la Educaci\u00f3n Primaria y, en su caso, a la Educaci\u00f3n Secundaria Obligatoria, seleccionando y adaptando aquellos objetivos y contenidos que mejor se adecuen a las caracter\u00edsticas y necesidades de este alumnado.<\/p>\n<p>[\/et_pb_text][\/et_pb_column][\/et_pb_row][\/et_pb_section]<\/p>\n","protected":false},"excerpt":{"rendered":"<p>La Formaci\u00f3n B\u00e1sica Obligatoria se organiza en tres ciclos, adaptados a las necesidades del alumnado, desde la estimulaci\u00f3n hasta la autonom\u00eda personal y laboral.<\/p>\n","protected":false},"author":19124,"featured_media":0,"parent":0,"menu_order":0,"comment_status":"closed","ping_status":"closed","template":"","meta":{"_et_pb_use_builder":"on","_et_pb_old_content":"","_et_gb_content_width":"","ngg_post_thumbnail":0,"footnotes":""},"aioseo_notices":[],"_links":{"self":[{"href":"https:\/\/blogsaverroes.juntadeandalucia.es\/ceeevirgendelaesperanza\/wp-json\/wp\/v2\/pages\/16"}],"collection":[{"href":"https:\/\/blogsaverroes.juntadeandalucia.es\/ceeevirgendelaesperanza\/wp-json\/wp\/v2\/pages"}],"about":[{"href":"https:\/\/blogsaverroes.juntadeandalucia.es\/ceeevirgendelaesperanza\/wp-json\/wp\/v2\/types\/page"}],"author":[{"embeddable":true,"href":"https:\/\/blogsaverroes.juntadeandalucia.es\/ceeevirgendelaesperanza\/wp-json\/wp\/v2\/users\/19124"}],"replies":[{"embeddable":true,"href":"https:\/\/blogsaverroes.juntadeandalucia.es\/ceeevirgendelaesperanza\/wp-json\/wp\/v2\/comments?post=16"}],"version-history":[{"count":10,"href":"https:\/\/blogsaverroes.juntadeandalucia.es\/ceeevirgendelaesperanza\/wp-json\/wp\/v2\/pages\/16\/revisions"}],"predecessor-version":[{"id":960,"href":"https:\/\/blogsaverroes.juntadeandalucia.es\/ceeevirgendelaesperanza\/wp-json\/wp\/v2\/pages\/16\/revisions\/960"}],"wp:attachment":[{"href":"https:\/\/blogsaverroes.juntadeandalucia.es\/ceeevirgendelaesperanza\/wp-json\/wp\/v2\/media?parent=16"}],"curies":[{"name":"wp","href":"https:\/\/api.w.org\/{rel}","templated":true}]}}