{"id":30,"date":"2020-01-09T12:41:20","date_gmt":"2020-01-09T11:41:20","guid":{"rendered":"http:\/\/blogsaverroes.juntadeandalucia.es\/pre\/nuevoceip2v2\/?page_id=30"},"modified":"2025-03-17T11:33:26","modified_gmt":"2025-03-17T10:33:26","slug":"ampa","status":"publish","type":"page","link":"https:\/\/blogsaverroes.juntadeandalucia.es\/ceeevirgendelaesperanza\/ampa\/","title":{"rendered":"AMPA"},"content":{"rendered":"<p>[et_pb_section fb_built=&#8221;1&#8243; _builder_version=&#8221;4.16&#8243; custom_padding=&#8221;0px||0px|&#8221; hover_enabled=&#8221;0&#8243; z_index_tablet=&#8221;500&#8243; box_shadow_horizontal_tablet=&#8221;0px&#8221; box_shadow_vertical_tablet=&#8221;0px&#8221; box_shadow_blur_tablet=&#8221;40px&#8221; box_shadow_spread_tablet=&#8221;0px&#8221; global_colors_info=&#8221;{}&#8221; sticky_enabled=&#8221;0&#8243;][et_pb_row _builder_version=&#8221;4.16&#8243; background_size=&#8221;initial&#8221; background_position=&#8221;top_left&#8221; background_repeat=&#8221;repeat&#8221; global_colors_info=&#8221;{}&#8221;][et_pb_column type=&#8221;4_4&#8243; _builder_version=&#8221;4.16&#8243; custom_padding=&#8221;|||&#8221; global_colors_info=&#8221;{}&#8221; custom_padding__hover=&#8221;|||&#8221;][et_pb_image src=&#8221;https:\/\/blogsaverroes.juntadeandalucia.es\/ceeevirgendelaesperanza\/files\/2020\/01\/cabecera-interior-4.jpg&#8221; title_text=&#8221;cabecera-interior-4&#8243; disabled_on=&#8221;on|on|on&#8221; admin_label=&#8221;Imagen de la portada&#8221; _builder_version=&#8221;4.16&#8243; z_index_tablet=&#8221;500&#8243; box_shadow_horizontal_tablet=&#8221;0px&#8221; box_shadow_vertical_tablet=&#8221;0px&#8221; box_shadow_blur_tablet=&#8221;40px&#8221; box_shadow_spread_tablet=&#8221;0px&#8221; disabled=&#8221;on&#8221; global_colors_info=&#8221;{}&#8221;][\/et_pb_image][et_pb_text admin_label=&#8221;Texto descriptivo&#8221; _builder_version=&#8221;4.24.2&#8243; hover_enabled=&#8221;0&#8243; z_index_tablet=&#8221;500&#8243; text_text_shadow_horizontal_length_tablet=&#8221;0px&#8221; text_text_shadow_vertical_length_tablet=&#8221;0px&#8221; text_text_shadow_blur_strength_tablet=&#8221;1px&#8221; link_text_shadow_horizontal_length_tablet=&#8221;0px&#8221; link_text_shadow_vertical_length_tablet=&#8221;0px&#8221; link_text_shadow_blur_strength_tablet=&#8221;1px&#8221; ul_text_shadow_horizontal_length_tablet=&#8221;0px&#8221; ul_text_shadow_vertical_length_tablet=&#8221;0px&#8221; ul_text_shadow_blur_strength_tablet=&#8221;1px&#8221; ol_text_shadow_horizontal_length_tablet=&#8221;0px&#8221; ol_text_shadow_vertical_length_tablet=&#8221;0px&#8221; ol_text_shadow_blur_strength_tablet=&#8221;1px&#8221; quote_text_shadow_horizontal_length_tablet=&#8221;0px&#8221; quote_text_shadow_vertical_length_tablet=&#8221;0px&#8221; quote_text_shadow_blur_strength_tablet=&#8221;1px&#8221; header_text_shadow_horizontal_length_tablet=&#8221;0px&#8221; header_text_shadow_vertical_length_tablet=&#8221;0px&#8221; header_text_shadow_blur_strength_tablet=&#8221;1px&#8221; header_2_text_shadow_horizontal_length_tablet=&#8221;0px&#8221; header_2_text_shadow_vertical_length_tablet=&#8221;0px&#8221; header_2_text_shadow_blur_strength_tablet=&#8221;1px&#8221; header_3_text_shadow_horizontal_length_tablet=&#8221;0px&#8221; header_3_text_shadow_vertical_length_tablet=&#8221;0px&#8221; header_3_text_shadow_blur_strength_tablet=&#8221;1px&#8221; header_4_text_shadow_horizontal_length_tablet=&#8221;0px&#8221; header_4_text_shadow_vertical_length_tablet=&#8221;0px&#8221; header_4_text_shadow_blur_strength_tablet=&#8221;1px&#8221; header_5_text_shadow_horizontal_length_tablet=&#8221;0px&#8221; header_5_text_shadow_vertical_length_tablet=&#8221;0px&#8221; header_5_text_shadow_blur_strength_tablet=&#8221;1px&#8221; header_6_text_shadow_horizontal_length_tablet=&#8221;0px&#8221; header_6_text_shadow_vertical_length_tablet=&#8221;0px&#8221; header_6_text_shadow_blur_strength_tablet=&#8221;1px&#8221; box_shadow_horizontal_tablet=&#8221;0px&#8221; box_shadow_vertical_tablet=&#8221;0px&#8221; box_shadow_blur_tablet=&#8221;40px&#8221; box_shadow_spread_tablet=&#8221;0px&#8221; global_colors_info=&#8221;{}&#8221; sticky_enabled=&#8221;0&#8243;]<\/p>\n<h4 style=\"text-align: justify\">La\u00a0 asociaci\u00f3n de madres y padres de nuestro<span>\u00a0<\/span><strong>Centro de Educaci\u00f3n Especial Virgen de la Esperanza<\/strong><span> &#8220;La Savia&#8221;.<\/span><\/h4>\n<h4 style=\"text-align: justify\">Nuestra misi\u00f3n es colaborar activamente con el colegio para mejorar la calidad educativa y el bienestar de nuestros hijos e hijas. Trabajamos en estrecha coordinaci\u00f3n con el equipo docente y la direcci\u00f3n del centro para apoyar iniciativas, impulsar actividades y fomentar un entorno inclusivo donde cada alumno y alumna pueda desarrollar su m\u00e1ximo potencial.<\/h4>\n<h4 style=\"text-align: justify\"><strong><br \/>\u00bfQu\u00e9 hacemos?<\/strong><\/h4>\n<h4 style=\"text-align: justify\"><img decoding=\"async\" data-emoji=\"\u2705\" class=\"an1\" alt=\"\u2705\" aria-label=\"\u2705\" src=\"https:\/\/fonts.gstatic.com\/s\/e\/notoemoji\/16.0\/2705\/32.png\" loading=\"lazy\" \/><span>\u00a0<\/span><strong>Apoyo a familias<\/strong>: Ofrecemos asesoramiento y acompa\u00f1amiento en el proceso educativo de nuestros hijos.<br \/><img decoding=\"async\" data-emoji=\"\u2705\" class=\"an1\" alt=\"\u2705\" aria-label=\"\u2705\" src=\"https:\/\/fonts.gstatic.com\/s\/e\/notoemoji\/16.0\/2705\/32.png\" loading=\"lazy\" \/><span>\u00a0<\/span><strong>Colaboraci\u00f3n con el centro<\/strong>: Participamos en proyectos, mejoras de instalaciones y adquisici\u00f3n de recursos.<br \/><img decoding=\"async\" data-emoji=\"\u2705\" class=\"an1\" alt=\"\u2705\" aria-label=\"\u2705\" src=\"https:\/\/fonts.gstatic.com\/s\/e\/notoemoji\/16.0\/2705\/32.png\" loading=\"lazy\" \/><span>\u00a0<\/span><strong>Organizaci\u00f3n de actividades<\/strong>: Promovemos eventos, salidas y actividades l\u00fadicas que enriquecen la experiencia educativa.<br \/><img decoding=\"async\" data-emoji=\"\u2705\" class=\"an1\" alt=\"\u2705\" aria-label=\"\u2705\" src=\"https:\/\/fonts.gstatic.com\/s\/e\/notoemoji\/16.0\/2705\/32.png\" loading=\"lazy\" \/><span>\u00a0<\/span><strong>Reivindicaci\u00f3n de derechos<\/strong>: Defendemos las necesidades del alumnado con diversidad funcional y trabajamos para una sociedad m\u00e1s inclusiva.<\/h4>\n<h4 style=\"text-align: justify\"><strong><br \/>\u00danete a nosotros<\/strong><\/h4>\n<h4 style=\"text-align: justify\"><strong><\/strong>La participaci\u00f3n de las familias es clave para seguir creciendo y mejorar cada d\u00eda. Si a\u00fan no formas parte del AMPA, te animamos a unirte y contribuir con ideas, iniciativas y apoyo. \u00a1Juntos hacemos la diferencia!<\/h4>\n<h4 style=\"text-align: justify\">Si necesitas m\u00e1s informaci\u00f3n, no dudes en contactar con nosotros. \u00a1Gracias por formar parte de esta gran familia!<\/h4>\n<h4 style=\"text-align: justify\">\u00a0 \u00a0 \u00a0 \u00a0 \u00a0 \u00a0 \u00a0 \u00a0 \u00a0 \u00a0 email: virgendelaesperanzaampa@gmail.com<\/h4>\n<p>&nbsp;<\/p>\n<p>&nbsp;<\/p>\n<p>[\/et_pb_text][\/et_pb_column][\/et_pb_row][\/et_pb_section]<\/p>\n","protected":false},"excerpt":{"rendered":"<p>La\u00a0 asociaci\u00f3n de madres y padres de nuestro\u00a0Centro de Educaci\u00f3n Especial Virgen de la Esperanza &#8220;La Savia&#8221;. Nuestra misi\u00f3n es colaborar activamente con el colegio para mejorar la calidad educativa y el bienestar de nuestros hijos e hijas. Trabajamos en estrecha coordinaci\u00f3n con el equipo docente y la direcci\u00f3n del centro para apoyar iniciativas, impulsar [&hellip;]<\/p>\n","protected":false},"author":19124,"featured_media":0,"parent":0,"menu_order":0,"comment_status":"closed","ping_status":"closed","template":"","meta":{"_et_pb_use_builder":"on","_et_pb_old_content":"","_et_gb_content_width":"","ngg_post_thumbnail":0,"footnotes":""},"aioseo_notices":[],"_links":{"self":[{"href":"https:\/\/blogsaverroes.juntadeandalucia.es\/ceeevirgendelaesperanza\/wp-json\/wp\/v2\/pages\/30"}],"collection":[{"href":"https:\/\/blogsaverroes.juntadeandalucia.es\/ceeevirgendelaesperanza\/wp-json\/wp\/v2\/pages"}],"about":[{"href":"https:\/\/blogsaverroes.juntadeandalucia.es\/ceeevirgendelaesperanza\/wp-json\/wp\/v2\/types\/page"}],"author":[{"embeddable":true,"href":"https:\/\/blogsaverroes.juntadeandalucia.es\/ceeevirgendelaesperanza\/wp-json\/wp\/v2\/users\/19124"}],"replies":[{"embeddable":true,"href":"https:\/\/blogsaverroes.juntadeandalucia.es\/ceeevirgendelaesperanza\/wp-json\/wp\/v2\/comments?post=30"}],"version-history":[{"count":3,"href":"https:\/\/blogsaverroes.juntadeandalucia.es\/ceeevirgendelaesperanza\/wp-json\/wp\/v2\/pages\/30\/revisions"}],"predecessor-version":[{"id":727,"href":"https:\/\/blogsaverroes.juntadeandalucia.es\/ceeevirgendelaesperanza\/wp-json\/wp\/v2\/pages\/30\/revisions\/727"}],"wp:attachment":[{"href":"https:\/\/blogsaverroes.juntadeandalucia.es\/ceeevirgendelaesperanza\/wp-json\/wp\/v2\/media?parent=30"}],"curies":[{"name":"wp","href":"https:\/\/api.w.org\/{rel}","templated":true}]}}