{"id":41,"date":"2020-01-09T12:45:03","date_gmt":"2020-01-09T11:45:03","guid":{"rendered":"http:\/\/blogsaverroes.juntadeandalucia.es\/pre\/nuevoceip2v2\/?page_id=41"},"modified":"2025-06-13T09:33:51","modified_gmt":"2025-06-13T08:33:51","slug":"el-centro","status":"publish","type":"page","link":"https:\/\/blogsaverroes.juntadeandalucia.es\/ceeevirgendelaesperanza\/el-centro\/","title":{"rendered":"El centro"},"content":{"rendered":"<p>[et_pb_section fb_built=&#8221;1&#8243; _builder_version=&#8221;4.16&#8243; global_colors_info=&#8221;{}&#8221;][et_pb_row _builder_version=&#8221;4.16&#8243; background_size=&#8221;initial&#8221; background_position=&#8221;top_left&#8221; background_repeat=&#8221;repeat&#8221; global_colors_info=&#8221;{}&#8221;][et_pb_column type=&#8221;4_4&#8243; _builder_version=&#8221;4.16&#8243; custom_padding=&#8221;|||&#8221; global_colors_info=&#8221;{}&#8221; custom_padding__hover=&#8221;|||&#8221;][et_pb_image src=&#8221;https:\/\/blogsaverroes.juntadeandalucia.es\/ceeevirgendelaesperanza\/files\/2025\/03\/FB_IMG_1742210330233.jpg&#8221; title_text=&#8221;FB_IMG_1742210330233&#8243; admin_label=&#8221;Imagen de la portada&#8221; _builder_version=&#8221;4.24.2&#8243; width=&#8221;99.6%&#8221; custom_margin=&#8221;|175px||||&#8221; custom_padding=&#8221;|||119px||&#8221; z_index_tablet=&#8221;500&#8243; box_shadow_horizontal_tablet=&#8221;0px&#8221; box_shadow_vertical_tablet=&#8221;0px&#8221; box_shadow_blur_tablet=&#8221;40px&#8221; box_shadow_spread_tablet=&#8221;0px&#8221; global_colors_info=&#8221;{}&#8221;][\/et_pb_image][et_pb_text admin_label=&#8221;Texto descriptivo&#8221; _builder_version=&#8221;4.24.2&#8243; z_index_tablet=&#8221;500&#8243; text_text_shadow_horizontal_length_tablet=&#8221;0px&#8221; text_text_shadow_vertical_length_tablet=&#8221;0px&#8221; text_text_shadow_blur_strength_tablet=&#8221;1px&#8221; link_text_shadow_horizontal_length_tablet=&#8221;0px&#8221; link_text_shadow_vertical_length_tablet=&#8221;0px&#8221; link_text_shadow_blur_strength_tablet=&#8221;1px&#8221; ul_text_shadow_horizontal_length_tablet=&#8221;0px&#8221; ul_text_shadow_vertical_length_tablet=&#8221;0px&#8221; ul_text_shadow_blur_strength_tablet=&#8221;1px&#8221; ol_text_shadow_horizontal_length_tablet=&#8221;0px&#8221; ol_text_shadow_vertical_length_tablet=&#8221;0px&#8221; ol_text_shadow_blur_strength_tablet=&#8221;1px&#8221; quote_text_shadow_horizontal_length_tablet=&#8221;0px&#8221; quote_text_shadow_vertical_length_tablet=&#8221;0px&#8221; quote_text_shadow_blur_strength_tablet=&#8221;1px&#8221; header_text_shadow_horizontal_length_tablet=&#8221;0px&#8221; header_text_shadow_vertical_length_tablet=&#8221;0px&#8221; header_text_shadow_blur_strength_tablet=&#8221;1px&#8221; header_2_text_shadow_horizontal_length_tablet=&#8221;0px&#8221; header_2_text_shadow_vertical_length_tablet=&#8221;0px&#8221; header_2_text_shadow_blur_strength_tablet=&#8221;1px&#8221; header_3_text_shadow_horizontal_length_tablet=&#8221;0px&#8221; header_3_text_shadow_vertical_length_tablet=&#8221;0px&#8221; header_3_text_shadow_blur_strength_tablet=&#8221;1px&#8221; header_4_text_shadow_horizontal_length_tablet=&#8221;0px&#8221; header_4_text_shadow_vertical_length_tablet=&#8221;0px&#8221; header_4_text_shadow_blur_strength_tablet=&#8221;1px&#8221; header_5_text_shadow_horizontal_length_tablet=&#8221;0px&#8221; header_5_text_shadow_vertical_length_tablet=&#8221;0px&#8221; header_5_text_shadow_blur_strength_tablet=&#8221;1px&#8221; header_6_text_shadow_horizontal_length_tablet=&#8221;0px&#8221; header_6_text_shadow_vertical_length_tablet=&#8221;0px&#8221; header_6_text_shadow_blur_strength_tablet=&#8221;1px&#8221; box_shadow_horizontal_tablet=&#8221;0px&#8221; box_shadow_vertical_tablet=&#8221;0px&#8221; box_shadow_blur_tablet=&#8221;40px&#8221; box_shadow_spread_tablet=&#8221;0px&#8221; global_colors_info=&#8221;{}&#8221;]<\/p>\n<h2>Nuestro Centro<\/h2>\n<p style=\"text-align: justify\">Nuestro centro se encuentra en la barriada de San Bernab\u00e9, una de las zonas m\u00e1s extensas y pobladas de Algeciras. Con una poblaci\u00f3n aproximada de 12.000 habitantes, San Bernab\u00e9 se caracteriza por su desarrollo urban\u00edstico en las \u00faltimas d\u00e9cadas, albergando principalmente viviendas unifamiliares y adosadas.<br \/>La demograf\u00eda del barrio est\u00e1 compuesta mayoritariamente por familias j\u00f3venes de clase media, lo que ha generado una demanda significativa en servicios educativos y comunitarios.<br \/>El entorno sociocultural de San Bernab\u00e9 es din\u00e1mico y en constante evoluci\u00f3n.<br \/>La comunidad muestra un compromiso activo con la mejora de la calidad de vida en la barriada, participando en diversas iniciativas y actividades locales. Este esp\u00edritu participativo se refleja en eventos organizados por el centro, como la carrera solidaria &#8220;Yo s\u00ed puedo&#8221;, que fomenta la inclusi\u00f3n y la solidaridad entre los residentes.<br \/>En cuanto a las infraestructuras, San Bernab\u00e9 ha experimentado mejoras significativas en los \u00faltimos a\u00f1os. Se han realizado inversiones en alumbrado p\u00fablico, con la instalaci\u00f3n de nuevos puntos de luz en avenidas principales como Am\u00e9rica, Asia, Europa y Ocean\u00eda, mejorando la seguridad y habitabilidad del entorno.<br \/>La ubicaci\u00f3n del centro en San Bernab\u00e9 facilita la integraci\u00f3n del alumnado en la comunidad, promoviendo la participaci\u00f3n en actividades locales y el desarrollo de habilidades sociales en un entorno inclusivo. La colaboraci\u00f3n entre el centro y la comunidad de San Bernab\u00e9 es esencial para fomentar una sociedad m\u00e1s inclusiva y consciente de la diversidad.<br \/>El contexto sociocultural de las familias del alumnado de nuestro centro es notablemente diverso, reflejando la pluralidad de or\u00edgenes y trayectorias que convergen en este entorno educativo. Los alumnos provienen no solo de la ciudad de Algeciras, sino tambi\u00e9n de diversos municipios del Campo de Gibraltar. Esta diversidad geogr\u00e1fica contribuye a enriquecer el entorno sociocultural del centro.<br \/>Las familias del alumnado representan una amplia gama de situaciones socioecon\u00f3micas. Algunas provienen de entornos urbanos con un acceso consolidado a recursos educativos, sanitarios y sociales, mientras que otras residen en zonas rurales donde el acceso a servicios especializados puede ser m\u00e1s limitado. Los sectores laborales de las familias abarcan actividades relacionadas con la industria portuaria, el comercio, el turismo, la agricultura y la pesca, adem\u00e1s de profesiones del \u00e1mbito administrativo y servicios. Esta variedad genera diferentes din\u00e1micas familiares y expectativas educativas.<br \/>El centro tambi\u00e9n atiende a familias con or\u00edgenes culturales variados, principalmente de Marruecos. Esta multiculturalidad enriquece las relaciones dentro del centro.<\/p>\n<p style=\"text-align: justify\">Muchas familias enfrentan desaf\u00edos particulares debido a las necesidades educativas especiales de sus hijos. Estos desaf\u00edos van desde la necesidad de transporte adaptado para acudir al centro, hasta el acceso a servicios complementarios de atenci\u00f3n psicol\u00f3gica, logopedia o terapia ocupacional.<br \/>Asimismo, algunas familias se encuentran en situaciones de vulnerabilidad econ\u00f3mica o social, lo que hace fundamental el papel del centro como referente de apoyo y orientaci\u00f3n. A pesar de las dificultades, las familias suelen mostrar un alto grado de implicaci\u00f3n en la vida escolar de sus hijos. Participan activamente en eventos, reuniones y actividades organizadas por el centro, buscando siempre colaborar en el desarrollo integral del alumnado. Esta participaci\u00f3n es clave para el \u00e9xito de las estrategias inclusivas y de atenci\u00f3n personalizada que caracterizan al centro.<\/p>\n<p>[\/et_pb_text][\/et_pb_column][\/et_pb_row][et_pb_row column_structure=&#8221;1_3,1_3,1_3&#8243; _builder_version=&#8221;4.16&#8243; background_size=&#8221;initial&#8221; background_position=&#8221;top_left&#8221; background_repeat=&#8221;repeat&#8221; global_colors_info=&#8221;{}&#8221;][et_pb_column type=&#8221;1_3&#8243; _builder_version=&#8221;4.16&#8243; custom_padding=&#8221;|||&#8221; global_colors_info=&#8221;{}&#8221; custom_padding__hover=&#8221;|||&#8221;][\/et_pb_column][et_pb_column type=&#8221;1_3&#8243; _builder_version=&#8221;4.16&#8243; custom_padding=&#8221;|||&#8221; global_colors_info=&#8221;{}&#8221; custom_padding__hover=&#8221;|||&#8221;][\/et_pb_column][et_pb_column type=&#8221;1_3&#8243; _builder_version=&#8221;4.16&#8243; custom_padding=&#8221;|||&#8221; global_colors_info=&#8221;{}&#8221; custom_padding__hover=&#8221;|||&#8221;][\/et_pb_column][\/et_pb_row][\/et_pb_section]<\/p>\n","protected":false},"excerpt":{"rendered":"<p>Edificio moderno inaugurado en 2010 con 15 aulas, fisioterapia, logopedia, gimnasio, piscina de hidroterapia, comedor y patios de recreo. Incluye tambi\u00e9n sala de profesores, AMPA &#8216;La Savia&#8217; y biblioteca<\/p>\n","protected":false},"author":19124,"featured_media":0,"parent":0,"menu_order":0,"comment_status":"closed","ping_status":"closed","template":"","meta":{"_et_pb_use_builder":"on","_et_pb_old_content":"","_et_gb_content_width":"","ngg_post_thumbnail":0,"footnotes":""},"aioseo_notices":[],"_links":{"self":[{"href":"https:\/\/blogsaverroes.juntadeandalucia.es\/ceeevirgendelaesperanza\/wp-json\/wp\/v2\/pages\/41"}],"collection":[{"href":"https:\/\/blogsaverroes.juntadeandalucia.es\/ceeevirgendelaesperanza\/wp-json\/wp\/v2\/pages"}],"about":[{"href":"https:\/\/blogsaverroes.juntadeandalucia.es\/ceeevirgendelaesperanza\/wp-json\/wp\/v2\/types\/page"}],"author":[{"embeddable":true,"href":"https:\/\/blogsaverroes.juntadeandalucia.es\/ceeevirgendelaesperanza\/wp-json\/wp\/v2\/users\/19124"}],"replies":[{"embeddable":true,"href":"https:\/\/blogsaverroes.juntadeandalucia.es\/ceeevirgendelaesperanza\/wp-json\/wp\/v2\/comments?post=41"}],"version-history":[{"count":6,"href":"https:\/\/blogsaverroes.juntadeandalucia.es\/ceeevirgendelaesperanza\/wp-json\/wp\/v2\/pages\/41\/revisions"}],"predecessor-version":[{"id":950,"href":"https:\/\/blogsaverroes.juntadeandalucia.es\/ceeevirgendelaesperanza\/wp-json\/wp\/v2\/pages\/41\/revisions\/950"}],"wp:attachment":[{"href":"https:\/\/blogsaverroes.juntadeandalucia.es\/ceeevirgendelaesperanza\/wp-json\/wp\/v2\/media?parent=41"}],"curies":[{"name":"wp","href":"https:\/\/api.w.org\/{rel}","templated":true}]}}