{"id":55,"date":"2020-01-09T12:48:16","date_gmt":"2020-01-09T11:48:16","guid":{"rendered":"http:\/\/blogsaverroes.juntadeandalucia.es\/pre\/nuevoceip2v2\/?page_id=55"},"modified":"2025-06-12T09:00:51","modified_gmt":"2025-06-12T08:00:51","slug":"planes-y-proyectos","status":"publish","type":"page","link":"https:\/\/blogsaverroes.juntadeandalucia.es\/ceeevirgendelaesperanza\/planes-y-proyectos\/","title":{"rendered":"Planes y Proyectos"},"content":{"rendered":"<p>[et_pb_section fb_built=&#8221;1&#8243; _builder_version=&#8221;4.16&#8243; global_colors_info=&#8221;{}&#8221;][et_pb_row _builder_version=&#8221;4.16&#8243; background_size=&#8221;initial&#8221; background_position=&#8221;top_left&#8221; background_repeat=&#8221;repeat&#8221; global_colors_info=&#8221;{}&#8221;][et_pb_column type=&#8221;4_4&#8243; _builder_version=&#8221;4.16&#8243; custom_padding=&#8221;|||&#8221; global_colors_info=&#8221;{}&#8221; custom_padding__hover=&#8221;|||&#8221;][et_pb_text content_tablet=&#8221;<\/p>\n<h2>Planes y Proyectos<\/h2>\n<p>hola<\/p>\n<p>&#8221; content_phone=&#8221;<\/p>\n<h2>Planes y Proyectos<\/h2>\n<p><span>Nuestro centro busca una mejora constante en la educaci\u00f3n de nuestros alumnos, por lo que participamos en distintos Planes y Proyectos:<\/span><\/p>\n<h5><strong>Permanentes<\/strong><\/h5>\n<p><span>Los proyectos y programas permanentes son todos aquellos que que no tienen una fecha final de aplicaci\u00f3n:<\/span><\/p>\n<p><span>\u2013 Plan de igualdad de g\u00e9nero en educaci\u00f3n<\/span><\/p>\n<p><span>\u2013 Plan de apertura de centros docentes<\/span><\/p>\n<p><span>\u2013 Plan de Salud Laboral y P.R.L.<\/span><\/p>\n<h5><span><\/span><\/h5>\n<h5><strong>Temporales<\/strong><\/h5>\n<p><span>Los proyectos temporales, a diferencia de los permanentes, tienen un tiempo de aplicaci\u00f3n que va desde el 1 de septiembre al 31 de agosto:<\/span><\/p>\n<p><span>\u2013 Bienestar y Protecci\u00f3n Infancia y Adolescencia\/Convivencia Escolar<\/span><\/p>\n<p><span>\u2013 M\u00e1s Equidad<\/span><\/p>\n<p><span>\u2013 Prevenci\u00f3n de la Violencia de G\u00e9nero<\/span><\/p>\n<p><span>\u2013 Red Andaluza Escuela: \u201cEspacio de Paz\u201d<\/span><\/p>\n<p><span>\u2013 Transformaci\u00f3n Digital Educativa<\/span><\/p>\n<p><span>\u2013 Programa CIMA<\/span><\/p>\n<p><span>\u2013 M\u00e1s deporte<\/span><\/p>\n<p>&#8221; content_last_edited=&#8221;on|desktop&#8221; admin_label=&#8221;hola&#8221; _builder_version=&#8221;4.24.2&#8243; hover_enabled=&#8221;0&#8243; z_index_tablet=&#8221;500&#8243; text_text_shadow_horizontal_length_tablet=&#8221;0px&#8221; text_text_shadow_vertical_length_tablet=&#8221;0px&#8221; text_text_shadow_blur_strength_tablet=&#8221;1px&#8221; link_text_shadow_horizontal_length_tablet=&#8221;0px&#8221; link_text_shadow_vertical_length_tablet=&#8221;0px&#8221; link_text_shadow_blur_strength_tablet=&#8221;1px&#8221; ul_text_shadow_horizontal_length_tablet=&#8221;0px&#8221; ul_text_shadow_vertical_length_tablet=&#8221;0px&#8221; ul_text_shadow_blur_strength_tablet=&#8221;1px&#8221; ol_text_shadow_horizontal_length_tablet=&#8221;0px&#8221; ol_text_shadow_vertical_length_tablet=&#8221;0px&#8221; ol_text_shadow_blur_strength_tablet=&#8221;1px&#8221; quote_text_shadow_horizontal_length_tablet=&#8221;0px&#8221; quote_text_shadow_vertical_length_tablet=&#8221;0px&#8221; quote_text_shadow_blur_strength_tablet=&#8221;1px&#8221; header_text_shadow_horizontal_length_tablet=&#8221;0px&#8221; header_text_shadow_vertical_length_tablet=&#8221;0px&#8221; header_text_shadow_blur_strength_tablet=&#8221;1px&#8221; header_2_text_shadow_horizontal_length_tablet=&#8221;0px&#8221; header_2_text_shadow_vertical_length_tablet=&#8221;0px&#8221; header_2_text_shadow_blur_strength_tablet=&#8221;1px&#8221; header_3_text_shadow_horizontal_length_tablet=&#8221;0px&#8221; header_3_text_shadow_vertical_length_tablet=&#8221;0px&#8221; header_3_text_shadow_blur_strength_tablet=&#8221;1px&#8221; header_4_text_shadow_horizontal_length_tablet=&#8221;0px&#8221; header_4_text_shadow_vertical_length_tablet=&#8221;0px&#8221; header_4_text_shadow_blur_strength_tablet=&#8221;1px&#8221; header_5_text_shadow_horizontal_length_tablet=&#8221;0px&#8221; header_5_text_shadow_vertical_length_tablet=&#8221;0px&#8221; header_5_text_shadow_blur_strength_tablet=&#8221;1px&#8221; header_6_text_shadow_horizontal_length_tablet=&#8221;0px&#8221; header_6_text_shadow_vertical_length_tablet=&#8221;0px&#8221; header_6_text_shadow_blur_strength_tablet=&#8221;1px&#8221; box_shadow_horizontal_tablet=&#8221;0px&#8221; box_shadow_vertical_tablet=&#8221;0px&#8221; box_shadow_blur_tablet=&#8221;40px&#8221; box_shadow_spread_tablet=&#8221;0px&#8221; global_colors_info=&#8221;{}&#8221; sticky_enabled=&#8221;0&#8243;]<\/p>\n<h2>Planes y Proyectos<\/h2>\n<p><span style=\"font-weight: 400\">Nuestro centro busca una mejora constante en la educaci\u00f3n de nuestros alumnos, por lo que participamos en distintos Planes y Proyectos:<\/span><\/p>\n<h5><\/h5>\n<h5><\/h5>\n<h5>Permanentes<\/h5>\n<p>Los proyectos y programas permanentes son todos aquellos que que no tienen una fecha final de aplicaci\u00f3n:<\/p>\n<p><span style=\"font-weight: 400\"><span>&#8211; Plan de igualdad de g\u00e9nero en educaci\u00f3n<\/span><\/span><\/p>\n<p><span style=\"font-weight: 400\"><span>&#8211; Plan de apertura de centros docentes<\/span><\/span><\/p>\n<p><span style=\"font-weight: 400\"><span>&#8211; Plan de Salud Laboral y P.R.L.<\/span><\/span><\/p>\n<h5><\/h5>\n<h5><\/h5>\n<h5><\/h5>\n<h5>Temporales<\/h5>\n<p>Los proyectos temporales, a diferencia de los permanentes, tienen un tiempo de aplicaci\u00f3n que va desde el 1 de septiembre al 31 de agosto:<\/p>\n<p><span style=\"font-weight: 400\"><span>&#8211; Bienestar y Protecci\u00f3n Infancia y Adolescencia\/Convivencia Escolar<\/span><\/span><\/p>\n<p><span style=\"font-weight: 400\"><span>&#8211; M\u00e1s Equidad<\/span><\/span><\/p>\n<p><span style=\"font-weight: 400\"><span>&#8211; Prevenci\u00f3n de la Violencia de G\u00e9nero<\/span><\/span><\/p>\n<p><span style=\"font-weight: 400\"><span>&#8211; Red Andaluza Escuela: &#8220;Espacio de Paz&#8221;<\/span><\/span><\/p>\n<p><span style=\"font-weight: 400\"><span>&#8211; Transformaci\u00f3n Digital Educativa<\/span><\/span><\/p>\n<p><span style=\"font-weight: 400\"><span>&#8211; Programa CIMA<\/span><\/span><\/p>\n<p><span style=\"font-weight: 400\"><span>&#8211; M\u00e1s deporte<\/span><\/span><\/p>\n<p><span style=\"font-weight: 400\"><span><\/span><\/span><\/p>\n<p><span style=\"font-weight: 400\"><span><\/span><\/span><\/p>\n<p>[\/et_pb_text][\/et_pb_column][\/et_pb_row][\/et_pb_section]<\/p>\n","protected":false},"excerpt":{"rendered":"<p>Planes y Proyectos Nuestro centro busca una mejora constante en la educaci\u00f3n de nuestros alumnos, por lo que participamos en distintos Planes y Proyectos: Permanentes Los proyectos y programas permanentes son todos aquellos que que no tienen una fecha final de aplicaci\u00f3n: &#8211; Plan de igualdad de g\u00e9nero en educaci\u00f3n &#8211; Plan de apertura de [&hellip;]<\/p>\n","protected":false},"author":19124,"featured_media":0,"parent":0,"menu_order":0,"comment_status":"closed","ping_status":"closed","template":"","meta":{"_et_pb_use_builder":"on","_et_pb_old_content":"","_et_gb_content_width":"","ngg_post_thumbnail":0,"footnotes":""},"aioseo_notices":[],"_links":{"self":[{"href":"https:\/\/blogsaverroes.juntadeandalucia.es\/ceeevirgendelaesperanza\/wp-json\/wp\/v2\/pages\/55"}],"collection":[{"href":"https:\/\/blogsaverroes.juntadeandalucia.es\/ceeevirgendelaesperanza\/wp-json\/wp\/v2\/pages"}],"about":[{"href":"https:\/\/blogsaverroes.juntadeandalucia.es\/ceeevirgendelaesperanza\/wp-json\/wp\/v2\/types\/page"}],"author":[{"embeddable":true,"href":"https:\/\/blogsaverroes.juntadeandalucia.es\/ceeevirgendelaesperanza\/wp-json\/wp\/v2\/users\/19124"}],"replies":[{"embeddable":true,"href":"https:\/\/blogsaverroes.juntadeandalucia.es\/ceeevirgendelaesperanza\/wp-json\/wp\/v2\/comments?post=55"}],"version-history":[{"count":7,"href":"https:\/\/blogsaverroes.juntadeandalucia.es\/ceeevirgendelaesperanza\/wp-json\/wp\/v2\/pages\/55\/revisions"}],"predecessor-version":[{"id":921,"href":"https:\/\/blogsaverroes.juntadeandalucia.es\/ceeevirgendelaesperanza\/wp-json\/wp\/v2\/pages\/55\/revisions\/921"}],"wp:attachment":[{"href":"https:\/\/blogsaverroes.juntadeandalucia.es\/ceeevirgendelaesperanza\/wp-json\/wp\/v2\/media?parent=55"}],"curies":[{"name":"wp","href":"https:\/\/api.w.org\/{rel}","templated":true}]}}