{"id":811,"date":"2025-05-29T09:00:04","date_gmt":"2025-05-29T08:00:04","guid":{"rendered":"https:\/\/blogsaverroes.juntadeandalucia.es\/ceeevirgendelaesperanza\/?page_id=811"},"modified":"2025-06-11T09:45:29","modified_gmt":"2025-06-11T08:45:29","slug":"comedor","status":"publish","type":"page","link":"https:\/\/blogsaverroes.juntadeandalucia.es\/ceeevirgendelaesperanza\/comedor\/","title":{"rendered":"Comedor"},"content":{"rendered":"<p>[et_pb_section fb_built=&#8221;1&#8243; _builder_version=&#8221;4.16&#8243; custom_padding=&#8221;0px||0px|&#8221; z_index_tablet=&#8221;500&#8243; box_shadow_horizontal_tablet=&#8221;0px&#8221; box_shadow_vertical_tablet=&#8221;0px&#8221; box_shadow_blur_tablet=&#8221;40px&#8221; box_shadow_spread_tablet=&#8221;0px&#8221; global_colors_info=&#8221;{}&#8221;][et_pb_row _builder_version=&#8221;4.16&#8243; background_size=&#8221;initial&#8221; background_position=&#8221;top_left&#8221; background_repeat=&#8221;repeat&#8221; global_colors_info=&#8221;{}&#8221;][et_pb_column type=&#8221;4_4&#8243; _builder_version=&#8221;4.16&#8243; custom_padding=&#8221;|||&#8221; global_colors_info=&#8221;{}&#8221; custom_padding__hover=&#8221;|||&#8221;][et_pb_image src=&#8221;https:\/\/blogsaverroes.juntadeandalucia.es\/ceeevirgendelaesperanza\/files\/2025\/06\/Comedor-Escolar-300&#215;300-1.png&#8221; title_text=&#8221;Comedor-Escolar-300&#215;300&#8243; admin_label=&#8221;Imagen de la portada&#8221; _builder_version=&#8221;4.24.2&#8243; z_index_tablet=&#8221;500&#8243; box_shadow_horizontal_tablet=&#8221;0px&#8221; box_shadow_vertical_tablet=&#8221;0px&#8221; box_shadow_blur_tablet=&#8221;40px&#8221; box_shadow_spread_tablet=&#8221;0px&#8221; global_colors_info=&#8221;{}&#8221;][\/et_pb_image][et_pb_text admin_label=&#8221;Texto descriptivo&#8221; _builder_version=&#8221;4.24.2&#8243; z_index_tablet=&#8221;500&#8243; text_text_shadow_horizontal_length_tablet=&#8221;0px&#8221; text_text_shadow_vertical_length_tablet=&#8221;0px&#8221; text_text_shadow_blur_strength_tablet=&#8221;1px&#8221; link_text_shadow_horizontal_length_tablet=&#8221;0px&#8221; link_text_shadow_vertical_length_tablet=&#8221;0px&#8221; link_text_shadow_blur_strength_tablet=&#8221;1px&#8221; ul_text_shadow_horizontal_length_tablet=&#8221;0px&#8221; ul_text_shadow_vertical_length_tablet=&#8221;0px&#8221; ul_text_shadow_blur_strength_tablet=&#8221;1px&#8221; ol_text_shadow_horizontal_length_tablet=&#8221;0px&#8221; ol_text_shadow_vertical_length_tablet=&#8221;0px&#8221; ol_text_shadow_blur_strength_tablet=&#8221;1px&#8221; quote_text_shadow_horizontal_length_tablet=&#8221;0px&#8221; quote_text_shadow_vertical_length_tablet=&#8221;0px&#8221; quote_text_shadow_blur_strength_tablet=&#8221;1px&#8221; header_text_shadow_horizontal_length_tablet=&#8221;0px&#8221; header_text_shadow_vertical_length_tablet=&#8221;0px&#8221; header_text_shadow_blur_strength_tablet=&#8221;1px&#8221; header_2_text_shadow_horizontal_length_tablet=&#8221;0px&#8221; header_2_text_shadow_vertical_length_tablet=&#8221;0px&#8221; header_2_text_shadow_blur_strength_tablet=&#8221;1px&#8221; header_3_text_shadow_horizontal_length_tablet=&#8221;0px&#8221; header_3_text_shadow_vertical_length_tablet=&#8221;0px&#8221; header_3_text_shadow_blur_strength_tablet=&#8221;1px&#8221; header_4_text_shadow_horizontal_length_tablet=&#8221;0px&#8221; header_4_text_shadow_vertical_length_tablet=&#8221;0px&#8221; header_4_text_shadow_blur_strength_tablet=&#8221;1px&#8221; header_5_text_shadow_horizontal_length_tablet=&#8221;0px&#8221; header_5_text_shadow_vertical_length_tablet=&#8221;0px&#8221; header_5_text_shadow_blur_strength_tablet=&#8221;1px&#8221; header_6_text_shadow_horizontal_length_tablet=&#8221;0px&#8221; header_6_text_shadow_vertical_length_tablet=&#8221;0px&#8221; header_6_text_shadow_blur_strength_tablet=&#8221;1px&#8221; box_shadow_horizontal_tablet=&#8221;0px&#8221; box_shadow_vertical_tablet=&#8221;0px&#8221; box_shadow_blur_tablet=&#8221;40px&#8221; box_shadow_spread_tablet=&#8221;0px&#8221; global_colors_info=&#8221;{}&#8221;]<\/p>\n<h2>Comedor escolar<\/h2>\n<p>&nbsp;<\/p>\n<p><span style=\"font-weight: 400\">El comedor escolar forma parte del horario lectivo en nuestro centro espec\u00edfico de educaci\u00f3n especial y cumple una funci\u00f3n educativa fundamental. A trav\u00e9s de diferentes turnos organizados a partir de las 13:00, se garantiza una atenci\u00f3n individualizada y adaptada a las necesidades de cada alumno o alumna, respetando sus ritmos, capacidades y requerimientos alimentarios.<\/span><\/p>\n<p><span style=\"font-weight: 400\">M\u00e1s all\u00e1 de ser un espacio para alimentarse, el comedor es una oportunidad diaria para trabajar h\u00e1bitos saludables, fomentar la autonom\u00eda personal y social, y reforzar aprendizajes funcionales. Ense\u00f1ar a comer, a utilizar correctamente los utensilios, a respetar tiempos y normas de convivencia, forma parte de nuestro compromiso con una educaci\u00f3n integral y significativa. El equipo educativo acompa\u00f1a y gu\u00eda este proceso con sensibilidad y profesionalidad, haciendo del momento de la comida una experiencia enriquecedora y respetuosa para todos.<\/span><\/p>\n<p>[\/et_pb_text][\/et_pb_column][\/et_pb_row][\/et_pb_section]<\/p>\n","protected":false},"excerpt":{"rendered":"<p>Comedor escolar &nbsp; El comedor escolar forma parte del horario lectivo en nuestro centro espec\u00edfico de educaci\u00f3n especial y cumple una funci\u00f3n educativa fundamental. A trav\u00e9s de diferentes turnos organizados a partir de las 13:00, se garantiza una atenci\u00f3n individualizada y adaptada a las necesidades de cada alumno o alumna, respetando sus ritmos, capacidades y [&hellip;]<\/p>\n","protected":false},"author":19124,"featured_media":0,"parent":0,"menu_order":0,"comment_status":"closed","ping_status":"closed","template":"","meta":{"_et_pb_use_builder":"on","_et_pb_old_content":"<p>dkjfhdkfjhaskdfhaskdjfh<\/p>","_et_gb_content_width":"","ngg_post_thumbnail":0,"footnotes":""},"aioseo_notices":[],"_links":{"self":[{"href":"https:\/\/blogsaverroes.juntadeandalucia.es\/ceeevirgendelaesperanza\/wp-json\/wp\/v2\/pages\/811"}],"collection":[{"href":"https:\/\/blogsaverroes.juntadeandalucia.es\/ceeevirgendelaesperanza\/wp-json\/wp\/v2\/pages"}],"about":[{"href":"https:\/\/blogsaverroes.juntadeandalucia.es\/ceeevirgendelaesperanza\/wp-json\/wp\/v2\/types\/page"}],"author":[{"embeddable":true,"href":"https:\/\/blogsaverroes.juntadeandalucia.es\/ceeevirgendelaesperanza\/wp-json\/wp\/v2\/users\/19124"}],"replies":[{"embeddable":true,"href":"https:\/\/blogsaverroes.juntadeandalucia.es\/ceeevirgendelaesperanza\/wp-json\/wp\/v2\/comments?post=811"}],"version-history":[{"count":5,"href":"https:\/\/blogsaverroes.juntadeandalucia.es\/ceeevirgendelaesperanza\/wp-json\/wp\/v2\/pages\/811\/revisions"}],"predecessor-version":[{"id":864,"href":"https:\/\/blogsaverroes.juntadeandalucia.es\/ceeevirgendelaesperanza\/wp-json\/wp\/v2\/pages\/811\/revisions\/864"}],"wp:attachment":[{"href":"https:\/\/blogsaverroes.juntadeandalucia.es\/ceeevirgendelaesperanza\/wp-json\/wp\/v2\/media?parent=811"}],"curies":[{"name":"wp","href":"https:\/\/api.w.org\/{rel}","templated":true}]}}