{"id":1113,"date":"2015-03-12T11:00:55","date_gmt":"2015-03-12T11:00:55","guid":{"rendered":"http:\/\/blogsaverroes.juntadeandalucia.es\/pre\/ceip\/?page_id=2"},"modified":"2015-10-16T08:06:01","modified_gmt":"2015-10-16T08:06:01","slug":"pagina-ejemplo-2","status":"publish","type":"page","link":"https:\/\/blogsaverroes.juntadeandalucia.es\/ceeevirgendelamparo\/pagina-ejemplo-2\/","title":{"rendered":"Inicio"},"content":{"rendered":"<!-- This slideshow output is generated with Advanced post slider a multipurpose responsive WordPress slideshow plugin - http:\/\/www.wpcue.com\/wordpress-plugins\/advanced-post-slider\/ -->\r\n<style>\r\n#advps_container1 .bx-wrapper .bx-viewport {\r\n\t\t-moz-box-shadow: 0px 1px 4px #000000;\r\n\t-webkit-box-shadow: 0px 1px 4px #000000;\r\n\tbox-shadow: 0px 1px 4px #000000;\r\n\t\tborder: 1px solid #444444;\r\n\t\tbackground:#FFFFFF;\r\n}\r\n#advps_container1 .bx-wrapper .bx-pager{\r\n\ttext-align: center;\r\n\t;\r\n}\r\n#advps_container1 .bx-wrapper .bx-pager\r\n{\r\n\tbottom:-35px;\r\n\tz-index:999;\r\n}\r\n#advps_container1 .bx-wrapper .bx-controls-auto\r\n{\r\n\tbottom:6px;\r\n}\r\n#advps_container1 .bx-wrapper .bx-controls.bx-has-controls-auto.bx-has-pager .bx-pager {\r\n\ttext-align: center;\r\n}\r\n#advps_container1 .bx-wrapper .bx-controls-auto {\r\n\tz-index:99999;\r\n\ttext-align:center;width:100%;}\r\n\r\n#advps_container1 .bx-wrapper .bx-pager.bx-default-pager a {\r\n\tbackground: #666;\r\n\ttext-indent: -9999px;\r\n\tdisplay: block;\r\n\twidth: 10px;\r\n\theight: 10px;\r\n\tmargin: 0 5px;\r\n\toutline: 0;\r\n\t-moz-border-radius: 5px;\r\n\t-webkit-border-radius: 5px;\r\n\tborder-radius: 5px;\r\n\ttext-align:left;\r\n}\r\n#advps_container1 .bx-wrapper .bx-pager.bx-default-pager a:hover,\r\n#advps_container1 .bx-wrapper .bx-pager.bx-default-pager a.active {\r\n\tbackground: #000;\r\n}\r\n\r\n\/* thumbnail pager*\/\r\n#advps_container1 #bx-pager\r\n{\r\n\twidth:100%;\r\n\tposition:absolute;\r\n\tbottom:-35px;\r\n    text-align: center;\r\n\tz-index: 9999;\r\n}\r\n#advps_container1 #bx-pager a img\r\n{\r\n\tborder: 1px solid #CCCCCC;\r\n    padding: 3px;\r\n}\r\n#advps_container1 #bx-pager a:hover img, #advps_container1 #bx-pager a.active img\r\n{\r\n\tborder: 1px solid #666666;\r\n}\r\n\/* medai queries *\/\r\n#advps_container1 .advs-title,#advps_container1 .advs-title a\r\n{\r\n\tfont-size:20px;\r\n\tline-height:20px;\r\n}\r\n#advps_container1 .advps-slide p\r\n{\r\n\tfont-size:14px;\r\n\tline-height:14px;\r\n}\r\n@media screen and (max-width: 1024px){\r\n\t#advps_container1 .advs-title,#advps_container1 .advs-title a\r\n\t{\r\n\t\tfont-size:18px;\r\n\t\tline-height:18px;\r\n\t}\r\n\t#advps_container1 .advps-slide p\r\n\t{\r\n\t\tfont-size:12px;\r\n\t\tline-height:12px;\r\n\t}\r\n}\r\n@media screen and (max-width: 768px){\r\n\t#advps_container1 h2.advs-title, #advps_container1 h2.advs-title a\r\n\t{\r\n\t\tfont-size:16px;\r\n\t\tline-height:16px;\r\n\t}\r\n\t#advps_container1 .advps-slide p\r\n\t{\r\n\t\tfont-size:12px;\r\n\t\tline-height:12px;\r\n\t}\r\n}\r\n@media screen and (max-width: 650px){\r\n\t#advps_container1 h2.advs-title, #advps_container1 h2.advs-title a\r\n\t{\r\n\t\tfont-size:15px;\r\n\t\tline-height:15px;\r\n\t}\r\n\t#advps_container1 .advps-slide p\r\n\t{\r\n\t\tfont-size:12px;\r\n\t\tline-height:12px;\r\n\t}\r\n}\r\n@media screen and (max-width: 480px){\r\n\t#advps_container1 h2.advs-title, #advps_container1 h2.advs-title a\r\n\t{\r\n\t\tfont-size:15px;\r\n\t\tline-height:15px;\r\n\t}\r\n\t#advps_container1 .advps-slide p\r\n\t{\r\n\t\tfont-size:12px;\r\n\t\tline-height:12px;\r\n\t}\r\n}\r\n@media screen and (max-width: 320px){\r\n\t#advps_container1 h2.advs-title, #advps_container1 h2.advs-title a\r\n\t{\r\n\t\tfont-size:15px;\r\n\t\tline-height:15px;\r\n\t}\r\n\t#advps_container1 .advps-slide p\r\n\t{\r\n\t\tfont-size:12px;\r\n\t\tline-height:12px;\r\n\t}\r\n}\r\n<\/style>\r\n<script type=\"text\/javascript\">\r\n\t\tjQuery(document).ready(function($){\r\n\t\t\t$('#advpsslideshow_1').bxSlider({\r\n\t\t\t\tuseCSS:1,\r\n\t\t\t\tslideMargin: 0,\r\n\t\t\t\tspeed: 5000,\t\t\t\t\r\n\t\t\t\t\t\t\t\tmode: 'fade',\r\n\t\t\t\t\t\t\t\t\t\t\t\tauto: 1,\r\n\t\t\t\tautoHover: 1,\r\n\t\t\t\tpause: 3000,\r\n\t\t\t\teasing: 'linear',\r\n\t\t\t\tcontrols: 1,\r\n\t\t\t\tpager: 1,\r\n  \t\t\t\tautoControls: 1\t\t\t\t\t\t\t});\r\n\t\t\t\t\t\t\t$(\"#advpsslideshow_1 .advs-title a\").hover(function(){\r\n\t\t\t\t\t$(this).css('color','#c9c9c9');\r\n\t\t\t\t},function(){\r\n\t\t\t\t\t$(this).css('color','#FFFFFF');\r\n\t\t\t\t});\r\n\t\t\t\t\t\t$(\"#advpsslideshow_1 .advps-slide\").hover(function(){\r\n\t\t\t\t  \t\t\t},function(){\r\n\t\t\t\t\t\t\t});\r\n\t\t});\r\n\t<\/script>\r\n<div id=\"advps_container1\" class=\"advps-slide-container\" style=\"overflow:hidden;max-width:1024px;margin:auto;\">\r\n \r\n  <div id=\"advpsslideshow_1\">\r\n        <div class=\"advps-slide\">\r\n\t<a target=\"_self\" href=\"https:\/\/blogsaverroes.juntadeandalucia.es\/ceeevirgendelamparo\/2024\/10\/06\/vuelta-al-cole-2024-25\/\" >      <img loading=\"lazy\" decoding=\"async\" width=\"940\" height=\"788\" src=\"https:\/\/blogsaverroes.juntadeandalucia.es\/ceeevirgendelamparo\/files\/2024\/10\/Back-to-school-facebook-post.png\" class=\"attachment-full size-full wp-post-image\" alt=\"\" srcset=\"https:\/\/blogsaverroes.juntadeandalucia.es\/ceeevirgendelamparo\/files\/2024\/10\/Back-to-school-facebook-post.png 940w, https:\/\/blogsaverroes.juntadeandalucia.es\/ceeevirgendelamparo\/files\/2024\/10\/Back-to-school-facebook-post-300x251.png 300w, https:\/\/blogsaverroes.juntadeandalucia.es\/ceeevirgendelamparo\/files\/2024\/10\/Back-to-school-facebook-post-768x644.png 768w\" sizes=\"(max-width: 940px) 100vw, 940px\" \/>      <\/a>       \r\n      <div class=\"advps-excerpt-one\" style=\"width:30%;height:100%;top:0; right:0;\">\r\n      \t<div class=\"advps-overlay-one\" style=\"background-color:#000000; -moz-opacity:0.6;filter:alpha(opacity=60);opacity:0.6;\"><\/div>\r\n        <div class=\"advps-excerpt-block-one\" style=\"text-align:left;color:#FFFFFF;-moz-opacity:1;filter:alpha(opacity=100);opacity:1;\">        \r\n        <h2 class=\"advs-title\" style=\"margin:5px 0px 10px 0px;color:#FFFFFF\"><a target=\"_self\" href=\"https:\/\/blogsaverroes.juntadeandalucia.es\/ceeevirgendelamparo\/2024\/10\/06\/vuelta-al-cole-2024-25\/\" style=\"margin:5px 0px 10px 0px;color:#FFFFFF\" >VUELTA AL COLE 2024\/25<\/a><\/h2>\r\n          \r\n            <p>&nbsp;Comenzamos un nuevo curso lleno de ilusi\u00f3n y nuevos retos.&nbsp; Es importante que leais la siguiente informaci\u00f3n para que sep\u00e1is todo lo relativo al incio&#46;&#46;&#46;<\/p>\n        <\/div>\r\n      <\/div>\r\n    <\/div>\r\n        <div class=\"advps-slide\">\r\n\t<a target=\"_self\" href=\"https:\/\/blogsaverroes.juntadeandalucia.es\/ceeevirgendelamparo\/2024\/05\/07\/ayudas-neae-24-25\/\" >      <img loading=\"lazy\" decoding=\"async\" width=\"1600\" height=\"1200\" src=\"https:\/\/blogsaverroes.juntadeandalucia.es\/ceeevirgendelamparo\/files\/2024\/05\/infografia_page-0001.jpg\" class=\"attachment-full size-full wp-post-image\" alt=\"\" srcset=\"https:\/\/blogsaverroes.juntadeandalucia.es\/ceeevirgendelamparo\/files\/2024\/05\/infografia_page-0001.jpg 1600w, https:\/\/blogsaverroes.juntadeandalucia.es\/ceeevirgendelamparo\/files\/2024\/05\/infografia_page-0001-300x225.jpg 300w, https:\/\/blogsaverroes.juntadeandalucia.es\/ceeevirgendelamparo\/files\/2024\/05\/infografia_page-0001-1024x768.jpg 1024w, https:\/\/blogsaverroes.juntadeandalucia.es\/ceeevirgendelamparo\/files\/2024\/05\/infografia_page-0001-768x576.jpg 768w, https:\/\/blogsaverroes.juntadeandalucia.es\/ceeevirgendelamparo\/files\/2024\/05\/infografia_page-0001-1536x1152.jpg 1536w\" sizes=\"(max-width: 1600px) 100vw, 1600px\" \/>      <\/a>       \r\n      <div class=\"advps-excerpt-one\" style=\"width:30%;height:100%;top:0; right:0;\">\r\n      \t<div class=\"advps-overlay-one\" style=\"background-color:#000000; -moz-opacity:0.6;filter:alpha(opacity=60);opacity:0.6;\"><\/div>\r\n        <div class=\"advps-excerpt-block-one\" style=\"text-align:left;color:#FFFFFF;-moz-opacity:1;filter:alpha(opacity=100);opacity:1;\">        \r\n        <h2 class=\"advs-title\" style=\"margin:5px 0px 10px 0px;color:#FFFFFF\"><a target=\"_self\" href=\"https:\/\/blogsaverroes.juntadeandalucia.es\/ceeevirgendelamparo\/2024\/05\/07\/ayudas-neae-24-25\/\" style=\"margin:5px 0px 10px 0px;color:#FFFFFF\" >AYUDAS NEAE 24-25<\/a><\/h2>\r\n          \r\n            <p>Adjuntamos infograf\u00eda informativa sobre procedimiento de solicitud de Ayudas NEAE para el curso 24-25<\/p>\n        <\/div>\r\n      <\/div>\r\n    <\/div>\r\n        <div class=\"advps-slide\">\r\n\t<a target=\"_self\" href=\"https:\/\/blogsaverroes.juntadeandalucia.es\/ceeevirgendelamparo\/2021\/09\/25\/eleccion-consejos-escolares-curso-2021-22\/\" >      <img loading=\"lazy\" decoding=\"async\" width=\"1280\" height=\"853\" src=\"https:\/\/blogsaverroes.juntadeandalucia.es\/ceeevirgendelamparo\/files\/2015\/03\/lapices1.jpg\" class=\"attachment-full size-full wp-post-image\" alt=\"ELECCI\u00d3N CONSEJO ESCOLAR 21\/22\" srcset=\"https:\/\/blogsaverroes.juntadeandalucia.es\/ceeevirgendelamparo\/files\/2015\/03\/lapices1.jpg 1280w, https:\/\/blogsaverroes.juntadeandalucia.es\/ceeevirgendelamparo\/files\/2015\/03\/lapices1-300x199.jpg 300w, https:\/\/blogsaverroes.juntadeandalucia.es\/ceeevirgendelamparo\/files\/2015\/03\/lapices1-1024x682.jpg 1024w\" sizes=\"(max-width: 1280px) 100vw, 1280px\" \/>      <\/a>       \r\n      <div class=\"advps-excerpt-one\" style=\"width:30%;height:100%;top:0; right:0;\">\r\n      \t<div class=\"advps-overlay-one\" style=\"background-color:#000000; -moz-opacity:0.6;filter:alpha(opacity=60);opacity:0.6;\"><\/div>\r\n        <div class=\"advps-excerpt-block-one\" style=\"text-align:left;color:#FFFFFF;-moz-opacity:1;filter:alpha(opacity=100);opacity:1;\">        \r\n        <h2 class=\"advs-title\" style=\"margin:5px 0px 10px 0px;color:#FFFFFF\"><a target=\"_self\" href=\"https:\/\/blogsaverroes.juntadeandalucia.es\/ceeevirgendelamparo\/2021\/09\/25\/eleccion-consejos-escolares-curso-2021-22\/\" style=\"margin:5px 0px 10px 0px;color:#FFFFFF\" >ELECCION CONSEJOS ESCOLARES CURSO 2024\/25<\/a><\/h2>\r\n          \r\n            <p>El Consejo escolar es un \u00f3rgano colegiado de Participaci\u00f3n de la comunidad educativa en el gobierno del centro. La Constituci\u00f3n Espa\u00f1ola, en su art\u00edculo 27,&#46;&#46;&#46;<\/p>\n        <\/div>\r\n      <\/div>\r\n    <\/div>\r\n        <div class=\"advps-slide\">\r\n\t<a target=\"_self\" href=\"https:\/\/blogsaverroes.juntadeandalucia.es\/ceeevirgendelamparo\/2021\/09\/12\/2909\/\" >      <img loading=\"lazy\" decoding=\"async\" width=\"878\" height=\"479\" src=\"https:\/\/blogsaverroes.juntadeandalucia.es\/ceeevirgendelamparo\/files\/2021\/09\/la-banda-en-tu-cole.png\" class=\"attachment-full size-full wp-post-image\" alt=\"\" srcset=\"https:\/\/blogsaverroes.juntadeandalucia.es\/ceeevirgendelamparo\/files\/2021\/09\/la-banda-en-tu-cole.png 878w, https:\/\/blogsaverroes.juntadeandalucia.es\/ceeevirgendelamparo\/files\/2021\/09\/la-banda-en-tu-cole-300x164.png 300w, https:\/\/blogsaverroes.juntadeandalucia.es\/ceeevirgendelamparo\/files\/2021\/09\/la-banda-en-tu-cole-768x419.png 768w\" sizes=\"(max-width: 878px) 100vw, 878px\" \/>      <\/a>       \r\n      <div class=\"advps-excerpt-one\" style=\"width:30%;height:100%;top:0; right:0;\">\r\n      \t<div class=\"advps-overlay-one\" style=\"background-color:#000000; -moz-opacity:0.6;filter:alpha(opacity=60);opacity:0.6;\"><\/div>\r\n        <div class=\"advps-excerpt-block-one\" style=\"text-align:left;color:#FFFFFF;-moz-opacity:1;filter:alpha(opacity=100);opacity:1;\">        \r\n        <h2 class=\"advs-title\" style=\"margin:5px 0px 10px 0px;color:#FFFFFF\"><a target=\"_self\" href=\"https:\/\/blogsaverroes.juntadeandalucia.es\/ceeevirgendelamparo\/2021\/09\/12\/2909\/\" style=\"margin:5px 0px 10px 0px;color:#FFFFFF\" >LA BANDA EN TU COLE<\/a><\/h2>\r\n          \r\n            <p>El programa infantil \u201cLa Banda\u201d comienza este s\u00e1bado 12 de octubre, a partir de las 08:30 horas (y hasta las 10:30), una nueva andadura en&#46;&#46;&#46;<\/p>\n        <\/div>\r\n      <\/div>\r\n    <\/div>\r\n        <div class=\"advps-slide\">\r\n\t<a target=\"_self\" href=\"https:\/\/blogsaverroes.juntadeandalucia.es\/ceeevirgendelamparo\/2020\/02\/13\/blogsaverroes-y-wordpress\/\" >      <img loading=\"lazy\" decoding=\"async\" width=\"338\" height=\"200\" src=\"https:\/\/blogsaverroes.juntadeandalucia.es\/ceeevirgendelamparo\/files\/2020\/02\/telefonoscoronavirus.jpg\" class=\"attachment-full size-full wp-post-image\" alt=\"\" srcset=\"https:\/\/blogsaverroes.juntadeandalucia.es\/ceeevirgendelamparo\/files\/2020\/02\/telefonoscoronavirus.jpg 338w, https:\/\/blogsaverroes.juntadeandalucia.es\/ceeevirgendelamparo\/files\/2020\/02\/telefonoscoronavirus-300x178.jpg 300w, https:\/\/blogsaverroes.juntadeandalucia.es\/ceeevirgendelamparo\/files\/2020\/02\/telefonoscoronavirus-24x14.jpg 24w, https:\/\/blogsaverroes.juntadeandalucia.es\/ceeevirgendelamparo\/files\/2020\/02\/telefonoscoronavirus-36x21.jpg 36w, https:\/\/blogsaverroes.juntadeandalucia.es\/ceeevirgendelamparo\/files\/2020\/02\/telefonoscoronavirus-48x28.jpg 48w\" sizes=\"(max-width: 338px) 100vw, 338px\" \/>      <\/a>       \r\n      <div class=\"advps-excerpt-one\" style=\"width:30%;height:100%;top:0; right:0;\">\r\n      \t<div class=\"advps-overlay-one\" style=\"background-color:#000000; -moz-opacity:0.6;filter:alpha(opacity=60);opacity:0.6;\"><\/div>\r\n        <div class=\"advps-excerpt-block-one\" style=\"text-align:left;color:#FFFFFF;-moz-opacity:1;filter:alpha(opacity=100);opacity:1;\">        \r\n        <h2 class=\"advs-title\" style=\"margin:5px 0px 10px 0px;color:#FFFFFF\"><a target=\"_self\" href=\"https:\/\/blogsaverroes.juntadeandalucia.es\/ceeevirgendelamparo\/2020\/02\/13\/blogsaverroes-y-wordpress\/\" style=\"margin:5px 0px 10px 0px;color:#FFFFFF\" >Telefonos de Inter\u00e9s &#8211; Covid-10<\/a><\/h2>\r\n          \r\n            <p>Os presentamos algunas recomendaciones que nos pueden ayudar a&nbsp; mantener alejado el covid-19 en nuestro entorno.<\/p>\n        <\/div>\r\n      <\/div>\r\n    <\/div>\r\n        <div class=\"advps-slide\">\r\n\t<a target=\"_self\" href=\"https:\/\/blogsaverroes.juntadeandalucia.es\/ceeevirgendelamparo\/2020\/02\/13\/hueman\/\" >      <img loading=\"lazy\" decoding=\"async\" width=\"300\" height=\"300\" src=\"https:\/\/blogsaverroes.juntadeandalucia.es\/ceeevirgendelamparo\/files\/2020\/02\/20210610-iPASEN.jpeg\" class=\"attachment-full size-full wp-post-image\" alt=\"\" srcset=\"https:\/\/blogsaverroes.juntadeandalucia.es\/ceeevirgendelamparo\/files\/2020\/02\/20210610-iPASEN.jpeg 300w, https:\/\/blogsaverroes.juntadeandalucia.es\/ceeevirgendelamparo\/files\/2020\/02\/20210610-iPASEN-150x150.jpeg 150w, https:\/\/blogsaverroes.juntadeandalucia.es\/ceeevirgendelamparo\/files\/2020\/02\/20210610-iPASEN-80x80.jpeg 80w\" sizes=\"(max-width: 300px) 100vw, 300px\" \/>      <\/a>       \r\n      <div class=\"advps-excerpt-one\" style=\"width:30%;height:100%;top:0; right:0;\">\r\n      \t<div class=\"advps-overlay-one\" style=\"background-color:#000000; -moz-opacity:0.6;filter:alpha(opacity=60);opacity:0.6;\"><\/div>\r\n        <div class=\"advps-excerpt-block-one\" style=\"text-align:left;color:#FFFFFF;-moz-opacity:1;filter:alpha(opacity=100);opacity:1;\">        \r\n        <h2 class=\"advs-title\" style=\"margin:5px 0px 10px 0px;color:#FFFFFF\"><a target=\"_self\" href=\"https:\/\/blogsaverroes.juntadeandalucia.es\/ceeevirgendelamparo\/2020\/02\/13\/hueman\/\" style=\"margin:5px 0px 10px 0px;color:#FFFFFF\" >NUEVA PLATAFORMA I-PASEN<\/a><\/h2>\r\n          \r\n            <p>&nbsp; Nuevo aceso a la plataforma Ipasen para las familias, pica en la imagen y podr\u00e9is seguir las instrucciones de uso TUTORIAL I-PASEN TUTORIAL I-PASEN&#46;&#46;&#46;<\/p>\n        <\/div>\r\n      <\/div>\r\n    <\/div>\r\n      <\/div>\r\n  <\/div><!-- end advps-slide-container -->\r\n<!-- \/ Advanced post slider a multipurpose responsive slideshow plugin -->\r\n\n<div class=\"osc-res-tab tabbable   osc-tabs-left\"><div style=\"clear:both;width: 100%;\"><ul class=\"nav osc-res-nav nav-tabs osc-tabs-left-ul\" id=\"oscitas-restabs-1-hueman-52562\"><li class=\"active\"><a href=\"#ert_pane1-0\" data-toggle=\"tab\">Blogs Averroes<\/a><\/li><li class=\"\"><a href=\"#ert_pane1-1\" data-toggle=\"tab\">Wordpress<\/a><\/li><li class=\"\"><a href=\"#ert_pane1-2\" data-toggle=\"tab\">P\u00e1ginas y Men\u00fas<\/a><\/li><li class=\"\"><a href=\"#ert_pane1-3\" data-toggle=\"tab\">Categor\u00edas y Entradas<\/a><\/li><\/ul><\/div><div style=\"clear:both;width: 100%;\"><ul class=\"tab-content\" id=\"oscitas-restabcontent-1-hueman-52562\"><li class=\"tab-pane active\" id=\"ert_pane1-0\"><\/p>\n<p>La granja de Blogs Averroes es un servicio gratuito de la Consejer\u00eda de Educaci\u00f3n de la Junta de Andaluc\u00eda, que tiene como finalidad proporcionar a toda la Comunidad Educativa (docentes, centros educativos, AMPAS) un espacio propio para la creaci\u00f3n, administraci\u00f3n y publicaci\u00f3n de blogs y sitios web utilizando WordPress, de manera que les permita difundir sus experiencias educativas, publicar contenidos y actividades educativas o utilizarlo como recurso did\u00e1ctico en el aula.<\/p>\n<p>El contenido que se muestra estas p\u00e1ginas simula, con car\u00e1cter general, la apariencia Web de un centro educativo. Cada centro debe adaptar a sus necesidades la informaci\u00f3n que se ofrece, a\u00f1adiendo, modificando o eliminando los diferentes men\u00fas, p\u00e1ginas y entradas.<\/p>\n<p><\/li><li class=\"tab-pane \" id=\"ert_pane1-1\"><br \/>\nEs sofware libre, se distribuye bajo licencia GNU General Public License.<\/p>\n<p>Puede incorporar multitud de Temas (plantillas), plugins y widgets, que permiten personalizar f\u00e1cilmente nuestro blog o nuestro sitio web. Actualmente existen m\u00e1s de 2.700 temas y 38.000 plugins gratuitos, aunque en Blogs Averroes solo est\u00e1n disponibles algunos de ellos.<\/p>\n<p>Es muy f\u00e1cil de usar. Dispone de una interfaz amigable e intuitiva y no requiere conocimientos de programaci\u00f3n o lenguaje HTML.<\/p>\n<p>Se adapta a los dispositivos desde el que se visualiza, tabletas, smartphone, PC, port\u00e1tiles,\u2026<\/p>\n<p>Permite la participaci\u00f3n de distintos usuarios con distintos permisos:<\/p>\n<p>Administrador \u2013 Quien tiene acceso a todas las caracter\u00edsticas de administraci\u00f3n de un sitio en particular.<br \/>\nEditor \u2013 Quien puede publicar y editar entradas, propias y de otros usuarios.<br \/>\nAutor \u2013 Quien puede publicar y editar sus propias entradas.<br \/>\nColaborador \u2013 Quien puede escribir y editar sus propias entradas pero no publicarlas.<br \/>\nSubscriptor \u2013 Quien solamente puede editar su perfil.<\/p>\n<p>Tiene una gran comunidad de usuarios que ofrecen soporte.<\/p>\n<p><\/li><li class=\"tab-pane \" id=\"ert_pane1-2\"><\/p>\n<p>Al iniciar la construcci\u00f3n de un sitio Web, es necesario un proceso de reflexi\u00f3n sobre la informaci\u00f3n que un centro muestra sobre s\u00ed mismo en cuanto a las ense\u00f1anzas que imparte, profesorado, secretar\u00eda, servicios que oferta, ubicaci\u00f3n, etc. Es decir, todo aquello que tiene un car\u00e1cter m\u00e1s o menos general e institucional y que permite al visitante que accede a la Web hacerse una idea del centro, su funcionamiento y sus caracter\u00edsticas principales. Por esta raz\u00f3n, su contenido ser\u00eda fundamentalmente de tipo est\u00e1tico, ya que la informaci\u00f3n no precisar\u00eda de modificaciones continuas, siendo el concepto P\u00e1ginas el formato mas aconsejable para su construcci\u00f3n. Las p\u00e1ginas as\u00ed creadas deben ser organizadas en Men\u00fas coherentes y comprensibles para el visitante de la Web.<\/p>\n<p><\/li><li class=\"tab-pane \" id=\"ert_pane1-3\"><\/p>\n<p>Por otro lado, en todo centro se producen noticias y eventos, asociados a su funcionamiento, cuyo rasgo esencial es el car\u00e1cter din\u00e1mico de la informaci\u00f3n. Para estos contenidos el formato m\u00e1s apropiado es el de Entradas que, organizadas en Categor\u00edas, mantienen a la comunidad educativa informada de la vida del centro y de las actividades, acontecimientos o novedades de inter\u00e9s, posibilitando al mismo tiempo interactuar con los mismos y crear una red social.<\/p>\n<p><\/li><\/ul><\/div><\/div>\n","protected":false},"excerpt":{"rendered":"","protected":false},"author":1,"featured_media":0,"parent":0,"menu_order":0,"comment_status":"open","ping_status":"open","template":"","meta":{"ngg_post_thumbnail":0,"footnotes":"","_mc_calendar":[]},"aioseo_notices":[],"_links":{"self":[{"href":"https:\/\/blogsaverroes.juntadeandalucia.es\/ceeevirgendelamparo\/wp-json\/wp\/v2\/pages\/1113"}],"collection":[{"href":"https:\/\/blogsaverroes.juntadeandalucia.es\/ceeevirgendelamparo\/wp-json\/wp\/v2\/pages"}],"about":[{"href":"https:\/\/blogsaverroes.juntadeandalucia.es\/ceeevirgendelamparo\/wp-json\/wp\/v2\/types\/page"}],"author":[{"embeddable":true,"href":"https:\/\/blogsaverroes.juntadeandalucia.es\/ceeevirgendelamparo\/wp-json\/wp\/v2\/users\/1"}],"replies":[{"embeddable":true,"href":"https:\/\/blogsaverroes.juntadeandalucia.es\/ceeevirgendelamparo\/wp-json\/wp\/v2\/comments?post=1113"}],"version-history":[{"count":6,"href":"https:\/\/blogsaverroes.juntadeandalucia.es\/ceeevirgendelamparo\/wp-json\/wp\/v2\/pages\/1113\/revisions"}],"predecessor-version":[{"id":2066,"href":"https:\/\/blogsaverroes.juntadeandalucia.es\/ceeevirgendelamparo\/wp-json\/wp\/v2\/pages\/1113\/revisions\/2066"}],"wp:attachment":[{"href":"https:\/\/blogsaverroes.juntadeandalucia.es\/ceeevirgendelamparo\/wp-json\/wp\/v2\/media?parent=1113"}],"curies":[{"name":"wp","href":"https:\/\/api.w.org\/{rel}","templated":true}]}}