{"id":2224,"date":"2020-01-26T07:08:54","date_gmt":"2020-01-26T07:08:54","guid":{"rendered":"https:\/\/blogsaverroes.juntadeandalucia.es\/ceeevirgendelamparo\/?page_id=2224"},"modified":"2020-02-13T16:49:25","modified_gmt":"2020-02-13T16:49:25","slug":"rutas-de-transportes","status":"publish","type":"page","link":"https:\/\/blogsaverroes.juntadeandalucia.es\/ceeevirgendelamparo\/rutas-de-transportes\/","title":{"rendered":"Rutas de Transportes"},"content":{"rendered":"<ul>\n<li><strong>TRANSPORTE ESCOLAR.<\/strong><\/li>\n<\/ul>\n<p>Este servicio cubre el periodo de tiempo comprendido entre el 10 de Septiembre de 2019 y el 19 de Junio de 2020, los 86 alumnos del centro tienen asignada su parada de transporte y el 90 por ciento lo utiliza a diario, solo una minor\u00eda de padres traen y recogen a sus hijos del centro.&nbsp;<\/p>\n<p>&nbsp;&nbsp;&nbsp;&nbsp;&nbsp;&nbsp;&nbsp;&nbsp;&nbsp;&nbsp;&nbsp; En el presente curso contamos con 8 rutas de transporte que recoge alumnado de toda la comarca. El servicio de&nbsp; transporte est\u00e1 gestionado por empresas privadas junto con la Junta de Andaluc\u00eda y al igual que los monitores de los diferentes transportes. Es nuestra obligaci\u00f3n desde el Equipo Directivo velar por el bienestar de nuestro alumnado y controlar que los diferentes autobuses re\u00fanen las medidas de seguridad necesarias: cinturones, adaptaciones, etc\u2026 Al igual que los monitores\/as responsables de cada transporte cumplan con su cometido, aunque una vez que los autobuses salen del centro no es responsabilidad del centro lo que pudiera ocurrir.<\/p>\n<p>&nbsp;&nbsp;&nbsp;&nbsp;&nbsp;&nbsp;&nbsp;&nbsp;&nbsp;&nbsp;&nbsp; Esta informaci\u00f3n es facilitada al tutor y personal de apoyo a principio de curso y debe estar visible en el tabl\u00f3n de la clase.<\/p>\n<p><strong>&nbsp;<\/strong><\/p>\n<ul>\n<li><strong>RUTAS DE TRANSPORTE PARA EL PRESENTE CURSO.<\/strong><\/li>\n<\/ul>\n<p><strong>&nbsp;<\/strong><\/p>\n<table style=\"width: 1040px\">\n<tbody>\n<tr>\n<td style=\"width: 125px\"><strong>RUTA 1<\/strong><\/td>\n<td style=\"width: 122.84375px\"><strong>JIMENA<\/strong><\/td>\n<td style=\"width: 124.15625px\"><strong>RUTA 2<\/strong><\/td>\n<td style=\"width: 124px\"><strong>LOS BARRIOS<\/strong><\/td>\n<td style=\"width: 125px\"><strong>RUTA 3<\/strong><\/td>\n<td style=\"width: 122px\"><strong>GUADIARO-<\/strong><\/p>\n<p><strong>LA L\u00cdNEA<\/strong><\/td>\n<td style=\"width: 125px\"><strong>RUTA 4<\/strong><\/td>\n<td style=\"width: 119px\"><strong>LA L\u00cdNEA<\/strong><\/td>\n<\/tr>\n<tr>\n<td style=\"width: 125px\"><strong>EMPRESA<\/strong><\/td>\n<td style=\"width: 122.84375px\">T. Horizonte<\/td>\n<td style=\"width: 124.15625px\"><strong>EMPRESA<\/strong><\/td>\n<td style=\"width: 124px\">T. Horizonte<\/td>\n<td style=\"width: 125px\"><strong>EMPRESA<\/strong><\/td>\n<td style=\"width: 122px\">T. Valenzuela<\/td>\n<td style=\"width: 125px\"><strong>EMPRESA<\/strong><\/td>\n<td style=\"width: 119px\">T. Valenzuela<\/td>\n<\/tr>\n<tr>\n<td style=\"width: 125px\"><strong>MONITORA<\/strong><\/td>\n<td style=\"width: 122.84375px\">M\u00aa del Mar<\/td>\n<td style=\"width: 124.15625px\"><strong>MONITORA<\/strong><\/td>\n<td style=\"width: 124px\">Mari<\/td>\n<td style=\"width: 125px\"><strong>MONITORA<\/strong><\/td>\n<td style=\"width: 122px\">Pepi<\/td>\n<td style=\"width: 125px\"><strong>MONITORA<\/strong><\/td>\n<td style=\"width: 119px\">Inma<\/td>\n<\/tr>\n<tr>\n<td style=\"width: 125px\"><strong>CHOFER<\/strong><\/td>\n<td style=\"width: 122.84375px\">Fran<\/td>\n<td style=\"width: 124.15625px\"><strong>CHOFER<\/strong><\/td>\n<td style=\"width: 124px\">Jes\u00fas<\/td>\n<td style=\"width: 125px\"><strong>CHOFER<\/strong><\/td>\n<td style=\"width: 122px\">Jos\u00e9 Antonio<\/td>\n<td style=\"width: 125px\"><strong>CHOFER<\/strong><\/td>\n<td style=\"width: 119px\">Francisco<\/td>\n<\/tr>\n<tr>\n<td style=\"width: 125px\"><strong>N\u00ba ALUMNOS\/AS<\/strong><\/td>\n<td style=\"width: 122.84375px\">6<\/td>\n<td style=\"width: 124.15625px\"><strong>N\u00ba ALUMNOS\/AS<\/strong><\/td>\n<td style=\"width: 124px\">12<\/td>\n<td style=\"width: 125px\"><strong>N\u00ba ALUMNOS\/AS<\/strong><\/td>\n<td style=\"width: 122px\">12<\/td>\n<td style=\"width: 125px\"><strong>N\u00ba ALUMNOS\/AS<\/strong><\/td>\n<td style=\"width: 119px\">19<\/td>\n<\/tr>\n<tr>\n<td style=\"width: 125px\"><strong>RUTA 5<\/strong><\/td>\n<td style=\"width: 122.84375px\"><strong>TARIFA-<\/strong><\/p>\n<p><strong>ALGECIRAS<\/strong><\/td>\n<td style=\"width: 124.15625px\"><strong>RUTA 6<\/strong><\/td>\n<td style=\"width: 124px\"><strong>MIRAFLORES<\/strong><\/td>\n<td style=\"width: 125px\"><strong>RUTA 7<\/strong><\/td>\n<td style=\"width: 122px\"><strong>SAN ROQUE-<\/strong><\/p>\n<p><strong>LA L\u00cdNEA<\/strong><\/td>\n<td style=\"width: 125px\"><strong>RUTA 8<\/strong><\/td>\n<td style=\"width: 119px\"><strong>LA L\u00cdNEA<\/strong><\/td>\n<\/tr>\n<tr>\n<td style=\"width: 125px\"><strong>EMPRESA<\/strong><\/td>\n<td style=\"width: 122.84375px\">T. Horizonte<\/td>\n<td style=\"width: 124.15625px\"><strong>EMPRESA<\/strong><\/td>\n<td style=\"width: 124px\">T. Valenzuela<\/td>\n<td style=\"width: 125px\"><strong>EMPRESA<\/strong><\/td>\n<td style=\"width: 122px\">T. Valenzuela<\/td>\n<td style=\"width: 125px\"><strong>EMPRESA<\/strong><\/td>\n<td style=\"width: 119px\">T. Valenzuela<\/td>\n<\/tr>\n<tr>\n<td style=\"width: 125px\"><strong>MONITORA<\/strong><\/td>\n<td style=\"width: 122.84375px\">Ana M\u00aa<\/td>\n<td style=\"width: 124.15625px\"><strong>MONITORA<\/strong><\/td>\n<td style=\"width: 124px\">Esperanza<\/td>\n<td style=\"width: 125px\"><strong>MONITORA<\/strong><\/td>\n<td style=\"width: 122px\">Yasmina<\/td>\n<td style=\"width: 125px\"><strong>MONITORA<\/strong><\/td>\n<td style=\"width: 119px\">Laura<\/td>\n<\/tr>\n<tr>\n<td style=\"width: 125px\"><strong>CHOFER<\/strong><\/td>\n<td style=\"width: 122.84375px\">pepe<\/td>\n<td style=\"width: 124.15625px\"><strong>CHOFER<\/strong><\/td>\n<td style=\"width: 124px\">Nieves<\/td>\n<td style=\"width: 125px\"><strong>CHOFER<\/strong><\/td>\n<td style=\"width: 122px\">Juan Pedro<\/td>\n<td style=\"width: 125px\"><strong>CHOFER<\/strong><\/td>\n<td style=\"width: 119px\">Salvador<\/td>\n<\/tr>\n<tr>\n<td style=\"width: 125px\"><strong>N\u00ba ALUMNOS\/AS<\/strong><\/td>\n<td style=\"width: 122.84375px\">7<\/td>\n<td style=\"width: 124.15625px\"><strong>N\u00ba ALUMNOS\/AS<\/strong><\/td>\n<td style=\"width: 124px\">9<\/td>\n<td style=\"width: 125px\"><strong>N\u00ba ALUMNOS\/AS<\/strong><\/td>\n<td style=\"width: 122px\">10<\/td>\n<td style=\"width: 125px\"><strong>N\u00ba ALUMNOS\/AS<\/strong><\/td>\n<td style=\"width: 119px\">12<\/td>\n<\/tr>\n<\/tbody>\n<\/table>\n<p>Cada una de las rutas est\u00e1 se\u00f1alizada con un color, para facilitar a nuestro alumnado la identificaci\u00f3n y favorezca su autonom\u00eda.<\/p>\n<p>&nbsp;<\/p>\n","protected":false},"excerpt":{"rendered":"<p>TRANSPORTE ESCOLAR. Este servicio cubre el periodo de tiempo comprendido entre el 10 de Septiembre de 2019 y el 19 de Junio de 2020, los 86 alumnos del centro tienen asignada su parada de&#46;&#46;&#46;<\/p>\n","protected":false},"author":8319,"featured_media":0,"parent":0,"menu_order":0,"comment_status":"closed","ping_status":"closed","template":"","meta":{"ngg_post_thumbnail":0,"footnotes":"","_mc_calendar":[]},"aioseo_notices":[],"_links":{"self":[{"href":"https:\/\/blogsaverroes.juntadeandalucia.es\/ceeevirgendelamparo\/wp-json\/wp\/v2\/pages\/2224"}],"collection":[{"href":"https:\/\/blogsaverroes.juntadeandalucia.es\/ceeevirgendelamparo\/wp-json\/wp\/v2\/pages"}],"about":[{"href":"https:\/\/blogsaverroes.juntadeandalucia.es\/ceeevirgendelamparo\/wp-json\/wp\/v2\/types\/page"}],"author":[{"embeddable":true,"href":"https:\/\/blogsaverroes.juntadeandalucia.es\/ceeevirgendelamparo\/wp-json\/wp\/v2\/users\/8319"}],"replies":[{"embeddable":true,"href":"https:\/\/blogsaverroes.juntadeandalucia.es\/ceeevirgendelamparo\/wp-json\/wp\/v2\/comments?post=2224"}],"version-history":[{"count":3,"href":"https:\/\/blogsaverroes.juntadeandalucia.es\/ceeevirgendelamparo\/wp-json\/wp\/v2\/pages\/2224\/revisions"}],"predecessor-version":[{"id":2430,"href":"https:\/\/blogsaverroes.juntadeandalucia.es\/ceeevirgendelamparo\/wp-json\/wp\/v2\/pages\/2224\/revisions\/2430"}],"wp:attachment":[{"href":"https:\/\/blogsaverroes.juntadeandalucia.es\/ceeevirgendelamparo\/wp-json\/wp\/v2\/media?parent=2224"}],"curies":[{"name":"wp","href":"https:\/\/api.w.org\/{rel}","templated":true}]}}