{"id":2324,"date":"2020-02-02T10:07:45","date_gmt":"2020-02-02T10:07:45","guid":{"rendered":"https:\/\/blogsaverroes.juntadeandalucia.es\/ceeevirgendelamparo\/?page_id=2324"},"modified":"2020-02-02T10:20:24","modified_gmt":"2020-02-02T10:20:24","slug":"caracteristicas-del-centro","status":"publish","type":"page","link":"https:\/\/blogsaverroes.juntadeandalucia.es\/ceeevirgendelamparo\/caracteristicas-del-centro\/","title":{"rendered":"Caracter\u00edsticas de nuestro centro"},"content":{"rendered":"<p>El centro se encuentra ubicado en&nbsp; C\/ V\u00eda Parque S\/N<\/p>\n<p>Nuestro centro educativo es un centro comarcal al que asisten alumnos\/as de todo el Campo de Gibraltar. Actualmente acogemos a una pobleci\u00f3n de 87 alumnos\/as con necesidades educativas especiales, distribuidos de la siguiente forma, en 2 aulas de educaci\u00f3n infantil y 12 de b\u00e1sica obligatoria, este a su vez dividido en tres ciclos. Contamos adem\u00e1s con 2 programas de Formaci\u00f3n para la Transici\u00f3n a la Vida Adulta y Laboral (PTVAL), donde se imparten tareas relacionadas con el \u00e1mbito profesional de la jardiner\u00eda y la carpinter\u00eda.<\/p>\n<p>Para la atenci\u00f3n del alumnado contamos con tres gabinetes de logopedias y una fisioterapeuta.<\/p>\n<p>El centro cuenta con 21 maestros\/as especialistas en P.T., 3 maestros\/as de A.L, 2 T\u00e9cnicos de FP, 1 Orientadora (dos d\u00edas a la semana)<\/p>\n<p>Y como persona laboral disponemos de 1 Fisioterapeuta y 1 D.U.E, 5 educadoras, 3 monitores\/as de E.E., 2 Monitoras&nbsp; escolares, 1 Monitor de Apoyo Educativo, 1 Cocinera, 1 Ayudante de Cocina&nbsp; y 2 Limpiadoras<\/p>\n<p>Si quieres localizarnos acude a la p\u00e1gina siguiente<\/p>\n","protected":false},"excerpt":{"rendered":"<p>El centro se encuentra ubicado en&nbsp; C\/ V\u00eda Parque S\/N Nuestro centro educativo es un centro comarcal al que asisten alumnos\/as de todo el Campo de Gibraltar. Actualmente acogemos a una pobleci\u00f3n de 87&#46;&#46;&#46;<\/p>\n","protected":false},"author":8319,"featured_media":0,"parent":0,"menu_order":0,"comment_status":"closed","ping_status":"closed","template":"","meta":{"ngg_post_thumbnail":0,"footnotes":"","_mc_calendar":[]},"aioseo_notices":[],"_links":{"self":[{"href":"https:\/\/blogsaverroes.juntadeandalucia.es\/ceeevirgendelamparo\/wp-json\/wp\/v2\/pages\/2324"}],"collection":[{"href":"https:\/\/blogsaverroes.juntadeandalucia.es\/ceeevirgendelamparo\/wp-json\/wp\/v2\/pages"}],"about":[{"href":"https:\/\/blogsaverroes.juntadeandalucia.es\/ceeevirgendelamparo\/wp-json\/wp\/v2\/types\/page"}],"author":[{"embeddable":true,"href":"https:\/\/blogsaverroes.juntadeandalucia.es\/ceeevirgendelamparo\/wp-json\/wp\/v2\/users\/8319"}],"replies":[{"embeddable":true,"href":"https:\/\/blogsaverroes.juntadeandalucia.es\/ceeevirgendelamparo\/wp-json\/wp\/v2\/comments?post=2324"}],"version-history":[{"count":3,"href":"https:\/\/blogsaverroes.juntadeandalucia.es\/ceeevirgendelamparo\/wp-json\/wp\/v2\/pages\/2324\/revisions"}],"predecessor-version":[{"id":2328,"href":"https:\/\/blogsaverroes.juntadeandalucia.es\/ceeevirgendelamparo\/wp-json\/wp\/v2\/pages\/2324\/revisions\/2328"}],"wp:attachment":[{"href":"https:\/\/blogsaverroes.juntadeandalucia.es\/ceeevirgendelamparo\/wp-json\/wp\/v2\/media?parent=2324"}],"curies":[{"name":"wp","href":"https:\/\/api.w.org\/{rel}","templated":true}]}}