{"id":2333,"date":"2020-02-02T10:31:42","date_gmt":"2020-02-02T10:31:42","guid":{"rendered":"https:\/\/blogsaverroes.juntadeandalucia.es\/ceeevirgendelamparo\/?page_id=2333"},"modified":"2023-10-27T09:39:44","modified_gmt":"2023-10-27T09:39:44","slug":"personal-laboral","status":"publish","type":"page","link":"https:\/\/blogsaverroes.juntadeandalucia.es\/ceeevirgendelamparo\/personal-laboral\/","title":{"rendered":"Personal Laboral"},"content":{"rendered":"<p>Personal laboral para el curso 2023\/24<\/p>\n<ul>\n<li>Laura Aguilar Filter (Limpieza)<\/li>\n<li>Natalia Calvente Cima (Fisioterapeuta)<\/li>\n<li>Palma Carpintero Luque<\/li>\n<li>Alba Casas Pi\u00f1a (Limpieza)<\/li>\n<li>Luc\u00eda Garc\u00eda Femenia (Limpieza)<\/li>\n<li>Violeta M\u00aa del Valle Garc\u00eda (Cocina)<\/li>\n<li>Luisa Mireya Gil Gonz\u00e1lez<\/li>\n<li>Nuria G\u00f3mez Garc\u00eda (monitor contratado APAE)<\/li>\n<li>Palma Gonz\u00e1lez Herrera (monitor contratado APAE)<\/li>\n<li>Guadalupe Heras Fern\u00e1ndez (Limpieza)<\/li>\n<li>Margarita Lagares Franco (Fisioterapeuta)<\/li>\n<li>Miguel A. Le\u00f3n Gonz\u00e1lez (Monitor Administraci\u00f3n)<\/li>\n<li>Ana M\u00aa L\u00f3pez Cid<\/li>\n<li>Carmen M\u00aa Mu\u00f1oz Redondo<\/li>\n<li>M\u00aa Carmen N\u00fa\u00f1ez Silva<\/li>\n<li>Manuel S. P\u00e9rez Guti\u00e9rrez<\/li>\n<li>Inmaculada Plaza \u00c1lvarez (Cocina)<\/li>\n<li>Aroa Rodriguez Cuevas<\/li>\n<li>Luz Mar\u00eda Rodriguez Espinosa (Monitora Administraci\u00f3n)<\/li>\n<li>M. Isabel Seglar Rodr\u00edguez<\/li>\n<li>Carmen V\u00e1zquez Rom\u00e1n (Fisioterapeuta)<\/li>\n<li>M\u00aa Jes\u00fas Dom\u00ednguez Quintana<\/li>\n<\/ul>\n","protected":false},"excerpt":{"rendered":"<p>Personal laboral para el curso 2023\/24 Laura Aguilar Filter (Limpieza) Natalia Calvente Cima (Fisioterapeuta) Palma Carpintero Luque Alba Casas Pi\u00f1a (Limpieza) Luc\u00eda Garc\u00eda Femenia (Limpieza) Violeta M\u00aa del Valle Garc\u00eda (Cocina) Luisa Mireya Gil&#46;&#46;&#46;<\/p>\n","protected":false},"author":8319,"featured_media":0,"parent":0,"menu_order":0,"comment_status":"closed","ping_status":"closed","template":"","meta":{"ngg_post_thumbnail":0,"footnotes":"","_mc_calendar":[]},"aioseo_notices":[],"_links":{"self":[{"href":"https:\/\/blogsaverroes.juntadeandalucia.es\/ceeevirgendelamparo\/wp-json\/wp\/v2\/pages\/2333"}],"collection":[{"href":"https:\/\/blogsaverroes.juntadeandalucia.es\/ceeevirgendelamparo\/wp-json\/wp\/v2\/pages"}],"about":[{"href":"https:\/\/blogsaverroes.juntadeandalucia.es\/ceeevirgendelamparo\/wp-json\/wp\/v2\/types\/page"}],"author":[{"embeddable":true,"href":"https:\/\/blogsaverroes.juntadeandalucia.es\/ceeevirgendelamparo\/wp-json\/wp\/v2\/users\/8319"}],"replies":[{"embeddable":true,"href":"https:\/\/blogsaverroes.juntadeandalucia.es\/ceeevirgendelamparo\/wp-json\/wp\/v2\/comments?post=2333"}],"version-history":[{"count":6,"href":"https:\/\/blogsaverroes.juntadeandalucia.es\/ceeevirgendelamparo\/wp-json\/wp\/v2\/pages\/2333\/revisions"}],"predecessor-version":[{"id":3165,"href":"https:\/\/blogsaverroes.juntadeandalucia.es\/ceeevirgendelamparo\/wp-json\/wp\/v2\/pages\/2333\/revisions\/3165"}],"wp:attachment":[{"href":"https:\/\/blogsaverroes.juntadeandalucia.es\/ceeevirgendelamparo\/wp-json\/wp\/v2\/media?parent=2333"}],"curies":[{"name":"wp","href":"https:\/\/api.w.org\/{rel}","templated":true}]}}