{"id":2815,"date":"2020-12-13T11:24:54","date_gmt":"2020-12-13T11:24:54","guid":{"rendered":"https:\/\/blogsaverroes.juntadeandalucia.es\/ceeevirgendelamparo\/?page_id=2815"},"modified":"2020-12-13T11:24:54","modified_gmt":"2020-12-13T11:24:54","slug":"dia-de-la-constitucion-2020-21","status":"publish","type":"page","link":"https:\/\/blogsaverroes.juntadeandalucia.es\/ceeevirgendelamparo\/dia-de-la-constitucion-2020-21\/","title":{"rendered":"D\u00eda de la Constituci\u00f3n 2020\/21"},"content":{"rendered":"<p>Este a\u00f1o hemos tomado una decisi\u00f3n muy importante, con motivo del Dia de la Constituci\u00f3n, todo el centro se puso como objetivo decorar \u00abmascarillas\u00bb, para darle mas luz y alegr\u00eda y fue tal la imaginaci\u00f3n y esfuerzo realizado por todos nuestros alumnos\/as que premi\u00f3 a todo el centro. \u00abESTE A\u00d1O NO VOTAMOS, GANAMOS TODOS\u00bb.<\/p>\n<p style=\"text-align: center\"><a href=\"https:\/\/drive.google.com\/file\/d\/1Uy4IwEf1Weyve2P8vykFsQxcvt54WfQP\/view?usp=sharing\" target=\"_blank\" rel=\"noopener noreferrer\"><img loading=\"lazy\" decoding=\"async\" class=\"alignnone size-medium wp-image-2816\" src=\"https:\/\/blogsaverroes.juntadeandalucia.es\/ceeevirgendelamparo\/files\/2020\/12\/IMG-20201206-WA0008-120x300.jpg\" alt=\"\" width=\"120\" height=\"300\" srcset=\"https:\/\/blogsaverroes.juntadeandalucia.es\/ceeevirgendelamparo\/files\/2020\/12\/IMG-20201206-WA0008-120x300.jpg 120w, https:\/\/blogsaverroes.juntadeandalucia.es\/ceeevirgendelamparo\/files\/2020\/12\/IMG-20201206-WA0008-410x1024.jpg 410w, https:\/\/blogsaverroes.juntadeandalucia.es\/ceeevirgendelamparo\/files\/2020\/12\/IMG-20201206-WA0008-614x1536.jpg 614w, https:\/\/blogsaverroes.juntadeandalucia.es\/ceeevirgendelamparo\/files\/2020\/12\/IMG-20201206-WA0008-10x24.jpg 10w, https:\/\/blogsaverroes.juntadeandalucia.es\/ceeevirgendelamparo\/files\/2020\/12\/IMG-20201206-WA0008-14x36.jpg 14w, https:\/\/blogsaverroes.juntadeandalucia.es\/ceeevirgendelamparo\/files\/2020\/12\/IMG-20201206-WA0008-19x48.jpg 19w, https:\/\/blogsaverroes.juntadeandalucia.es\/ceeevirgendelamparo\/files\/2020\/12\/IMG-20201206-WA0008.jpg 640w\" sizes=\"(max-width: 120px) 100vw, 120px\" \/><\/a><\/p>\n<p style=\"text-align: center\"><em><strong>PINCHA EN LA IMAGEN Y VERAS EL RESULTADO DE SUS TRABAJOS<\/strong><\/em><\/p>\n","protected":false},"excerpt":{"rendered":"<p>Este a\u00f1o hemos tomado una decisi\u00f3n muy importante, con motivo del Dia de la Constituci\u00f3n, todo el centro se puso como objetivo decorar \u00abmascarillas\u00bb, para darle mas luz y alegr\u00eda y fue tal la&#46;&#46;&#46;<\/p>\n","protected":false},"author":8319,"featured_media":0,"parent":0,"menu_order":0,"comment_status":"closed","ping_status":"closed","template":"","meta":{"ngg_post_thumbnail":0,"footnotes":"","_mc_calendar":[]},"aioseo_notices":[],"_links":{"self":[{"href":"https:\/\/blogsaverroes.juntadeandalucia.es\/ceeevirgendelamparo\/wp-json\/wp\/v2\/pages\/2815"}],"collection":[{"href":"https:\/\/blogsaverroes.juntadeandalucia.es\/ceeevirgendelamparo\/wp-json\/wp\/v2\/pages"}],"about":[{"href":"https:\/\/blogsaverroes.juntadeandalucia.es\/ceeevirgendelamparo\/wp-json\/wp\/v2\/types\/page"}],"author":[{"embeddable":true,"href":"https:\/\/blogsaverroes.juntadeandalucia.es\/ceeevirgendelamparo\/wp-json\/wp\/v2\/users\/8319"}],"replies":[{"embeddable":true,"href":"https:\/\/blogsaverroes.juntadeandalucia.es\/ceeevirgendelamparo\/wp-json\/wp\/v2\/comments?post=2815"}],"version-history":[{"count":1,"href":"https:\/\/blogsaverroes.juntadeandalucia.es\/ceeevirgendelamparo\/wp-json\/wp\/v2\/pages\/2815\/revisions"}],"predecessor-version":[{"id":2817,"href":"https:\/\/blogsaverroes.juntadeandalucia.es\/ceeevirgendelamparo\/wp-json\/wp\/v2\/pages\/2815\/revisions\/2817"}],"wp:attachment":[{"href":"https:\/\/blogsaverroes.juntadeandalucia.es\/ceeevirgendelamparo\/wp-json\/wp\/v2\/media?parent=2815"}],"curies":[{"name":"wp","href":"https:\/\/api.w.org\/{rel}","templated":true}]}}