{"id":2838,"date":"2021-01-27T13:16:51","date_gmt":"2021-01-27T13:16:51","guid":{"rendered":"https:\/\/blogsaverroes.juntadeandalucia.es\/ceeevirgendelamparo\/?page_id=2838"},"modified":"2021-01-27T13:24:48","modified_gmt":"2021-01-27T13:24:48","slug":"plan-de-actuacion-digital","status":"publish","type":"page","link":"https:\/\/blogsaverroes.juntadeandalucia.es\/ceeevirgendelamparo\/plan-de-actuacion-digital\/","title":{"rendered":"Plan de Actuaci\u00f3n Digital"},"content":{"rendered":"<p><strong>Programa de Digitalizaci\u00f3n de Centros (#<span class=\"searchword\">PRODIG<\/span>)<\/strong>, tiene el objetivo fundamental de impulsar y apoyar la transformaci\u00f3n de los centros docentes en <em><strong>organizaciones educativas digitalmente competentes<\/strong><\/em>.<\/p>\n<div>&nbsp;<\/div>\n<div>\n<div id=\"cke_pastebin\">Convertir el centro en una organizaci\u00f3n educativa digitalmente competente, que incorpora a su proyecto educativo medidas de transformaci\u00f3n digital encaminadas a la mejora de los procesos, tanto en los \u00e1mbitos de ense\u00f1anza-aprendizaje y organizativos como de comunicaci\u00f3n e informaci\u00f3n. Esto incluye:<\/div>\n<ul>\n<li><strong>Impulsar<\/strong>&nbsp;la innovaci\u00f3n educativa que introduce cambios en los procesos de ense\u00f1anza-aprendizaje, encaminados a la integraci\u00f3n y uso eficaz e inclusivo de las tecnolog\u00edas de aprendizaje digital, tendiendo a un trabajo docente que pase por la cooperaci\u00f3n y la sinergia.<\/li>\n<li><strong>Fomentar<\/strong>&nbsp;el uso positivo de las tecnolog\u00edas digitales del aprendizaje como herramientas y pr\u00e1cticas habituales para el desarrollo de competencias clave en el alumnado.<\/li>\n<li><strong>Promover<\/strong>&nbsp;el uso de recursos educativos abiertos y entornos virtuales de aprendizaje.<\/li>\n<li><strong>Facilitar<\/strong>&nbsp;el uso de metodolog\u00edas activas que fomentan el trabajo cooperativo y colaborativo.<\/li>\n<li><strong>Desarrollar<\/strong>&nbsp;la competencia digital del profesorado y alumnado.<\/li>\n<li><strong>Vincular<\/strong>&nbsp;a las familias con el desarrollo de la competencia digital del alumnado.<\/li>\n<li><strong>Incardinar<\/strong>&nbsp;las actuaciones propuestas en el programa en las programaciones did\u00e1cticas y en los proyectos educativos de los centros.<\/li>\n<\/ul>\n<\/div>\n<div id=\"cke_pastebin\">Las actuaciones ir\u00e1n dirigidas a la&nbsp; integraci\u00f3n de las&nbsp; tecnolog\u00edas&nbsp; para la mejora&nbsp; con&nbsp; relaci\u00f3n al centro, el alumnado, el profesorado y las familias.<\/div>\n<div>&nbsp;<\/div>\n<div><a href=\"https:\/\/blogsaverroes.juntadeandalucia.es\/ceeevirgendelamparo\/files\/2021\/01\/PLAN-DE-ACTUACI\u00d3N-DIGITAL.pdf\" target=\"_blank\" rel=\"noopener noreferrer\">PLAN DE ACTUACI\u00d3N DIGITAL CEE VIRGEN DEL AMPARO<\/a><\/div>\n","protected":false},"excerpt":{"rendered":"<p>Programa de Digitalizaci\u00f3n de Centros (#PRODIG), tiene el objetivo fundamental de impulsar y apoyar la transformaci\u00f3n de los centros docentes en organizaciones educativas digitalmente competentes. &nbsp; Convertir el centro en una organizaci\u00f3n educativa digitalmente&#46;&#46;&#46;<\/p>\n","protected":false},"author":8319,"featured_media":0,"parent":0,"menu_order":0,"comment_status":"closed","ping_status":"closed","template":"","meta":{"ngg_post_thumbnail":0,"footnotes":"","_mc_calendar":[]},"aioseo_notices":[],"_links":{"self":[{"href":"https:\/\/blogsaverroes.juntadeandalucia.es\/ceeevirgendelamparo\/wp-json\/wp\/v2\/pages\/2838"}],"collection":[{"href":"https:\/\/blogsaverroes.juntadeandalucia.es\/ceeevirgendelamparo\/wp-json\/wp\/v2\/pages"}],"about":[{"href":"https:\/\/blogsaverroes.juntadeandalucia.es\/ceeevirgendelamparo\/wp-json\/wp\/v2\/types\/page"}],"author":[{"embeddable":true,"href":"https:\/\/blogsaverroes.juntadeandalucia.es\/ceeevirgendelamparo\/wp-json\/wp\/v2\/users\/8319"}],"replies":[{"embeddable":true,"href":"https:\/\/blogsaverroes.juntadeandalucia.es\/ceeevirgendelamparo\/wp-json\/wp\/v2\/comments?post=2838"}],"version-history":[{"count":3,"href":"https:\/\/blogsaverroes.juntadeandalucia.es\/ceeevirgendelamparo\/wp-json\/wp\/v2\/pages\/2838\/revisions"}],"predecessor-version":[{"id":2847,"href":"https:\/\/blogsaverroes.juntadeandalucia.es\/ceeevirgendelamparo\/wp-json\/wp\/v2\/pages\/2838\/revisions\/2847"}],"wp:attachment":[{"href":"https:\/\/blogsaverroes.juntadeandalucia.es\/ceeevirgendelamparo\/wp-json\/wp\/v2\/media?parent=2838"}],"curies":[{"name":"wp","href":"https:\/\/api.w.org\/{rel}","templated":true}]}}