{"id":2951,"date":"2021-11-13T12:50:56","date_gmt":"2021-11-13T12:50:56","guid":{"rendered":"https:\/\/blogsaverroes.juntadeandalucia.es\/ceeevirgendelamparo\/?page_id=2951"},"modified":"2023-04-20T08:39:13","modified_gmt":"2023-04-20T08:39:13","slug":"la-banda-en-tu-cole-canal-sur","status":"publish","type":"page","link":"https:\/\/blogsaverroes.juntadeandalucia.es\/ceeevirgendelamparo\/la-banda-en-tu-cole-canal-sur\/","title":{"rendered":"La Banda en tu Cole.-Canal Sur"},"content":{"rendered":"<p>El programa infantil \u201c<strong>La Banda<\/strong>\u201d comienza este&nbsp;<strong>s\u00e1bado<\/strong>&nbsp;12 de octubre, a partir de las 08:30 horas (y hasta las 10:30), una nueva andadura en Canal Sur Televisi\u00f3n.<strong>&nbsp;El programa de los ni\u00f1@s andaluces volver\u00e1 a reencontrarse con ellos en la franja matinal de los fines de semana<\/strong>&nbsp;con nuevas secciones y con sus presentadores habituales,&nbsp;<strong>Felipe y Mar\u00eda<\/strong>.<\/p>\n<p>El&nbsp;<strong>fomento de la lectura, del vocabulario de ingl\u00e9s, temas relacionados con el medio ambiente, con las mascotas<\/strong>, ser\u00e1n algunos de los contenidos de un programa renovado que contar\u00e1, adem\u00e1s, con la secci\u00f3n \u201c<strong>La Banda en tu cole<\/strong>\u201d, protagonizada exclusivamente por ni\u00f1@s andaluces en su propio colegio.<\/p>\n<p><strong>Secciones<\/strong><\/p>\n<p>\u2013<strong>Filipu\u00e1<\/strong>: Felipe ser\u00e1 el cocinero que ense\u00f1ar\u00e1 a los peques andaluces recetas y consejos saludables para llevar a cabo una alimentaci\u00f3n sana.<\/p>\n<p>\u2013<strong>SuperPlaneta<\/strong>: Mar\u00eda se convierte en superhero\u00edna y dar\u00e1 consejos para el cuidado del medio ambiente (ahorro de agua, reciclaje,\u2026). Mar\u00eda tendr\u00e1 que combatir a Tufo, un alien\u00edgena villano que quiere destruir el planeta.<\/p>\n<p>\u2013<strong>Mascotas<\/strong>: Mar\u00eda ser\u00e1 la encargada de acercar a los ni\u00f1@s al reino animal en general, desde el hamster al rinoceronte pasando por el tibur\u00f3n.<\/p>\n<p>\u2013<strong>Valores medioambientales<\/strong>: Felipe y Mar\u00eda hablar\u00e1n de educaci\u00f3n vial, reciclaje, h\u00e1bitos saludables\u2026, con consejos transversales.<\/p>\n<p>-A trav\u00e9s de la animaci\u00f3n \u201c<strong>Can you help me<\/strong>\u201d \u201cLa Banda\u201d fomentar\u00e1 el vocabulario en ingl\u00e9s.<\/p>\n<p>-Una secci\u00f3n de \u201c<strong>Libros<\/strong>\u201d, con recomendaciones sobre \u00e9stos, procurar\u00e1 fomentar la lectura entre los peque\u00f1@s andaluces.<\/p>\n<p>\u2013<strong>La Banda en tu cole<\/strong>: Felipe y Mar\u00eda se acercar\u00e1n a los colegios andaluces. Este espacio estar\u00e1 protagonizado exclusivamente por ni\u00f1@s que mostrar\u00e1n y realizar\u00e1n en su propio cole todo lo que les gusta (aficiones, libros, m\u00fasica, experimentos, bailes, deportes,\u2026).<\/p>\n<p>Por \u00faltimo, las&nbsp;<strong>series de animaci\u00f3n<\/strong>, que ir\u00e1n intercaladas a lo largo de las dos horas de programa del s\u00e1bado y de las dos horas de programa del domingo, tambi\u00e9n tendr\u00e1n cabida en el programa. Entre ellas, \u201cLittle Charmers, \u201cRantar\u00f3 Ninja Boy\u201d, \u201cPipi Calzaslargas\u201d o \u201cEgyxos Moville Misteries\u201d.<\/p>\n<p style=\"text-align: center\"><a href=\"https:\/\/blogsaverroes.juntadeandalucia.es\/ceeevirgendelamparo\/files\/2021\/09\/seguimos-de-estrenos.Octubre_page-0001-scaled.jpg\"><img loading=\"lazy\" decoding=\"async\" class=\"alignnone size-medium wp-image-2945\" src=\"https:\/\/blogsaverroes.juntadeandalucia.es\/ceeevirgendelamparo\/files\/2021\/09\/seguimos-de-estrenos.Octubre_page-0001-212x300.jpg\" alt=\"\" width=\"212\" height=\"300\" srcset=\"https:\/\/blogsaverroes.juntadeandalucia.es\/ceeevirgendelamparo\/files\/2021\/09\/seguimos-de-estrenos.Octubre_page-0001-212x300.jpg 212w, https:\/\/blogsaverroes.juntadeandalucia.es\/ceeevirgendelamparo\/files\/2021\/09\/seguimos-de-estrenos.Octubre_page-0001-724x1024.jpg 724w, https:\/\/blogsaverroes.juntadeandalucia.es\/ceeevirgendelamparo\/files\/2021\/09\/seguimos-de-estrenos.Octubre_page-0001-768x1086.jpg 768w, https:\/\/blogsaverroes.juntadeandalucia.es\/ceeevirgendelamparo\/files\/2021\/09\/seguimos-de-estrenos.Octubre_page-0001-1086x1536.jpg 1086w, https:\/\/blogsaverroes.juntadeandalucia.es\/ceeevirgendelamparo\/files\/2021\/09\/seguimos-de-estrenos.Octubre_page-0001-1448x2048.jpg 1448w, https:\/\/blogsaverroes.juntadeandalucia.es\/ceeevirgendelamparo\/files\/2021\/09\/seguimos-de-estrenos.Octubre_page-0001-scaled.jpg 1131w\" sizes=\"(max-width: 212px) 100vw, 212px\" \/><\/a> <a href=\"https:\/\/blogsaverroes.juntadeandalucia.es\/ceeevirgendelamparo\/files\/2021\/09\/cartelera-septiembre_page-0001-scaled.jpg\"><img loading=\"lazy\" decoding=\"async\" class=\"alignnone size-medium wp-image-2944\" src=\"https:\/\/blogsaverroes.juntadeandalucia.es\/ceeevirgendelamparo\/files\/2021\/09\/cartelera-septiembre_page-0001-212x300.jpg\" alt=\"\" width=\"212\" height=\"300\" srcset=\"https:\/\/blogsaverroes.juntadeandalucia.es\/ceeevirgendelamparo\/files\/2021\/09\/cartelera-septiembre_page-0001-212x300.jpg 212w, https:\/\/blogsaverroes.juntadeandalucia.es\/ceeevirgendelamparo\/files\/2021\/09\/cartelera-septiembre_page-0001-724x1024.jpg 724w, https:\/\/blogsaverroes.juntadeandalucia.es\/ceeevirgendelamparo\/files\/2021\/09\/cartelera-septiembre_page-0001-768x1086.jpg 768w, https:\/\/blogsaverroes.juntadeandalucia.es\/ceeevirgendelamparo\/files\/2021\/09\/cartelera-septiembre_page-0001-1086x1536.jpg 1086w, https:\/\/blogsaverroes.juntadeandalucia.es\/ceeevirgendelamparo\/files\/2021\/09\/cartelera-septiembre_page-0001-1448x2048.jpg 1448w, https:\/\/blogsaverroes.juntadeandalucia.es\/ceeevirgendelamparo\/files\/2021\/09\/cartelera-septiembre_page-0001-scaled.jpg 1131w\" sizes=\"(max-width: 212px) 100vw, 212px\" \/><\/a><\/p>\n<p>&nbsp;<\/p>\n<p><a href=\"https:\/\/www.canalsur.es\/multimedia.html?id=1751460&amp;jwsource=cl\" target=\"_blank\" rel=\"noopener noreferrer\">Programa 19 Septiembre<\/a>.- Nuestro video se encuentra en el minuto 6:49<\/p>\n<p><a href=\"https:\/\/www.canalsur.es\/multimedia.html?id=1753530&amp;jwsource=cl\" target=\"_blank\" rel=\"noopener noreferrer\">Programa 25 Septiembre<\/a>.- Nuestro video se encuentra en el minuto 7:22<\/p>\n<p><a href=\"https:\/\/www.canalsur.es\/multimedia.html?id=1753795&amp;jwsource=cl\" target=\"_blank\" rel=\"noopener noreferrer\">Programa 26 Septiembre<\/a>.- Nuestro video se encuentra en el minuto 6:27<\/p>\n<p><a href=\"https:\/\/www.canalsur.es\/multimedia.html?id=1758571&amp;jwsource=cl\" target=\"_blank\" rel=\"noopener noreferrer\">Programa 10 Octubre<\/a>.- Nuestro video se encuentra en el minuto 7:54<\/p>\n<p><a href=\"https:\/\/www.canalsur.es\/multimedia.html?id=1760720&amp;jwsource=cl\" target=\"_blank\" rel=\"noopener noreferrer\">Programa 16 Octubre<\/a>.- Nuestro video se encuentra en el minuto 13:15<\/p>\n<p><a href=\"https:\/\/www.canalsur.es\/multimedia.html?id=1784256&amp;jwsource=cl\" target=\"_blank\" rel=\"noopener noreferrer\">Programa 24 Diciembre<\/a>.- Nuestro video se encuentra en el minuto 3:40<\/p>\n<p><a href=\"https:\/\/www.canalsur.es\/television\/programas\/la-banda\/detalle\/152.html?video=1787940&amp;sec=\" target=\"_blank\" rel=\"noopener noreferrer\">Programa 9 Enero<\/a>.- Nuestro video se encuentra en el minuto 13<\/p>\n<p><a href=\"https:\/\/www.canalsur.es\/multimedia.html?id=1792570&amp;jwsource=cl\" target=\"_blank\" rel=\"noopener noreferrer\">Programa 23 Enero<\/a>.- Nuestro video se encuentra en el minuto 06:39<\/p>\n<p><a href=\"https:\/\/www.canalsurmas.es\/videos\/45316-la-banda-09042022\/\" target=\"_blank\" rel=\"noopener noreferrer\">Programa 09 Abri<\/a>l.- Nuestro video se encuentra en el minuto 13:23<\/p>\n<p><a href=\"https:\/\/www.canalsurmas.es\/videos\/45320-la-banda-10042022\/\" target=\"_blank\" rel=\"noopener noreferrer\">Programa 10 Abril<\/a>.- Nuestro video se encuentra en el minuto 13:22<\/p>\n<p>Curso 2022\/23<\/p>\n<p><a href=\"https:\/\/www.canalsurmas.es\/videos\/71120-la-banda-02042023\/\" target=\"_blank\" rel=\"noopener noreferrer\">Programa 1<\/a>.- Nuestro video est\u00e1 en el minuto 15:08<\/p>\n<p>&nbsp;<\/p>\n<p>&nbsp;<\/p>\n","protected":false},"excerpt":{"rendered":"<p>El programa infantil \u201cLa Banda\u201d comienza este&nbsp;s\u00e1bado&nbsp;12 de octubre, a partir de las 08:30 horas (y hasta las 10:30), una nueva andadura en Canal Sur Televisi\u00f3n.&nbsp;El programa de los ni\u00f1@s andaluces volver\u00e1 a reencontrarse&#46;&#46;&#46;<\/p>\n","protected":false},"author":8319,"featured_media":0,"parent":0,"menu_order":0,"comment_status":"closed","ping_status":"closed","template":"","meta":{"ngg_post_thumbnail":0,"footnotes":"","_mc_calendar":[]},"aioseo_notices":[],"_links":{"self":[{"href":"https:\/\/blogsaverroes.juntadeandalucia.es\/ceeevirgendelamparo\/wp-json\/wp\/v2\/pages\/2951"}],"collection":[{"href":"https:\/\/blogsaverroes.juntadeandalucia.es\/ceeevirgendelamparo\/wp-json\/wp\/v2\/pages"}],"about":[{"href":"https:\/\/blogsaverroes.juntadeandalucia.es\/ceeevirgendelamparo\/wp-json\/wp\/v2\/types\/page"}],"author":[{"embeddable":true,"href":"https:\/\/blogsaverroes.juntadeandalucia.es\/ceeevirgendelamparo\/wp-json\/wp\/v2\/users\/8319"}],"replies":[{"embeddable":true,"href":"https:\/\/blogsaverroes.juntadeandalucia.es\/ceeevirgendelamparo\/wp-json\/wp\/v2\/comments?post=2951"}],"version-history":[{"count":9,"href":"https:\/\/blogsaverroes.juntadeandalucia.es\/ceeevirgendelamparo\/wp-json\/wp\/v2\/pages\/2951\/revisions"}],"predecessor-version":[{"id":3127,"href":"https:\/\/blogsaverroes.juntadeandalucia.es\/ceeevirgendelamparo\/wp-json\/wp\/v2\/pages\/2951\/revisions\/3127"}],"wp:attachment":[{"href":"https:\/\/blogsaverroes.juntadeandalucia.es\/ceeevirgendelamparo\/wp-json\/wp\/v2\/media?parent=2951"}],"curies":[{"name":"wp","href":"https:\/\/api.w.org\/{rel}","templated":true}]}}