{"id":3011,"date":"2022-03-17T11:18:18","date_gmt":"2022-03-17T11:18:18","guid":{"rendered":"https:\/\/blogsaverroes.juntadeandalucia.es\/ceeevirgendelamparo\/?page_id=3011"},"modified":"2022-03-17T11:18:57","modified_gmt":"2022-03-17T11:18:57","slug":"dia-de-la-mujer","status":"publish","type":"page","link":"https:\/\/blogsaverroes.juntadeandalucia.es\/ceeevirgendelamparo\/dia-de-la-mujer\/","title":{"rendered":"D\u00eda de la Mujer"},"content":{"rendered":"<p>Este a\u00f1o los planes desarrollados en nuestro centro: Plan de Igualdad, Red Andaluza de Escuelas Espacio de Paz y Aldea se han unido para celebrar el d\u00eda de la mujer.<\/p>\n<p>Por ello, durante la semana del 7 al 11 de marzo hemos trabajado la figura de la adolescente sueca Greta Thunberg, la cual es l\u00edder en la lucha contra el cambio clim\u00e1tico y porque cuidar el medio ambiente tambi\u00e9n puede ser divertido hemos realizado diversos talleres de reciclado, de reutilizaci\u00f3n de materiales, siembra y cuidado de las plantas, vivenciaci\u00f3n de cuentos sensoriales&#8230;<\/p>\n<p><a href=\"https:\/\/blogsaverroes.juntadeandalucia.es\/ceeevirgendelamparo\/files\/2022\/03\/PHOTO-2022-03-16-20-13-54.jpg\"><img loading=\"lazy\" decoding=\"async\" class=\"alignnone size-medium wp-image-3013\" src=\"https:\/\/blogsaverroes.juntadeandalucia.es\/ceeevirgendelamparo\/files\/2022\/03\/PHOTO-2022-03-16-20-13-54-300x200.jpg\" alt=\"\" width=\"300\" height=\"200\" srcset=\"https:\/\/blogsaverroes.juntadeandalucia.es\/ceeevirgendelamparo\/files\/2022\/03\/PHOTO-2022-03-16-20-13-54-300x200.jpg 300w, https:\/\/blogsaverroes.juntadeandalucia.es\/ceeevirgendelamparo\/files\/2022\/03\/PHOTO-2022-03-16-20-13-54-1024x682.jpg 1024w, https:\/\/blogsaverroes.juntadeandalucia.es\/ceeevirgendelamparo\/files\/2022\/03\/PHOTO-2022-03-16-20-13-54-768x512.jpg 768w, https:\/\/blogsaverroes.juntadeandalucia.es\/ceeevirgendelamparo\/files\/2022\/03\/PHOTO-2022-03-16-20-13-54-1536x1023.jpg 1536w, https:\/\/blogsaverroes.juntadeandalucia.es\/ceeevirgendelamparo\/files\/2022\/03\/PHOTO-2022-03-16-20-13-54.jpg 1600w\" sizes=\"(max-width: 300px) 100vw, 300px\" \/><\/a><a href=\"https:\/\/blogsaverroes.juntadeandalucia.es\/ceeevirgendelamparo\/files\/2022\/03\/PHOTO-2022-03-16-20-14-26.jpg\"><img loading=\"lazy\" decoding=\"async\" class=\"alignnone size-medium wp-image-3015\" src=\"https:\/\/blogsaverroes.juntadeandalucia.es\/ceeevirgendelamparo\/files\/2022\/03\/PHOTO-2022-03-16-20-14-26-212x300.jpg\" alt=\"\" width=\"212\" height=\"300\" srcset=\"https:\/\/blogsaverroes.juntadeandalucia.es\/ceeevirgendelamparo\/files\/2022\/03\/PHOTO-2022-03-16-20-14-26-212x300.jpg 212w, https:\/\/blogsaverroes.juntadeandalucia.es\/ceeevirgendelamparo\/files\/2022\/03\/PHOTO-2022-03-16-20-14-26-724x1024.jpg 724w, https:\/\/blogsaverroes.juntadeandalucia.es\/ceeevirgendelamparo\/files\/2022\/03\/PHOTO-2022-03-16-20-14-26-768x1086.jpg 768w, https:\/\/blogsaverroes.juntadeandalucia.es\/ceeevirgendelamparo\/files\/2022\/03\/PHOTO-2022-03-16-20-14-26-1086x1536.jpg 1086w, https:\/\/blogsaverroes.juntadeandalucia.es\/ceeevirgendelamparo\/files\/2022\/03\/PHOTO-2022-03-16-20-14-26.jpg 1131w\" sizes=\"(max-width: 212px) 100vw, 212px\" \/><\/a> <a href=\"https:\/\/blogsaverroes.juntadeandalucia.es\/ceeevirgendelamparo\/files\/2022\/03\/PHOTO-2022-03-16-20-14-40-1.jpg\"><img loading=\"lazy\" decoding=\"async\" class=\"alignnone size-medium wp-image-3016\" src=\"https:\/\/blogsaverroes.juntadeandalucia.es\/ceeevirgendelamparo\/files\/2022\/03\/PHOTO-2022-03-16-20-14-40-1-212x300.jpg\" alt=\"\" width=\"212\" height=\"300\" srcset=\"https:\/\/blogsaverroes.juntadeandalucia.es\/ceeevirgendelamparo\/files\/2022\/03\/PHOTO-2022-03-16-20-14-40-1-212x300.jpg 212w, https:\/\/blogsaverroes.juntadeandalucia.es\/ceeevirgendelamparo\/files\/2022\/03\/PHOTO-2022-03-16-20-14-40-1-724x1024.jpg 724w, https:\/\/blogsaverroes.juntadeandalucia.es\/ceeevirgendelamparo\/files\/2022\/03\/PHOTO-2022-03-16-20-14-40-1-768x1086.jpg 768w, https:\/\/blogsaverroes.juntadeandalucia.es\/ceeevirgendelamparo\/files\/2022\/03\/PHOTO-2022-03-16-20-14-40-1-1086x1536.jpg 1086w, https:\/\/blogsaverroes.juntadeandalucia.es\/ceeevirgendelamparo\/files\/2022\/03\/PHOTO-2022-03-16-20-14-40-1.jpg 1131w\" sizes=\"(max-width: 212px) 100vw, 212px\" \/><\/a> <a href=\"https:\/\/blogsaverroes.juntadeandalucia.es\/ceeevirgendelamparo\/files\/2022\/03\/PHOTO-2022-03-16-20-14-40.jpg\"><img loading=\"lazy\" decoding=\"async\" class=\"alignnone size-medium wp-image-3017\" src=\"https:\/\/blogsaverroes.juntadeandalucia.es\/ceeevirgendelamparo\/files\/2022\/03\/PHOTO-2022-03-16-20-14-40-212x300.jpg\" alt=\"\" width=\"212\" height=\"300\" srcset=\"https:\/\/blogsaverroes.juntadeandalucia.es\/ceeevirgendelamparo\/files\/2022\/03\/PHOTO-2022-03-16-20-14-40-212x300.jpg 212w, https:\/\/blogsaverroes.juntadeandalucia.es\/ceeevirgendelamparo\/files\/2022\/03\/PHOTO-2022-03-16-20-14-40-724x1024.jpg 724w, https:\/\/blogsaverroes.juntadeandalucia.es\/ceeevirgendelamparo\/files\/2022\/03\/PHOTO-2022-03-16-20-14-40-768x1086.jpg 768w, https:\/\/blogsaverroes.juntadeandalucia.es\/ceeevirgendelamparo\/files\/2022\/03\/PHOTO-2022-03-16-20-14-40-1086x1536.jpg 1086w, https:\/\/blogsaverroes.juntadeandalucia.es\/ceeevirgendelamparo\/files\/2022\/03\/PHOTO-2022-03-16-20-14-40.jpg 1131w\" sizes=\"(max-width: 212px) 100vw, 212px\" \/><\/a> <a href=\"https:\/\/blogsaverroes.juntadeandalucia.es\/ceeevirgendelamparo\/files\/2022\/03\/PHOTO-2022-03-16-20-14-53.jpg\"><img loading=\"lazy\" decoding=\"async\" class=\"alignnone size-medium wp-image-3018\" src=\"https:\/\/blogsaverroes.juntadeandalucia.es\/ceeevirgendelamparo\/files\/2022\/03\/PHOTO-2022-03-16-20-14-53-212x300.jpg\" alt=\"\" width=\"212\" height=\"300\" srcset=\"https:\/\/blogsaverroes.juntadeandalucia.es\/ceeevirgendelamparo\/files\/2022\/03\/PHOTO-2022-03-16-20-14-53-212x300.jpg 212w, https:\/\/blogsaverroes.juntadeandalucia.es\/ceeevirgendelamparo\/files\/2022\/03\/PHOTO-2022-03-16-20-14-53-724x1024.jpg 724w, https:\/\/blogsaverroes.juntadeandalucia.es\/ceeevirgendelamparo\/files\/2022\/03\/PHOTO-2022-03-16-20-14-53-768x1086.jpg 768w, https:\/\/blogsaverroes.juntadeandalucia.es\/ceeevirgendelamparo\/files\/2022\/03\/PHOTO-2022-03-16-20-14-53-1086x1536.jpg 1086w, https:\/\/blogsaverroes.juntadeandalucia.es\/ceeevirgendelamparo\/files\/2022\/03\/PHOTO-2022-03-16-20-14-53.jpg 1131w\" sizes=\"(max-width: 212px) 100vw, 212px\" \/><\/a><\/p>\n<p><a href=\"https:\/\/blogsaverroes.juntadeandalucia.es\/ceeevirgendelamparo\/files\/2022\/03\/PHOTO-2022-03-16-20-15-14.jpg\"><img loading=\"lazy\" decoding=\"async\" class=\"alignnone size-medium wp-image-3019\" src=\"https:\/\/blogsaverroes.juntadeandalucia.es\/ceeevirgendelamparo\/files\/2022\/03\/PHOTO-2022-03-16-20-15-14-300x300.jpg\" alt=\"\" width=\"300\" height=\"300\" srcset=\"https:\/\/blogsaverroes.juntadeandalucia.es\/ceeevirgendelamparo\/files\/2022\/03\/PHOTO-2022-03-16-20-15-14-300x300.jpg 300w, https:\/\/blogsaverroes.juntadeandalucia.es\/ceeevirgendelamparo\/files\/2022\/03\/PHOTO-2022-03-16-20-15-14-1024x1024.jpg 1024w, https:\/\/blogsaverroes.juntadeandalucia.es\/ceeevirgendelamparo\/files\/2022\/03\/PHOTO-2022-03-16-20-15-14-150x150.jpg 150w, https:\/\/blogsaverroes.juntadeandalucia.es\/ceeevirgendelamparo\/files\/2022\/03\/PHOTO-2022-03-16-20-15-14-768x768.jpg 768w, https:\/\/blogsaverroes.juntadeandalucia.es\/ceeevirgendelamparo\/files\/2022\/03\/PHOTO-2022-03-16-20-15-14-80x80.jpg 80w, https:\/\/blogsaverroes.juntadeandalucia.es\/ceeevirgendelamparo\/files\/2022\/03\/PHOTO-2022-03-16-20-15-14-320x320.jpg 320w, https:\/\/blogsaverroes.juntadeandalucia.es\/ceeevirgendelamparo\/files\/2022\/03\/PHOTO-2022-03-16-20-15-14.jpg 1080w\" sizes=\"(max-width: 300px) 100vw, 300px\" \/><\/a> <a href=\"https:\/\/blogsaverroes.juntadeandalucia.es\/ceeevirgendelamparo\/files\/2022\/03\/PHOTO-2022-03-16-20-15-28.jpg\"><img loading=\"lazy\" decoding=\"async\" class=\"alignnone size-medium wp-image-3020\" src=\"https:\/\/blogsaverroes.juntadeandalucia.es\/ceeevirgendelamparo\/files\/2022\/03\/PHOTO-2022-03-16-20-15-28-300x200.jpg\" alt=\"\" width=\"300\" height=\"200\" srcset=\"https:\/\/blogsaverroes.juntadeandalucia.es\/ceeevirgendelamparo\/files\/2022\/03\/PHOTO-2022-03-16-20-15-28-300x200.jpg 300w, https:\/\/blogsaverroes.juntadeandalucia.es\/ceeevirgendelamparo\/files\/2022\/03\/PHOTO-2022-03-16-20-15-28-1024x682.jpg 1024w, https:\/\/blogsaverroes.juntadeandalucia.es\/ceeevirgendelamparo\/files\/2022\/03\/PHOTO-2022-03-16-20-15-28-768x512.jpg 768w, https:\/\/blogsaverroes.juntadeandalucia.es\/ceeevirgendelamparo\/files\/2022\/03\/PHOTO-2022-03-16-20-15-28-1536x1023.jpg 1536w, https:\/\/blogsaverroes.juntadeandalucia.es\/ceeevirgendelamparo\/files\/2022\/03\/PHOTO-2022-03-16-20-15-28.jpg 1600w\" sizes=\"(max-width: 300px) 100vw, 300px\" \/><\/a> <a href=\"https:\/\/blogsaverroes.juntadeandalucia.es\/ceeevirgendelamparo\/files\/2022\/03\/PHOTO-2022-03-16-20-15-42.jpg\"><img loading=\"lazy\" decoding=\"async\" class=\"alignnone size-medium wp-image-3021\" src=\"https:\/\/blogsaverroes.juntadeandalucia.es\/ceeevirgendelamparo\/files\/2022\/03\/PHOTO-2022-03-16-20-15-42-300x200.jpg\" alt=\"\" width=\"300\" height=\"200\" srcset=\"https:\/\/blogsaverroes.juntadeandalucia.es\/ceeevirgendelamparo\/files\/2022\/03\/PHOTO-2022-03-16-20-15-42-300x200.jpg 300w, https:\/\/blogsaverroes.juntadeandalucia.es\/ceeevirgendelamparo\/files\/2022\/03\/PHOTO-2022-03-16-20-15-42-1024x682.jpg 1024w, https:\/\/blogsaverroes.juntadeandalucia.es\/ceeevirgendelamparo\/files\/2022\/03\/PHOTO-2022-03-16-20-15-42-768x512.jpg 768w, https:\/\/blogsaverroes.juntadeandalucia.es\/ceeevirgendelamparo\/files\/2022\/03\/PHOTO-2022-03-16-20-15-42-1536x1023.jpg 1536w, https:\/\/blogsaverroes.juntadeandalucia.es\/ceeevirgendelamparo\/files\/2022\/03\/PHOTO-2022-03-16-20-15-42.jpg 1600w\" sizes=\"(max-width: 300px) 100vw, 300px\" \/><\/a> <a href=\"https:\/\/blogsaverroes.juntadeandalucia.es\/ceeevirgendelamparo\/files\/2022\/03\/PHOTO-2022-03-16-20-15-57.jpg\"><img loading=\"lazy\" decoding=\"async\" class=\"alignnone size-medium wp-image-3022\" src=\"https:\/\/blogsaverroes.juntadeandalucia.es\/ceeevirgendelamparo\/files\/2022\/03\/PHOTO-2022-03-16-20-15-57-300x200.jpg\" alt=\"\" width=\"300\" height=\"200\" srcset=\"https:\/\/blogsaverroes.juntadeandalucia.es\/ceeevirgendelamparo\/files\/2022\/03\/PHOTO-2022-03-16-20-15-57-300x200.jpg 300w, https:\/\/blogsaverroes.juntadeandalucia.es\/ceeevirgendelamparo\/files\/2022\/03\/PHOTO-2022-03-16-20-15-57-1024x682.jpg 1024w, https:\/\/blogsaverroes.juntadeandalucia.es\/ceeevirgendelamparo\/files\/2022\/03\/PHOTO-2022-03-16-20-15-57-768x512.jpg 768w, https:\/\/blogsaverroes.juntadeandalucia.es\/ceeevirgendelamparo\/files\/2022\/03\/PHOTO-2022-03-16-20-15-57-1536x1023.jpg 1536w, https:\/\/blogsaverroes.juntadeandalucia.es\/ceeevirgendelamparo\/files\/2022\/03\/PHOTO-2022-03-16-20-15-57.jpg 1600w\" sizes=\"(max-width: 300px) 100vw, 300px\" \/><\/a> <a href=\"https:\/\/blogsaverroes.juntadeandalucia.es\/ceeevirgendelamparo\/files\/2022\/03\/PHOTO-2022-03-16-20-16-22.jpg\"><img loading=\"lazy\" decoding=\"async\" class=\"alignnone size-medium wp-image-3023\" src=\"https:\/\/blogsaverroes.juntadeandalucia.es\/ceeevirgendelamparo\/files\/2022\/03\/PHOTO-2022-03-16-20-16-22-300x200.jpg\" alt=\"\" width=\"300\" height=\"200\" srcset=\"https:\/\/blogsaverroes.juntadeandalucia.es\/ceeevirgendelamparo\/files\/2022\/03\/PHOTO-2022-03-16-20-16-22-300x200.jpg 300w, https:\/\/blogsaverroes.juntadeandalucia.es\/ceeevirgendelamparo\/files\/2022\/03\/PHOTO-2022-03-16-20-16-22-1024x682.jpg 1024w, https:\/\/blogsaverroes.juntadeandalucia.es\/ceeevirgendelamparo\/files\/2022\/03\/PHOTO-2022-03-16-20-16-22-768x512.jpg 768w, https:\/\/blogsaverroes.juntadeandalucia.es\/ceeevirgendelamparo\/files\/2022\/03\/PHOTO-2022-03-16-20-16-22-1536x1023.jpg 1536w, https:\/\/blogsaverroes.juntadeandalucia.es\/ceeevirgendelamparo\/files\/2022\/03\/PHOTO-2022-03-16-20-16-22.jpg 1600w\" sizes=\"(max-width: 300px) 100vw, 300px\" \/><\/a> <a href=\"https:\/\/blogsaverroes.juntadeandalucia.es\/ceeevirgendelamparo\/files\/2022\/03\/PHOTO-2022-03-16-20-16-36.jpg\"><img loading=\"lazy\" decoding=\"async\" class=\"alignnone size-medium wp-image-3024\" src=\"https:\/\/blogsaverroes.juntadeandalucia.es\/ceeevirgendelamparo\/files\/2022\/03\/PHOTO-2022-03-16-20-16-36-300x200.jpg\" alt=\"\" width=\"300\" height=\"200\" srcset=\"https:\/\/blogsaverroes.juntadeandalucia.es\/ceeevirgendelamparo\/files\/2022\/03\/PHOTO-2022-03-16-20-16-36-300x200.jpg 300w, https:\/\/blogsaverroes.juntadeandalucia.es\/ceeevirgendelamparo\/files\/2022\/03\/PHOTO-2022-03-16-20-16-36-1024x682.jpg 1024w, https:\/\/blogsaverroes.juntadeandalucia.es\/ceeevirgendelamparo\/files\/2022\/03\/PHOTO-2022-03-16-20-16-36-768x512.jpg 768w, https:\/\/blogsaverroes.juntadeandalucia.es\/ceeevirgendelamparo\/files\/2022\/03\/PHOTO-2022-03-16-20-16-36-1536x1023.jpg 1536w, https:\/\/blogsaverroes.juntadeandalucia.es\/ceeevirgendelamparo\/files\/2022\/03\/PHOTO-2022-03-16-20-16-36.jpg 1600w\" sizes=\"(max-width: 300px) 100vw, 300px\" \/><\/a> <a href=\"https:\/\/blogsaverroes.juntadeandalucia.es\/ceeevirgendelamparo\/files\/2022\/03\/PHOTO-2022-03-16-20-16-52.jpg\"><img loading=\"lazy\" decoding=\"async\" class=\"alignnone size-medium wp-image-3025\" src=\"https:\/\/blogsaverroes.juntadeandalucia.es\/ceeevirgendelamparo\/files\/2022\/03\/PHOTO-2022-03-16-20-16-52-300x200.jpg\" alt=\"\" width=\"300\" height=\"200\" srcset=\"https:\/\/blogsaverroes.juntadeandalucia.es\/ceeevirgendelamparo\/files\/2022\/03\/PHOTO-2022-03-16-20-16-52-300x200.jpg 300w, https:\/\/blogsaverroes.juntadeandalucia.es\/ceeevirgendelamparo\/files\/2022\/03\/PHOTO-2022-03-16-20-16-52-1024x682.jpg 1024w, https:\/\/blogsaverroes.juntadeandalucia.es\/ceeevirgendelamparo\/files\/2022\/03\/PHOTO-2022-03-16-20-16-52-768x512.jpg 768w, https:\/\/blogsaverroes.juntadeandalucia.es\/ceeevirgendelamparo\/files\/2022\/03\/PHOTO-2022-03-16-20-16-52-1536x1023.jpg 1536w, https:\/\/blogsaverroes.juntadeandalucia.es\/ceeevirgendelamparo\/files\/2022\/03\/PHOTO-2022-03-16-20-16-52.jpg 1600w\" sizes=\"(max-width: 300px) 100vw, 300px\" \/><\/a> <a href=\"https:\/\/blogsaverroes.juntadeandalucia.es\/ceeevirgendelamparo\/files\/2022\/03\/PHOTO-2022-03-16-20-14-09.jpg\"><img loading=\"lazy\" decoding=\"async\" class=\"alignnone size-medium wp-image-3014\" src=\"https:\/\/blogsaverroes.juntadeandalucia.es\/ceeevirgendelamparo\/files\/2022\/03\/PHOTO-2022-03-16-20-14-09-300x200.jpg\" alt=\"\" width=\"300\" height=\"200\" srcset=\"https:\/\/blogsaverroes.juntadeandalucia.es\/ceeevirgendelamparo\/files\/2022\/03\/PHOTO-2022-03-16-20-14-09-300x200.jpg 300w, https:\/\/blogsaverroes.juntadeandalucia.es\/ceeevirgendelamparo\/files\/2022\/03\/PHOTO-2022-03-16-20-14-09-1024x682.jpg 1024w, https:\/\/blogsaverroes.juntadeandalucia.es\/ceeevirgendelamparo\/files\/2022\/03\/PHOTO-2022-03-16-20-14-09-768x512.jpg 768w, https:\/\/blogsaverroes.juntadeandalucia.es\/ceeevirgendelamparo\/files\/2022\/03\/PHOTO-2022-03-16-20-14-09-1536x1023.jpg 1536w, https:\/\/blogsaverroes.juntadeandalucia.es\/ceeevirgendelamparo\/files\/2022\/03\/PHOTO-2022-03-16-20-14-09.jpg 1600w\" sizes=\"(max-width: 300px) 100vw, 300px\" \/><\/a><\/p>\n<p>Los alumn@s de Basal han trabajado este taller a trav\u00e9s de este precioso cuento dedicado a la lucha contra el cambio clim\u00e1tico que sostiene Greta Thunberg, pincha en la ballena y accede a \u00e9l<\/p>\n<p><a href=\"https:\/\/blogsaverroes.juntadeandalucia.es\/ceeevirgendelamparo\/files\/2022\/03\/pdf-basal-cuento.pdf\" target=\"_blank\" rel=\"noopener noreferrer\">la ballena Valentina<img loading=\"lazy\" decoding=\"async\" class=\"alignnone wp-image-3028\" src=\"https:\/\/blogsaverroes.juntadeandalucia.es\/ceeevirgendelamparo\/files\/2022\/03\/ballena-300x300.jpg\" alt=\"\" width=\"167\" height=\"167\" srcset=\"https:\/\/blogsaverroes.juntadeandalucia.es\/ceeevirgendelamparo\/files\/2022\/03\/ballena-300x300.jpg 300w, https:\/\/blogsaverroes.juntadeandalucia.es\/ceeevirgendelamparo\/files\/2022\/03\/ballena-150x150.jpg 150w, https:\/\/blogsaverroes.juntadeandalucia.es\/ceeevirgendelamparo\/files\/2022\/03\/ballena-80x80.jpg 80w, https:\/\/blogsaverroes.juntadeandalucia.es\/ceeevirgendelamparo\/files\/2022\/03\/ballena-320x320.jpg 320w, https:\/\/blogsaverroes.juntadeandalucia.es\/ceeevirgendelamparo\/files\/2022\/03\/ballena.jpg 600w\" sizes=\"(max-width: 167px) 100vw, 167px\" \/><\/a><\/p>\n","protected":false},"excerpt":{"rendered":"<p>Este a\u00f1o los planes desarrollados en nuestro centro: Plan de Igualdad, Red Andaluza de Escuelas Espacio de Paz y Aldea se han unido para celebrar el d\u00eda de la mujer. Por ello, durante la&#46;&#46;&#46;<\/p>\n","protected":false},"author":8319,"featured_media":3013,"parent":0,"menu_order":0,"comment_status":"closed","ping_status":"closed","template":"","meta":{"ngg_post_thumbnail":0,"footnotes":"","_mc_calendar":[]},"aioseo_notices":[],"_links":{"self":[{"href":"https:\/\/blogsaverroes.juntadeandalucia.es\/ceeevirgendelamparo\/wp-json\/wp\/v2\/pages\/3011"}],"collection":[{"href":"https:\/\/blogsaverroes.juntadeandalucia.es\/ceeevirgendelamparo\/wp-json\/wp\/v2\/pages"}],"about":[{"href":"https:\/\/blogsaverroes.juntadeandalucia.es\/ceeevirgendelamparo\/wp-json\/wp\/v2\/types\/page"}],"author":[{"embeddable":true,"href":"https:\/\/blogsaverroes.juntadeandalucia.es\/ceeevirgendelamparo\/wp-json\/wp\/v2\/users\/8319"}],"replies":[{"embeddable":true,"href":"https:\/\/blogsaverroes.juntadeandalucia.es\/ceeevirgendelamparo\/wp-json\/wp\/v2\/comments?post=3011"}],"version-history":[{"count":1,"href":"https:\/\/blogsaverroes.juntadeandalucia.es\/ceeevirgendelamparo\/wp-json\/wp\/v2\/pages\/3011\/revisions"}],"predecessor-version":[{"id":3029,"href":"https:\/\/blogsaverroes.juntadeandalucia.es\/ceeevirgendelamparo\/wp-json\/wp\/v2\/pages\/3011\/revisions\/3029"}],"wp:featuredmedia":[{"embeddable":true,"href":"https:\/\/blogsaverroes.juntadeandalucia.es\/ceeevirgendelamparo\/wp-json\/wp\/v2\/media\/3013"}],"wp:attachment":[{"href":"https:\/\/blogsaverroes.juntadeandalucia.es\/ceeevirgendelamparo\/wp-json\/wp\/v2\/media?parent=3011"}],"curies":[{"name":"wp","href":"https:\/\/api.w.org\/{rel}","templated":true}]}}