{"id":3045,"date":"2022-10-09T10:58:18","date_gmt":"2022-10-09T10:58:18","guid":{"rendered":"https:\/\/blogsaverroes.juntadeandalucia.es\/ceeevirgendelamparo\/?page_id=3045"},"modified":"2022-10-09T10:58:18","modified_gmt":"2022-10-09T10:58:18","slug":"mus-e","status":"publish","type":"page","link":"https:\/\/blogsaverroes.juntadeandalucia.es\/ceeevirgendelamparo\/mus-e\/","title":{"rendered":"MUS-E"},"content":{"rendered":"<p style=\"text-align: center\"><a href=\"https:\/\/blogsaverroes.juntadeandalucia.es\/ceeevirgendelamparo\/files\/2022\/10\/mus-e.jpg\"><img loading=\"lazy\" decoding=\"async\" class=\"alignnone size-full wp-image-3046\" src=\"https:\/\/blogsaverroes.juntadeandalucia.es\/ceeevirgendelamparo\/files\/2022\/10\/mus-e.jpg\" alt=\"\" width=\"175\" height=\"175\" srcset=\"https:\/\/blogsaverroes.juntadeandalucia.es\/ceeevirgendelamparo\/files\/2022\/10\/mus-e.jpg 175w, https:\/\/blogsaverroes.juntadeandalucia.es\/ceeevirgendelamparo\/files\/2022\/10\/mus-e-150x150.jpg 150w, https:\/\/blogsaverroes.juntadeandalucia.es\/ceeevirgendelamparo\/files\/2022\/10\/mus-e-80x80.jpg 80w\" sizes=\"(max-width: 175px) 100vw, 175px\" \/><\/a><\/p>\n<p>&nbsp;<\/p>\n<p>El Programa MUS-E\u00ae se inicia en Espa\u00f1a en febrero de 1996, cuando se suscribe el convenio entre el Ministerio de Educaci\u00f3n y Ciencia, la Fundaci\u00f3n Internacional Yehudi Menuhin y el propio Maestro Menuhin, inici\u00e1ndose la colaboraci\u00f3n para el aprendizaje y la pr\u00e1ctica art\u00edstica como fuente de equilibrio y tolerancia es un proyecto de intervenci\u00f3n educativa a trav\u00e9s del Arte, que parte de la utilizaci\u00f3n de las artes como herramienta para el trabajo en los centros educativos y contempla el desarrollo de la inteligencia emocional, como fuente que pretende fomentar la cohesi\u00f3n social, y luchar contra la posible exclusi\u00f3n de ni\u00f1os y ni\u00f1as que viven en ambientes desfavorecidos. Es un Programa a trav\u00e9s del Arte que a\u00fana distintas facetas de trabajo: art\u00edstica, social, cultural y educativo, resultando una herramienta \u00fatil&nbsp; seg\u00fan avala la evaluaci\u00f3n externa realizada.<\/p>\n<p>El MUS-E\u00ae hace hincapi\u00e9 en la importancia del di\u00e1logo y la interacci\u00f3n as\u00ed como el desarrollo de la creatividad y la imaginaci\u00f3n en la pr\u00e1ctica educativa para la mejora de los aprendizajes, la autoafirmaci\u00f3n de los menores, la mejora de su autoestima y el fomento en los usuarios del emprendimiento y la iniciativa a trav\u00e9s de la creatividad<\/p>\n","protected":false},"excerpt":{"rendered":"<p>&nbsp; El Programa MUS-E\u00ae se inicia en Espa\u00f1a en febrero de 1996, cuando se suscribe el convenio entre el Ministerio de Educaci\u00f3n y Ciencia, la Fundaci\u00f3n Internacional Yehudi Menuhin y el propio Maestro Menuhin,&#46;&#46;&#46;<\/p>\n","protected":false},"author":8319,"featured_media":0,"parent":0,"menu_order":0,"comment_status":"closed","ping_status":"closed","template":"","meta":{"ngg_post_thumbnail":0,"footnotes":"","_mc_calendar":[]},"aioseo_notices":[],"_links":{"self":[{"href":"https:\/\/blogsaverroes.juntadeandalucia.es\/ceeevirgendelamparo\/wp-json\/wp\/v2\/pages\/3045"}],"collection":[{"href":"https:\/\/blogsaverroes.juntadeandalucia.es\/ceeevirgendelamparo\/wp-json\/wp\/v2\/pages"}],"about":[{"href":"https:\/\/blogsaverroes.juntadeandalucia.es\/ceeevirgendelamparo\/wp-json\/wp\/v2\/types\/page"}],"author":[{"embeddable":true,"href":"https:\/\/blogsaverroes.juntadeandalucia.es\/ceeevirgendelamparo\/wp-json\/wp\/v2\/users\/8319"}],"replies":[{"embeddable":true,"href":"https:\/\/blogsaverroes.juntadeandalucia.es\/ceeevirgendelamparo\/wp-json\/wp\/v2\/comments?post=3045"}],"version-history":[{"count":1,"href":"https:\/\/blogsaverroes.juntadeandalucia.es\/ceeevirgendelamparo\/wp-json\/wp\/v2\/pages\/3045\/revisions"}],"predecessor-version":[{"id":3047,"href":"https:\/\/blogsaverroes.juntadeandalucia.es\/ceeevirgendelamparo\/wp-json\/wp\/v2\/pages\/3045\/revisions\/3047"}],"wp:attachment":[{"href":"https:\/\/blogsaverroes.juntadeandalucia.es\/ceeevirgendelamparo\/wp-json\/wp\/v2\/media?parent=3045"}],"curies":[{"name":"wp","href":"https:\/\/api.w.org\/{rel}","templated":true}]}}