{"id":3050,"date":"2022-10-09T11:03:53","date_gmt":"2022-10-09T11:03:53","guid":{"rendered":"https:\/\/blogsaverroes.juntadeandalucia.es\/ceeevirgendelamparo\/?page_id=3050"},"modified":"2022-10-09T11:03:53","modified_gmt":"2022-10-09T11:03:53","slug":"aprendices-visuales","status":"publish","type":"page","link":"https:\/\/blogsaverroes.juntadeandalucia.es\/ceeevirgendelamparo\/aprendices-visuales\/","title":{"rendered":"Aprendices Visuales"},"content":{"rendered":"<p><a href=\"https:\/\/blogsaverroes.juntadeandalucia.es\/ceeevirgendelamparo\/files\/2022\/10\/Portada-Blog3-800x198-1.png\"><img loading=\"lazy\" decoding=\"async\" class=\"alignnone size-medium wp-image-3051\" src=\"https:\/\/blogsaverroes.juntadeandalucia.es\/ceeevirgendelamparo\/files\/2022\/10\/Portada-Blog3-800x198-1-300x74.png\" alt=\"\" width=\"300\" height=\"74\" srcset=\"https:\/\/blogsaverroes.juntadeandalucia.es\/ceeevirgendelamparo\/files\/2022\/10\/Portada-Blog3-800x198-1-300x74.png 300w, https:\/\/blogsaverroes.juntadeandalucia.es\/ceeevirgendelamparo\/files\/2022\/10\/Portada-Blog3-800x198-1-768x190.png 768w, https:\/\/blogsaverroes.juntadeandalucia.es\/ceeevirgendelamparo\/files\/2022\/10\/Portada-Blog3-800x198-1.png 800w\" sizes=\"(max-width: 300px) 100vw, 300px\" \/><\/a><\/p>\n<p>&nbsp;<\/p>\n<p>Aprendices Visuales naci\u00f3 por la historia personal de sus fundadoras, Miriam Reyes y Am\u00e9lie Mariage al descubrir que aunque la mayor\u00eda de los ni\u00f1os son aprendices visuales, no exist\u00edan suficientes herramientas para su aprendizaje. Tras este descubrimiento, decidieron dedicar su tiempo a dise\u00f1ar un mundo donde todos los ni\u00f1os puedan desarrollar su potencial.<\/p>\n<p>Desde entonces, Aprendices Visuales ha alcanzando logros incre\u00edbles gracias a cientos de&nbsp;<strong>personas que como t\u00fa<\/strong>, pusieron su granito de arena para avanzar hacia este mundo donde&nbsp;<strong>todos los ni\u00f1os y ni\u00f1as lleguen a tener las herramientas que necesitan<\/strong>&nbsp;para evolucionar y aprender.<\/p>\n<p>&nbsp;<\/p>\n","protected":false},"excerpt":{"rendered":"<p>&nbsp; Aprendices Visuales naci\u00f3 por la historia personal de sus fundadoras, Miriam Reyes y Am\u00e9lie Mariage al descubrir que aunque la mayor\u00eda de los ni\u00f1os son aprendices visuales, no exist\u00edan suficientes herramientas para su&#46;&#46;&#46;<\/p>\n","protected":false},"author":8319,"featured_media":0,"parent":0,"menu_order":0,"comment_status":"closed","ping_status":"closed","template":"","meta":{"ngg_post_thumbnail":0,"footnotes":"","_mc_calendar":[]},"aioseo_notices":[],"_links":{"self":[{"href":"https:\/\/blogsaverroes.juntadeandalucia.es\/ceeevirgendelamparo\/wp-json\/wp\/v2\/pages\/3050"}],"collection":[{"href":"https:\/\/blogsaverroes.juntadeandalucia.es\/ceeevirgendelamparo\/wp-json\/wp\/v2\/pages"}],"about":[{"href":"https:\/\/blogsaverroes.juntadeandalucia.es\/ceeevirgendelamparo\/wp-json\/wp\/v2\/types\/page"}],"author":[{"embeddable":true,"href":"https:\/\/blogsaverroes.juntadeandalucia.es\/ceeevirgendelamparo\/wp-json\/wp\/v2\/users\/8319"}],"replies":[{"embeddable":true,"href":"https:\/\/blogsaverroes.juntadeandalucia.es\/ceeevirgendelamparo\/wp-json\/wp\/v2\/comments?post=3050"}],"version-history":[{"count":1,"href":"https:\/\/blogsaverroes.juntadeandalucia.es\/ceeevirgendelamparo\/wp-json\/wp\/v2\/pages\/3050\/revisions"}],"predecessor-version":[{"id":3052,"href":"https:\/\/blogsaverroes.juntadeandalucia.es\/ceeevirgendelamparo\/wp-json\/wp\/v2\/pages\/3050\/revisions\/3052"}],"wp:attachment":[{"href":"https:\/\/blogsaverroes.juntadeandalucia.es\/ceeevirgendelamparo\/wp-json\/wp\/v2\/media?parent=3050"}],"curies":[{"name":"wp","href":"https:\/\/api.w.org\/{rel}","templated":true}]}}