{"id":3139,"date":"2023-05-04T09:26:02","date_gmt":"2023-05-04T09:26:02","guid":{"rendered":"https:\/\/blogsaverroes.juntadeandalucia.es\/ceeevirgendelamparo\/?page_id=3139"},"modified":"2023-10-27T09:44:49","modified_gmt":"2023-10-27T09:44:49","slug":"organizacion-y-funcionamiento-curso-22-23","status":"publish","type":"page","link":"https:\/\/blogsaverroes.juntadeandalucia.es\/ceeevirgendelamparo\/organizacion-y-funcionamiento-curso-22-23\/","title":{"rendered":"Organizaci\u00f3n y Funcionamiento Curso 23\/24"},"content":{"rendered":"<p>INFORMACI\u00d3N IMPORTANTE PARA LAS FAMILIAS DE TODOS NUESTROS ALUMNOS\/AS PARA EL PRESENTE CURSO:<\/p>\n<ul>\n<li>Existe un horario de tutor\u00eda los LUNES DE 5 A 6 &nbsp;a demanda tanto de padres como del \u00e9quido educativo<\/li>\n<li>Debe respetarse el horario general del centro, por lo que se ruega PUNTUALIDAD tanto en la entrado como en la recogida del alumnado, bien directamente en el centro, como en las paradas del transporte. As\u00ed mismo, se ruega que no sobrepasen la puerta de entrada y esperen a que el personal del centro recoja o entreguen a vuestros hijos\/as, con el fin de dejar libre dicha puerta para el buen tr\u00e1nsito de todos.<\/li>\n<li>deber\u00e1 notificarse cualquier cambio en la rutina del alumno: cambios en la medicaci\u00f3n (aportando prescripci\u00f3n m\u00e9dica), si viene a recogerlo otra persona.<\/li>\n<li>NO TRAER A ALUMNO SI \u00c9STE SE ENCUENTRA ENFERMO O PADECE ALGUNA ENFERMEDAD CONTAGIOSA, velando as\u00ed por el bienestar y salud tanto del alumno\/a enfermo como de sus compa\u00f1eros.<\/li>\n<li>la v\u00eda Ipasen y telef\u00f3nica ser\u00e1 el principal medio de intercambio de informaci\u00f3n familia-escuela, al igual que las tutor\u00edas o la comunicaci\u00f3n directa en el caso de padres que acuden al centro para la entrada y salida del alumnado.<\/li>\n<li>ES SUMAMENTE IMPORTANTE LA COLABORACI\u00d3N CON EL EQUIPO EDUCATIVO, en la realizaci\u00f3n conjunta de programas.<\/li>\n<li>es preciso contar con una MUDA COMPLETA del alumno e el aula (mejor si est\u00e1 marcada con el nombre), siendo \u00e9sta repuesta lo antes posible. Se ruega adem\u00e1s que sea c\u00f3moda, que facilite el vestido-desvestido. y coherente con el tiempo atmosf\u00e9rico del momento.<\/li>\n<li>es importante proporcionar los materiales necesarios para la realizaci\u00f3n de determinados tareas y actividades (aseo, talleres, control de esf\u00ednteres, f\u00e9rulas de posicionamiento&#8230;)<\/li>\n<li>en la medida de lo posible, los desayunos ser\u00e1n variados.<\/li>\n<li>TODAS LAS FALTAS DE ASISTENCIA DEBER\u00c1N SER JUSTIFICADAS VIA IPASEN<\/li>\n<li>El centro cuenta una p\u00e1gina web (http\/\/www.ceevirgendelamparo.es), donde encontrar\u00e9is informaci\u00f3n sobre el centro y actividades que realizan los alumnos.<\/li>\n<li>&nbsp;<\/li>\n<\/ul>\n","protected":false},"excerpt":{"rendered":"<p>INFORMACI\u00d3N IMPORTANTE PARA LAS FAMILIAS DE TODOS NUESTROS ALUMNOS\/AS PARA EL PRESENTE CURSO: Existe un horario de tutor\u00eda los LUNES DE 5 A 6 &nbsp;a demanda tanto de padres como del \u00e9quido educativo Debe&#46;&#46;&#46;<\/p>\n","protected":false},"author":8319,"featured_media":0,"parent":0,"menu_order":0,"comment_status":"closed","ping_status":"closed","template":"","meta":{"ngg_post_thumbnail":0,"footnotes":"","_mc_calendar":[]},"aioseo_notices":[],"_links":{"self":[{"href":"https:\/\/blogsaverroes.juntadeandalucia.es\/ceeevirgendelamparo\/wp-json\/wp\/v2\/pages\/3139"}],"collection":[{"href":"https:\/\/blogsaverroes.juntadeandalucia.es\/ceeevirgendelamparo\/wp-json\/wp\/v2\/pages"}],"about":[{"href":"https:\/\/blogsaverroes.juntadeandalucia.es\/ceeevirgendelamparo\/wp-json\/wp\/v2\/types\/page"}],"author":[{"embeddable":true,"href":"https:\/\/blogsaverroes.juntadeandalucia.es\/ceeevirgendelamparo\/wp-json\/wp\/v2\/users\/8319"}],"replies":[{"embeddable":true,"href":"https:\/\/blogsaverroes.juntadeandalucia.es\/ceeevirgendelamparo\/wp-json\/wp\/v2\/comments?post=3139"}],"version-history":[{"count":3,"href":"https:\/\/blogsaverroes.juntadeandalucia.es\/ceeevirgendelamparo\/wp-json\/wp\/v2\/pages\/3139\/revisions"}],"predecessor-version":[{"id":3167,"href":"https:\/\/blogsaverroes.juntadeandalucia.es\/ceeevirgendelamparo\/wp-json\/wp\/v2\/pages\/3139\/revisions\/3167"}],"wp:attachment":[{"href":"https:\/\/blogsaverroes.juntadeandalucia.es\/ceeevirgendelamparo\/wp-json\/wp\/v2\/media?parent=3139"}],"curies":[{"name":"wp","href":"https:\/\/api.w.org\/{rel}","templated":true}]}}