{"id":424,"date":"2015-03-20T07:05:20","date_gmt":"2015-03-20T07:05:20","guid":{"rendered":"http:\/\/blogsaverroes.juntadeandalucia.es\/pre\/ceip\/?page_id=424"},"modified":"2020-11-17T14:57:18","modified_gmt":"2020-11-17T14:57:18","slug":"educacion-infantil","status":"publish","type":"page","link":"https:\/\/blogsaverroes.juntadeandalucia.es\/ceeevirgendelamparo\/educacion-infantil\/","title":{"rendered":"Educaci\u00f3n infantil\/Basal"},"content":{"rendered":"<p>Este curso la Educaci\u00f3n Infantil est\u00e1 unida a la Educaci\u00f3n Basal&nbsp; dada las caracter\u00edsticas de los grupos que&nbsp; la componen. Juntos formamos la burbuja VERDE, mira en la p\u00e1gina de recursos para que puedas ver las actividades que iremos realizando a lo largo del curso.<\/p>\n<p><a href=\"https:\/\/blogsaverroes.juntadeandalucia.es\/ceeevirgendelamparo\/files\/2020\/11\/burbuja-verde.jpg\"><img loading=\"lazy\" decoding=\"async\" class=\"alignnone size-full wp-image-2737\" src=\"https:\/\/blogsaverroes.juntadeandalucia.es\/ceeevirgendelamparo\/files\/2020\/11\/burbuja-verde.jpg\" alt=\"\" width=\"283\" height=\"300\" srcset=\"https:\/\/blogsaverroes.juntadeandalucia.es\/ceeevirgendelamparo\/files\/2020\/11\/burbuja-verde.jpg 283w, https:\/\/blogsaverroes.juntadeandalucia.es\/ceeevirgendelamparo\/files\/2020\/11\/burbuja-verde-24x24.jpg 24w, https:\/\/blogsaverroes.juntadeandalucia.es\/ceeevirgendelamparo\/files\/2020\/11\/burbuja-verde-34x36.jpg 34w, https:\/\/blogsaverroes.juntadeandalucia.es\/ceeevirgendelamparo\/files\/2020\/11\/burbuja-verde-45x48.jpg 45w\" sizes=\"(max-width: 283px) 100vw, 283px\" \/><\/a><\/p>\n","protected":false},"excerpt":{"rendered":"<p>Este curso la Educaci\u00f3n Infantil est\u00e1 unida a la Educaci\u00f3n Basal&nbsp; dada las caracter\u00edsticas de los grupos que&nbsp; la componen. Juntos formamos la burbuja VERDE, mira en la p\u00e1gina de recursos para que puedas&#46;&#46;&#46;<\/p>\n","protected":false},"author":1,"featured_media":0,"parent":0,"menu_order":0,"comment_status":"open","ping_status":"open","template":"page-templates\/child-menu.php","meta":{"ngg_post_thumbnail":0,"footnotes":"","_mc_calendar":[]},"aioseo_notices":[],"_links":{"self":[{"href":"https:\/\/blogsaverroes.juntadeandalucia.es\/ceeevirgendelamparo\/wp-json\/wp\/v2\/pages\/424"}],"collection":[{"href":"https:\/\/blogsaverroes.juntadeandalucia.es\/ceeevirgendelamparo\/wp-json\/wp\/v2\/pages"}],"about":[{"href":"https:\/\/blogsaverroes.juntadeandalucia.es\/ceeevirgendelamparo\/wp-json\/wp\/v2\/types\/page"}],"author":[{"embeddable":true,"href":"https:\/\/blogsaverroes.juntadeandalucia.es\/ceeevirgendelamparo\/wp-json\/wp\/v2\/users\/1"}],"replies":[{"embeddable":true,"href":"https:\/\/blogsaverroes.juntadeandalucia.es\/ceeevirgendelamparo\/wp-json\/wp\/v2\/comments?post=424"}],"version-history":[{"count":3,"href":"https:\/\/blogsaverroes.juntadeandalucia.es\/ceeevirgendelamparo\/wp-json\/wp\/v2\/pages\/424\/revisions"}],"predecessor-version":[{"id":2738,"href":"https:\/\/blogsaverroes.juntadeandalucia.es\/ceeevirgendelamparo\/wp-json\/wp\/v2\/pages\/424\/revisions\/2738"}],"wp:attachment":[{"href":"https:\/\/blogsaverroes.juntadeandalucia.es\/ceeevirgendelamparo\/wp-json\/wp\/v2\/media?parent=424"}],"curies":[{"name":"wp","href":"https:\/\/api.w.org\/{rel}","templated":true}]}}