{"id":82,"date":"2015-03-16T06:59:55","date_gmt":"2015-03-16T06:59:55","guid":{"rendered":"http:\/\/blogsaverroes.juntadeandalucia.es\/pre\/ceip\/?page_id=82"},"modified":"2020-02-02T11:38:56","modified_gmt":"2020-02-02T11:38:56","slug":"horarios","status":"publish","type":"page","link":"https:\/\/blogsaverroes.juntadeandalucia.es\/ceeevirgendelamparo\/horarios\/","title":{"rendered":"Horarios"},"content":{"rendered":"<p><img loading=\"lazy\" decoding=\"async\" class=\"alignnone size-medium wp-image-1675\" src=\"http:\/\/blogsaverroes.juntadeandalucia.es\/temahueman\/files\/2015\/03\/horario2-300x211.jpg\" alt=\"horario2\" width=\"300\" height=\"211\" srcset=\"https:\/\/blogsaverroes.juntadeandalucia.es\/ceeevirgendelamparo\/files\/2015\/03\/horario2-300x211.jpg 300w, https:\/\/blogsaverroes.juntadeandalucia.es\/ceeevirgendelamparo\/files\/2015\/03\/horario2.jpg 640w\" sizes=\"(max-width: 300px) 100vw, 300px\" \/><\/p>\n<h4><strong>Horarios del centro<\/strong><\/h4>\n<h4><strong>Jornada lectiva<\/strong>: 9:30 a 14:30 horas.<\/h4>\n<h4><strong>Horario de tutor\u00eda<\/strong>: lunes de 16.00 a 17.00<\/h4>\n<h4>&nbsp;<\/h4>\n<h4><strong>HORARIO DE EQUIPO DIRECTIVO<br \/>\n<\/strong><\/h4>\n<ul>\n<li>\n<h4><strong>DIRECCI\u00d3N: lunes y mi\u00e9rcoles<br \/>\n<\/strong><\/h4>\n<\/li>\n<li>\n<h4><strong>JEFATURA DE ESTUDIOS: martes y jueves<br \/>\n<\/strong><\/h4>\n<\/li>\n<li>\n<h4><strong>SECRETARIA: Jueves y Viernes<br \/>\n<\/strong><\/h4>\n<\/li>\n<\/ul>\n","protected":false},"excerpt":{"rendered":"<p>Horarios del centro Jornada lectiva: 9:30 a 14:30 horas. Horario de tutor\u00eda: lunes de 16.00 a 17.00 &nbsp; HORARIO DE EQUIPO DIRECTIVO DIRECCI\u00d3N: lunes y mi\u00e9rcoles JEFATURA DE ESTUDIOS: martes y jueves SECRETARIA: Jueves&#46;&#46;&#46;<\/p>\n","protected":false},"author":1,"featured_media":0,"parent":0,"menu_order":0,"comment_status":"open","ping_status":"open","template":"page-templates\/child-menu.php","meta":{"ngg_post_thumbnail":0,"footnotes":"","_mc_calendar":[]},"aioseo_notices":[],"_links":{"self":[{"href":"https:\/\/blogsaverroes.juntadeandalucia.es\/ceeevirgendelamparo\/wp-json\/wp\/v2\/pages\/82"}],"collection":[{"href":"https:\/\/blogsaverroes.juntadeandalucia.es\/ceeevirgendelamparo\/wp-json\/wp\/v2\/pages"}],"about":[{"href":"https:\/\/blogsaverroes.juntadeandalucia.es\/ceeevirgendelamparo\/wp-json\/wp\/v2\/types\/page"}],"author":[{"embeddable":true,"href":"https:\/\/blogsaverroes.juntadeandalucia.es\/ceeevirgendelamparo\/wp-json\/wp\/v2\/users\/1"}],"replies":[{"embeddable":true,"href":"https:\/\/blogsaverroes.juntadeandalucia.es\/ceeevirgendelamparo\/wp-json\/wp\/v2\/comments?post=82"}],"version-history":[{"count":6,"href":"https:\/\/blogsaverroes.juntadeandalucia.es\/ceeevirgendelamparo\/wp-json\/wp\/v2\/pages\/82\/revisions"}],"predecessor-version":[{"id":2370,"href":"https:\/\/blogsaverroes.juntadeandalucia.es\/ceeevirgendelamparo\/wp-json\/wp\/v2\/pages\/82\/revisions\/2370"}],"wp:attachment":[{"href":"https:\/\/blogsaverroes.juntadeandalucia.es\/ceeevirgendelamparo\/wp-json\/wp\/v2\/media?parent=82"}],"curies":[{"name":"wp","href":"https:\/\/api.w.org\/{rel}","templated":true}]}}