{"id":1414,"date":"2024-10-01T18:35:58","date_gmt":"2024-10-01T17:35:58","guid":{"rendered":"https:\/\/blogsaverroes.juntadeandalucia.es\/ceip-abderraman1\/?page_id=1414"},"modified":"2024-10-01T22:21:44","modified_gmt":"2024-10-01T21:21:44","slug":"documentos-oficiales","status":"publish","type":"page","link":"https:\/\/blogsaverroes.juntadeandalucia.es\/ceip-abderraman1\/documentos-oficiales\/","title":{"rendered":"Documentos Oficiales"},"content":{"rendered":"<p>En el siguiente enlace pod\u00e9is acceder a la Secretar\u00eda virtual de los centros educativos, donde est\u00e1n disponibles todos los documentos de escolarizaci\u00f3n, solicitudes, consultas, etc.<\/p>\n<p>&nbsp;<\/p>\n<p><a href=\"https:\/\/www.juntadeandalucia.es\/educacion\/secretariavirtual\/\"><img loading=\"lazy\" decoding=\"async\" class=\"size-medium wp-image-1436 aligncenter\" src=\"https:\/\/blogsaverroes.juntadeandalucia.es\/ceip-abderraman1\/files\/2024\/10\/imagen-secretara-virtual-de-los-centro-educativos-300x159.jpg\" alt=\"\" width=\"300\" height=\"159\" srcset=\"https:\/\/blogsaverroes.juntadeandalucia.es\/ceip-abderraman1\/files\/2024\/10\/imagen-secretara-virtual-de-los-centro-educativos-300x159.jpg 300w, https:\/\/blogsaverroes.juntadeandalucia.es\/ceip-abderraman1\/files\/2024\/10\/imagen-secretara-virtual-de-los-centro-educativos-1024x541.jpg 1024w, https:\/\/blogsaverroes.juntadeandalucia.es\/ceip-abderraman1\/files\/2024\/10\/imagen-secretara-virtual-de-los-centro-educativos-768x406.jpg 768w, https:\/\/blogsaverroes.juntadeandalucia.es\/ceip-abderraman1\/files\/2024\/10\/imagen-secretara-virtual-de-los-centro-educativos.jpg 1065w\" sizes=\"(max-width: 300px) 100vw, 300px\" \/><\/a><\/p>\n<p>&nbsp;<\/p>\n","protected":false},"excerpt":{"rendered":"<p>En el siguiente enlace pod\u00e9is acceder a la Secretar\u00eda virtual de los centros educativos, donde est\u00e1n disponibles todos los documentos de escolarizaci\u00f3n, solicitudes, consultas, etc. &nbsp; &nbsp;<\/p>\n","protected":false},"author":18849,"featured_media":0,"parent":0,"menu_order":0,"comment_status":"closed","ping_status":"closed","template":"","meta":{"ngg_post_thumbnail":0,"footnotes":""},"aioseo_notices":[],"_links":{"self":[{"href":"https:\/\/blogsaverroes.juntadeandalucia.es\/ceip-abderraman1\/wp-json\/wp\/v2\/pages\/1414"}],"collection":[{"href":"https:\/\/blogsaverroes.juntadeandalucia.es\/ceip-abderraman1\/wp-json\/wp\/v2\/pages"}],"about":[{"href":"https:\/\/blogsaverroes.juntadeandalucia.es\/ceip-abderraman1\/wp-json\/wp\/v2\/types\/page"}],"author":[{"embeddable":true,"href":"https:\/\/blogsaverroes.juntadeandalucia.es\/ceip-abderraman1\/wp-json\/wp\/v2\/users\/18849"}],"replies":[{"embeddable":true,"href":"https:\/\/blogsaverroes.juntadeandalucia.es\/ceip-abderraman1\/wp-json\/wp\/v2\/comments?post=1414"}],"version-history":[{"count":3,"href":"https:\/\/blogsaverroes.juntadeandalucia.es\/ceip-abderraman1\/wp-json\/wp\/v2\/pages\/1414\/revisions"}],"predecessor-version":[{"id":1437,"href":"https:\/\/blogsaverroes.juntadeandalucia.es\/ceip-abderraman1\/wp-json\/wp\/v2\/pages\/1414\/revisions\/1437"}],"wp:attachment":[{"href":"https:\/\/blogsaverroes.juntadeandalucia.es\/ceip-abderraman1\/wp-json\/wp\/v2\/media?parent=1414"}],"curies":[{"name":"wp","href":"https:\/\/api.w.org\/{rel}","templated":true}]}}