{"id":1479,"date":"2024-11-14T11:14:45","date_gmt":"2024-11-14T10:14:45","guid":{"rendered":"https:\/\/blogsaverroes.juntadeandalucia.es\/ceip-abderraman1\/?page_id=1479"},"modified":"2025-10-30T14:24:05","modified_gmt":"2025-10-30T13:24:05","slug":"ensenanzas-profesorado","status":"publish","type":"page","link":"https:\/\/blogsaverroes.juntadeandalucia.es\/ceip-abderraman1\/ensenanzas-profesorado\/","title":{"rendered":"Ense\u00f1anzas profesorado"},"content":{"rendered":"<p><img loading=\"lazy\" decoding=\"async\" class=\"size-medium wp-image-1840 aligncenter\" src=\"https:\/\/blogsaverroes.juntadeandalucia.es\/ceip-abderraman1\/files\/2025\/10\/Reunion-de-docentes-en-aula-300x200.png\" alt=\"\" width=\"300\" height=\"200\" srcset=\"https:\/\/blogsaverroes.juntadeandalucia.es\/ceip-abderraman1\/files\/2025\/10\/Reunion-de-docentes-en-aula-300x200.png 300w, https:\/\/blogsaverroes.juntadeandalucia.es\/ceip-abderraman1\/files\/2025\/10\/Reunion-de-docentes-en-aula-1024x683.png 1024w, https:\/\/blogsaverroes.juntadeandalucia.es\/ceip-abderraman1\/files\/2025\/10\/Reunion-de-docentes-en-aula-768x512.png 768w, https:\/\/blogsaverroes.juntadeandalucia.es\/ceip-abderraman1\/files\/2025\/10\/Reunion-de-docentes-en-aula.png 1536w\" sizes=\"(max-width: 300px) 100vw, 300px\" \/><\/p>\n<p>INFANTIL 3\/4 A\u00d1OS &#8211;&nbsp;<\/p>\n<p>INFANTIL 5 A\u00d1OS &#8211;<\/p>\n<p>1\u00ba &#8211; <span style=\"font-weight: 400\">Antonio Guti\u00e9rrez Madrid.<\/span><\/p>\n<p>2\u00ba &#8211; <span style=\"font-weight: 400\">D\u00aa. Azahara Jurado Gan.<\/span><\/p>\n<p>3\u00ba- <span style=\"font-weight: 400\">D. Jos\u00e9 Emilio Esquivel L\u00f3pez.<\/span><\/p>\n<p>4\u00ba &#8211;<span style=\"font-weight: 400\">D\u00f1a. Trinidad Rider S\u00e1nchez.<\/span><\/p>\n<p>5\u00ba &#8211; <span style=\"font-weight: 400\">D\u00f1a. Elisa Almeida Morillo.<\/span><\/p>\n<p>6\u00ba- <span style=\"font-weight: 400\">D\u00aa. Mar\u00eda Mercedes Galisteo Asnedo.<\/span><\/p>\n<ul>\n<li>Profesorado especialista en Lengua Extranjera (Ingl\u00e9s)\n<ul>\n<li style=\"list-style-type: none\">\n<ul>\n<li><span style=\"font-weight: 400\">D\u00aa. Ana Mar\u00eda Alcaide Gonz\u00e1lez.<\/span><\/li>\n<\/ul>\n<\/li>\n<\/ul>\n<\/li>\n<li>Profesorado especialista en Lengua Extranjera (Franc\u00e9s)\n<ul>\n<li style=\"list-style-type: none\">\n<ul>\n<li><span style=\"font-weight: 400\">D\u00f1a. Trinidad Rider S\u00e1nchez.<\/span><\/li>\n<\/ul>\n<\/li>\n<\/ul>\n<\/li>\n<li>Profesorado especialista en Educaci\u00f3n F\u00edsica.\n<ul>\n<li style=\"list-style-type: none\">\n<ul>\n<li><span style=\"font-weight: 400\">D. Jos\u00e9 Antonio P\u00e9rez Jim\u00e9nez.<\/span><\/li>\n<li><span style=\"font-weight: 400\">D. Jos\u00e9 Emilio Esquivel L\u00f3pez.<\/span><\/li>\n<\/ul>\n<\/li>\n<\/ul>\n<\/li>\n<li>Profesora especialista en M\u00fasica.\n<ul>\n<li><span style=\"font-weight: 400\">D\u00f1a. Elisa Almeida Morillo.<\/span><\/li>\n<\/ul>\n<\/li>\n<li>Profesorado de Religi\u00f3n Cat\u00f3lica\n<ul>\n<li>Mar\u00eda Teresa Barea Ram\u00edrez.<\/li>\n<li>Raquel&nbsp; Mu\u00f1oz Romero.<\/li>\n<\/ul>\n<\/li>\n<li>Profesor de Religi\u00f3n Evang\u00e9lica.\n<ul>\n<li>Manuel Zelaya Turcios.<\/li>\n<\/ul>\n<\/li>\n<\/ul>\n","protected":false},"excerpt":{"rendered":"<p>INFANTIL 3\/4 A\u00d1OS &#8211;&nbsp; INFANTIL 5 A\u00d1OS &#8211; 1\u00ba &#8211; Antonio Guti\u00e9rrez Madrid. 2\u00ba &#8211; D\u00aa. Azahara Jurado Gan. 3\u00ba- D. Jos\u00e9 Emilio Esquivel L\u00f3pez. 4\u00ba &#8211;D\u00f1a. Trinidad Rider S\u00e1nchez. 5\u00ba &#8211; D\u00f1a. Elisa Almeida Morillo. 6\u00ba- D\u00aa. Mar\u00eda Mercedes Galisteo Asnedo. Profesorado especialista en Lengua Extranjera (Ingl\u00e9s) D\u00aa. Ana Mar\u00eda Alcaide Gonz\u00e1lez. Profesorado especialista &hellip; <a href=\"https:\/\/blogsaverroes.juntadeandalucia.es\/ceip-abderraman1\/ensenanzas-profesorado\/\" class=\"more-link\">Seguir leyendo <span class=\"screen-reader-text\">Ense\u00f1anzas profesorado<\/span> <span class=\"meta-nav\">&rarr;<\/span><\/a><\/p>\n","protected":false},"author":18849,"featured_media":0,"parent":0,"menu_order":0,"comment_status":"closed","ping_status":"closed","template":"","meta":{"ngg_post_thumbnail":0,"footnotes":""},"aioseo_notices":[],"_links":{"self":[{"href":"https:\/\/blogsaverroes.juntadeandalucia.es\/ceip-abderraman1\/wp-json\/wp\/v2\/pages\/1479"}],"collection":[{"href":"https:\/\/blogsaverroes.juntadeandalucia.es\/ceip-abderraman1\/wp-json\/wp\/v2\/pages"}],"about":[{"href":"https:\/\/blogsaverroes.juntadeandalucia.es\/ceip-abderraman1\/wp-json\/wp\/v2\/types\/page"}],"author":[{"embeddable":true,"href":"https:\/\/blogsaverroes.juntadeandalucia.es\/ceip-abderraman1\/wp-json\/wp\/v2\/users\/18849"}],"replies":[{"embeddable":true,"href":"https:\/\/blogsaverroes.juntadeandalucia.es\/ceip-abderraman1\/wp-json\/wp\/v2\/comments?post=1479"}],"version-history":[{"count":3,"href":"https:\/\/blogsaverroes.juntadeandalucia.es\/ceip-abderraman1\/wp-json\/wp\/v2\/pages\/1479\/revisions"}],"predecessor-version":[{"id":1842,"href":"https:\/\/blogsaverroes.juntadeandalucia.es\/ceip-abderraman1\/wp-json\/wp\/v2\/pages\/1479\/revisions\/1842"}],"wp:attachment":[{"href":"https:\/\/blogsaverroes.juntadeandalucia.es\/ceip-abderraman1\/wp-json\/wp\/v2\/media?parent=1479"}],"curies":[{"name":"wp","href":"https:\/\/api.w.org\/{rel}","templated":true}]}}