{"id":64,"date":"2020-01-09T11:41:42","date_gmt":"2020-01-09T10:41:42","guid":{"rendered":"http:\/\/blogsaverroes.juntadeandalucia.es\/pre\/nuevoceipv2\/?page_id=64"},"modified":"2024-11-28T19:41:12","modified_gmt":"2024-11-28T18:41:12","slug":"biblioteca","status":"publish","type":"page","link":"https:\/\/blogsaverroes.juntadeandalucia.es\/ceip-abderraman1\/biblioteca\/","title":{"rendered":"Biblioteca"},"content":{"rendered":"<p><img loading=\"lazy\" decoding=\"async\" class=\"alignleft size-medium wp-image-1531\" src=\"https:\/\/blogsaverroes.juntadeandalucia.es\/ceip-abderraman1\/files\/2024\/11\/biblioteca-dibujo-217x300.jpg\" alt=\"\" width=\"217\" height=\"300\" srcset=\"https:\/\/blogsaverroes.juntadeandalucia.es\/ceip-abderraman1\/files\/2024\/11\/biblioteca-dibujo-217x300.jpg 217w, https:\/\/blogsaverroes.juntadeandalucia.es\/ceip-abderraman1\/files\/2024\/11\/biblioteca-dibujo.jpg 709w\" sizes=\"(max-width: 217px) 100vw, 217px\" \/>La&nbsp;<b>lectura<\/b>&nbsp;ayuda a los ni\u00f1os a desarrollar su imaginaci\u00f3n y a aprender sobre el mundo que les rodea; adem\u00e1s, mejora su vocabulario, su riqueza ling\u00fc\u00edstica, su memoria y su concentraci\u00f3n, lo que contribuye a una mayor agilidad mental y al aumento de su cultura, benefici\u00e1ndolos acad\u00e9micamente.<\/p>\n<p>En nuestro colegio contamos con una biblioteca con diversidad de ejemplares adecuados al alumnado de&nbsp; todas las edades: desde Educaci\u00f3n Infantil, hasta el Tercer Ciclo de Educaci\u00f3n Primaria. Con el sistema de pr\u00e9stamo, nuestro alumnado puede sacar el libro que desee y devolverlo cuando lo haya terminado.&nbsp;<\/p>\n<p>En el siguiente enlace pod\u00e9is acceder a la biblioteca de nuestro colegio.<\/p>\n<p><a href=\"https:\/\/www.juntadeandalucia.es\/educacion\/senecav2\/seneca\/biblioweb\/portal\/14007611\">Biblioteca<\/a><\/p>\n","protected":false},"excerpt":{"rendered":"<p>La&nbsp;lectura&nbsp;ayuda a los ni\u00f1os a desarrollar su imaginaci\u00f3n y a aprender sobre el mundo que les rodea; adem\u00e1s, mejora su vocabulario, su riqueza ling\u00fc\u00edstica, su memoria y su concentraci\u00f3n, lo que contribuye a una mayor agilidad mental y al aumento de su cultura, benefici\u00e1ndolos acad\u00e9micamente. En nuestro colegio contamos con una biblioteca con diversidad de &hellip; <a href=\"https:\/\/blogsaverroes.juntadeandalucia.es\/ceip-abderraman1\/biblioteca\/\" class=\"more-link\">Seguir leyendo <span class=\"screen-reader-text\">Biblioteca<\/span> <span class=\"meta-nav\">&rarr;<\/span><\/a><\/p>\n","protected":false},"author":18849,"featured_media":1531,"parent":0,"menu_order":0,"comment_status":"closed","ping_status":"closed","template":"","meta":{"ngg_post_thumbnail":0,"footnotes":""},"aioseo_notices":[],"_links":{"self":[{"href":"https:\/\/blogsaverroes.juntadeandalucia.es\/ceip-abderraman1\/wp-json\/wp\/v2\/pages\/64"}],"collection":[{"href":"https:\/\/blogsaverroes.juntadeandalucia.es\/ceip-abderraman1\/wp-json\/wp\/v2\/pages"}],"about":[{"href":"https:\/\/blogsaverroes.juntadeandalucia.es\/ceip-abderraman1\/wp-json\/wp\/v2\/types\/page"}],"author":[{"embeddable":true,"href":"https:\/\/blogsaverroes.juntadeandalucia.es\/ceip-abderraman1\/wp-json\/wp\/v2\/users\/18849"}],"replies":[{"embeddable":true,"href":"https:\/\/blogsaverroes.juntadeandalucia.es\/ceip-abderraman1\/wp-json\/wp\/v2\/comments?post=64"}],"version-history":[{"count":4,"href":"https:\/\/blogsaverroes.juntadeandalucia.es\/ceip-abderraman1\/wp-json\/wp\/v2\/pages\/64\/revisions"}],"predecessor-version":[{"id":1532,"href":"https:\/\/blogsaverroes.juntadeandalucia.es\/ceip-abderraman1\/wp-json\/wp\/v2\/pages\/64\/revisions\/1532"}],"wp:featuredmedia":[{"embeddable":true,"href":"https:\/\/blogsaverroes.juntadeandalucia.es\/ceip-abderraman1\/wp-json\/wp\/v2\/media\/1531"}],"wp:attachment":[{"href":"https:\/\/blogsaverroes.juntadeandalucia.es\/ceip-abderraman1\/wp-json\/wp\/v2\/media?parent=64"}],"curies":[{"name":"wp","href":"https:\/\/api.w.org\/{rel}","templated":true}]}}