{"id":823,"date":"2020-12-16T09:58:58","date_gmt":"2020-12-16T08:58:58","guid":{"rendered":"https:\/\/blogsaverroes.juntadeandalucia.es\/pre\/plantilla-pencil\/?page_id=733"},"modified":"2024-01-27T20:57:14","modified_gmt":"2024-01-27T19:57:14","slug":"contactar-con-el-centro","status":"publish","type":"page","link":"https:\/\/blogsaverroes.juntadeandalucia.es\/ceip-abderraman1\/contactar-con-el-centro\/","title":{"rendered":"Contactar con el centro"},"content":{"rendered":"<p><span style=\"color: #ff0000\">C\u00f3digo:<\/span> 14007611<\/p>\n<p><span style=\"color: #ff0000\">Direcci\u00f3n:<\/span> Acera del R\u00edo s\/n.<\/p>\n<p><span style=\"color: #ff0000\">Localidad:<\/span> C\u00f3rdoba<\/p>\n<p><span style=\"color: #ff0000\">C.P:<\/span> 14009<\/p>\n<p dir=\"ltr\"><span style=\"color: #ff0000\">Tel\u00e9fono:<\/span> 957 734933<\/p>\n<p dir=\"ltr\"><span style=\"color: #ff0000\">Tel\u00e9fono Corporativo:<\/span> &nbsp;580933<\/p>\n<p dir=\"ltr\"><span style=\"color: #ff0000\">E-mail:<\/span> <a href=\"mailto:14007611.edu@juntadeandalucia.es\">14007611.edu@juntadeandalucia.es<\/a><\/p>\n<p dir=\"ltr\"><span style=\"color: #ff0000\">Correo corporativo:<\/span> <a href=\"mailto:14007611@g.educaand.es\">14007611@g.educaand.es<\/a><\/p>\n<p dir=\"ltr\"><span style=\"color: #ff0000\">CEP asociado:<\/span> <a href=\"https:\/\/www.juntadeandalucia.es\/educacion\/portals\/web\/cep-cordoba\">CEP de C\u00f3rdoba<\/a><\/p>\n<h2>&nbsp;<\/h2>\n<p><iframe loading=\"lazy\" src=\"https:\/\/www.google.com\/maps\/embed?pb=!1m18!1m12!1m3!1d3149.8004895263734!2d-4.771889923559516!3d37.86495840695896!2m3!1f0!2f0!3f0!3m2!1i1024!2i768!4f13.1!3m3!1m2!1s0xd6d199555555555%3A0x6006b7bf9cf0a912!2sColegio%20P%C3%BAblico%20de%20Educaci%C3%B3n%20de%20Infantil%20y%20Primaria%20Abderram%C3%A1n!5e0!3m2!1ses!2ses!4v1702898803981!5m2!1ses!2ses\" width=\"100%\" height=\"458\"><\/iframe><\/p>\n","protected":false},"excerpt":{"rendered":"<p>C\u00f3digo: 14007611 Direcci\u00f3n: Acera del R\u00edo s\/n. Localidad: C\u00f3rdoba C.P: 14009 Tel\u00e9fono: 957 734933 Tel\u00e9fono Corporativo: &nbsp;580933 E-mail: 14007611.edu@juntadeandalucia.es Correo corporativo: 14007611@g.educaand.es CEP asociado: CEP de C\u00f3rdoba &nbsp;<\/p>\n","protected":false},"author":18849,"featured_media":0,"parent":0,"menu_order":0,"comment_status":"closed","ping_status":"closed","template":"","meta":{"ngg_post_thumbnail":0,"footnotes":""},"aioseo_notices":[],"_links":{"self":[{"href":"https:\/\/blogsaverroes.juntadeandalucia.es\/ceip-abderraman1\/wp-json\/wp\/v2\/pages\/823"}],"collection":[{"href":"https:\/\/blogsaverroes.juntadeandalucia.es\/ceip-abderraman1\/wp-json\/wp\/v2\/pages"}],"about":[{"href":"https:\/\/blogsaverroes.juntadeandalucia.es\/ceip-abderraman1\/wp-json\/wp\/v2\/types\/page"}],"author":[{"embeddable":true,"href":"https:\/\/blogsaverroes.juntadeandalucia.es\/ceip-abderraman1\/wp-json\/wp\/v2\/users\/18849"}],"replies":[{"embeddable":true,"href":"https:\/\/blogsaverroes.juntadeandalucia.es\/ceip-abderraman1\/wp-json\/wp\/v2\/comments?post=823"}],"version-history":[{"count":6,"href":"https:\/\/blogsaverroes.juntadeandalucia.es\/ceip-abderraman1\/wp-json\/wp\/v2\/pages\/823\/revisions"}],"predecessor-version":[{"id":1052,"href":"https:\/\/blogsaverroes.juntadeandalucia.es\/ceip-abderraman1\/wp-json\/wp\/v2\/pages\/823\/revisions\/1052"}],"wp:attachment":[{"href":"https:\/\/blogsaverroes.juntadeandalucia.es\/ceip-abderraman1\/wp-json\/wp\/v2\/media?parent=823"}],"curies":[{"name":"wp","href":"https:\/\/api.w.org\/{rel}","templated":true}]}}