{"id":836,"date":"2020-12-18T08:37:22","date_gmt":"2020-12-18T07:37:22","guid":{"rendered":"https:\/\/blogsaverroes.juntadeandalucia.es\/pre\/plantilla-pencil\/?page_id=836"},"modified":"2025-10-30T10:37:36","modified_gmt":"2025-10-30T09:37:36","slug":"actividades-extraescolares","status":"publish","type":"page","link":"https:\/\/blogsaverroes.juntadeandalucia.es\/ceip-abderraman1\/actividades-extraescolares\/","title":{"rendered":"Actividades extraescolares"},"content":{"rendered":"<p>&nbsp;<\/p>\n<p><img loading=\"lazy\" decoding=\"async\" class=\"size-medium wp-image-1837 aligncenter\" src=\"https:\/\/blogsaverroes.juntadeandalucia.es\/ceip-abderraman1\/files\/2025\/10\/Elabora-una-dibujo-de-ninos-y-ninas-practicando-varios-deportes-en-el-gimnasio-del-colegio-300x168.jpg\" alt=\"\" width=\"300\" height=\"168\" srcset=\"https:\/\/blogsaverroes.juntadeandalucia.es\/ceip-abderraman1\/files\/2025\/10\/Elabora-una-dibujo-de-ninos-y-ninas-practicando-varios-deportes-en-el-gimnasio-del-colegio-300x168.jpg 300w, https:\/\/blogsaverroes.juntadeandalucia.es\/ceip-abderraman1\/files\/2025\/10\/Elabora-una-dibujo-de-ninos-y-ninas-practicando-varios-deportes-en-el-gimnasio-del-colegio-1024x573.jpg 1024w, https:\/\/blogsaverroes.juntadeandalucia.es\/ceip-abderraman1\/files\/2025\/10\/Elabora-una-dibujo-de-ninos-y-ninas-practicando-varios-deportes-en-el-gimnasio-del-colegio-768x430.jpg 768w, https:\/\/blogsaverroes.juntadeandalucia.es\/ceip-abderraman1\/files\/2025\/10\/Elabora-una-dibujo-de-ninos-y-ninas-practicando-varios-deportes-en-el-gimnasio-del-colegio-1536x860.jpg 1536w, https:\/\/blogsaverroes.juntadeandalucia.es\/ceip-abderraman1\/files\/2025\/10\/Elabora-una-dibujo-de-ninos-y-ninas-practicando-varios-deportes-en-el-gimnasio-del-colegio.jpg 1600w\" sizes=\"(max-width: 300px) 100vw, 300px\" \/><\/p>\n<p>Las actividades extraescolares tienen un car\u00e1cter voluntario para el alumnado y en ning\u00fan caso forman parte del proceso de evaluaci\u00f3n del alumnado. La atenci\u00f3n a este tipo de alumnado se realiza con personal que cuenta con la formaci\u00f3n y cualificaci\u00f3n adecuada a las actividades a desarrollar.<\/p>\n<p>En nuestro centro ofertamos dos actividades extraescolares, que se imparten los martes y jueves, en horario de 16,00 a 17,00 horas.<\/p>\n<ul>\n<li><strong>M\u00fasica y movimiento:&nbsp;<\/strong>Para el alumnado de Infantil y Primer Ciclo de Educaci\u00f3n Primaria.<\/li>\n<li><strong>Multideporte:&nbsp;<\/strong>Para el alumnado de Segundo y Tercer Ciclo de Educaci\u00f3n Primaria.<\/li>\n<\/ul>\n","protected":false},"excerpt":{"rendered":"<p>&nbsp; Las actividades extraescolares tienen un car\u00e1cter voluntario para el alumnado y en ning\u00fan caso forman parte del proceso de evaluaci\u00f3n del alumnado. La atenci\u00f3n a este tipo de alumnado se realiza con personal que cuenta con la formaci\u00f3n y cualificaci\u00f3n adecuada a las actividades a desarrollar. En nuestro centro ofertamos dos actividades extraescolares, que &hellip; <a href=\"https:\/\/blogsaverroes.juntadeandalucia.es\/ceip-abderraman1\/actividades-extraescolares\/\" class=\"more-link\">Seguir leyendo <span class=\"screen-reader-text\">Actividades extraescolares<\/span> <span class=\"meta-nav\">&rarr;<\/span><\/a><\/p>\n","protected":false},"author":18849,"featured_media":0,"parent":0,"menu_order":0,"comment_status":"closed","ping_status":"closed","template":"","meta":{"ngg_post_thumbnail":0,"footnotes":""},"aioseo_notices":[],"_links":{"self":[{"href":"https:\/\/blogsaverroes.juntadeandalucia.es\/ceip-abderraman1\/wp-json\/wp\/v2\/pages\/836"}],"collection":[{"href":"https:\/\/blogsaverroes.juntadeandalucia.es\/ceip-abderraman1\/wp-json\/wp\/v2\/pages"}],"about":[{"href":"https:\/\/blogsaverroes.juntadeandalucia.es\/ceip-abderraman1\/wp-json\/wp\/v2\/types\/page"}],"author":[{"embeddable":true,"href":"https:\/\/blogsaverroes.juntadeandalucia.es\/ceip-abderraman1\/wp-json\/wp\/v2\/users\/18849"}],"replies":[{"embeddable":true,"href":"https:\/\/blogsaverroes.juntadeandalucia.es\/ceip-abderraman1\/wp-json\/wp\/v2\/comments?post=836"}],"version-history":[{"count":6,"href":"https:\/\/blogsaverroes.juntadeandalucia.es\/ceip-abderraman1\/wp-json\/wp\/v2\/pages\/836\/revisions"}],"predecessor-version":[{"id":1839,"href":"https:\/\/blogsaverroes.juntadeandalucia.es\/ceip-abderraman1\/wp-json\/wp\/v2\/pages\/836\/revisions\/1839"}],"wp:attachment":[{"href":"https:\/\/blogsaverroes.juntadeandalucia.es\/ceip-abderraman1\/wp-json\/wp\/v2\/media?parent=836"}],"curies":[{"name":"wp","href":"https:\/\/api.w.org\/{rel}","templated":true}]}}