{"id":840,"date":"2020-12-18T08:38:52","date_gmt":"2020-12-18T07:38:52","guid":{"rendered":"https:\/\/blogsaverroes.juntadeandalucia.es\/pre\/plantilla-pencil\/?page_id=840"},"modified":"2024-01-27T23:13:15","modified_gmt":"2024-01-27T22:13:15","slug":"ampa","status":"publish","type":"page","link":"https:\/\/blogsaverroes.juntadeandalucia.es\/ceip-abderraman1\/ampa\/","title":{"rendered":"AMPA"},"content":{"rendered":"<p><img loading=\"lazy\" decoding=\"async\" class=\"size-full wp-image-1064 aligncenter\" src=\"https:\/\/blogsaverroes.juntadeandalucia.es\/ceip-abderraman1\/files\/2024\/01\/AMPA.jpg\" alt=\"\" width=\"200\" height=\"200\" srcset=\"https:\/\/blogsaverroes.juntadeandalucia.es\/ceip-abderraman1\/files\/2024\/01\/AMPA.jpg 200w, https:\/\/blogsaverroes.juntadeandalucia.es\/ceip-abderraman1\/files\/2024\/01\/AMPA-150x150.jpg 150w\" sizes=\"(max-width: 200px) 100vw, 200px\" \/><\/p>\n<p>La asociaci\u00f3n de padres y madres es el cauce fundamental para favorecer la participaci\u00f3n de las familias en la escuela, que tiene como objetivo principal el respaldo de todas aquellas iniciativas que supongan una mejora para la comunidad educativa, colaborando y participando en la educaci\u00f3n que se&nbsp; ofrece&nbsp; a nuestro alumnado. La uni\u00f3n y coordinaci\u00f3n de toda la comunidad educativa, favorecer\u00e1 la&nbsp; consecuci\u00f3n de unos de&nbsp; nuestros objetivos fundamentales: CONSEGUIR UNA EDUCACI\u00d3N DE CALIDAD PARA NUESTRO ALUMNADO.<\/p>\n<p>Contacto: <a href=\"mailto:ampaelcerro@gmail.com\">ampaelcerro@gmail.com<\/a><\/p>\n<p>&nbsp;<\/p>\n","protected":false},"excerpt":{"rendered":"<p>La asociaci\u00f3n de padres y madres es el cauce fundamental para favorecer la participaci\u00f3n de las familias en la escuela, que tiene como objetivo principal el respaldo de todas aquellas iniciativas que supongan una mejora para la comunidad educativa, colaborando y participando en la educaci\u00f3n que se&nbsp; ofrece&nbsp; a nuestro alumnado. La uni\u00f3n y coordinaci\u00f3n &hellip; <a href=\"https:\/\/blogsaverroes.juntadeandalucia.es\/ceip-abderraman1\/ampa\/\" class=\"more-link\">Seguir leyendo <span class=\"screen-reader-text\">AMPA<\/span> <span class=\"meta-nav\">&rarr;<\/span><\/a><\/p>\n","protected":false},"author":18849,"featured_media":0,"parent":0,"menu_order":0,"comment_status":"closed","ping_status":"closed","template":"","meta":{"ngg_post_thumbnail":0,"footnotes":""},"aioseo_notices":[],"_links":{"self":[{"href":"https:\/\/blogsaverroes.juntadeandalucia.es\/ceip-abderraman1\/wp-json\/wp\/v2\/pages\/840"}],"collection":[{"href":"https:\/\/blogsaverroes.juntadeandalucia.es\/ceip-abderraman1\/wp-json\/wp\/v2\/pages"}],"about":[{"href":"https:\/\/blogsaverroes.juntadeandalucia.es\/ceip-abderraman1\/wp-json\/wp\/v2\/types\/page"}],"author":[{"embeddable":true,"href":"https:\/\/blogsaverroes.juntadeandalucia.es\/ceip-abderraman1\/wp-json\/wp\/v2\/users\/18849"}],"replies":[{"embeddable":true,"href":"https:\/\/blogsaverroes.juntadeandalucia.es\/ceip-abderraman1\/wp-json\/wp\/v2\/comments?post=840"}],"version-history":[{"count":5,"href":"https:\/\/blogsaverroes.juntadeandalucia.es\/ceip-abderraman1\/wp-json\/wp\/v2\/pages\/840\/revisions"}],"predecessor-version":[{"id":1067,"href":"https:\/\/blogsaverroes.juntadeandalucia.es\/ceip-abderraman1\/wp-json\/wp\/v2\/pages\/840\/revisions\/1067"}],"wp:attachment":[{"href":"https:\/\/blogsaverroes.juntadeandalucia.es\/ceip-abderraman1\/wp-json\/wp\/v2\/media?parent=840"}],"curies":[{"name":"wp","href":"https:\/\/api.w.org\/{rel}","templated":true}]}}