{"id":845,"date":"2020-12-18T08:40:01","date_gmt":"2020-12-18T07:40:01","guid":{"rendered":"https:\/\/blogsaverroes.juntadeandalucia.es\/pre\/plantilla-pencil\/?page_id=845"},"modified":"2025-10-30T09:50:36","modified_gmt":"2025-10-30T08:50:36","slug":"aula-matinal","status":"publish","type":"page","link":"https:\/\/blogsaverroes.juntadeandalucia.es\/ceip-abderraman1\/aula-matinal\/","title":{"rendered":"Aula matinal"},"content":{"rendered":"<p>Este curso 2025\/2026, continuamos con el&nbsp; AULA MATINAL., en horario de 7,30 h a 9,00 h.<\/p>\n<p>El alumnado&nbsp; puede hacer uso de este servicio en tres momentos: a las 7,30 h, a las 8,00 h y a las 8,30 h, que ser\u00e1 la \u00faltima hora que se puede acceder al centro, antes del comienzo de la jornada escolar.<\/p>\n<p>Durante este per\u00edodo de tiempo, los ni\u00f1os y ni\u00f1as realizan diversas actividades de car\u00e1cter l\u00fadico y educativo adecuadas a su edad y desarrollo madurativo. Entre otras muchas, se realizan actividades pl\u00e1sticas, dibujo, lectura, psicomotricidad, juegos populares, etc.<\/p>\n<p>La atenci\u00f3n al alumnado de aula matinal se realiza por personal cualificado.<\/p>\n<p>Las familias que lo deseen lo podr\u00e1n solicitar junto con la matr\u00edcula o a lo largo del curso, aunque tienen que esperar que se le confirme la disponibilidad de plazas.<\/p>\n<p>&nbsp;<\/p>\n","protected":false},"excerpt":{"rendered":"<p>Este curso 2025\/2026, continuamos con el&nbsp; AULA MATINAL., en horario de 7,30 h a 9,00 h. El alumnado&nbsp; puede hacer uso de este servicio en tres momentos: a las 7,30 h, a las 8,00 h y a las 8,30 h, que ser\u00e1 la \u00faltima hora que se puede acceder al centro, antes del comienzo de &hellip; <a href=\"https:\/\/blogsaverroes.juntadeandalucia.es\/ceip-abderraman1\/aula-matinal\/\" class=\"more-link\">Seguir leyendo <span class=\"screen-reader-text\">Aula matinal<\/span> <span class=\"meta-nav\">&rarr;<\/span><\/a><\/p>\n","protected":false},"author":18849,"featured_media":1168,"parent":0,"menu_order":0,"comment_status":"closed","ping_status":"closed","template":"","meta":{"ngg_post_thumbnail":0,"footnotes":""},"aioseo_notices":[],"_links":{"self":[{"href":"https:\/\/blogsaverroes.juntadeandalucia.es\/ceip-abderraman1\/wp-json\/wp\/v2\/pages\/845"}],"collection":[{"href":"https:\/\/blogsaverroes.juntadeandalucia.es\/ceip-abderraman1\/wp-json\/wp\/v2\/pages"}],"about":[{"href":"https:\/\/blogsaverroes.juntadeandalucia.es\/ceip-abderraman1\/wp-json\/wp\/v2\/types\/page"}],"author":[{"embeddable":true,"href":"https:\/\/blogsaverroes.juntadeandalucia.es\/ceip-abderraman1\/wp-json\/wp\/v2\/users\/18849"}],"replies":[{"embeddable":true,"href":"https:\/\/blogsaverroes.juntadeandalucia.es\/ceip-abderraman1\/wp-json\/wp\/v2\/comments?post=845"}],"version-history":[{"count":7,"href":"https:\/\/blogsaverroes.juntadeandalucia.es\/ceip-abderraman1\/wp-json\/wp\/v2\/pages\/845\/revisions"}],"predecessor-version":[{"id":1831,"href":"https:\/\/blogsaverroes.juntadeandalucia.es\/ceip-abderraman1\/wp-json\/wp\/v2\/pages\/845\/revisions\/1831"}],"wp:featuredmedia":[{"embeddable":true,"href":"https:\/\/blogsaverroes.juntadeandalucia.es\/ceip-abderraman1\/wp-json\/wp\/v2\/media\/1168"}],"wp:attachment":[{"href":"https:\/\/blogsaverroes.juntadeandalucia.es\/ceip-abderraman1\/wp-json\/wp\/v2\/media?parent=845"}],"curies":[{"name":"wp","href":"https:\/\/api.w.org\/{rel}","templated":true}]}}