{"id":853,"date":"2020-12-18T08:50:47","date_gmt":"2020-12-18T07:50:47","guid":{"rendered":"https:\/\/blogsaverroes.juntadeandalucia.es\/pre\/plantilla-pencil\/?page_id=853"},"modified":"2024-02-13T13:47:17","modified_gmt":"2024-02-13T12:47:17","slug":"nuestra-historia","status":"publish","type":"page","link":"https:\/\/blogsaverroes.juntadeandalucia.es\/ceip-abderraman1\/nuestra-historia\/","title":{"rendered":"Nuestra Historia"},"content":{"rendered":"<p>El C.E.I.P. Abderram\u00e1n, colegio que se encuentra situado en la zona sur de la<br \/>\ncapital cordobesa. En la Barriada de Fray Albino o tambi\u00e9n llamada en la zona alta del Campo de la<br \/>\nVerdad. Se encuentra en el extremo sur.<\/p>\n<p>Linda al norte con la calle Hixen I, al este por la calle Acera de R\u00edo, al oeste por una l\u00ednea de<br \/>\nedificios entre la que existe un callej\u00f3n de casi imposible acceso y hacia el sur por una zona de<br \/>\ncampo muy elevada que lo separa de la autov\u00eda A-4.<\/p>\n<p>El CEIP Abderram\u00e1n, es un centro p\u00fablico que consta de grandes dimensiones, tanto en su<br \/>\ninterior como exterior, dentro de \u00e9l se dividen dos zonas, ala este, la m\u00e1s cercana a la puerta de<br \/>\nentrada y el ala oeste, la m\u00e1s alejada y donde se encuentran las aulas de pedagog\u00eda terap\u00e9utica,<br \/>\naudici\u00f3n y lenguaje, religi\u00f3n evang\u00e9lica e infantil. A su vez hay dos plantas, aunque la del ala oeste<br \/>\nesta deshabitada, y la de ala este donde se encuentran las clases de primaria y el aula de refuerzo.<\/p>\n","protected":false},"excerpt":{"rendered":"<p>El C.E.I.P. Abderram\u00e1n, colegio que se encuentra situado en la zona sur de la capital cordobesa. En la Barriada de Fray Albino o tambi\u00e9n llamada en la zona alta del Campo de la Verdad. Se encuentra en el extremo sur. Linda al norte con la calle Hixen I, al este por la calle Acera de &hellip; <a href=\"https:\/\/blogsaverroes.juntadeandalucia.es\/ceip-abderraman1\/nuestra-historia\/\" class=\"more-link\">Seguir leyendo <span class=\"screen-reader-text\">Nuestra Historia<\/span> <span class=\"meta-nav\">&rarr;<\/span><\/a><\/p>\n","protected":false},"author":18849,"featured_media":1034,"parent":0,"menu_order":0,"comment_status":"closed","ping_status":"closed","template":"","meta":{"ngg_post_thumbnail":0,"footnotes":""},"aioseo_notices":[],"_links":{"self":[{"href":"https:\/\/blogsaverroes.juntadeandalucia.es\/ceip-abderraman1\/wp-json\/wp\/v2\/pages\/853"}],"collection":[{"href":"https:\/\/blogsaverroes.juntadeandalucia.es\/ceip-abderraman1\/wp-json\/wp\/v2\/pages"}],"about":[{"href":"https:\/\/blogsaverroes.juntadeandalucia.es\/ceip-abderraman1\/wp-json\/wp\/v2\/types\/page"}],"author":[{"embeddable":true,"href":"https:\/\/blogsaverroes.juntadeandalucia.es\/ceip-abderraman1\/wp-json\/wp\/v2\/users\/18849"}],"replies":[{"embeddable":true,"href":"https:\/\/blogsaverroes.juntadeandalucia.es\/ceip-abderraman1\/wp-json\/wp\/v2\/comments?post=853"}],"version-history":[{"count":3,"href":"https:\/\/blogsaverroes.juntadeandalucia.es\/ceip-abderraman1\/wp-json\/wp\/v2\/pages\/853\/revisions"}],"predecessor-version":[{"id":1165,"href":"https:\/\/blogsaverroes.juntadeandalucia.es\/ceip-abderraman1\/wp-json\/wp\/v2\/pages\/853\/revisions\/1165"}],"wp:featuredmedia":[{"embeddable":true,"href":"https:\/\/blogsaverroes.juntadeandalucia.es\/ceip-abderraman1\/wp-json\/wp\/v2\/media\/1034"}],"wp:attachment":[{"href":"https:\/\/blogsaverroes.juntadeandalucia.es\/ceip-abderraman1\/wp-json\/wp\/v2\/media?parent=853"}],"curies":[{"name":"wp","href":"https:\/\/api.w.org\/{rel}","templated":true}]}}