{"id":871,"date":"2020-12-18T08:57:29","date_gmt":"2020-12-18T07:57:29","guid":{"rendered":"https:\/\/blogsaverroes.juntadeandalucia.es\/pre\/plantilla-pencil\/?page_id=871"},"modified":"2025-10-30T10:10:14","modified_gmt":"2025-10-30T09:10:14","slug":"comedor-escolar","status":"publish","type":"page","link":"https:\/\/blogsaverroes.juntadeandalucia.es\/ceip-abderraman1\/comedor-escolar\/","title":{"rendered":"Comedor escolar"},"content":{"rendered":"<p><img loading=\"lazy\" decoding=\"async\" class=\"size-medium wp-image-1835 aligncenter\" src=\"https:\/\/blogsaverroes.juntadeandalucia.es\/ceip-abderraman1\/files\/2025\/10\/comedor-escolar-300x300.jpg\" alt=\"\" width=\"300\" height=\"300\" srcset=\"https:\/\/blogsaverroes.juntadeandalucia.es\/ceip-abderraman1\/files\/2025\/10\/comedor-escolar-300x300.jpg 300w, https:\/\/blogsaverroes.juntadeandalucia.es\/ceip-abderraman1\/files\/2025\/10\/comedor-escolar-150x150.jpg 150w, https:\/\/blogsaverroes.juntadeandalucia.es\/ceip-abderraman1\/files\/2025\/10\/comedor-escolar.jpg 500w\" sizes=\"(max-width: 300px) 100vw, 300px\" \/><\/p>\n<p>En nuestro centro contamos con servicio de comedor escolar, cuyo catering es servido por la empresa &#8220;Mediterr\u00e1nea&#8221;. Comienza a las 14.00 horas y finaliza a las 16.00 horas.<\/p>\n<p>Los dos horarios de recogida del alumnado por parte de la familia son:<\/p>\n<p>&#8211; A las 15.10 horas.<\/p>\n<p>&#8211; A las 15.50 horas.<\/p>\n<p>El alumnado que presente alg\u00fan tipo de intolerancia&nbsp; alimentaria, podr\u00e1 hacer uso de este servicio sin ning\u00fan problema, ya que se le ofrecer\u00e1 un men\u00fa alternativo que contemple su dieta de manera individualizada y estar\u00e1 cuidadosamente supervisado y adaptado a los m\u00e1s peque\u00f1os, teniendo en cuenta esas necesidades alimentarias especiales.<\/p>\n","protected":false},"excerpt":{"rendered":"<p>En nuestro centro contamos con servicio de comedor escolar, cuyo catering es servido por la empresa &#8220;Mediterr\u00e1nea&#8221;. Comienza a las 14.00 horas y finaliza a las 16.00 horas. Los dos horarios de recogida del alumnado por parte de la familia son: &#8211; A las 15.10 horas. &#8211; A las 15.50 horas. El alumnado que presente &hellip; <a href=\"https:\/\/blogsaverroes.juntadeandalucia.es\/ceip-abderraman1\/comedor-escolar\/\" class=\"more-link\">Seguir leyendo <span class=\"screen-reader-text\">Comedor escolar<\/span> <span class=\"meta-nav\">&rarr;<\/span><\/a><\/p>\n","protected":false},"author":18849,"featured_media":0,"parent":0,"menu_order":0,"comment_status":"closed","ping_status":"closed","template":"","meta":{"ngg_post_thumbnail":0,"footnotes":""},"aioseo_notices":[],"_links":{"self":[{"href":"https:\/\/blogsaverroes.juntadeandalucia.es\/ceip-abderraman1\/wp-json\/wp\/v2\/pages\/871"}],"collection":[{"href":"https:\/\/blogsaverroes.juntadeandalucia.es\/ceip-abderraman1\/wp-json\/wp\/v2\/pages"}],"about":[{"href":"https:\/\/blogsaverroes.juntadeandalucia.es\/ceip-abderraman1\/wp-json\/wp\/v2\/types\/page"}],"author":[{"embeddable":true,"href":"https:\/\/blogsaverroes.juntadeandalucia.es\/ceip-abderraman1\/wp-json\/wp\/v2\/users\/18849"}],"replies":[{"embeddable":true,"href":"https:\/\/blogsaverroes.juntadeandalucia.es\/ceip-abderraman1\/wp-json\/wp\/v2\/comments?post=871"}],"version-history":[{"count":9,"href":"https:\/\/blogsaverroes.juntadeandalucia.es\/ceip-abderraman1\/wp-json\/wp\/v2\/pages\/871\/revisions"}],"predecessor-version":[{"id":1836,"href":"https:\/\/blogsaverroes.juntadeandalucia.es\/ceip-abderraman1\/wp-json\/wp\/v2\/pages\/871\/revisions\/1836"}],"wp:attachment":[{"href":"https:\/\/blogsaverroes.juntadeandalucia.es\/ceip-abderraman1\/wp-json\/wp\/v2\/media?parent=871"}],"curies":[{"name":"wp","href":"https:\/\/api.w.org\/{rel}","templated":true}]}}