{"id":1035,"date":"2022-02-16T10:05:46","date_gmt":"2022-02-16T09:05:46","guid":{"rendered":"https:\/\/blogsaverroes.juntadeandalucia.es\/ceip-barca-de-la-florida\/?page_id=1035"},"modified":"2022-02-22T10:23:47","modified_gmt":"2022-02-22T09:23:47","slug":"transporte-escolar","status":"publish","type":"page","link":"https:\/\/blogsaverroes.juntadeandalucia.es\/ceip-barca-de-la-florida\/transporte-escolar\/","title":{"rendered":"Transporte Escolar"},"content":{"rendered":"<p>[et_pb_section fb_built=&#8221;1&#8243; _builder_version=&#8221;4.14.5&#8243; _module_preset=&#8221;default&#8221; global_colors_info=&#8221;{}&#8221;][et_pb_row _builder_version=&#8221;4.14.5&#8243; _module_preset=&#8221;default&#8221; hover_enabled=&#8221;0&#8243; global_colors_info=&#8221;{}&#8221; sticky_enabled=&#8221;0&#8243;][et_pb_column type=&#8221;4_4&#8243; _builder_version=&#8221;4.14.5&#8243; _module_preset=&#8221;default&#8221; global_colors_info=&#8221;{}&#8221;][et_pb_text _builder_version=&#8221;4.14.5&#8243; _module_preset=&#8221;default&#8221; global_colors_info=&#8221;{}&#8221;]<\/p>\n<p>&nbsp;<\/p>\n<p style=\"text-align: center\"><span style=\"font-size: 24pt\">TRANSPORTE ESCOLAR<\/span><\/p>\n<p>Disponemos tambi\u00e9n de servicio de transporte escolar para aquellas familias que no viven en La Barca de la Florida, pero s\u00ed en Mesas del Corral, Poblado de Jos\u00e9 Antonio y Magallanes. Si desean solicitar este servicio, deben descargarse la solicitud de transporte escolar y presentarla a trav\u00e9s del enlace de contacto de nuestra web adjuntando el documento ya cumplimentado, o bien entregarlo en la secretar\u00eda de nuestro centro, en horario de 9:00 h. a 11:30 h. y de 12:00 h. a 14:00 h.&nbsp;<a href=\"https:\/\/blogsaverroes.juntadeandalucia.es\/ceip-barca-de-la-florida\/files\/2022\/02\/Transporte-escolar.pdf\"><strong>DESCARGAR SOLICITUD DE TRANSPORTE<\/strong><\/a><\/p>\n<p>[\/et_pb_text][\/et_pb_column][\/et_pb_row][\/et_pb_section]<\/p>\n","protected":false},"excerpt":{"rendered":"<p>&nbsp; TRANSPORTE ESCOLAR Disponemos tambi\u00e9n de servicio de transporte escolar para aquellas familias que no viven en La Barca de la Florida, pero s\u00ed en Mesas del Corral, Poblado de Jos\u00e9 Antonio y Magallanes. Si desean solicitar este servicio, deben descargarse la solicitud de transporte escolar y presentarla a trav\u00e9s del enlace de contacto de [&hellip;]<\/p>\n","protected":false},"author":14513,"featured_media":0,"parent":0,"menu_order":0,"comment_status":"closed","ping_status":"closed","template":"","meta":{"_et_pb_use_builder":"on","_et_pb_old_content":"","_et_gb_content_width":"","ngg_post_thumbnail":0,"footnotes":""},"aioseo_notices":[],"_links":{"self":[{"href":"https:\/\/blogsaverroes.juntadeandalucia.es\/ceip-barca-de-la-florida\/wp-json\/wp\/v2\/pages\/1035"}],"collection":[{"href":"https:\/\/blogsaverroes.juntadeandalucia.es\/ceip-barca-de-la-florida\/wp-json\/wp\/v2\/pages"}],"about":[{"href":"https:\/\/blogsaverroes.juntadeandalucia.es\/ceip-barca-de-la-florida\/wp-json\/wp\/v2\/types\/page"}],"author":[{"embeddable":true,"href":"https:\/\/blogsaverroes.juntadeandalucia.es\/ceip-barca-de-la-florida\/wp-json\/wp\/v2\/users\/14513"}],"replies":[{"embeddable":true,"href":"https:\/\/blogsaverroes.juntadeandalucia.es\/ceip-barca-de-la-florida\/wp-json\/wp\/v2\/comments?post=1035"}],"version-history":[{"count":5,"href":"https:\/\/blogsaverroes.juntadeandalucia.es\/ceip-barca-de-la-florida\/wp-json\/wp\/v2\/pages\/1035\/revisions"}],"predecessor-version":[{"id":1178,"href":"https:\/\/blogsaverroes.juntadeandalucia.es\/ceip-barca-de-la-florida\/wp-json\/wp\/v2\/pages\/1035\/revisions\/1178"}],"wp:attachment":[{"href":"https:\/\/blogsaverroes.juntadeandalucia.es\/ceip-barca-de-la-florida\/wp-json\/wp\/v2\/media?parent=1035"}],"curies":[{"name":"wp","href":"https:\/\/api.w.org\/{rel}","templated":true}]}}