{"id":1106,"date":"2022-02-17T09:27:39","date_gmt":"2022-02-17T08:27:39","guid":{"rendered":"https:\/\/blogsaverroes.juntadeandalucia.es\/ceip-barca-de-la-florida\/?page_id=1106"},"modified":"2024-11-19T20:50:11","modified_gmt":"2024-11-19T19:50:11","slug":"personal-primaria","status":"publish","type":"page","link":"https:\/\/blogsaverroes.juntadeandalucia.es\/ceip-barca-de-la-florida\/personal-primaria\/","title":{"rendered":"PERSONAL PRIMARIA"},"content":{"rendered":"<table style=\"border-collapse: collapse;width: 100%;height: 138px\">\n<tbody>\n<tr style=\"height: 23px\">\n<td style=\"width: 50%;height: 23px;text-align: left\">1\u00ba A &#8211; Laura Edurne Madro\u00f1al Sibajas<\/td>\n<td style=\"width: 50%;height: 23px\">1\u00ba B &#8211; Juana Luz S\u00e1nchez Borrego<\/td>\n<\/tr>\n<tr style=\"height: 23px\">\n<td style=\"width: 50%;height: 23px\">2\u00ba A &#8211; Genoveva Carmona Garrido<\/td>\n<td style=\"width: 50%;height: 23px\">2\u00ba B &#8211; Francisco Javier de Miguel Plaza<\/td>\n<\/tr>\n<tr style=\"height: 23px\">\n<td style=\"width: 50%;height: 23px\">3\u00ba A &#8211; Francisco Oviedo Hern\u00e1ndez<\/td>\n<td style=\"width: 50%;height: 23px\">3\u00ba B &#8211; Antonio Jes\u00fas Galisteo Molina<\/td>\n<\/tr>\n<tr style=\"height: 23px\">\n<td style=\"width: 50%;height: 23px\">4\u00ba A &#8211; Jos\u00e9 Mar\u00eda Moreno Arillo<\/td>\n<td style=\"width: 50%;height: 23px\">4\u00ba B &#8211; Ang\u00e9lica Losa S\u00e1nchez<\/td>\n<\/tr>\n<tr style=\"height: 23px\">\n<td style=\"width: 50%;height: 23px\">5\u00ba A &#8211; Jos\u00e9 Manuel G\u00f3mez G\u00f3mez<\/td>\n<td style=\"width: 50%;height: 23px\">5\u00ba B &#8211; Francisca L\u00f3pez Gonz\u00e1lez<\/td>\n<\/tr>\n<tr style=\"height: 23px\">\n<td style=\"width: 50%;height: 23px\">6\u00ba A &#8211;\u00a0 Mar\u00eda Bel\u00e9n Arranz \u00c1vila<\/td>\n<td style=\"width: 50%;height: 23px\">6\u00ba B &#8211; Juana Mar\u00eda P\u00e9rez Rosado<\/td>\n<\/tr>\n<tr>\n<td style=\"width: 50%\">Aula Espec\u00edfica &#8211; Vanesa \u00c1lvarez Mula<\/td>\n<td style=\"width: 50%\"><\/td>\n<\/tr>\n<\/tbody>\n<\/table>\n","protected":false},"excerpt":{"rendered":"<p>1\u00ba A &#8211; Laura Edurne Madro\u00f1al Sibajas 1\u00ba B &#8211; Juana Luz S\u00e1nchez Borrego 2\u00ba A &#8211; Genoveva Carmona Garrido 2\u00ba B &#8211; Francisco Javier de Miguel Plaza 3\u00ba A &#8211; Francisco Oviedo Hern\u00e1ndez 3\u00ba B &#8211; Antonio Jes\u00fas Galisteo Molina 4\u00ba A &#8211; Jos\u00e9 Mar\u00eda Moreno Arillo 4\u00ba B &#8211; Ang\u00e9lica Losa S\u00e1nchez 5\u00ba [&hellip;]<\/p>\n","protected":false},"author":14513,"featured_media":0,"parent":0,"menu_order":0,"comment_status":"closed","ping_status":"closed","template":"","meta":{"_et_pb_use_builder":"","_et_pb_old_content":"","_et_gb_content_width":"","ngg_post_thumbnail":0,"footnotes":""},"aioseo_notices":[],"_links":{"self":[{"href":"https:\/\/blogsaverroes.juntadeandalucia.es\/ceip-barca-de-la-florida\/wp-json\/wp\/v2\/pages\/1106"}],"collection":[{"href":"https:\/\/blogsaverroes.juntadeandalucia.es\/ceip-barca-de-la-florida\/wp-json\/wp\/v2\/pages"}],"about":[{"href":"https:\/\/blogsaverroes.juntadeandalucia.es\/ceip-barca-de-la-florida\/wp-json\/wp\/v2\/types\/page"}],"author":[{"embeddable":true,"href":"https:\/\/blogsaverroes.juntadeandalucia.es\/ceip-barca-de-la-florida\/wp-json\/wp\/v2\/users\/14513"}],"replies":[{"embeddable":true,"href":"https:\/\/blogsaverroes.juntadeandalucia.es\/ceip-barca-de-la-florida\/wp-json\/wp\/v2\/comments?post=1106"}],"version-history":[{"count":11,"href":"https:\/\/blogsaverroes.juntadeandalucia.es\/ceip-barca-de-la-florida\/wp-json\/wp\/v2\/pages\/1106\/revisions"}],"predecessor-version":[{"id":1288,"href":"https:\/\/blogsaverroes.juntadeandalucia.es\/ceip-barca-de-la-florida\/wp-json\/wp\/v2\/pages\/1106\/revisions\/1288"}],"wp:attachment":[{"href":"https:\/\/blogsaverroes.juntadeandalucia.es\/ceip-barca-de-la-florida\/wp-json\/wp\/v2\/media?parent=1106"}],"curies":[{"name":"wp","href":"https:\/\/api.w.org\/{rel}","templated":true}]}}