{"id":1114,"date":"2022-02-17T09:55:27","date_gmt":"2022-02-17T08:55:27","guid":{"rendered":"https:\/\/blogsaverroes.juntadeandalucia.es\/ceip-barca-de-la-florida\/?page_id=1114"},"modified":"2024-11-26T19:03:04","modified_gmt":"2024-11-26T18:03:04","slug":"personal-no-docente","status":"publish","type":"page","link":"https:\/\/blogsaverroes.juntadeandalucia.es\/ceip-barca-de-la-florida\/personal-no-docente\/","title":{"rendered":"PERSONAL DE ADMINISTRACI\u00d3N Y SERVICIOS"},"content":{"rendered":"<table class=\" aligncenter\" style=\"width: 69.3069%;border-collapse: collapse;border-style: solid;height: 186px\">\n<tbody>\n<tr style=\"height: 23px\">\n<td style=\"width: 34.8179%;height: 23px\">Juan Jos\u00e9 Mac\u00edas Calder\u00f3n<\/td>\n<td style=\"width: 34.489%;height: 23px\">Administraci\u00f3n<\/td>\n<\/tr>\n<tr style=\"height: 23px\">\n<td style=\"width: 34.8179%;height: 23px\">Amalia<\/td>\n<td style=\"width: 34.489%;height: 23px\">Conserjer\u00eda<\/td>\n<\/tr>\n<tr style=\"height: 23px\">\n<td style=\"width: 34.8179%;height: 23px\">Francisca\u00a0 Bonilla Correa<\/td>\n<td style=\"width: 34.489%;height: 23px\">Cocinera<\/td>\n<\/tr>\n<tr style=\"height: 23px\">\n<td style=\"width: 34.8179%;height: 23px\">Roc\u00edo Barrionuevo Obando<\/td>\n<td style=\"width: 34.489%;height: 23px\">Monitora comedor escolar<\/td>\n<\/tr>\n<tr style=\"height: 47px\">\n<td style=\"width: 34.8179%;height: 25px\">Mar\u00eda Virtudes Castillo Garc\u00eda<\/td>\n<td style=\"width: 34.489%;height: 25px\">Monitora comedor escolar<\/td>\n<\/tr>\n<tr style=\"height: 23px\">\n<td style=\"width: 34.8179%;height: 23px\">Nicol\u00e1s Caro S\u00e1nchez<\/td>\n<td style=\"width: 34.489%;height: 23px\">PETIS<\/td>\n<\/tr>\n<tr style=\"height: 23px\">\n<td style=\"width: 34.8179%;height: 23px\">Pepi Morales Rodr\u00edguez<\/td>\n<td style=\"width: 34.489%;height: 23px\">PETIS<\/td>\n<\/tr>\n<tr style=\"height: 23px\">\n<td style=\"width: 34.8179%;height: 23px\">Pedro Jos\u00e9 Fern\u00e1ndez P\u00e9rez<\/td>\n<td style=\"width: 34.489%;height: 23px\">PETIS<\/td>\n<\/tr>\n<\/tbody>\n<\/table>\n","protected":false},"excerpt":{"rendered":"<p>Juan Jos\u00e9 Mac\u00edas Calder\u00f3n Administraci\u00f3n Amalia Conserjer\u00eda Francisca\u00a0 Bonilla Correa Cocinera Roc\u00edo Barrionuevo Obando Monitora comedor escolar Mar\u00eda Virtudes Castillo Garc\u00eda Monitora comedor escolar Nicol\u00e1s Caro S\u00e1nchez PETIS Pepi Morales Rodr\u00edguez PETIS Pedro Jos\u00e9 Fern\u00e1ndez P\u00e9rez PETIS<\/p>\n","protected":false},"author":14513,"featured_media":0,"parent":0,"menu_order":0,"comment_status":"closed","ping_status":"closed","template":"","meta":{"_et_pb_use_builder":"off","_et_pb_old_content":"","_et_gb_content_width":"","ngg_post_thumbnail":0,"footnotes":""},"aioseo_notices":[],"_links":{"self":[{"href":"https:\/\/blogsaverroes.juntadeandalucia.es\/ceip-barca-de-la-florida\/wp-json\/wp\/v2\/pages\/1114"}],"collection":[{"href":"https:\/\/blogsaverroes.juntadeandalucia.es\/ceip-barca-de-la-florida\/wp-json\/wp\/v2\/pages"}],"about":[{"href":"https:\/\/blogsaverroes.juntadeandalucia.es\/ceip-barca-de-la-florida\/wp-json\/wp\/v2\/types\/page"}],"author":[{"embeddable":true,"href":"https:\/\/blogsaverroes.juntadeandalucia.es\/ceip-barca-de-la-florida\/wp-json\/wp\/v2\/users\/14513"}],"replies":[{"embeddable":true,"href":"https:\/\/blogsaverroes.juntadeandalucia.es\/ceip-barca-de-la-florida\/wp-json\/wp\/v2\/comments?post=1114"}],"version-history":[{"count":13,"href":"https:\/\/blogsaverroes.juntadeandalucia.es\/ceip-barca-de-la-florida\/wp-json\/wp\/v2\/pages\/1114\/revisions"}],"predecessor-version":[{"id":1327,"href":"https:\/\/blogsaverroes.juntadeandalucia.es\/ceip-barca-de-la-florida\/wp-json\/wp\/v2\/pages\/1114\/revisions\/1327"}],"wp:attachment":[{"href":"https:\/\/blogsaverroes.juntadeandalucia.es\/ceip-barca-de-la-florida\/wp-json\/wp\/v2\/media?parent=1114"}],"curies":[{"name":"wp","href":"https:\/\/api.w.org\/{rel}","templated":true}]}}