{"id":1206,"date":"2022-03-04T10:25:04","date_gmt":"2022-03-04T09:25:04","guid":{"rendered":"https:\/\/blogsaverroes.juntadeandalucia.es\/ceip-barca-de-la-florida\/?page_id=1206"},"modified":"2024-11-24T23:07:56","modified_gmt":"2024-11-24T22:07:56","slug":"segundo-trimestre-2022","status":"publish","type":"page","link":"https:\/\/blogsaverroes.juntadeandalucia.es\/ceip-barca-de-la-florida\/segundo-trimestre-2022\/","title":{"rendered":"Segundo trimestre 2022"},"content":{"rendered":"<p>[et_pb_section fb_built=&#8221;1&#8243; _builder_version=&#8221;4.16&#8243; _module_preset=&#8221;default&#8221; global_colors_info=&#8221;{}&#8221; collapsed=&#8221;on&#8221;][et_pb_row _builder_version=&#8221;4.16&#8243; _module_preset=&#8221;default&#8221; global_colors_info=&#8221;{}&#8221;][et_pb_column type=&#8221;4_4&#8243; _builder_version=&#8221;4.16&#8243; _module_preset=&#8221;default&#8221; global_colors_info=&#8221;{}&#8221;][et_pb_text _builder_version=&#8221;4.16&#8243; _module_preset=&#8221;default&#8221; global_colors_info=&#8221;{}&#8221;]<\/p>\n<p style=\"text-align: center\"><span style=\"font-size: 14pt\"><strong>ACTIVIDADES SEGUNDO TRIMESTRE<\/strong><\/span><\/p>\n<p><strong>D\u00cdA EN LA SUARA:<\/strong> El mi\u00e9rcoles 23 de febrero realizamos la actividad del &#8220;d\u00eda en la Suara&#8221;, para celebrar el d\u00eda de Andaluc\u00eda. Todo&nbsp; el alumnado y el profesorado del centro se desplazaron a este parque Periurbano, donde se realizaron diferentes juegos, una gymkana desde el \u00e1rea de ingl\u00e9s y un paseo en coche de caballos para todos los alumnos y profesores del colegio.<a href='#' class='icon-button download-icon' target=\"_blank\">CLICK AQU\u00cd<span class='et-icon'><\/span><\/a> &nbsp;<\/p>\n<p>[\/et_pb_text][\/et_pb_column][\/et_pb_row][\/et_pb_section]<\/p>\n","protected":false},"excerpt":{"rendered":"<p>ACTIVIDADES SEGUNDO TRIMESTRE D\u00cdA EN LA SUARA: El mi\u00e9rcoles 23 de febrero realizamos la actividad del &#8220;d\u00eda en la Suara&#8221;, para celebrar el d\u00eda de Andaluc\u00eda. Todo&nbsp; el alumnado y el profesorado del centro se desplazaron a este parque Periurbano, donde se realizaron diferentes juegos, una gymkana desde el \u00e1rea de ingl\u00e9s y un paseo [&hellip;]<\/p>\n","protected":false},"author":14513,"featured_media":0,"parent":0,"menu_order":0,"comment_status":"closed","ping_status":"closed","template":"","meta":{"_et_pb_use_builder":"on","_et_pb_old_content":"","_et_gb_content_width":"","ngg_post_thumbnail":0,"footnotes":""},"aioseo_notices":[],"_links":{"self":[{"href":"https:\/\/blogsaverroes.juntadeandalucia.es\/ceip-barca-de-la-florida\/wp-json\/wp\/v2\/pages\/1206"}],"collection":[{"href":"https:\/\/blogsaverroes.juntadeandalucia.es\/ceip-barca-de-la-florida\/wp-json\/wp\/v2\/pages"}],"about":[{"href":"https:\/\/blogsaverroes.juntadeandalucia.es\/ceip-barca-de-la-florida\/wp-json\/wp\/v2\/types\/page"}],"author":[{"embeddable":true,"href":"https:\/\/blogsaverroes.juntadeandalucia.es\/ceip-barca-de-la-florida\/wp-json\/wp\/v2\/users\/14513"}],"replies":[{"embeddable":true,"href":"https:\/\/blogsaverroes.juntadeandalucia.es\/ceip-barca-de-la-florida\/wp-json\/wp\/v2\/comments?post=1206"}],"version-history":[{"count":7,"href":"https:\/\/blogsaverroes.juntadeandalucia.es\/ceip-barca-de-la-florida\/wp-json\/wp\/v2\/pages\/1206\/revisions"}],"predecessor-version":[{"id":1319,"href":"https:\/\/blogsaverroes.juntadeandalucia.es\/ceip-barca-de-la-florida\/wp-json\/wp\/v2\/pages\/1206\/revisions\/1319"}],"wp:attachment":[{"href":"https:\/\/blogsaverroes.juntadeandalucia.es\/ceip-barca-de-la-florida\/wp-json\/wp\/v2\/media?parent=1206"}],"curies":[{"name":"wp","href":"https:\/\/api.w.org\/{rel}","templated":true}]}}