{"id":113,"date":"2015-03-16T08:06:00","date_gmt":"2015-03-16T08:06:00","guid":{"rendered":"http:\/\/blogsaverroes.juntadeandalucia.es\/pre\/ceip\/?page_id=113"},"modified":"2020-10-09T07:55:17","modified_gmt":"2020-10-09T07:55:17","slug":"biblioteca","status":"publish","type":"page","link":"https:\/\/blogsaverroes.juntadeandalucia.es\/ceip-blas-infante\/biblioteca\/","title":{"rendered":"Biblioteca"},"content":{"rendered":"<p>Nuestra biblioteca incluye un amplio cat\u00e1logo de libros y a trav\u00e9s de la misma intentamos inculcar en nuestro alumnado el gusto y el amor por la lectura, ya sea por medio del pr\u00e9stamo de libros como por variadas actividades que nacen de la biblioteca.<\/p>\n<p>ngg_shortcode_0_placeholder<a title=\"Bibliotecas escolares\" href=\"http:\/\/www.juntadeandalucia.es\/educacion\/webportal\/web\/lecturas-y-bibliotecas-escolares\/bibliotecas-escolares\" target=\"_blank\" rel=\"noopener noreferrer\">Enlace al portal sobre las Bibliotecas Escolares.<\/a><\/p>\n<h3>Im\u00e1genes Relacionadas:<\/h3>","protected":false},"excerpt":{"rendered":"<p>Nuestra biblioteca incluye un amplio cat\u00e1logo de libros y a trav\u00e9s de la misma intentamos inculcar en nuestro alumnado el gusto y el amor por la lectura, ya sea por medio del pr\u00e9stamo de libros como por variadas actividades que nacen de la biblioteca. Enlace al portal sobre las Bibliotecas Escolares. Im\u00e1genes Relacionadas:<\/p>\n","protected":false},"author":1,"featured_media":0,"parent":0,"menu_order":0,"comment_status":"open","ping_status":"open","template":"","meta":{"ngg_post_thumbnail":0,"footnotes":"","_mc_calendar":[]},"aioseo_notices":[],"post_mailing_queue_ids":[],"_links":{"self":[{"href":"https:\/\/blogsaverroes.juntadeandalucia.es\/ceip-blas-infante\/wp-json\/wp\/v2\/pages\/113"}],"collection":[{"href":"https:\/\/blogsaverroes.juntadeandalucia.es\/ceip-blas-infante\/wp-json\/wp\/v2\/pages"}],"about":[{"href":"https:\/\/blogsaverroes.juntadeandalucia.es\/ceip-blas-infante\/wp-json\/wp\/v2\/types\/page"}],"author":[{"embeddable":true,"href":"https:\/\/blogsaverroes.juntadeandalucia.es\/ceip-blas-infante\/wp-json\/wp\/v2\/users\/1"}],"replies":[{"embeddable":true,"href":"https:\/\/blogsaverroes.juntadeandalucia.es\/ceip-blas-infante\/wp-json\/wp\/v2\/comments?post=113"}],"version-history":[{"count":9,"href":"https:\/\/blogsaverroes.juntadeandalucia.es\/ceip-blas-infante\/wp-json\/wp\/v2\/pages\/113\/revisions"}],"predecessor-version":[{"id":2742,"href":"https:\/\/blogsaverroes.juntadeandalucia.es\/ceip-blas-infante\/wp-json\/wp\/v2\/pages\/113\/revisions\/2742"}],"wp:attachment":[{"href":"https:\/\/blogsaverroes.juntadeandalucia.es\/ceip-blas-infante\/wp-json\/wp\/v2\/media?parent=113"}],"curies":[{"name":"wp","href":"https:\/\/api.w.org\/{rel}","templated":true}]}}