{"id":1020,"date":"2021-03-04T08:47:28","date_gmt":"2021-03-04T07:47:28","guid":{"rendered":"https:\/\/blogsaverroes.juntadeandalucia.es\/ceip-ciudad-del-sol\/?page_id=1020"},"modified":"2021-04-26T07:19:52","modified_gmt":"2021-04-26T06:19:52","slug":"datos-del-centro","status":"publish","type":"page","link":"https:\/\/blogsaverroes.juntadeandalucia.es\/ceip-ciudad-del-sol\/datos-del-centro\/","title":{"rendered":"Datos del Centro"},"content":{"rendered":"<p><img loading=\"lazy\" decoding=\"async\" class=\"alignleft wp-image-1093 size-large\" src=\"https:\/\/blogsaverroes.juntadeandalucia.es\/ceip-ciudad-del-sol\/files\/2021\/03\/Equipo_directivo2-1024x246.jpg\" alt=\"Datos del Centro\" width=\"1024\" height=\"246\" srcset=\"https:\/\/blogsaverroes.juntadeandalucia.es\/ceip-ciudad-del-sol\/files\/2021\/03\/Equipo_directivo2-980x235.jpg 980w, https:\/\/blogsaverroes.juntadeandalucia.es\/ceip-ciudad-del-sol\/files\/2021\/03\/Equipo_directivo2-480x115.jpg 480w\" sizes=\"(min-width: 0px) and (max-width: 480px) 480px, (min-width: 481px) and (max-width: 980px) 980px, (min-width: 981px) 1024px, 100vw\" \/><\/p>\n<p>&nbsp;<\/p>\n<p><span style=\"font-size: 18pt;color: #003366\">CEIP Ciudad del Sol<\/span><br \/>\nAvd. del Matadero S\/N<br \/>\n41400 \u00c9cija, Sevilla<br \/>\nTel\u00e9fono: 955879515&nbsp;<br \/>\nCorporativo: 385515 FAX: 955789517<br \/>\nEmail: 41001801.edu@juntadeandalucia.es<\/p>\n<p><span style=\"font-size: 14pt;color: #008080\">Horarios<\/span><br \/>\n\u2022 Aula Matinal de 7:30 a 9:00<br \/>\n\u2022 Horario Lectivo de 9:00 a 14:00<br \/>\n\u2022 Actividades Extraescolares de 16:00 a 18:00<br \/>\n\u2022 Escuelas Deportivas de 16:00 a 18:00<br \/>\n\u2022 Programa de Acompa\u00f1amiento Escolar: martes y jueves de 16:00 a 18:00<\/p>\n<p><span style=\"font-size: 14pt;color: #008080\">NUESTRA HISTORIA<\/span><br \/>\nNuestro centro tiene una larga trayectoria en nuestra localidad. Comenz\u00f3 su andadura en una ubicaci\u00f3n diferente a la actual. Nuestros comienzos fueron en aquel gran edificio de la calle Rodr\u00edguez Mar\u00edn. Por aquel entonces nuestro centro estaba divido en dos edificios donde atend\u00edamos al alumnado de educaci\u00f3n primaria y al de educaci\u00f3n infantil. En el curso 2013\/14, el centro se unific\u00f3 un solo edificio en la Plaza de Matadero, con lo cual se pudieron concentrar todos los recursos, tanto humanos como materiales. Esto ha supuesto un gran logro para toda la Comunidad Educativa.<br \/>\nEn la actualidad y tras un proceso consensuado con la comunidad educativa y la administraci\u00f3n, se est\u00e1n realizando los tr\u00e1mites para el cambio de la denominaci\u00f3n espec\u00edfica del centro de CEIP Calvo Sotelo a la de CEIP Ciudad del Sol.<br \/>\nEn la actualidad nuestro tiene su ubicaci\u00f3n en Avd. Plaza del Matadero S\/N y consta de tres zonas diferenciadas:<br \/>\n&#8211; La zona de administraci\u00f3n, donde se encuentran conserjer\u00eda, administraci\u00f3n, direcci\u00f3n, biblioteca y sala de profesores.<br \/>\n-Zona de Primaria con 12 aulas para las tutor\u00edas, con 12 PDI, que son ocupadas por alumnado del primer, segundo y tercer ciclo, cuatro de ellas colocadas con el programa \u201cEscuela TIC 2.0.\u201d por la Consejer\u00eda de Educaci\u00f3n, un aula para PT, dos tutor\u00edas y el SUM.<br \/>\n-Zona de Infantil con seis aulas para las tutor\u00edas, una sala de profesores y el SUM, con sus propios patios de recreo, independientes de Primaria. Todas ellas dotadas de PDI.<\/p>\n","protected":false},"excerpt":{"rendered":"<p>&nbsp; CEIP Ciudad del Sol Avd. del Matadero S\/N 41400 \u00c9cija, Sevilla Tel\u00e9fono: 955879515&nbsp; Corporativo: 385515 FAX: 955789517 Email: 41001801.edu@juntadeandalucia.es Horarios \u2022 Aula Matinal de 7:30 a 9:00 \u2022 Horario Lectivo de 9:00 a 14:00 \u2022 Actividades Extraescolares de 16:00 a 18:00 \u2022 Escuelas Deportivas de 16:00 a 18:00 \u2022 Programa de Acompa\u00f1amiento Escolar: martes [&hellip;]<\/p>\n","protected":false},"author":12377,"featured_media":0,"parent":0,"menu_order":0,"comment_status":"closed","ping_status":"closed","template":"","meta":{"_et_pb_use_builder":"","_et_pb_old_content":"","_et_gb_content_width":"","ngg_post_thumbnail":0,"footnotes":""},"aioseo_notices":[],"_links":{"self":[{"href":"https:\/\/blogsaverroes.juntadeandalucia.es\/ceip-ciudad-del-sol\/wp-json\/wp\/v2\/pages\/1020"}],"collection":[{"href":"https:\/\/blogsaverroes.juntadeandalucia.es\/ceip-ciudad-del-sol\/wp-json\/wp\/v2\/pages"}],"about":[{"href":"https:\/\/blogsaverroes.juntadeandalucia.es\/ceip-ciudad-del-sol\/wp-json\/wp\/v2\/types\/page"}],"author":[{"embeddable":true,"href":"https:\/\/blogsaverroes.juntadeandalucia.es\/ceip-ciudad-del-sol\/wp-json\/wp\/v2\/users\/12377"}],"replies":[{"embeddable":true,"href":"https:\/\/blogsaverroes.juntadeandalucia.es\/ceip-ciudad-del-sol\/wp-json\/wp\/v2\/comments?post=1020"}],"version-history":[{"count":9,"href":"https:\/\/blogsaverroes.juntadeandalucia.es\/ceip-ciudad-del-sol\/wp-json\/wp\/v2\/pages\/1020\/revisions"}],"predecessor-version":[{"id":1236,"href":"https:\/\/blogsaverroes.juntadeandalucia.es\/ceip-ciudad-del-sol\/wp-json\/wp\/v2\/pages\/1020\/revisions\/1236"}],"wp:attachment":[{"href":"https:\/\/blogsaverroes.juntadeandalucia.es\/ceip-ciudad-del-sol\/wp-json\/wp\/v2\/media?parent=1020"}],"curies":[{"name":"wp","href":"https:\/\/api.w.org\/{rel}","templated":true}]}}