{"id":840,"date":"2020-12-18T08:38:52","date_gmt":"2020-12-18T07:38:52","guid":{"rendered":"https:\/\/blogsaverroes.juntadeandalucia.es\/pre\/plantilla-pencil\/?page_id=840"},"modified":"2023-11-27T10:20:42","modified_gmt":"2023-11-27T09:20:42","slug":"ampa","status":"publish","type":"page","link":"https:\/\/blogsaverroes.juntadeandalucia.es\/ceip-ciudad-del-sol\/ampa\/","title":{"rendered":"AMPA"},"content":{"rendered":"<p><img loading=\"lazy\" decoding=\"async\" class=\"alignleft wp-image-1093 size-large\" src=\"https:\/\/blogsaverroes.juntadeandalucia.es\/ceip-ciudad-del-sol\/files\/2021\/03\/Fondo02_vidriera1-1024x243.png\" alt=\"Ampa\" width=\"1024\" height=\"246\"><\/p>\n<p>&nbsp;<\/p>\n<p>El&nbsp;<strong>AMPA<\/strong>&nbsp;es una asociaci\u00f3n sin \u00e1nimo de lucro que formada por los padres y madres de todo el alumnado del Colegio.<\/p>\n<p>Desde el AMPA podemos contribuir a la mejora de la calidad de la educaci\u00f3n, la convivencia del centro y de las instalaciones.<\/p>\n<p>En el colegio existen espacios de participaci\u00f3n, siendo el AMPA &nbsp;el \u00fanico espacio de participaci\u00f3n aut\u00f3nomo de padres y madres.<\/p>\n<p>&nbsp;El AMPA es importante porque:<\/p>\n<ul>\n<li>Somos corresponsables de la educaci\u00f3n que nuestros hijos\/as reciben en el colegio.<\/li>\n<li>Es un espacio para aportar iniciativas y trabajar con la direcci\u00f3n del Centro.<\/li>\n<\/ul>\n<p>&nbsp;<\/p>\n<p>Participar en el AMPA es muy f\u00e1cil y cada uno decide el nivel de implicaci\u00f3n.<\/p>\n<ul>\n<li>Podemos asociarnos en cualquier momento.<\/li>\n<li>Podemos tambi\u00e9n participar a trav\u00e9s de las asambleas, incorpor\u00e1ndote a las reuniones&nbsp;abiertas que se convoquen.<\/li>\n<li>Podemos colaborar en los diferentes grupos de trabajo o&nbsp;en actividades puntuales que se organizan desde el AMPA a lo largo del curso.<\/li>\n<li>Podemos proponer iniciativas, plantear temas de debate, organizar actividades, etc., &nbsp;dirigi\u00e9ndote a cualquier miembro de la junta directiva.<\/li>\n<\/ul>\n<p>Como ves, hay muchas formas de participar y es muy importante que m\u00e1s padres y madres pasemos a la participa-ACCI\u00d3N,&nbsp;&nbsp;de forma activa y colectiva.<\/p>\n<p>El AMPA tiene como finalidad<\/p>\n<ul>\n<li>Defender y velar por el derecho a una educaci\u00f3n de calidad.<\/li>\n<li>Promover la participaci\u00f3n de padres y madres en la vida del centro, defendiendo los intereses de toda la comunidad educativa.<\/li>\n<li>Buscar soluciones de forma colectiva a temas relacionados con la ense\u00f1anza y educaci\u00f3n de nuestros hijos\/as.<\/li>\n<li>Crear espacios de encuentro y trabajo en el resto de la comunidad educativa y con el entorno.<\/li>\n<li>Crear espacios de reflexi\u00f3n y participaci\u00f3n compartida sobre la educaci\u00f3n de nuestros hijos\/as para participar en la gesti\u00f3n del colegio.<\/li>\n<\/ul>\n<p>&nbsp;<\/p>\n<p>El AMPA &nbsp;se financia a trav\u00e9s de las cuotas de socios\/as.<br \/>\nLa cuota de socios\/as es el \u00fanico pago que realizan las familias y que gestiona el AMPA para el beneficio exclusivo de la comunidad educativa y en definitiva de la educaci\u00f3n que reciben&nbsp; nuestros hijos\/as en el centro.<\/p>\n<p><a href=\"https:\/\/blogsaverroes.juntadeandalucia.es\/ceip-ciudad-del-sol\/files\/2023\/11\/ANEXO-PROYECTO-AMPA.pdf\">PROYECTO AMPA.<\/a><\/p>\n<p>&nbsp;<\/p>\n<p>&nbsp;<\/p>\n","protected":false},"excerpt":{"rendered":"<p>&nbsp; El&nbsp;AMPA&nbsp;es una asociaci\u00f3n sin \u00e1nimo de lucro que formada por los padres y madres de todo el alumnado del Colegio. Desde el AMPA podemos contribuir a la mejora de la calidad de la educaci\u00f3n, la convivencia del centro y de las instalaciones. En el colegio existen espacios de participaci\u00f3n, siendo el AMPA &nbsp;el \u00fanico [&hellip;]<\/p>\n","protected":false},"author":7051,"featured_media":0,"parent":0,"menu_order":0,"comment_status":"closed","ping_status":"closed","template":"","meta":{"_et_pb_use_builder":"off","_et_pb_old_content":"","_et_gb_content_width":"","ngg_post_thumbnail":0,"footnotes":""},"aioseo_notices":[],"_links":{"self":[{"href":"https:\/\/blogsaverroes.juntadeandalucia.es\/ceip-ciudad-del-sol\/wp-json\/wp\/v2\/pages\/840"}],"collection":[{"href":"https:\/\/blogsaverroes.juntadeandalucia.es\/ceip-ciudad-del-sol\/wp-json\/wp\/v2\/pages"}],"about":[{"href":"https:\/\/blogsaverroes.juntadeandalucia.es\/ceip-ciudad-del-sol\/wp-json\/wp\/v2\/types\/page"}],"author":[{"embeddable":true,"href":"https:\/\/blogsaverroes.juntadeandalucia.es\/ceip-ciudad-del-sol\/wp-json\/wp\/v2\/users\/7051"}],"replies":[{"embeddable":true,"href":"https:\/\/blogsaverroes.juntadeandalucia.es\/ceip-ciudad-del-sol\/wp-json\/wp\/v2\/comments?post=840"}],"version-history":[{"count":9,"href":"https:\/\/blogsaverroes.juntadeandalucia.es\/ceip-ciudad-del-sol\/wp-json\/wp\/v2\/pages\/840\/revisions"}],"predecessor-version":[{"id":1595,"href":"https:\/\/blogsaverroes.juntadeandalucia.es\/ceip-ciudad-del-sol\/wp-json\/wp\/v2\/pages\/840\/revisions\/1595"}],"wp:attachment":[{"href":"https:\/\/blogsaverroes.juntadeandalucia.es\/ceip-ciudad-del-sol\/wp-json\/wp\/v2\/media?parent=840"}],"curies":[{"name":"wp","href":"https:\/\/api.w.org\/{rel}","templated":true}]}}