{"id":1277,"date":"2026-02-20T10:04:27","date_gmt":"2026-02-20T09:04:27","guid":{"rendered":"https:\/\/blogsaverroes.juntadeandalucia.es\/ceip-constitucion-1978\/?page_id=1277"},"modified":"2026-02-20T10:04:32","modified_gmt":"2026-02-20T09:04:32","slug":"habitos-de-vida-saludable","status":"publish","type":"page","link":"https:\/\/blogsaverroes.juntadeandalucia.es\/ceip-constitucion-1978\/habitos-de-vida-saludable\/","title":{"rendered":"H\u00e1bitos de vida saludable"},"content":{"rendered":"<p>[et_pb_section fb_built=&#8221;1&#8243; _builder_version=&#8221;4.16&#8243; global_colors_info=&#8221;{}&#8221;][et_pb_row _builder_version=&#8221;4.16&#8243; background_size=&#8221;initial&#8221; background_position=&#8221;top_left&#8221; background_repeat=&#8221;repeat&#8221; global_colors_info=&#8221;{}&#8221;][et_pb_column type=&#8221;4_4&#8243; _builder_version=&#8221;4.16&#8243; custom_padding=&#8221;|||&#8221; global_colors_info=&#8221;{}&#8221; custom_padding__hover=&#8221;|||&#8221;][et_pb_image _builder_version=&#8221;4.24.2&#8243; _module_preset=&#8221;default&#8221;][\/et_pb_image][et_pb_text _builder_version=&#8221;4.24.2&#8243; background_size=&#8221;initial&#8221; background_position=&#8221;top_left&#8221; background_repeat=&#8221;repeat&#8221; hover_enabled=&#8221;0&#8243; global_colors_info=&#8221;{}&#8221; sticky_enabled=&#8221;0&#8243;]<\/p>\n<p>El programa para la promoci\u00f3n de h\u00e1bitos de vida saludable en el \u00e1mbito educativo, modalidad &#8216;Creciendo en Salud&#8217;, tiene como objetivo promover, entrenar y capacitar al alumnado para el desarrollo de habilidades cognitivos-conductuales que, de forma adaptada a cada edad, les permitan adoptar estilos de vida saludables, mediante la toma de decisiones razonadas en el marco de entornos no siempre favorables a la protecci\u00f3n y al fomento de la salud.<\/p>\n<p>[\/et_pb_text][\/et_pb_column][\/et_pb_row][\/et_pb_section][et_pb_section fb_built=&#8221;1&#8243; theme_builder_area=&#8221;post_content&#8221; _builder_version=&#8221;4.24.2&#8243; _module_preset=&#8221;default&#8221;][et_pb_row _builder_version=&#8221;4.24.2&#8243; _module_preset=&#8221;default&#8221; theme_builder_area=&#8221;post_content&#8221;][et_pb_column _builder_version=&#8221;4.24.2&#8243; _module_preset=&#8221;default&#8221; theme_builder_area=&#8221;post_content&#8221; type=&#8221;4_4&#8243;][et_pb_image _builder_version=&#8221;4.24.2&#8243; _module_preset=&#8221;default&#8221; src=&#8221;https:\/\/blogsaverroes.juntadeandalucia.es\/ceip-constitucion-1978\/files\/2026\/02\/LOGO-SALUD-2-1.png&#8221; theme_builder_area=&#8221;post_content&#8221; hover_enabled=&#8221;0&#8243; sticky_enabled=&#8221;0&#8243;][\/et_pb_image][\/et_pb_column][\/et_pb_row][\/et_pb_section]<\/p>\n","protected":false},"excerpt":{"rendered":"<p>El programa para la promoci\u00f3n de h\u00e1bitos de vida saludable en el \u00e1mbito educativo, modalidad &#8216;Creciendo en Salud&#8217;, tiene como objetivo promover, entrenar y capacitar al alumnado para el desarrollo de habilidades cognitivos-conductuales que, de forma adaptada a cada edad, les permitan adoptar estilos de vida saludables, mediante la toma de decisiones razonadas en el [&hellip;]<\/p>\n","protected":false},"author":21080,"featured_media":0,"parent":0,"menu_order":0,"comment_status":"closed","ping_status":"closed","template":"","meta":{"_et_pb_use_builder":"on","_et_pb_old_content":"<p>El programa para la promoci\u00f3n de h\u00e1bitos de vida saludable en el \u00e1mbito educativo, modalidad 'Creciendo en Salud', tiene como objetivo promover, entrenar y capacitar al alumnado para el desarrollo de habilidades cognitivos-conductuales que, de forma adaptada a cada edad, les permitan adoptar estilos de vida saludables, mediante la toma de decisiones razonadas en el marco de entornos no siempre favorables a la protecci\u00f3n y al fomento de la salud.<\/p>","_et_gb_content_width":"","ngg_post_thumbnail":0,"footnotes":""},"aioseo_notices":[],"_links":{"self":[{"href":"https:\/\/blogsaverroes.juntadeandalucia.es\/ceip-constitucion-1978\/wp-json\/wp\/v2\/pages\/1277"}],"collection":[{"href":"https:\/\/blogsaverroes.juntadeandalucia.es\/ceip-constitucion-1978\/wp-json\/wp\/v2\/pages"}],"about":[{"href":"https:\/\/blogsaverroes.juntadeandalucia.es\/ceip-constitucion-1978\/wp-json\/wp\/v2\/types\/page"}],"author":[{"embeddable":true,"href":"https:\/\/blogsaverroes.juntadeandalucia.es\/ceip-constitucion-1978\/wp-json\/wp\/v2\/users\/21080"}],"replies":[{"embeddable":true,"href":"https:\/\/blogsaverroes.juntadeandalucia.es\/ceip-constitucion-1978\/wp-json\/wp\/v2\/comments?post=1277"}],"version-history":[{"count":4,"href":"https:\/\/blogsaverroes.juntadeandalucia.es\/ceip-constitucion-1978\/wp-json\/wp\/v2\/pages\/1277\/revisions"}],"predecessor-version":[{"id":1284,"href":"https:\/\/blogsaverroes.juntadeandalucia.es\/ceip-constitucion-1978\/wp-json\/wp\/v2\/pages\/1277\/revisions\/1284"}],"wp:attachment":[{"href":"https:\/\/blogsaverroes.juntadeandalucia.es\/ceip-constitucion-1978\/wp-json\/wp\/v2\/media?parent=1277"}],"curies":[{"name":"wp","href":"https:\/\/api.w.org\/{rel}","templated":true}]}}