{"id":1302,"date":"2026-03-04T09:31:47","date_gmt":"2026-03-04T08:31:47","guid":{"rendered":"https:\/\/blogsaverroes.juntadeandalucia.es\/ceip-constitucion-1978\/?page_id=1302"},"modified":"2026-03-09T09:49:18","modified_gmt":"2026-03-09T08:49:18","slug":"radio-constitucion-1978","status":"publish","type":"page","link":"https:\/\/blogsaverroes.juntadeandalucia.es\/ceip-constitucion-1978\/radio-constitucion-1978\/","title":{"rendered":"Radio &#8220;La Voz del 78&#8221;"},"content":{"rendered":"<p>[et_pb_section fb_built=&#8221;1&#8243; _builder_version=&#8221;4.24.2&#8243; _module_preset=&#8221;default&#8221; global_colors_info=&#8221;{}&#8221;][et_pb_row _builder_version=&#8221;4.24.2&#8243; _module_preset=&#8221;default&#8221; global_colors_info=&#8221;{}&#8221;][et_pb_column type=&#8221;4_4&#8243; _builder_version=&#8221;4.24.2&#8243; _module_preset=&#8221;default&#8221; global_colors_info=&#8221;{}&#8221;][et_pb_image src=&#8221;https:\/\/blogsaverroes.juntadeandalucia.es\/ceip-constitucion-1978\/files\/2026\/03\/La-voz-del-78-300&#215;300.jpg&#8221; title_text=&#8221;La voz del 78&#8243; _builder_version=&#8221;4.24.2&#8243; _module_preset=&#8221;default&#8221; global_colors_info=&#8221;{}&#8221;][\/et_pb_image][\/et_pb_column][\/et_pb_row][\/et_pb_section][et_pb_section fb_built=&#8221;1&#8243; _builder_version=&#8221;4.16&#8243; global_colors_info=&#8221;{}&#8221;][et_pb_row _builder_version=&#8221;4.16&#8243; background_size=&#8221;initial&#8221; background_position=&#8221;top_left&#8221; background_repeat=&#8221;repeat&#8221; global_colors_info=&#8221;{}&#8221;][et_pb_column type=&#8221;4_4&#8243; _builder_version=&#8221;4.16&#8243; custom_padding=&#8221;|||&#8221; global_colors_info=&#8221;{}&#8221; custom_padding__hover=&#8221;|||&#8221;][et_pb_image _builder_version=&#8221;4.24.2&#8243; _module_preset=&#8221;default&#8221; global_colors_info=&#8221;{}&#8221;][\/et_pb_image][et_pb_text _builder_version=&#8221;4.24.2&#8243; background_size=&#8221;initial&#8221; background_position=&#8221;top_left&#8221; background_repeat=&#8221;repeat&#8221; link_option_url=&#8221;https:\/\/drive.google.com\/drive\/folders\/1ZlCqUzdNdyIKr-X5TIoG0NZDJsWCCReD?usp=sharing&#8221; link_option_url_new_window=&#8221;on&#8221; global_colors_info=&#8221;{}&#8221;]<\/p>\n<p data-start=\"56\" data-end=\"184\"><strong data-start=\"56\" data-end=\"83\">Radio &#8220;La Voz del 78&#8221;<\/strong>&nbsp;es la radio escolar que hacemos desde nuestro cole con much\u00edsima ilusi\u00f3n junto a nuestro alumnado.<\/p>\n<p data-start=\"186\" data-end=\"384\">Es un espacio donde damos voz a los ni\u00f1os y ni\u00f1as para compartir las novedades del centro, contar nuestras salidas, recordar efem\u00e9rides, realizar entrevistas, explicar talleres y muchas cosas m\u00e1s.<\/p>\n<p data-start=\"386\" data-end=\"528\">Un proyecto educativo lleno de creatividad, aprendizaje y entusiasmo, donde aprendemos comunicando y disfrutamos haciendo radio juntos.&nbsp;<\/p>\n<p data-start=\"530\" data-end=\"657\">Adem\u00e1s, os dejamos el enlace para que pod\u00e1is escuchar todos los cap\u00edtulos grabados y no perderos ninguno de nuestros programas.<\/p>\n<p>https:\/\/drive.google.com\/drive\/folders\/1ZlCqUzdNdyIKr-X5TIoG0NZDJsWCCReD?usp=sharing<\/p>\n<p>&nbsp;<\/p>\n<p>[\/et_pb_text][et_pb_image src=&#8221;https:\/\/blogsaverroes.juntadeandalucia.es\/ceip-constitucion-1978\/files\/2026\/02\/WhatsApp-Image-2026-02-02-at-10.22.08-copia-3-225&#215;300.jpeg&#8221; _builder_version=&#8221;4.24.2&#8243; _module_preset=&#8221;default&#8221; hover_enabled=&#8221;0&#8243; global_colors_info=&#8221;{}&#8221; sticky_enabled=&#8221;0&#8243;][\/et_pb_image][\/et_pb_column][\/et_pb_row][\/et_pb_section]<\/p>\n","protected":false},"excerpt":{"rendered":"<p>Radio &#8220;La Voz del 78&#8221;&nbsp;es la radio escolar que hacemos desde nuestro cole con much\u00edsima ilusi\u00f3n junto a nuestro alumnado. Es un espacio donde damos voz a los ni\u00f1os y ni\u00f1as para compartir las novedades del centro, contar nuestras salidas, recordar efem\u00e9rides, realizar entrevistas, explicar talleres y muchas cosas m\u00e1s. Un proyecto educativo lleno de [&hellip;]<\/p>\n","protected":false},"author":21080,"featured_media":0,"parent":0,"menu_order":0,"comment_status":"closed","ping_status":"closed","template":"","meta":{"_et_pb_use_builder":"on","_et_pb_old_content":"<p data-start=\"56\" data-end=\"184\"><strong data-start=\"56\" data-end=\"83\">Radio Constituci\u00f3n 1978<\/strong> es la radio escolar que hacemos desde nuestro cole con much\u00edsima ilusi\u00f3n junto a nuestro alumnado.<\/p><p data-start=\"186\" data-end=\"384\">Es un espacio donde damos voz a los ni\u00f1os y ni\u00f1as para compartir las novedades del centro, contar nuestras salidas, recordar efem\u00e9rides, realizar entrevistas, explicar talleres y muchas cosas m\u00e1s.<\/p><p data-start=\"386\" data-end=\"528\">Un proyecto educativo lleno de creatividad, aprendizaje y entusiasmo, donde aprendemos comunicando y disfrutamos haciendo radio juntos.\u00a0<\/p><p data-start=\"530\" data-end=\"657\">Adem\u00e1s, os dejamos el enlace para que pod\u00e1is escuchar todos los cap\u00edtulos grabados y no perderos ninguno de nuestros programas.<\/p><p>https:\/\/drive.google.com\/drive\/folders\/1MULToCq32MnssSuWHwQiUE0HGuLgRQaA?usp=sharing<\/p>","_et_gb_content_width":"","ngg_post_thumbnail":0,"footnotes":""},"aioseo_notices":[],"_links":{"self":[{"href":"https:\/\/blogsaverroes.juntadeandalucia.es\/ceip-constitucion-1978\/wp-json\/wp\/v2\/pages\/1302"}],"collection":[{"href":"https:\/\/blogsaverroes.juntadeandalucia.es\/ceip-constitucion-1978\/wp-json\/wp\/v2\/pages"}],"about":[{"href":"https:\/\/blogsaverroes.juntadeandalucia.es\/ceip-constitucion-1978\/wp-json\/wp\/v2\/types\/page"}],"author":[{"embeddable":true,"href":"https:\/\/blogsaverroes.juntadeandalucia.es\/ceip-constitucion-1978\/wp-json\/wp\/v2\/users\/21080"}],"replies":[{"embeddable":true,"href":"https:\/\/blogsaverroes.juntadeandalucia.es\/ceip-constitucion-1978\/wp-json\/wp\/v2\/comments?post=1302"}],"version-history":[{"count":10,"href":"https:\/\/blogsaverroes.juntadeandalucia.es\/ceip-constitucion-1978\/wp-json\/wp\/v2\/pages\/1302\/revisions"}],"predecessor-version":[{"id":1335,"href":"https:\/\/blogsaverroes.juntadeandalucia.es\/ceip-constitucion-1978\/wp-json\/wp\/v2\/pages\/1302\/revisions\/1335"}],"wp:attachment":[{"href":"https:\/\/blogsaverroes.juntadeandalucia.es\/ceip-constitucion-1978\/wp-json\/wp\/v2\/media?parent=1302"}],"curies":[{"name":"wp","href":"https:\/\/api.w.org\/{rel}","templated":true}]}}