{"id":1314,"date":"2026-03-04T09:54:34","date_gmt":"2026-03-04T08:54:34","guid":{"rendered":"https:\/\/blogsaverroes.juntadeandalucia.es\/ceip-constitucion-1978\/?page_id=1314"},"modified":"2026-03-04T09:56:40","modified_gmt":"2026-03-04T08:56:40","slug":"caixa-proinfancia","status":"publish","type":"page","link":"https:\/\/blogsaverroes.juntadeandalucia.es\/ceip-constitucion-1978\/caixa-proinfancia\/","title":{"rendered":"Caixa Proinfancia"},"content":{"rendered":"<p>[et_pb_section fb_built=&#8221;1&#8243; theme_builder_area=&#8221;post_content&#8221; _builder_version=&#8221;4.24.2&#8243; _module_preset=&#8221;default&#8221;][et_pb_row _builder_version=&#8221;4.24.2&#8243; _module_preset=&#8221;default&#8221; theme_builder_area=&#8221;post_content&#8221;][et_pb_column _builder_version=&#8221;4.24.2&#8243; _module_preset=&#8221;default&#8221; theme_builder_area=&#8221;post_content&#8221; type=&#8221;4_4&#8243;][et_pb_image _builder_version=&#8221;4.24.2&#8243; _module_preset=&#8221;default&#8221; src=&#8221;https:\/\/blogsaverroes.juntadeandalucia.es\/ceip-constitucion-1978\/files\/2026\/03\/Caixa_proInfancia-1.jpg&#8221; theme_builder_area=&#8221;post_content&#8221; hover_enabled=&#8221;0&#8243; sticky_enabled=&#8221;0&#8243;][\/et_pb_image][\/et_pb_column][\/et_pb_row][\/et_pb_section][et_pb_section fb_built=&#8221;1&#8243; _builder_version=&#8221;4.16&#8243; global_colors_info=&#8221;{}&#8221;][et_pb_row _builder_version=&#8221;4.16&#8243; background_size=&#8221;initial&#8221; background_position=&#8221;top_left&#8221; background_repeat=&#8221;repeat&#8221; global_colors_info=&#8221;{}&#8221;][et_pb_column type=&#8221;4_4&#8243; _builder_version=&#8221;4.16&#8243; custom_padding=&#8221;|||&#8221; global_colors_info=&#8221;{}&#8221; custom_padding__hover=&#8221;|||&#8221;][et_pb_image _builder_version=&#8221;4.24.2&#8243; _module_preset=&#8221;default&#8221;][\/et_pb_image][et_pb_text _builder_version=&#8221;4.16&#8243; background_size=&#8221;initial&#8221; background_position=&#8221;top_left&#8221; background_repeat=&#8221;repeat&#8221; global_colors_info=&#8221;{}&#8221;]<span data-wiz-uids=\"wh7bHe_7\" data-sfc-cb=\"\"><a class=\"GI370e\" href=\"https:\/\/www.google.com\/search?q=CaixaProinfancia&amp;sca_esv=b99d1670b8afc25c&amp;rlz=1C5CHFA_enES917ES917&amp;biw=1440&amp;bih=676&amp;ei=OPGnaaG3BLqCkdUP7_vogQo&amp;oq=caixa+pro&amp;gs_lp=Egxnd3Mtd2l6LXNlcnAiCWNhaXhhIHBybyoCCAAyBRAAGIAEMgUQABiABDIFEAAYgAQyBRAAGIAEMgUQABiABDIFEAAYgAQyBRAAGIAEMgUQABiABDIFEAAYgAQyBRAAGIAESJ4aUABYpxBwAHgBkAEBmAHEAqABqA6qAQcwLjQuNC4xuAEDyAEA-AEBmAIIoAL4DMICDRAAGIAEGLEDGEMYigXCAgoQABiABBhDGIoFwgIREC4YgAQYsQMY0QMYgwEYxwHCAgsQLhiABBixAxiDAcICCxAuGIAEGNEDGMcBwgILEAAYgAQYsQMYgwHCAggQABiABBixA8ICDhAuGIAEGLEDGNEDGMcBwgILEC4YgAQYxwEYrwHCAgsQABiABBiSAxiKBcICCBAuGIAEGLEDwgIgEC4YgAQYsQMY0QMYgwEYxwEYlwUY3AQY3gQY4ATYAQHCAggQABiABBjJA8ICDRAuGIAEGNEDGMcBGArCAgcQABiABBgKmAMAugYGCAEQARgUkgcHMC40LjMuMaAHxmyyBwcwLjQuMy4xuAf4DMIHBTItNC40yAdIgAgA&amp;sclient=gws-wiz-serp&amp;safe=active&amp;ssui=on&amp;ved=2ahUKEwiF99-e7oWTAxVVOfsDHYbnKDUQgK4QegYIAQgAEAM\" data-ved=\"2ahUKEwiF99-e7oWTAxVVOfsDHYbnKDUQgK4QegYIAQgAEAM\" data-hveid=\"CAEIABAD\">CaixaProinfancia<\/a><\/span> es un programa de la Fundaci\u00f3n &#8220;la Caixa&#8221; lanzado en 2007 para combatir la pobreza infantil y la exclusi\u00f3n social en Espa\u00f1a, dirigido a familias con ni\u00f1os de 0 a 18 a\u00f1os. Ofrece ayudas en refuerzo educativo, equipamiento escolar, campamentos, atenci\u00f3n psicol\u00f3gica, alimentaci\u00f3n e higiene, trabajando en red con m\u00e1s de 400 entidades.<\/p>\n<ul>\n<li><span class=\"T286Pc\" data-sfc-cp=\"\" data-sfc-cb=\"\"><strong class=\"Yjhzub\" data-sfc-cb=\"\">Objetivo:<\/strong>&nbsp;Romper el c\u00edrculo de pobreza hereditaria y garantizar la igualdad de oportunidades para el desarrollo social y educativo de ni\u00f1os en entornos vulnerables.<\/span><\/li>\n<li><span class=\"T286Pc\" data-sfc-cp=\"\" data-sfc-cb=\"\"><strong class=\"Yjhzub\" data-sfc-cb=\"\">\u00c1reas de intervenci\u00f3n:<\/strong><\/span><\/li>\n<\/ul>\n<ul class=\"KsbFXc U6u95\" data-sfc-cb=\"\">\n<li style=\"list-style-type: none\">\n<ul class=\"KsbFXc U6u95\" data-sfc-cb=\"\">\n<li class=\"dF3vjf\" data-sfc-cb=\"\" data-hveid=\"CAEIABAK\"><span class=\"T286Pc\" data-sfc-cp=\"\" data-sfc-cb=\"\"><strong class=\"Yjhzub\" data-sfc-cb=\"\">Refuerzo educativo: <\/strong><\/span>Ayuda escolar, centros abiertos, campamentos y actividades de verano<\/li>\n<li class=\"dF3vjf\" data-sfc-cb=\"\" data-hveid=\"CAEIABAK\">\n<div id=\"sdh_9_Gnac7KDOankdUPp6y8gAs_1\"><strong class=\"Yjhzub\" data-sfc-cb=\"\">Salud:<\/strong>&nbsp;Apoyo psicol\u00f3gico, gafas, aud\u00edfonos, alimentaci\u00f3n e higiene.<\/div>\n<\/li>\n<li class=\"dF3vjf\" data-sfc-cb=\"\" data-hveid=\"CAEIABAK\">\n<div id=\"sdh_9_Gnac7KDOankdUPp6y8gAs_1\"><span class=\"T286Pc\" data-sfc-cp=\"\" data-sfc-cb=\"\"><strong class=\"Yjhzub\" data-sfc-cb=\"\">Apoyo familiar:<\/strong>&nbsp;Talleres educativos y de parentalidad positiva.<\/span><\/div>\n<\/li>\n<\/ul>\n<\/li>\n<\/ul>\n<div id=\"sdh_9_Gnac7KDOankdUPp6y8gAs_3\">&nbsp;<\/div>\n<div id=\"sdh_9_Gnac7KDOankdUPp6y8gAs_4\">&nbsp;<\/div>\n<ul>\n<li><strong class=\"Yjhzub\" data-sfc-cb=\"\">Cobertura:<\/strong>&nbsp;Opera en toda Espa\u00f1a, con especial foco en \u00e1reas metropolitanas, colaborando con entidades como&nbsp;<span data-sfc-cb=\"\"><a class=\"H23r4e\" href=\"https:\/\/www.ymca.es\/ymca-y-caixa-proinfancia\/\" target=\"_blank\" rel=\"noopener\">YMCA Espa\u00f1a<\/a><\/span>, Aldeas Infantiles SOS de Espa\u00f1a, y&nbsp;<span data-sfc-cb=\"\"><a class=\"H23r4e\" href=\"https:\/\/www.savethechildren.es\/trabajo-ong\/pobreza-infantil\/pobreza-infantil-en-espana\/caixaproinfancia\" target=\"_blank\" rel=\"noopener\">Save the Children<\/a><\/span>.<\/li>\n<\/ul>\n<div id=\"sdh_9_Gnac7KDOankdUPp6y8gAs_6\">\n<ul>\n<li><span class=\"T286Pc\" data-sfc-cp=\"\" data-sfc-cb=\"\"><strong class=\"Yjhzub\" data-sfc-cb=\"\">Acceso:<\/strong>&nbsp;Por lo general, los casos son derivados a trav\u00e9s de servicios sociales y educativos, tras lo cual se realiza una evaluaci\u00f3n para definir un plan de trabajo.<\/span><\/li>\n<\/ul>\n<\/div>\n<p>[\/et_pb_text][\/et_pb_column][\/et_pb_row][\/et_pb_section]<\/p>\n","protected":false},"excerpt":{"rendered":"<p>CaixaProinfancia es un programa de la Fundaci\u00f3n &#8220;la Caixa&#8221; lanzado en 2007 para combatir la pobreza infantil y la exclusi\u00f3n social en Espa\u00f1a, dirigido a familias con ni\u00f1os de 0 a 18 a\u00f1os. Ofrece ayudas en refuerzo educativo, equipamiento escolar, campamentos, atenci\u00f3n psicol\u00f3gica, alimentaci\u00f3n e higiene, trabajando en red con m\u00e1s de 400 entidades. Objetivo:&nbsp;Romper [&hellip;]<\/p>\n","protected":false},"author":21080,"featured_media":0,"parent":0,"menu_order":0,"comment_status":"closed","ping_status":"closed","template":"","meta":{"_et_pb_use_builder":"on","_et_pb_old_content":"<p><span data-wiz-uids=\"wh7bHe_7\" data-sfc-cb=\"\"><a class=\"GI370e\" href=\"https:\/\/www.google.com\/search?q=CaixaProinfancia&sca_esv=b99d1670b8afc25c&rlz=1C5CHFA_enES917ES917&biw=1440&bih=676&ei=OPGnaaG3BLqCkdUP7_vogQo&oq=caixa+pro&gs_lp=Egxnd3Mtd2l6LXNlcnAiCWNhaXhhIHBybyoCCAAyBRAAGIAEMgUQABiABDIFEAAYgAQyBRAAGIAEMgUQABiABDIFEAAYgAQyBRAAGIAEMgUQABiABDIFEAAYgAQyBRAAGIAESJ4aUABYpxBwAHgBkAEBmAHEAqABqA6qAQcwLjQuNC4xuAEDyAEA-AEBmAIIoAL4DMICDRAAGIAEGLEDGEMYigXCAgoQABiABBhDGIoFwgIREC4YgAQYsQMY0QMYgwEYxwHCAgsQLhiABBixAxiDAcICCxAuGIAEGNEDGMcBwgILEAAYgAQYsQMYgwHCAggQABiABBixA8ICDhAuGIAEGLEDGNEDGMcBwgILEC4YgAQYxwEYrwHCAgsQABiABBiSAxiKBcICCBAuGIAEGLEDwgIgEC4YgAQYsQMY0QMYgwEYxwEYlwUY3AQY3gQY4ATYAQHCAggQABiABBjJA8ICDRAuGIAEGNEDGMcBGArCAgcQABiABBgKmAMAugYGCAEQARgUkgcHMC40LjMuMaAHxmyyBwcwLjQuMy4xuAf4DMIHBTItNC40yAdIgAgA&sclient=gws-wiz-serp&safe=active&ssui=on&ved=2ahUKEwiF99-e7oWTAxVVOfsDHYbnKDUQgK4QegYIAQgAEAM\" data-ved=\"2ahUKEwiF99-e7oWTAxVVOfsDHYbnKDUQgK4QegYIAQgAEAM\" data-hveid=\"CAEIABAD\">CaixaProinfancia<\/a><\/span> es un programa de la Fundaci\u00f3n \"la Caixa\" lanzado en 2007 para combatir la pobreza infantil y la exclusi\u00f3n social en Espa\u00f1a, dirigido a familias con ni\u00f1os de 0 a 18 a\u00f1os. Ofrece ayudas en refuerzo educativo, equipamiento escolar, campamentos, atenci\u00f3n psicol\u00f3gica, alimentaci\u00f3n e higiene, trabajando en red con m\u00e1s de 400 entidades.<\/p><ul><li><span class=\"T286Pc\" data-sfc-cp=\"\" data-sfc-cb=\"\"><strong class=\"Yjhzub\" data-sfc-cb=\"\">Objetivo:<\/strong>\u00a0Romper el c\u00edrculo de pobreza hereditaria y garantizar la igualdad de oportunidades para el desarrollo social y educativo de ni\u00f1os en entornos vulnerables.<\/span><\/li><li><span class=\"T286Pc\" data-sfc-cp=\"\" data-sfc-cb=\"\"><strong class=\"Yjhzub\" data-sfc-cb=\"\">\u00c1reas de intervenci\u00f3n:<\/strong><\/span><\/li><\/ul><ul class=\"KsbFXc U6u95\" data-sfc-cb=\"\"><li style=\"list-style-type: none;\"><ul class=\"KsbFXc U6u95\" data-sfc-cb=\"\"><li class=\"dF3vjf\" data-sfc-cb=\"\" data-hveid=\"CAEIABAK\"><span class=\"T286Pc\" data-sfc-cp=\"\" data-sfc-cb=\"\"><strong class=\"Yjhzub\" data-sfc-cb=\"\">Refuerzo educativo: <\/strong><\/span>Ayuda escolar, centros abiertos, campamentos y actividades de verano<\/li><li class=\"dF3vjf\" data-sfc-cb=\"\" data-hveid=\"CAEIABAK\"><div id=\"sdh_9_Gnac7KDOankdUPp6y8gAs_1\"><strong class=\"Yjhzub\" data-sfc-cb=\"\">Salud:<\/strong>\u00a0Apoyo psicol\u00f3gico, gafas, aud\u00edfonos, alimentaci\u00f3n e higiene.<\/div><\/li><li class=\"dF3vjf\" data-sfc-cb=\"\" data-hveid=\"CAEIABAK\"><div id=\"sdh_9_Gnac7KDOankdUPp6y8gAs_1\"><span class=\"T286Pc\" data-sfc-cp=\"\" data-sfc-cb=\"\"><strong class=\"Yjhzub\" data-sfc-cb=\"\">Apoyo familiar:<\/strong>\u00a0Talleres educativos y de parentalidad positiva.<\/span><\/div><\/li><\/ul><\/li><\/ul><div id=\"sdh_9_Gnac7KDOankdUPp6y8gAs_3\">\u00a0<\/div><div id=\"sdh_9_Gnac7KDOankdUPp6y8gAs_4\">\u00a0<\/div><ul><li><strong class=\"Yjhzub\" data-sfc-cb=\"\">Cobertura:<\/strong>\u00a0Opera en toda Espa\u00f1a, con especial foco en \u00e1reas metropolitanas, colaborando con entidades como\u00a0<span data-sfc-cb=\"\"><a class=\"H23r4e\" href=\"https:\/\/www.ymca.es\/ymca-y-caixa-proinfancia\/\" target=\"_blank\" rel=\"noopener\">YMCA Espa\u00f1a<\/a><\/span>, Aldeas Infantiles SOS de Espa\u00f1a, y\u00a0<span data-sfc-cb=\"\"><a class=\"H23r4e\" href=\"https:\/\/www.savethechildren.es\/trabajo-ong\/pobreza-infantil\/pobreza-infantil-en-espana\/caixaproinfancia\" target=\"_blank\" rel=\"noopener\">Save the Children<\/a><\/span>.<\/li><\/ul><div id=\"sdh_9_Gnac7KDOankdUPp6y8gAs_6\"><ul><li><span class=\"T286Pc\" data-sfc-cp=\"\" data-sfc-cb=\"\"><strong class=\"Yjhzub\" data-sfc-cb=\"\">Acceso:<\/strong>\u00a0Por lo general, los casos son derivados a trav\u00e9s de servicios sociales y educativos, tras lo cual se realiza una evaluaci\u00f3n para definir un plan de trabajo.<\/span><\/li><\/ul><\/div>","_et_gb_content_width":"","ngg_post_thumbnail":0,"footnotes":""},"aioseo_notices":[],"_links":{"self":[{"href":"https:\/\/blogsaverroes.juntadeandalucia.es\/ceip-constitucion-1978\/wp-json\/wp\/v2\/pages\/1314"}],"collection":[{"href":"https:\/\/blogsaverroes.juntadeandalucia.es\/ceip-constitucion-1978\/wp-json\/wp\/v2\/pages"}],"about":[{"href":"https:\/\/blogsaverroes.juntadeandalucia.es\/ceip-constitucion-1978\/wp-json\/wp\/v2\/types\/page"}],"author":[{"embeddable":true,"href":"https:\/\/blogsaverroes.juntadeandalucia.es\/ceip-constitucion-1978\/wp-json\/wp\/v2\/users\/21080"}],"replies":[{"embeddable":true,"href":"https:\/\/blogsaverroes.juntadeandalucia.es\/ceip-constitucion-1978\/wp-json\/wp\/v2\/comments?post=1314"}],"version-history":[{"count":3,"href":"https:\/\/blogsaverroes.juntadeandalucia.es\/ceip-constitucion-1978\/wp-json\/wp\/v2\/pages\/1314\/revisions"}],"predecessor-version":[{"id":1318,"href":"https:\/\/blogsaverroes.juntadeandalucia.es\/ceip-constitucion-1978\/wp-json\/wp\/v2\/pages\/1314\/revisions\/1318"}],"wp:attachment":[{"href":"https:\/\/blogsaverroes.juntadeandalucia.es\/ceip-constitucion-1978\/wp-json\/wp\/v2\/media?parent=1314"}],"curies":[{"name":"wp","href":"https:\/\/api.w.org\/{rel}","templated":true}]}}